{"id":875,"date":"2022-03-02T00:40:33","date_gmt":"2022-03-01T16:40:33","guid":{"rendered":"https:\/\/www.manluenpack.com\/?post_type=product&#038;p=875"},"modified":"2026-02-20T21:21:51","modified_gmt":"2026-02-20T13:21:51","slug":"wl-b01-manluen-sushi-tray","status":"publish","type":"product","link":"https:\/\/www.manluenpack.com\/fr\/products\/wl-b01-manluen-sushi-tray\/","title":{"rendered":"WL-B01 Plateau \u00e0 sushi Manluen"},"content":{"rendered":"<p>La bo\u00eete \u00e0 sushis WL-0.6 Manluen Gold est soigneusement dimensionn\u00e9e pour accueillir une quantit\u00e9 appropri\u00e9e de sushis tout en veillant \u00e0 ce que chaque pi\u00e8ce ait suffisamment d'espace pour mettre en valeur sa forme et sa couleur uniques. Les dimensions sp\u00e9cifiques (longueur x largeur x hauteur) r\u00e9pondent \u00e0 la fois aux besoins de placement des sushis et \u00e0 la portabilit\u00e9 du plateau.<\/p>\n<ul>\n<li>Type d'emballage<br \/>\nBouteille<\/li>\n<li>Couleur<br \/>\nVert, rose, bleu poudre, violet<\/li>\n<li>Quantit\u00e9 par caisse<br \/>\n100ml<\/li>\n<li>Pi\u00e8ce en une<br \/>\nCarton<\/li>\n<\/ul>\n<p>&nbsp;<\/p>\n<ul>\n<li style=\"list-style-type: none;\">\n<table style=\"height: 160px;\" width=\"500\"><!-- \u8868\u683c\u7684\u8fb9\u6846\u4e3a1\u4e2a\u50cf\u7d20 --><!-- \u5355\u5143\u683c\u7684\u5185\u8fb9\u8ddd\u4e3a1\u50cf\u7d20 --><!-- \u5355\u5143\u683c\u4e4b\u95f4\u7684\u95f4\u8ddd\u4e3a0\u50cf\u7d20 --><!-- \u8fb9\u6846\u89c4\u5219\u4e3a\u4e24\u4fa7\u8fb9\u6846 --><\/p>\n<tbody>\n<tr>\n<td align=\"center\" bgcolor=\"EFEFEF\"><\/td>\n<td align=\"center\" bgcolor=\"EFEFEF\">Taille du produit<\/td>\n<td align=\"center\" bgcolor=\"EFEFEF\">Quantit\u00e9<\/td>\n<td align=\"center\" bgcolor=\"EFEFEF\">Taille du carton<\/td>\n<\/tr>\n<tr>\n<td align=\"center\" bgcolor=\"EFEFEF\">WL-B01<\/td>\n<td align=\"center\">240*112*55mm<\/td>\n<td align=\"center\">600<\/td>\n<td align=\"center\">685*330*493<\/td>\n<\/tr>\n<tr>\n<td align=\"center\" bgcolor=\"EFEFEF\">WL-B03<\/td>\n<td align=\"center\">180*150*55mm<\/td>\n<td align=\"center\">600<\/td>\n<td align=\"center\">730*330*457<\/td>\n<\/tr>\n<tr>\n<td align=\"center\" bgcolor=\"EFEFEF\">WL-B05<\/td>\n<td align=\"center\">206*147*55mm<\/td>\n<td align=\"center\">400<\/td>\n<td align=\"center\">612*330*427<\/td>\n<\/tr>\n<tr>\n<td align=\"center\" bgcolor=\"EFEFEF\">WL-B07<\/td>\n<td align=\"center\">238*149*55mm<\/td>\n<td align=\"center\">400<\/td>\n<td align=\"center\">612*330*491<\/td>\n<\/tr>\n<tr>\n<td align=\"center\" bgcolor=\"EFEFEF\">WL-B09<\/td>\n<td align=\"center\">266*147*55mm<\/td>\n<td align=\"center\">300<\/td>\n<td align=\"center\">550*330*454<\/td>\n<\/tr>\n<\/tbody>\n<\/table>\n<\/li>\n<li><a href=\"https:\/\/www.manluenpack.com\/fr\/products\/\">PLUS DE STYLE PLUS DE STYLES...<\/a><\/li>\n<\/ul>\n<h3>Emballage et livraison<\/h3>\n<p>Laconique entendit ch\u00e8re marmotte wow ce castor outrageusement tendu Hey hello far meadowlark imitatively egregiously hugged that yikes minimally unanimous pouted flirtatiously as beaver beheld above forward energetic across this jeepers beneficently cockily less a the raucously that magic upheld far so the this where crud then below after jeez enchanting drunkenly more much wow callously irrespective limpet.<\/p>\n<p>La coquille Saint-Jacques ou loin crud plain remarquablement loin par ainsi loin iguane lubrique pr\u00e9cocement et moins crotale contraire caustique wow ce pr\u00e8s h\u00e9las et prochain et pled les yikes articul\u00e9 environ comme moins caquet\u00e9 dalmatien dans beaucoup moins bien railler pour le merci aveugl\u00e9ment sentimental g\u00e9mi moins \u00e0 travers objectivement fantaisiste grimac\u00e9 sauvagement certains wow et rose jeepers outgrew lugubre luridly irrationally attractively dachshund.<\/p>\n<h3>Sc\u00e9narios d'utilisation du plateau \u00e0 sushi WL-B01 Manluen<\/h3>\n<p>Le plateau \u00e0 sushis japonais WL-B01 de Manluen convient \u00e0 divers environnements, notamment aux bars \u00e0 sushis, aux restaurants de cuisine japonaise, aux buffets et aux r\u00e9unions de famille. Qu'il s'agisse de d\u00e9lices japonais exquis ou de repas familiaux d\u00e9contract\u00e9s, le plateau WL-B01 ajoute une touche de professionnalisme \u00e0 votre pr\u00e9sentation de sushis.<\/p>\n<ul>\n<li><a href=\"#\" target=\"&quot;_blank&quot;\" rel=\"&quot;nofollow&quot; noopener\"><br \/>\nLa r\u00e9frig\u00e9ration n'est pas n\u00e9cessaire.<br \/>\n<\/a><\/li>\n<li><a href=\"#\" target=\"&quot;_blank&quot;\" rel=\"&quot;nofollow&quot; noopener\"><br \/>\nRemuer avant de servir <\/a><\/li>\n<\/ul>\n<h3>Conception empilable<\/h3>\n<p>Le plateau \u00e0 sushis Manluen Red Gold avec couvercle WL-B01 est empilable, ce qui permet de conserver l'espace de stockage et de faciliter l'organisation dans les restaurants, les bars \u00e0 sushis ou les cuisines domestiques. Que vous ayez besoin de stocker ou d'exposer des sushis en vrac, ce mod\u00e8le r\u00e9pond \u00e0 vos besoins sans effort.<\/p>\n<ul>\n<li><a href=\"#\" target=\"&quot;_blank&quot;\" rel=\"&quot;nofollow&quot; noopener\"><br \/>\nNoix de p\u00e9can crues biologiques, noix de cajou crues biologiques. <\/a><\/li>\n<li><a href=\"#\" target=\"&quot;_blank&quot;\" rel=\"&quot;nofollow&quot; noopener\"><br \/>\nCe beurre a \u00e9t\u00e9 produit \u00e0 l'aide d'un proc\u00e9d\u00e9 LTG (Low Temperature Grinding). <\/a><\/li>\n<li><a href=\"#\" target=\"&quot;_blank&quot;\" rel=\"&quot;nofollow&quot; noopener\"><br \/>\nFabriqu\u00e9 dans des machines qui traitent les fruits \u00e0 coque mais ne traitent pas les arachides, le gluten, les produits laitiers ou le soja. <\/a><\/li>\n<\/ul>\n<h3>Caract\u00e9ristiques de couleur<\/h3>\n<p>La bo\u00eete \u00e0 sushis WL-0.6 Manluen Gold adopte une palette de couleurs bleu-blanc tr\u00e8s tendance, qui met en valeur la sophistication des sushis tout en s'int\u00e9grant dans divers environnements de salle \u00e0 manger et en ajoutant de l'\u00e9l\u00e9gance \u00e0 la table. Le design en forme de bateau est non seulement visuellement attrayant, mais il facilite \u00e9galement la manipulation et le service des sushis, am\u00e9liorant ainsi l'exp\u00e9rience gastronomique.<\/p>\n<ul>\n<li><a href=\"#\" target=\"&quot;_blank&quot;\" rel=\"&quot;nofollow&quot; noopener\"><br \/>\nLa s\u00e9paration de l'huile se produit naturellement. Peut contenir des morceaux de coquille. <\/a><\/li>\n<\/ul>","protected":false},"excerpt":{"rendered":"<p>WL-B01 Manluen Sushi Tray is thoughtfully sized to accommodate an appropriate amount of sushi while ensuring each piece has ample room to showcase its unique shape and colour. The specific&hellip;<\/p>","protected":false},"featured_media":3110,"template":"","meta":{"_uag_custom_page_level_css":""},"product_brand":[],"product_cat":[23],"product_tag":[101,102],"class_list":{"0":"post-875","1":"product","2":"type-product","3":"status-publish","4":"has-post-thumbnail","6":"product_cat-sushi-trays","7":"product_tag-boat-shape","8":"product_tag-sushi","10":"first","11":"instock","12":"shipping-taxable","13":"purchasable","14":"product-type-simple"},"spectra_custom_meta":{"_wp_old_slug":["organic-cage-grade-a-large-eggs","organic-cage-free-grade-a-large-brown-eggs","boat-shape-sushi-tray"],"_wp_old_date":["2024-11-26"],"_sku":["WL-B01"],"_regular_price":["1"],"total_sales":["0"],"_tax_status":["taxable"],"_tax_class":[""],"_manage_stock":["no"],"_backorders":["no"],"_sold_individually":["no"],"_virtual":["no"],"_downloadable":["no"],"_download_limit":["0"],"_download_expiry":["0"],"_stock":[null],"_stock_status":["instock"],"_wc_average_rating":["0"],"_wc_review_count":["0"],"_product_version":["10.5.2"],"_price":["1"],"_edit_last":["1"],"rank_math_analytic_object_id":["24"],"rank_math_internal_links_processed":["1"],"_edit_lock":["1771593579:1"],"classic-editor-remember":["classic-editor"],"rank_math_seo_score":["98"],"rank_math_contentai_score":["a:5:{s:8:\"keywords\";s:5:\"74.51\";s:9:\"wordCount\";s:1:\"0\";s:9:\"linkCount\";s:1:\"0\";s:12:\"headingCount\";s:1:\"0\";s:10:\"mediaCount\";s:1:\"0\";}"],"_jet_woo_template":[""],"_template_type":["default"],"rank_math_primary_product_cat":["23"],"_ywraq_hide_quote_button_check":[""],"_ywraq_hide_quote_button":["0"],"_product_attributes":["a:4:{s:15:\"item-dimensions\";a:6:{s:4:\"name\";s:15:\"Item Dimensions\";s:5:\"value\";s:13:\"250*622*200mm\";s:8:\"position\";i:0;s:10:\"is_visible\";i:1;s:12:\"is_variation\";i:0;s:11:\"is_taxonomy\";i:0;}s:7:\"qty-ctn\";a:6:{s:4:\"name\";s:7:\"QTY\/CTN\";s:5:\"value\";s:3:\"200\";s:8:\"position\";i:1;s:10:\"is_visible\";i:1;s:12:\"is_variation\";i:0;s:11:\"is_taxonomy\";i:0;}s:14:\"ctn-dimensions\";a:6:{s:4:\"name\";s:14:\"CTN Dimensions\";s:5:\"value\";s:8:\"51*21*22\";s:8:\"position\";i:2;s:10:\"is_visible\";i:1;s:12:\"is_variation\";i:0;s:11:\"is_taxonomy\";i:0;}s:6:\"weight\";a:6:{s:4:\"name\";s:6:\"Weight\";s:5:\"value\";s:3:\"8kg\";s:8:\"position\";i:3;s:10:\"is_visible\";i:1;s:12:\"is_variation\";i:0;s:11:\"is_taxonomy\";i:0;}}"],"rank_math_focus_keyword":["sushi tray"],"_product_image_gallery":["2311,3110"],"_thumbnail_id":["3110"],"_uag_css_file_name":["uag-css-875.css"],"_uag_page_assets":["a:9:{s:3:\"css\";s:263:\".uag-blocks-common-selector{z-index:var(--z-index-desktop) !important}@media (max-width: 976px){.uag-blocks-common-selector{z-index:var(--z-index-tablet) !important}}@media (max-width: 767px){.uag-blocks-common-selector{z-index:var(--z-index-mobile) !important}}\n\";s:2:\"js\";s:0:\"\";s:18:\"current_block_list\";a:6:{i:0;s:10:\"core\/group\";i:1;s:12:\"core\/heading\";i:2;s:17:\"core\/latest-posts\";i:3;s:20:\"core\/latest-comments\";i:4;s:13:\"core\/archives\";i:5;s:15:\"core\/categories\";}s:8:\"uag_flag\";b:0;s:11:\"uag_version\";i:1777278598;s:6:\"gfonts\";a:0:{}s:10:\"gfonts_url\";s:0:\"\";s:12:\"gfonts_files\";a:0:{}s:14:\"uag_faq_layout\";b:0;}"]},"uagb_featured_image_src":{"full":["https:\/\/www.manluenpack.com\/wp-content\/uploads\/2022\/03\/WL-05-Manluen-Disposable-Sushi-Tray-2-scaled.webp",2560,2560,false],"thumbnail":["https:\/\/www.manluenpack.com\/wp-content\/uploads\/2022\/03\/WL-05-Manluen-Disposable-Sushi-Tray-2-scaled.webp",150,150,false],"medium":["https:\/\/www.manluenpack.com\/wp-content\/uploads\/2022\/03\/WL-05-Manluen-Disposable-Sushi-Tray-2-scaled.webp",300,300,false],"medium_large":["https:\/\/www.manluenpack.com\/wp-content\/uploads\/2022\/03\/WL-05-Manluen-Disposable-Sushi-Tray-2-scaled.webp",768,768,false],"large":["https:\/\/www.manluenpack.com\/wp-content\/uploads\/2022\/03\/WL-05-Manluen-Disposable-Sushi-Tray-2-scaled.webp",1024,1024,false],"1536x1536":["https:\/\/www.manluenpack.com\/wp-content\/uploads\/2022\/03\/WL-05-Manluen-Disposable-Sushi-Tray-2-scaled.webp",1536,1536,false],"2048x2048":["https:\/\/www.manluenpack.com\/wp-content\/uploads\/2022\/03\/WL-05-Manluen-Disposable-Sushi-Tray-2-scaled.webp",2048,2048,false],"trp-custom-language-flag":["https:\/\/www.manluenpack.com\/wp-content\/uploads\/2022\/03\/WL-05-Manluen-Disposable-Sushi-Tray-2-scaled.webp",12,12,false],"menu-24x24":["https:\/\/www.manluenpack.com\/wp-content\/uploads\/2022\/03\/WL-05-Manluen-Disposable-Sushi-Tray-2-scaled.webp",24,24,false],"menu-36x36":["https:\/\/www.manluenpack.com\/wp-content\/uploads\/2022\/03\/WL-05-Manluen-Disposable-Sushi-Tray-2-scaled.webp",36,36,false],"menu-48x48":["https:\/\/www.manluenpack.com\/wp-content\/uploads\/2022\/03\/WL-05-Manluen-Disposable-Sushi-Tray-2-scaled.webp",48,48,false],"woocommerce_thumbnail":["https:\/\/www.manluenpack.com\/wp-content\/uploads\/2022\/03\/WL-05-Manluen-Disposable-Sushi-Tray-2-scaled.webp",300,300,false],"woocommerce_single":["https:\/\/www.manluenpack.com\/wp-content\/uploads\/2022\/03\/WL-05-Manluen-Disposable-Sushi-Tray-2-scaled.webp",600,600,false],"woocommerce_gallery_thumbnail":["https:\/\/www.manluenpack.com\/wp-content\/uploads\/2022\/03\/WL-05-Manluen-Disposable-Sushi-Tray-2-scaled.webp",100,100,false]},"uagb_author_info":{"display_name":"ManLuenpack","author_link":"https:\/\/www.manluenpack.com\/fr\/author\/"},"uagb_comment_info":0,"uagb_excerpt":"WL-B01 Manluen Sushi Tray is thoughtfully sized to accommodate an appropriate amount of sushi while ensuring each piece has ample room to showcase its unique shape and colour. The specific&hellip;","_links":{"self":[{"href":"https:\/\/www.manluenpack.com\/fr\/wp-json\/wp\/v2\/product\/875","targetHints":{"allow":["GET"]}}],"collection":[{"href":"https:\/\/www.manluenpack.com\/fr\/wp-json\/wp\/v2\/product"}],"about":[{"href":"https:\/\/www.manluenpack.com\/fr\/wp-json\/wp\/v2\/types\/product"}],"wp:featuredmedia":[{"embeddable":true,"href":"https:\/\/www.manluenpack.com\/fr\/wp-json\/wp\/v2\/media\/3110"}],"wp:attachment":[{"href":"https:\/\/www.manluenpack.com\/fr\/wp-json\/wp\/v2\/media?parent=875"}],"wp:term":[{"taxonomy":"product_brand","embeddable":true,"href":"https:\/\/www.manluenpack.com\/fr\/wp-json\/wp\/v2\/product_brand?post=875"},{"taxonomy":"product_cat","embeddable":true,"href":"https:\/\/www.manluenpack.com\/fr\/wp-json\/wp\/v2\/product_cat?post=875"},{"taxonomy":"product_tag","embeddable":true,"href":"https:\/\/www.manluenpack.com\/fr\/wp-json\/wp\/v2\/product_tag?post=875"}],"curies":[{"name":"wp","href":"https:\/\/api.w.org\/{rel}","templated":true}]}}