{"id":4486,"date":"2025-12-22T14:09:37","date_gmt":"2025-12-22T06:09:37","guid":{"rendered":"https:\/\/www.manluenpack.com\/?post_type=product&#038;p=4486"},"modified":"2026-02-25T22:48:38","modified_gmt":"2026-02-25T14:48:38","slug":"manluen-high-quality-aluminum-foil-containers","status":"publish","type":"product","link":"https:\/\/www.manluenpack.com\/fr\/products\/manluen-high-quality-aluminum-foil-containers\/","title":{"rendered":"R\u00e9cipients en aluminium de haute qualit\u00e9 Manluen"},"content":{"rendered":"<p>Ce r\u00e9cipient en papier d'aluminium est dot\u00e9 d'une conception pratique et \u00e9tanche, ce qui le rend id\u00e9al pour conserver des repas en portions individuelles et r\u00e9duire la corv\u00e9e de vaisselle. L\u00e9ger et portable, il convient aussi bien aux aliments chauds qu'aux aliments froids, dont il pr\u00e9serve la saveur originale pour une exp\u00e9rience culinaire pratique et agr\u00e9able.<\/p>\n<ul>\n<li>Type d'emballage<br \/>\nCarton<\/li>\n<li>Couleur<br \/>\nArgent<\/li>\n<li>Capacit\u00e9<br \/>\n510 ml<\/li>\n<li>Quantit\u00e9 par carton<br \/>\n1000 pieces<\/li>\n<li>Mat\u00e9riau<br \/>\nCouvercle : PS\/PET Base : Feuille d'aluminium<\/li>\n<li>Fabricant<br \/>\nZone de d\u00e9veloppement de Xilian, Jinsha, Nanhai, Foshan, Province du Guangdong, Chine. ManluenPack<\/li>\n<\/ul>\n<p>&nbsp;<\/p>\n<table>\n<tbody>\n<tr>\n<td width=\"189\">\n<p style=\"text-align: center;\">Num\u00e9ro d'article<\/p>\n<\/td>\n<td style=\"text-align: center;\" width=\"189\">Taille (mm)<\/td>\n<td width=\"189\">\n<p style=\"text-align: center;\">Pieces\/Carton<\/p>\n<\/td>\n<\/tr>\n<tr>\n<td width=\"189\">\n<p style=\"text-align: center;\">WL-C5<\/p>\n<\/td>\n<td style=\"text-align: center;\" width=\"189\">120*100*45<\/td>\n<td width=\"189\">\n<p style=\"text-align: center;\">1000<\/p>\n<\/td>\n<\/tr>\n<tr>\n<td width=\"189\">\n<p style=\"text-align: center;\">WL-C10<\/p>\n<\/td>\n<td style=\"text-align: center;\" width=\"189\">150*115*50<\/td>\n<td style=\"text-align: center;\" width=\"189\">1000<\/td>\n<\/tr>\n<tr>\n<td width=\"189\">\n<p style=\"text-align: center;\">WL-1711<\/p>\n<\/td>\n<td style=\"text-align: center;\" width=\"189\">170*115*35<\/td>\n<td width=\"189\">\n<p style=\"text-align: center;\">1000<\/p>\n<\/td>\n<\/tr>\n<tr>\n<td width=\"189\">\n<p style=\"text-align: center;\">WL-2650<\/p>\n<\/td>\n<td style=\"text-align: center;\" width=\"189\">168*138*45<\/td>\n<td width=\"189\">\n<p style=\"text-align: center;\">1000<\/p>\n<\/td>\n<\/tr>\n<tr>\n<td width=\"189\">\n<p style=\"text-align: center;\">WL-1650<\/p>\n<\/td>\n<td style=\"text-align: center;\" width=\"189\">200*110*45<\/td>\n<td width=\"189\">\n<p style=\"text-align: center;\">1000<\/p>\n<\/td>\n<\/tr>\n<tr>\n<td width=\"189\">\n<p style=\"text-align: center;\">WL-2114<\/p>\n<\/td>\n<td style=\"text-align: center;\" width=\"189\">212*142*45<\/td>\n<td width=\"189\">\n<p style=\"text-align: center;\">1000<\/p>\n<\/td>\n<\/tr>\n<tr>\n<td style=\"text-align: center;\" width=\"189\">WL-2216<\/td>\n<td style=\"text-align: center;\" width=\"189\">225*155*50<\/td>\n<td width=\"189\">\n<p style=\"text-align: center;\">1000<\/p>\n<\/td>\n<\/tr>\n<\/tbody>\n<\/table>\n<p>&nbsp;<\/p>\n<p>&nbsp;<\/p>\n<h2><strong><b>Emballage et livraison<\/b><\/strong><\/h2>\n<p>Ce contenant en papier d'aluminium est fabriqu\u00e9 \u00e0 partir de papier d'aluminium de qualit\u00e9 alimentaire. L'emballage scell\u00e9 individuel standard emp\u00eache toute contamination crois\u00e9e, et la bo\u00eete en carton ondul\u00e9 \u00e9pais comporte un \u00e9tiquetage clair du produit. Nous pouvons personnaliser la taille des conteneurs et les solutions d'impression des emballages pour r\u00e9pondre aux besoins des clients. Nous utilisons des m\u00e9thodes logistiques \u00e0 l'\u00e9preuve des chocs et \u00e0 temp\u00e9rature contr\u00f4l\u00e9e pour garantir des services de livraison s\u00fbrs et efficaces pour les clients des secteurs de la restauration, de la p\u00e2tisserie et de la vente au d\u00e9tail.<\/p>\n<p>&nbsp;<\/p>\n<h2><strong><b>Mat\u00e9riaux de haute qualit\u00e9 alimentaire<\/b><\/strong><\/h2>\n<p>Ces contenants en papier d'aluminium sont fabriqu\u00e9s \u00e0 partir de papier d'aluminium de qualit\u00e9 alimentaire de haute qualit\u00e9, un mat\u00e9riau \u00e9cologique et recyclable. Toutes les feuilles d'aluminium sont soumises \u00e0 un contr\u00f4le rigoureux et \u00e0 des tests faisant autorit\u00e9, afin de r\u00e9pondre aux normes internationales de s\u00e9curit\u00e9 alimentaire.<\/p>\n<p>&nbsp;<\/p>\n<h2><strong><b>Avantages d'une conception ergonomique<\/b><\/strong><\/h2>\n<p>En outre, leur forme ergonomique permet de les tenir et de les transporter facilement. Les bords arrondis renforc\u00e9s \u00e9vitent les rayures sur les mains et garantissent une manipulation s\u00fbre. La base sur\u00e9lev\u00e9e anti-fuite permet un positionnement stable, m\u00eame avec des aliments liquides.<\/p>\n<h2><strong><b>Sc\u00e9narios d'utilisation<\/b><\/strong><\/h2>\n<p>Cette bo\u00eete l\u00e9g\u00e8re en papier d'aluminium est empilable et facile \u00e0 ranger. Elle se glisse ais\u00e9ment dans un sac \u00e0 dos, une glaci\u00e8re de pique-nique ou un fourre-tout de bureau. Elle est parfaite pour le camping en plein air, la p\u00e2tisserie, les plats \u00e0 emporter et les barbecues \u00e0 domicile. Elle peut \u00e9galement servir de r\u00e9cipient pour les restes de nourriture ou de vaisselle pour les plats \u00e0 emporter.<\/p>\n<p>&nbsp;<\/p>\n<h2><strong><b>R\u00e9sistant aux hautes temp\u00e9ratures et recyclable<\/b><\/strong><\/h2>\n<p>S'adapte aussi bien \u00e0 la cong\u00e9lation qu'\u00e0 la cuisson. Bien qu'elle soit con\u00e7ue pour un usage unique, sa structure en feuille d'aluminium \u00e9paissi garantit une excellente r\u00e9sistance \u00e0 la d\u00e9formation dans des conditions normales d'utilisation. Nous encourageons les utilisateurs soucieux de l'environnement \u00e0 le recycler de mani\u00e8re responsable apr\u00e8s un simple nettoyage des r\u00e9sidus alimentaires.<\/p>","protected":false},"excerpt":{"rendered":"<p>Ce r\u00e9cipient en papier d'aluminium est dot\u00e9 d'une conception pratique et \u00e9tanche, ce qui le rend id\u00e9al pour conserver des repas en portions individuelles et r\u00e9duire la corv\u00e9e de vaisselle. L\u00e9ger et portable, il convient aussi bien aux aliments chauds qu'aux aliments froids, dont il pr\u00e9serve la saveur originale pour une exp\u00e9rience culinaire pratique et agr\u00e9able.<\/p>","protected":false},"featured_media":4517,"template":"","meta":{"_uag_custom_page_level_css":""},"product_brand":[],"product_cat":[412],"product_tag":[],"class_list":{"0":"post-4486","1":"product","2":"type-product","3":"status-publish","4":"has-post-thumbnail","6":"product_cat-aluminum-foil-box","8":"first","9":"instock","10":"shipping-taxable","11":"purchasable","12":"product-type-simple"},"spectra_custom_meta":{"classic-editor-remember":["classic-editor"],"_edit_lock":["1772031076:1"],"_edit_last":["1"],"rank_math_internal_links_processed":["1"],"rank_math_seo_score":["82"],"rank_math_contentai_score":["a:5:{s:8:\"keywords\";s:5:\"74.51\";s:9:\"wordCount\";s:1:\"0\";s:9:\"linkCount\";s:1:\"0\";s:12:\"headingCount\";s:1:\"0\";s:10:\"mediaCount\";s:1:\"0\";}"],"rank_math_focus_keyword":["Aluminum Foil Containers"],"rank_math_description":["Manluen High Quality Aluminum Foil Containers"],"rank_math_title":["Manluen High Quality Aluminum Foil Containers"],"rank_math_primary_product_cat":["412"],"_sku":["WL-1650"],"total_sales":["0"],"_tax_status":["taxable"],"_tax_class":[""],"_manage_stock":["no"],"_backorders":["no"],"_sold_individually":["no"],"_virtual":["no"],"_downloadable":["no"],"_download_limit":["-1"],"_download_expiry":["-1"],"_stock":[null],"_stock_status":["instock"],"_wc_average_rating":["0"],"_wc_review_count":["0"],"_product_version":["10.5.2"],"_product_image_gallery":["4499,4500,4501,4502,4503,4504"],"_jet_woo_template":[""],"_template_type":["default"],"_ywraq_hide_quote_button_check":[""],"_ywraq_hide_quote_button":["0"],"_thumbnail_id":["4517"],"rank_math_robots":["a:1:{i:0;s:5:\"index\";}"],"wpiudacb_disable_add_to_cart":["remove_button"],"wpiudacb_inqure_us_link":[""],"_regular_price":["1"],"_price":["1"],"_uag_css_file_name":["uag-css-4486.css"],"_uag_page_assets":["a:9:{s:3:\"css\";s:263:\".uag-blocks-common-selector{z-index:var(--z-index-desktop) !important}@media (max-width: 976px){.uag-blocks-common-selector{z-index:var(--z-index-tablet) !important}}@media (max-width: 767px){.uag-blocks-common-selector{z-index:var(--z-index-mobile) !important}}\n\";s:2:\"js\";s:0:\"\";s:18:\"current_block_list\";a:6:{i:0;s:10:\"core\/group\";i:1;s:12:\"core\/heading\";i:2;s:17:\"core\/latest-posts\";i:3;s:20:\"core\/latest-comments\";i:4;s:13:\"core\/archives\";i:5;s:15:\"core\/categories\";}s:8:\"uag_flag\";b:0;s:11:\"uag_version\";i:1777198930;s:6:\"gfonts\";a:0:{}s:10:\"gfonts_url\";s:0:\"\";s:12:\"gfonts_files\";a:0:{}s:14:\"uag_faq_layout\";b:0;}"]},"uagb_featured_image_src":{"full":["https:\/\/www.manluenpack.com\/wp-content\/uploads\/2025\/12\/WL-1650-manluen-aluminum-foil-and-cooking-1.jpg",1200,1200,false],"thumbnail":["https:\/\/www.manluenpack.com\/wp-content\/uploads\/2025\/12\/WL-1650-manluen-aluminum-foil-and-cooking-1.jpg",150,150,false],"medium":["https:\/\/www.manluenpack.com\/wp-content\/uploads\/2025\/12\/WL-1650-manluen-aluminum-foil-and-cooking-1.jpg",300,300,false],"medium_large":["https:\/\/www.manluenpack.com\/wp-content\/uploads\/2025\/12\/WL-1650-manluen-aluminum-foil-and-cooking-1.jpg",768,768,false],"large":["https:\/\/www.manluenpack.com\/wp-content\/uploads\/2025\/12\/WL-1650-manluen-aluminum-foil-and-cooking-1.jpg",1024,1024,false],"1536x1536":["https:\/\/www.manluenpack.com\/wp-content\/uploads\/2025\/12\/WL-1650-manluen-aluminum-foil-and-cooking-1.jpg",1200,1200,false],"2048x2048":["https:\/\/www.manluenpack.com\/wp-content\/uploads\/2025\/12\/WL-1650-manluen-aluminum-foil-and-cooking-1.jpg",1200,1200,false],"trp-custom-language-flag":["https:\/\/www.manluenpack.com\/wp-content\/uploads\/2025\/12\/WL-1650-manluen-aluminum-foil-and-cooking-1.jpg",12,12,false],"menu-24x24":["https:\/\/www.manluenpack.com\/wp-content\/uploads\/2025\/12\/WL-1650-manluen-aluminum-foil-and-cooking-1.jpg",24,24,false],"menu-36x36":["https:\/\/www.manluenpack.com\/wp-content\/uploads\/2025\/12\/WL-1650-manluen-aluminum-foil-and-cooking-1.jpg",36,36,false],"menu-48x48":["https:\/\/www.manluenpack.com\/wp-content\/uploads\/2025\/12\/WL-1650-manluen-aluminum-foil-and-cooking-1.jpg",48,48,false],"woocommerce_thumbnail":["https:\/\/www.manluenpack.com\/wp-content\/uploads\/2025\/12\/WL-1650-manluen-aluminum-foil-and-cooking-1.jpg",300,300,false],"woocommerce_single":["https:\/\/www.manluenpack.com\/wp-content\/uploads\/2025\/12\/WL-1650-manluen-aluminum-foil-and-cooking-1.jpg",600,600,false],"woocommerce_gallery_thumbnail":["https:\/\/www.manluenpack.com\/wp-content\/uploads\/2025\/12\/WL-1650-manluen-aluminum-foil-and-cooking-1.jpg",100,100,false]},"uagb_author_info":{"display_name":"ManLuenpack","author_link":"https:\/\/www.manluenpack.com\/fr\/author\/"},"uagb_comment_info":0,"uagb_excerpt":"This aluminum foil container features a practical leak-proof design, making it perfect for holding single-serving meals and reducing the hassle of washing dishes. Lightweight and portable, it's suitable for both hot and cold foods, locking in the original flavor for a convenient and enjoyable dining experience.","_links":{"self":[{"href":"https:\/\/www.manluenpack.com\/fr\/wp-json\/wp\/v2\/product\/4486","targetHints":{"allow":["GET"]}}],"collection":[{"href":"https:\/\/www.manluenpack.com\/fr\/wp-json\/wp\/v2\/product"}],"about":[{"href":"https:\/\/www.manluenpack.com\/fr\/wp-json\/wp\/v2\/types\/product"}],"wp:featuredmedia":[{"embeddable":true,"href":"https:\/\/www.manluenpack.com\/fr\/wp-json\/wp\/v2\/media\/4517"}],"wp:attachment":[{"href":"https:\/\/www.manluenpack.com\/fr\/wp-json\/wp\/v2\/media?parent=4486"}],"wp:term":[{"taxonomy":"product_brand","embeddable":true,"href":"https:\/\/www.manluenpack.com\/fr\/wp-json\/wp\/v2\/product_brand?post=4486"},{"taxonomy":"product_cat","embeddable":true,"href":"https:\/\/www.manluenpack.com\/fr\/wp-json\/wp\/v2\/product_cat?post=4486"},{"taxonomy":"product_tag","embeddable":true,"href":"https:\/\/www.manluenpack.com\/fr\/wp-json\/wp\/v2\/product_tag?post=4486"}],"curies":[{"name":"wp","href":"https:\/\/api.w.org\/{rel}","templated":true}]}}