{"id":3264,"date":"2025-07-02T13:50:54","date_gmt":"2025-07-02T05:50:54","guid":{"rendered":"https:\/\/www.manluenpack.com\/?post_type=product&#038;p=3264"},"modified":"2026-02-28T22:50:30","modified_gmt":"2026-02-28T14:50:30","slug":"wl-11-manluen-gold-sushi-box","status":"publish","type":"product","link":"https:\/\/www.manluenpack.com\/fr\/products\/wl-11-manluen-gold-sushi-box\/","title":{"rendered":"Bo\u00eete \u00e0 sushi en or Manluen WL-11"},"content":{"rendered":"<p>La bo\u00eete \u00e0 sushi WL-11 Manluen Gold pr\u00e9sente un design unique de 260*188*45 mm, offrant un large espace de rangement et une exp\u00e9rience visuelle \u00e9l\u00e9gante. Fabriqu\u00e9e \u00e0 partir de mat\u00e9riaux \u00e9cologiques de haute qualit\u00e9, elle est l\u00e9g\u00e8re, durable et s\u00fbre, et r\u00e9pond parfaitement aux besoins raffin\u00e9s de la cuisine japonaise. Qu'il s'agisse de rehausser la beaut\u00e9 des plats ou de r\u00e9pondre \u00e0 des besoins pratiques, WL-11 associe un design classique \u00e0 des performances exceptionnelles, insufflant art et qualit\u00e9 \u00e0 chaque cr\u00e9ation de sushi.<\/p>\n<ul>\n<li>Emballage<br \/>\nEmballage en carton<\/li>\n<li>Couleur<br \/>\nNoir<\/li>\n<li>Quantit\u00e9 par carton<br \/>\n200 ensembles<\/li>\n<li>Mat\u00e9riau<br \/>\nCouvercle : OPS\/PET ; Base : PS\/PP<\/li>\n<li>Sp\u00e9cifications de l'emballage<br \/>\n0,08 m\u00e8tre cube<\/li>\n<\/ul>\n<p>&nbsp;<\/p>\n<ul>\n<li style=\"list-style-type: none;\">\n<table style=\"height: 160px;\" width=\"500\"><!-- \u8868\u683c\u7684\u8fb9\u6846\u4e3a1\u4e2a\u50cf\u7d20 --><!-- \u5355\u5143\u683c\u7684\u5185\u8fb9\u8ddd\u4e3a1\u50cf\u7d20 --><!-- \u5355\u5143\u683c\u4e4b\u95f4\u7684\u95f4\u8ddd\u4e3a0\u50cf\u7d20 --><!-- \u8fb9\u6846\u89c4\u5219\u4e3a\u4e24\u4fa7\u8fb9\u6846 --><\/p>\n<tbody>\n<tr>\n<td align=\"center\" bgcolor=\"EFEFEF\"><\/td>\n<td align=\"center\" bgcolor=\"EFEFEF\">Taille du produit<\/td>\n<td align=\"center\" bgcolor=\"EFEFEF\">Quantit\u00e9<\/td>\n<td align=\"center\" bgcolor=\"EFEFEF\">Taille du carton<\/td>\n<\/tr>\n<tr>\n<td align=\"center\" bgcolor=\"EFEFEF\"><a href=\"https:\/\/www.manluenpack.com\/fr\/Products\/wl-0-1-manluen-sushi-tray\/\">WL-0.1<\/a><\/td>\n<td align=\"center\">111*101*45mm<\/td>\n<td align=\"center\">800<\/td>\n<td align=\"center\">462*330*442<\/td>\n<\/tr>\n<tr>\n<td align=\"center\" bgcolor=\"EFEFEF\">WL-00<\/td>\n<td align=\"center\">142*82*45mm<\/td>\n<td align=\"center\">600<\/td>\n<td align=\"center\">353*315*448<\/td>\n<\/tr>\n<tr>\n<td align=\"center\" bgcolor=\"EFEFEF\">WL-0,6<\/td>\n<td align=\"center\">167*92*45mm<\/td>\n<td align=\"center\">600<\/td>\n<td align=\"center\">525*325*400<\/td>\n<\/tr>\n<tr>\n<td align=\"center\" bgcolor=\"EFEFEF\">WL-01<\/td>\n<td align=\"center\">226*96*45mm<\/td>\n<td align=\"center\">400<\/td>\n<td align=\"center\">470*320*385<\/td>\n<\/tr>\n<tr>\n<td align=\"center\" bgcolor=\"EFEFEF\">WL-03<\/td>\n<td align=\"center\">168*118*45mm<\/td>\n<td align=\"center\">400<\/td>\n<td align=\"center\">505*305*365<\/td>\n<\/tr>\n<tr>\n<td align=\"center\" bgcolor=\"EFEFEF\">WL-05<\/td>\n<td align=\"center\">188*132*45mm<\/td>\n<td align=\"center\">400<\/td>\n<td align=\"center\">555*300*395<\/td>\n<\/tr>\n<tr>\n<td align=\"center\" bgcolor=\"EFEFEF\">WL-07<\/td>\n<td align=\"center\">219*139*45mm<\/td>\n<td align=\"center\">400<\/td>\n<td align=\"center\">580*310*455<\/td>\n<\/tr>\n<tr>\n<td align=\"center\" bgcolor=\"EFEFEF\">WL-09<\/td>\n<td align=\"center\">241*148*45mm<\/td>\n<td align=\"center\">300<\/td>\n<td align=\"center\">500*325*460<\/td>\n<\/tr>\n<tr>\n<td align=\"center\" bgcolor=\"EFEFEF\">WL-11<\/td>\n<td align=\"center\">260*188*45mm<\/td>\n<td align=\"center\">200<\/td>\n<td align=\"center\">540*360*395<\/td>\n<\/tr>\n<\/tbody>\n<\/table>\n<\/li>\n<\/ul>\n<h3><strong><b>Emballage et livraison<\/b><\/strong><\/h3>\n<p>L'emballage de la WL-11 Manluen Plastic Sushi Box Classic Sushi Tray incarne la simplicit\u00e9 et l'\u00e9l\u00e9gance, avec des mat\u00e9riaux respectueux de l'environnement et une conception robuste pour garantir la s\u00e9curit\u00e9 pendant le transport. Chaque produit est m\u00e9ticuleusement prot\u00e9g\u00e9 et livr\u00e9 de mani\u00e8re soign\u00e9e et ordonn\u00e9e, ce qui t\u00e9moigne de son professionnalisme et de son attention. Qu'il s'agisse d'achats en gros ou de livraisons \u00e0 l'unit\u00e9, la bo\u00eete \u00e0 sushi en or WL-11 Manluen offre une solution d'emballage raffin\u00e9e, offrant une exp\u00e9rience de d\u00e9ballage pratique et fiable qui met en valeur sa qualit\u00e9 classique d\u00e8s le premier coup d'\u0153il.<\/p>\n<h3><strong><b>Sc\u00e9narios d'utilisation<\/b><\/strong><\/h3>\n<p>Notre bo\u00eete \u00e0 sushis \u00e0 emporter WL-11 Manluen int\u00e8gre un design \u00e9l\u00e9gant et une fonctionnalit\u00e9 pratique dans diff\u00e9rents sc\u00e9narios. Sa forme classique et sa conception structurelle sp\u00e9cifique am\u00e9liorent non seulement l'attrait visuel des plats, mais permettent \u00e9galement \u00e0 chaque cr\u00e9ation de sushi de briller dans diff\u00e9rents contextes, ajoutant un sens de la c\u00e9r\u00e9monie et de la sophistication \u00e0 l'exp\u00e9rience gastronomique.<\/p>\n<ul>\n<li>Des plats exquis pour les restaurants haut de gamme<\/li>\n<li>Pr\u00e9sentation artistique pour les banquets et les \u00e9v\u00e9nements<\/li>\n<li>Utilisation quotidienne pour les r\u00e9unions de famille<\/li>\n<li>Affichage des points forts pour les f\u00eates de fin d'ann\u00e9e<\/li>\n<li>Un choix \u00e9l\u00e9gant pour les d\u00e9jeuners de bureau<\/li>\n<\/ul>\n<h3><strong><b>Conception empilable<\/b><\/strong><\/h3>\n<p>La bo\u00eete \u00e0 sushi rectangulaire WL-11 Manluen pr\u00e9sente un design empilable qui allie praticit\u00e9 et esth\u00e9tique. Ses dimensions pr\u00e9cises et sa structure robuste garantissent un empilage stable et ordonn\u00e9 de plusieurs couches, ce qui permet d'\u00e9conomiser de l'espace de stockage et de transport. Qu'il s'agisse de la pr\u00e9paration de plats dans un restaurant ou de la pr\u00e9sentation de produits lors d'un \u00e9v\u00e9nement, cette conception intelligente am\u00e9liore l'efficacit\u00e9 tout en conservant une apparence propre et \u00e9l\u00e9gante, ajoutant ainsi commodit\u00e9 et praticit\u00e9 \u00e0 la cuisine japonaise classique.<\/p>","protected":false},"excerpt":{"rendered":"<p>The WL-11 Manluen Gold Sushi Box features a unique 260*188*45 mm design, offering ample space for arrangement and an elegant visual experience. Made from high-quality, eco-friendly materials, it is lightweight,&hellip;<\/p>","protected":false},"featured_media":0,"template":"","meta":{"_uag_custom_page_level_css":""},"product_brand":[],"product_cat":[23],"product_tag":[138,102],"class_list":{"0":"post-3264","1":"product","2":"type-product","3":"status-publish","5":"product_cat-sushi-trays","6":"product_tag-gold","7":"product_tag-sushi","9":"first","10":"instock","11":"shipping-taxable","12":"purchasable","13":"product-type-simple"},"spectra_custom_meta":{"rank_math_internal_links_processed":["1","1","1","1","1","1","1","1"],"_sku":["WL-11-GOLD"],"_regular_price":["1"],"total_sales":["0"],"_tax_status":["taxable"],"_tax_class":[""],"_manage_stock":["no"],"_backorders":["no"],"_sold_individually":["no"],"_virtual":["no"],"_downloadable":["no"],"_product_image_gallery":[""],"_download_limit":["0"],"_download_expiry":["0"],"_stock":[null],"_stock_status":["instock"],"_wc_average_rating":["0"],"_wc_review_count":["0"],"_product_attributes":["a:2:{s:9:\"item-size\";a:6:{s:4:\"name\";s:9:\"Item Size\";s:5:\"value\";s:12:\"260*188*45mm\";s:8:\"position\";i:0;s:10:\"is_visible\";i:1;s:12:\"is_variation\";i:0;s:11:\"is_taxonomy\";i:0;}s:7:\"qty-ctn\";a:6:{s:4:\"name\";s:7:\"QTY\/CTN\";s:5:\"value\";s:3:\"200\";s:8:\"position\";i:1;s:10:\"is_visible\";i:1;s:12:\"is_variation\";i:0;s:11:\"is_taxonomy\";i:0;}}"],"_product_version":["10.5.2"],"_price":["1"],"_wp_old_date":["2024-11-26"],"rank_math_analytic_object_id":["24"],"classic-editor-remember":["classic-editor"],"rank_math_seo_score":["86"],"rank_math_contentai_score":["a:5:{s:8:\"keywords\";s:5:\"74.51\";s:9:\"wordCount\";s:1:\"0\";s:9:\"linkCount\";s:1:\"0\";s:12:\"headingCount\";s:1:\"0\";s:10:\"mediaCount\";s:1:\"0\";}"],"_jet_woo_template":[""],"_template_type":["default"],"rank_math_primary_product_cat":["23"],"_ywraq_hide_quote_button_check":[""],"_ywraq_hide_quote_button":["0"],"rank_math_focus_keyword":["Sushi Box"],"_edit_lock":["1772290244:1"],"_edit_last":["1"],"wpiudacb_disable_add_to_cart":["remove_button"],"wpiudacb_inqure_us_link":[""],"_uag_css_file_name":["uag-css-3264.css"],"_uag_page_assets":["a:9:{s:3:\"css\";s:0:\"\";s:2:\"js\";s:0:\"\";s:18:\"current_block_list\";a:6:{i:0;s:10:\"core\/group\";i:1;s:12:\"core\/heading\";i:2;s:17:\"core\/latest-posts\";i:3;s:20:\"core\/latest-comments\";i:4;s:13:\"core\/archives\";i:5;s:15:\"core\/categories\";}s:8:\"uag_flag\";b:0;s:11:\"uag_version\";i:1777287045;s:6:\"gfonts\";a:0:{}s:10:\"gfonts_url\";s:0:\"\";s:12:\"gfonts_files\";a:0:{}s:14:\"uag_faq_layout\";b:0;}"]},"uagb_featured_image_src":{"full":false,"thumbnail":false,"medium":false,"medium_large":false,"large":false,"1536x1536":false,"2048x2048":false,"trp-custom-language-flag":false,"menu-24x24":false,"menu-36x36":false,"menu-48x48":false,"woocommerce_thumbnail":false,"woocommerce_single":false,"woocommerce_gallery_thumbnail":false},"uagb_author_info":{"display_name":"ManLuenpack","author_link":"https:\/\/www.manluenpack.com\/fr\/author\/"},"uagb_comment_info":0,"uagb_excerpt":"The WL-11 Manluen Gold Sushi Box features a unique 260*188*45 mm design, offering ample space for arrangement and an elegant visual experience. Made from high-quality, eco-friendly materials, it is lightweight,&hellip;","_links":{"self":[{"href":"https:\/\/www.manluenpack.com\/fr\/wp-json\/wp\/v2\/product\/3264","targetHints":{"allow":["GET"]}}],"collection":[{"href":"https:\/\/www.manluenpack.com\/fr\/wp-json\/wp\/v2\/product"}],"about":[{"href":"https:\/\/www.manluenpack.com\/fr\/wp-json\/wp\/v2\/types\/product"}],"wp:attachment":[{"href":"https:\/\/www.manluenpack.com\/fr\/wp-json\/wp\/v2\/media?parent=3264"}],"wp:term":[{"taxonomy":"product_brand","embeddable":true,"href":"https:\/\/www.manluenpack.com\/fr\/wp-json\/wp\/v2\/product_brand?post=3264"},{"taxonomy":"product_cat","embeddable":true,"href":"https:\/\/www.manluenpack.com\/fr\/wp-json\/wp\/v2\/product_cat?post=3264"},{"taxonomy":"product_tag","embeddable":true,"href":"https:\/\/www.manluenpack.com\/fr\/wp-json\/wp\/v2\/product_tag?post=3264"}],"curies":[{"name":"wp","href":"https:\/\/api.w.org\/{rel}","templated":true}]}}