{"id":3134,"date":"2025-06-30T17:03:10","date_gmt":"2025-06-30T09:03:10","guid":{"rendered":"https:\/\/www.manluenpack.com\/?post_type=product&#038;p=3134"},"modified":"2025-07-09T15:46:27","modified_gmt":"2025-07-09T07:46:27","slug":"wl-p81-manluen-8x8-1-compartment-clamshell-to-go-containers","status":"publish","type":"product","link":"https:\/\/www.manluenpack.com\/fr\/products\/wl-p81-manluen-8x8-1-compartment-clamshell-to-go-containers\/","title":{"rendered":"WL-P81 Manluen 8X8\u2033 1-Compartiment Clamshell To Go Containers"},"content":{"rendered":"<p>WL-P81 Manluen 8X8\u2033 1-Compartment Clamshell To Go Containers, Avec un design unique de 200*200*75 mm, ce conteneur offre une grande capacit\u00e9 pour accommoder sans effort des repas vari\u00e9s. Fabriqu\u00e9 \u00e0 partir de mat\u00e9riaux de qualit\u00e9 alimentaire, il est non toxique, s\u00fbr, sain et respectueux de l'environnement. Le couvercle rabattable garantit une excellente \u00e9tanch\u00e9it\u00e9 et une grande durabilit\u00e9, ce qui permet de r\u00e9pondre \u00e0 divers besoins en mati\u00e8re de repas. Un choix id\u00e9al pour la livraison de repas en grandes portions.<\/p>\n<ul>\n<li>Type d'emballage<br \/>\nBo\u00eete en carton<\/li>\n<li>Couleur<br \/>\nBlanc<\/li>\n<li>Quantit\u00e9 par caisse<br \/>\n150 ensembles<\/li>\n<li>Mat\u00e9riau<br \/>\nBase : PP<\/li>\n<\/ul>\n<ul>\n<li style=\"list-style-type: none;\">\n<table style=\"height: 160px;\" width=\"500\"><!-- \u8868\u683c\u7684\u8fb9\u6846\u4e3a1\u4e2a\u50cf\u7d20 --><!-- \u5355\u5143\u683c\u7684\u5185\u8fb9\u8ddd\u4e3a1\u50cf\u7d20 --><!-- \u5355\u5143\u683c\u4e4b\u95f4\u7684\u95f4\u8ddd\u4e3a0\u50cf\u7d20 --><!-- \u8fb9\u6846\u89c4\u5219\u4e3a\u4e24\u4fa7\u8fb9\u6846 --><\/p>\n<tbody>\n<tr>\n<td align=\"center\" bgcolor=\"EFEFEF\"><\/td>\n<td align=\"center\" bgcolor=\"EFEFEF\">Taille du produit<\/td>\n<td align=\"center\" bgcolor=\"EFEFEF\">Quantit\u00e9<\/td>\n<td align=\"center\" bgcolor=\"EFEFEF\">Taille du carton<\/td>\n<\/tr>\n<tr>\n<td align=\"center\" bgcolor=\"EFEFEF\">WL-P61<\/td>\n<td align=\"center\">150*150*70mm<\/td>\n<td align=\"center\">250<\/td>\n<td align=\"center\">470*310*320<\/td>\n<\/tr>\n<tr>\n<td align=\"center\" bgcolor=\"EFEFEF\">WL-P81<\/td>\n<td align=\"center\">200*200*75mm<\/td>\n<td align=\"center\">150<\/td>\n<td align=\"center\">430*285*430<\/td>\n<\/tr>\n<tr>\n<td align=\"center\" bgcolor=\"EFEFEF\">WL-P83<\/td>\n<td align=\"center\">200*200*75mm<\/td>\n<td align=\"center\">150<\/td>\n<td align=\"center\">430*285*430<\/td>\n<\/tr>\n<tr>\n<td align=\"center\" bgcolor=\"EFEFEF\">WL-P91<\/td>\n<td align=\"center\">230*230*75mm<\/td>\n<td align=\"center\">150<\/td>\n<td align=\"center\">460*285*470<\/td>\n<\/tr>\n<tr>\n<td align=\"center\" bgcolor=\"EFEFEF\">WL-P93<\/td>\n<td align=\"center\">230*230*75mm<\/td>\n<td align=\"center\">150<\/td>\n<td align=\"center\">460*285*470<\/td>\n<\/tr>\n<tr>\n<td align=\"center\" bgcolor=\"EFEFEF\">WL-P96<\/td>\n<td align=\"center\">220*150*75mm<\/td>\n<td align=\"center\">200<\/td>\n<td align=\"center\">380*310*470<\/td>\n<\/tr>\n<\/tbody>\n<\/table>\n<\/li>\n<li><a href=\"https:\/\/www.manluenpack.com\/fr\/products\/\">PLUS DE STYLE, PLUS DE STYLES...<\/a><\/li>\n<\/ul>\n<h3><strong><b>Emballage et livraison<\/b><\/strong><\/h3>\n<p>WL-P81 Manluen 8X8\u2033 1-Compartment Takeout Clamshell To Go Containers utilise un emballage compact respectueux de l'environnement pour garantir la propret\u00e9 et l'absence de dommages pendant le transport. Chaque produit est m\u00e9ticuleusement empil\u00e9, ce qui permet d'\u00e9conomiser de l'espace et de faciliter le stockage, tout en garantissant une livraison efficace et pratique pour une exp\u00e9rience utilisateur sans faille. De la production \u00e0 la livraison, chaque \u00e9tape est ax\u00e9e sur la qualit\u00e9 et la protection de l'environnement, ce qui garantit la tranquillit\u00e9 d'esprit \u00e0 chaque r\u00e9ception.<\/p>\n<h3><strong><b>Sc\u00e9narios d'utilisation<\/b><\/strong><strong><b>\u00a0\u00a0<\/b><\/strong><\/h3>\n<p>WL-P81 Les bo\u00eetes \u00e0 emporter Manluen 8X8\u2033 \u00e0 1 compartiment conviennent \u00e0 divers sc\u00e9narios de repas, qu'il s'agisse de plats chinois fumants, de salades l\u00e9g\u00e8res rafra\u00eechissantes ou de bo\u00eetes \u00e0 lunch richement sauc\u00e9es : elles peuvent tout contenir. Son mat\u00e9riau \u00e9cologique et sa conception \u00e9tanche rendent l'emballage des repas, la livraison de nourriture ou les rassemblements en plein air plus s\u00fbrs et plus pratiques, ajoutant une touche de sant\u00e9 et de qualit\u00e9 \u00e0 chaque repas.<\/p>\n<h3><strong><b>Conception empilable<\/b><\/strong><strong><b>\u00a0<\/b><\/strong><\/h3>\n<p>WL-P81 Manluen 8X8\u2033 1-Compartment Clamshell Plastic Packaging Box pr\u00e9sente un design empilable astucieux qui permet d'\u00e9conomiser de l'espace de stockage et d'am\u00e9liorer l'efficacit\u00e9 du transport et de la mise en place. La structure d'empilage robuste garantit que les conteneurs s'embo\u00eetent \u00e9troitement sans se renverser, ce qui permet aux entreprises de g\u00e9rer efficacement leurs stocks. Ce design ajoute une touche d'\u00e9l\u00e9gance minimaliste au concept de protection de l'environnement, rendant l'utilisation plus pratique et sans effort.<\/p>\n<h3><strong><b>\u00c9tanche, scell\u00e9 et durable \u00a0<\/b><\/strong><\/h3>\n<p>WL-P81 Manluen 8X8\u2033 1-compartiment Cupcake Clamshell To-Go Containers adopte une conception anti-fuite de pr\u00e9cision, assurant une fermeture herm\u00e9tique qui emp\u00eache les liquides de se r\u00e9pandre. Sa structure robuste et durable est r\u00e9sistante \u00e0 la pression et \u00e0 la chaleur, permettant de transporter en toute s\u00e9curit\u00e9 tous les types de repas tout en s'assurant qu'ils restent intacts de l'emballage \u00e0 la livraison, sauvegardant ainsi chaque d\u00e9licieuse portion.<\/p>\n<p><a href=\"https:\/\/www.google.com\/search?q=manluenpack\" target=\"_blank\" rel=\"noopener\">PLUS D'INFORMATIONS...<\/a><\/p>","protected":false},"excerpt":{"rendered":"<p>WL-P81 Manluen 8X8&#8243; 1-Compartment Clamshell To Go Containers, Featuring a unique 200*200*75 mm dimension design, this container offers super-sized capacity to effortlessly accommodate various meals. Made of food-grade materials, it&hellip;<\/p>","protected":false},"featured_media":3254,"template":"","meta":{"_uag_custom_page_level_css":""},"product_brand":[],"product_cat":[21],"product_tag":[130,133],"class_list":{"0":"post-3134","1":"product","2":"type-product","3":"status-publish","4":"has-post-thumbnail","6":"product_cat-clamshell-containers","7":"product_tag-clamshell-container","8":"product_tag-white","10":"first","11":"instock","12":"shipping-taxable","13":"purchasable","14":"product-type-simple"},"spectra_custom_meta":{"rank_math_internal_links_processed":["1","1","1","1","1","1","1","1","1","1","1","1","1","1","1","1","1","1","1","1","1","1","1","1","1","1","1","1","1","1","1","1","1","1","1","1","1","1","1","1","1","1","1","1","1","1","1","1","1"],"_sku":["WL-P81"],"_regular_price":["1"],"total_sales":["0"],"_tax_status":["taxable"],"_tax_class":[""],"_manage_stock":["no"],"_backorders":["no"],"_sold_individually":["no"],"_virtual":["no"],"_downloadable":["no"],"_product_image_gallery":["3163,3162,3160,3159,3158"],"_download_limit":["0"],"_download_expiry":["0"],"_thumbnail_id":["3254"],"_stock":[null],"_stock_status":["instock"],"_wc_average_rating":["0"],"_wc_review_count":["0"],"_product_attributes":["a:2:{s:9:\"item-size\";a:6:{s:4:\"name\";s:9:\"Item Size\";s:5:\"value\";s:12:\"200*200*75mm\";s:8:\"position\";i:0;s:10:\"is_visible\";i:1;s:12:\"is_variation\";i:0;s:11:\"is_taxonomy\";i:0;}s:7:\"qty-ctn\";a:6:{s:4:\"name\";s:7:\"QTY\/CTN\";s:5:\"value\";s:3:\"150\";s:8:\"position\";i:1;s:10:\"is_visible\";i:1;s:12:\"is_variation\";i:0;s:11:\"is_taxonomy\";i:0;}}"],"_product_version":["9.4.2"],"_price":["1"],"_wp_old_date":["2024-11-26"],"rank_math_analytic_object_id":["24"],"classic-editor-remember":["classic-editor"],"rank_math_seo_score":["69"],"rank_math_contentai_score":["a:5:{s:8:\"keywords\";s:5:\"74.51\";s:9:\"wordCount\";s:1:\"0\";s:9:\"linkCount\";s:1:\"0\";s:12:\"headingCount\";s:1:\"0\";s:10:\"mediaCount\";s:1:\"0\";}"],"_jet_woo_template":[""],"_template_type":["default"],"rank_math_primary_product_cat":["21"],"_ywraq_hide_quote_button_check":[""],"_ywraq_hide_quote_button":["0"],"_edit_lock":["1752048086:1"],"_edit_last":["1"],"rank_math_focus_keyword":["To Go Containers"],"_wp_old_slug":["wl-p81-manluen-clamshell-container"],"_uag_css_file_name":["uag-css-3134.css"],"_uag_page_assets":["a:9:{s:3:\"css\";s:0:\"\";s:2:\"js\";s:0:\"\";s:18:\"current_block_list\";a:6:{i:0;s:10:\"core\/group\";i:1;s:12:\"core\/heading\";i:2;s:17:\"core\/latest-posts\";i:3;s:20:\"core\/latest-comments\";i:4;s:13:\"core\/archives\";i:5;s:15:\"core\/categories\";}s:8:\"uag_flag\";b:0;s:11:\"uag_version\";i:1777284091;s:6:\"gfonts\";a:0:{}s:10:\"gfonts_url\";s:0:\"\";s:12:\"gfonts_files\";a:0:{}s:14:\"uag_faq_layout\";b:0;}"]},"uagb_featured_image_src":{"full":["https:\/\/www.manluenpack.com\/wp-content\/uploads\/2025\/04\/WL-P81-manluen-takeout-clamshell-containers-scaled.webp",2560,1707,false],"thumbnail":["https:\/\/www.manluenpack.com\/wp-content\/uploads\/2025\/04\/WL-P81-manluen-takeout-clamshell-containers-scaled.webp",150,100,false],"medium":["https:\/\/www.manluenpack.com\/wp-content\/uploads\/2025\/04\/WL-P81-manluen-takeout-clamshell-containers-scaled.webp",300,200,false],"medium_large":["https:\/\/www.manluenpack.com\/wp-content\/uploads\/2025\/04\/WL-P81-manluen-takeout-clamshell-containers-scaled.webp",768,512,false],"large":["https:\/\/www.manluenpack.com\/wp-content\/uploads\/2025\/04\/WL-P81-manluen-takeout-clamshell-containers-scaled.webp",1024,683,false],"1536x1536":["https:\/\/www.manluenpack.com\/wp-content\/uploads\/2025\/04\/WL-P81-manluen-takeout-clamshell-containers-scaled.webp",1536,1024,false],"2048x2048":["https:\/\/www.manluenpack.com\/wp-content\/uploads\/2025\/04\/WL-P81-manluen-takeout-clamshell-containers-scaled.webp",2048,1366,false],"trp-custom-language-flag":["https:\/\/www.manluenpack.com\/wp-content\/uploads\/2025\/04\/WL-P81-manluen-takeout-clamshell-containers-scaled.webp",18,12,false],"menu-24x24":["https:\/\/www.manluenpack.com\/wp-content\/uploads\/2025\/04\/WL-P81-manluen-takeout-clamshell-containers-scaled.webp",24,16,false],"menu-36x36":["https:\/\/www.manluenpack.com\/wp-content\/uploads\/2025\/04\/WL-P81-manluen-takeout-clamshell-containers-scaled.webp",36,24,false],"menu-48x48":["https:\/\/www.manluenpack.com\/wp-content\/uploads\/2025\/04\/WL-P81-manluen-takeout-clamshell-containers-scaled.webp",48,32,false],"woocommerce_thumbnail":["https:\/\/www.manluenpack.com\/wp-content\/uploads\/2025\/04\/WL-P81-manluen-takeout-clamshell-containers-scaled-300x300.webp",300,300,true],"woocommerce_single":["https:\/\/www.manluenpack.com\/wp-content\/uploads\/2025\/04\/WL-P81-manluen-takeout-clamshell-containers-scaled.webp",600,400,false],"woocommerce_gallery_thumbnail":["https:\/\/www.manluenpack.com\/wp-content\/uploads\/2025\/04\/WL-P81-manluen-takeout-clamshell-containers-scaled-100x100.webp",100,100,true]},"uagb_author_info":{"display_name":"ManLuenpack","author_link":"https:\/\/www.manluenpack.com\/fr\/author\/"},"uagb_comment_info":0,"uagb_excerpt":"WL-P81 Manluen 8X8&#8243; 1-Compartment Clamshell To Go Containers, Featuring a unique 200*200*75 mm dimension design, this container offers super-sized capacity to effortlessly accommodate various meals. Made of food-grade materials, it&hellip;","_links":{"self":[{"href":"https:\/\/www.manluenpack.com\/fr\/wp-json\/wp\/v2\/product\/3134","targetHints":{"allow":["GET"]}}],"collection":[{"href":"https:\/\/www.manluenpack.com\/fr\/wp-json\/wp\/v2\/product"}],"about":[{"href":"https:\/\/www.manluenpack.com\/fr\/wp-json\/wp\/v2\/types\/product"}],"wp:featuredmedia":[{"embeddable":true,"href":"https:\/\/www.manluenpack.com\/fr\/wp-json\/wp\/v2\/media\/3254"}],"wp:attachment":[{"href":"https:\/\/www.manluenpack.com\/fr\/wp-json\/wp\/v2\/media?parent=3134"}],"wp:term":[{"taxonomy":"product_brand","embeddable":true,"href":"https:\/\/www.manluenpack.com\/fr\/wp-json\/wp\/v2\/product_brand?post=3134"},{"taxonomy":"product_cat","embeddable":true,"href":"https:\/\/www.manluenpack.com\/fr\/wp-json\/wp\/v2\/product_cat?post=3134"},{"taxonomy":"product_tag","embeddable":true,"href":"https:\/\/www.manluenpack.com\/fr\/wp-json\/wp\/v2\/product_tag?post=3134"}],"curies":[{"name":"wp","href":"https:\/\/api.w.org\/{rel}","templated":true}]}}