{"id":2991,"date":"2025-06-28T16:05:37","date_gmt":"2025-06-28T08:05:37","guid":{"rendered":"https:\/\/www.manluenpack.com\/?post_type=product&#038;p=2991"},"modified":"2025-07-18T11:10:38","modified_gmt":"2025-07-18T03:10:38","slug":"wl-b05-manluen-sushi-tray","status":"publish","type":"product","link":"https:\/\/www.manluenpack.com\/fr\/products\/wl-b05-manluen-sushi-tray\/","title":{"rendered":"WL-B05 Plateau \u00e0 sushi Manluen"},"content":{"rendered":"<p>Le plateau \u00e0 sushis WL-B03 Manluen pr\u00e9sente un design unique de 180*150*55 mm, qui \u00e9tablit un \u00e9quilibre parfait entre la capacit\u00e9 et l'esth\u00e9tique spatiale. Compact mais pratique, il convient \u00e0 diverses occasions et r\u00e9pond aux besoins de pr\u00e9sentation des sushis sans occuper un espace excessif sur la table, ce qui en fait un choix id\u00e9al pour les exp\u00e9riences gastronomiques raffin\u00e9es.<\/p>\n<ul>\n<li>Type d'emballage<br \/>\nBo\u00eete en carton<\/li>\n<li>Couleur<br \/>\nNoir<\/li>\n<li>Quantit\u00e9 par caisse<br \/>\n400 jeux<\/li>\n<li>Mat\u00e9riau<br \/>\nCouvercle : OPS, Base : PS<\/li>\n<li>Sp\u00e9cifications de l'emballage<br \/>\n0,086 m\u00e8tre cube<\/li>\n<\/ul>\n<h3><strong>Emballage et livraison<\/strong><\/h3>\n<p>Le WL-B05 Manluen Wholesale Sushi Tray est emball\u00e9 dans des mat\u00e9riaux \u00e9cologiques simples mais robustes, garantissant que le produit arrive intact, comme un pr\u00e9cieux tr\u00e9sor. Notre service de livraison est efficace et fiable, et s'engage \u00e0 livrer ce chef-d'\u0153uvre d'artisanat dans vos mains le plus rapidement possible, pour que chaque d\u00e9ballage soit une exp\u00e9rience remplie d'impatience et de joie.<\/p>\n<h3><strong>Sc\u00e9narios d'utilisation<\/strong><strong>\u00a0\u00a0<\/strong><\/h3>\n<p>Le plateau \u00e0 sushis WL-B05 Manluen Wholesale, avec ses dimensions compactes et son \u00e9l\u00e9gant design en forme de bateau, ajoute une touche d'\u00e9clat aux r\u00e9unions de famille, aux boissons d\u00e9contract\u00e9es entre amis ou aux restaurants japonais haut de gamme. Non seulement il met parfaitement en valeur la d\u00e9licatesse des sushis, mais il ajoute \u00e9galement une touche artistique \u00e0 l'exp\u00e9rience gastronomique, faisant de chaque repas un r\u00e9gal pour les yeux et le palais.<\/p>\n<h3><strong>R\u00e9sistance aux temp\u00e9ratures \u00e9lev\u00e9es<\/strong><\/h3>\n<p>Notre plateau \u00e0 sushi WL-B03 Manluen Classic Wholesale pr\u00e9sente des performances exceptionnelles dans une large gamme de temp\u00e9ratures, de la r\u00e9frig\u00e9ration au micro-ondes, r\u00e9pondant ainsi \u00e0 divers besoins d'utilisation. Sa r\u00e9sistance sup\u00e9rieure \u00e0 la temp\u00e9rature garantit non seulement la s\u00e9curit\u00e9 et la qualit\u00e9 des aliments, mais offre \u00e9galement aux utilisateurs un maximum de commodit\u00e9, ce qui en fait le choix id\u00e9al pour toutes les occasions de restauration.<\/p>\n<h3><strong>Conception empilable <\/strong><\/h3>\n<p>Le plateau \u00e0 sushi WL-B05 Manluen Gold avec couvercle est fabriqu\u00e9 \u00e0 partir de mat\u00e9riaux de haute qualit\u00e9 et respectueux de l'environnement et pr\u00e9sente un design innovant empilable. Cette conception permet non seulement d'\u00e9conomiser de l'espace de stockage, mais aussi de faciliter le transport et l'organisation. Cet avantage en fait un choix id\u00e9al pour les op\u00e9rations \u00e0 grand volume, car il permet de maintenir l'ordre et la propret\u00e9 tout en am\u00e9liorant l'efficacit\u00e9 dans les environnements de restauration tr\u00e8s fr\u00e9quent\u00e9s.<\/p>","protected":false},"excerpt":{"rendered":"<p>The WL-B05 Manluen Sushi Tray features a unique 180*150*55 mm design, striking a perfect balance between capacity and spatial aesthetics. Compact yet practical, it is suitable for various occasions, meeting&hellip;<\/p>","protected":false},"featured_media":3609,"template":"","meta":{"_uag_custom_page_level_css":""},"product_brand":[],"product_cat":[23],"product_tag":[114,113,102],"class_list":{"0":"post-2991","1":"product","2":"type-product","3":"status-publish","4":"has-post-thumbnail","6":"product_cat-sushi-trays","7":"product_tag-boat-shaped","8":"product_tag-sakura","9":"product_tag-sushi","11":"first","12":"instock","13":"shipping-taxable","14":"purchasable","15":"product-type-simple"},"spectra_custom_meta":{"rank_math_internal_links_processed":["1","1","1","1","1","1","1","1","1","1","1","1","1","1","1","1","1","1"],"_sku":["WL-B05"],"_regular_price":["1"],"total_sales":["0"],"_tax_status":["taxable"],"_tax_class":[""],"_manage_stock":["no"],"_backorders":["no"],"_sold_individually":["no"],"_virtual":["no"],"_downloadable":["no"],"_download_limit":["0"],"_download_expiry":["0"],"_stock":[null],"_stock_status":["instock"],"_wc_average_rating":["0"],"_wc_review_count":["0"],"_product_attributes":["a:2:{s:9:\"item-size\";a:6:{s:4:\"name\";s:9:\"Item Size\";s:5:\"value\";s:12:\"180*150*55mm\";s:8:\"position\";i:0;s:10:\"is_visible\";i:1;s:12:\"is_variation\";i:0;s:11:\"is_taxonomy\";i:0;}s:7:\"qty-ctn\";a:6:{s:4:\"name\";s:7:\"QTY\/CTN\";s:5:\"value\";s:3:\"400\";s:8:\"position\";i:1;s:10:\"is_visible\";i:1;s:12:\"is_variation\";i:0;s:11:\"is_taxonomy\";i:0;}}"],"_product_version":["9.4.2"],"_price":["1"],"_wp_old_date":["2024-11-26"],"rank_math_analytic_object_id":["24"],"classic-editor-remember":["classic-editor"],"rank_math_seo_score":["69"],"rank_math_contentai_score":["a:5:{s:8:\"keywords\";s:5:\"74.51\";s:9:\"wordCount\";s:1:\"0\";s:9:\"linkCount\";s:1:\"0\";s:12:\"headingCount\";s:1:\"0\";s:10:\"mediaCount\";s:1:\"0\";}"],"_jet_woo_template":[""],"_template_type":["default"],"rank_math_primary_product_cat":["23"],"_ywraq_hide_quote_button_check":[""],"_ywraq_hide_quote_button":["0"],"rank_math_focus_keyword":["Sushi Tray"],"_edit_lock":["1754364330:1"],"_edit_last":["1"],"_product_image_gallery":["3610,3608,3110,2311"],"_thumbnail_id":["3609"],"_uag_css_file_name":["uag-css-2991.css"],"_uag_page_assets":["a:9:{s:3:\"css\";s:263:\".uag-blocks-common-selector{z-index:var(--z-index-desktop) !important}@media (max-width: 976px){.uag-blocks-common-selector{z-index:var(--z-index-tablet) !important}}@media (max-width: 767px){.uag-blocks-common-selector{z-index:var(--z-index-mobile) !important}}\n\";s:2:\"js\";s:0:\"\";s:18:\"current_block_list\";a:6:{i:0;s:10:\"core\/group\";i:1;s:12:\"core\/heading\";i:2;s:17:\"core\/latest-posts\";i:3;s:20:\"core\/latest-comments\";i:4;s:13:\"core\/archives\";i:5;s:15:\"core\/categories\";}s:8:\"uag_flag\";b:0;s:11:\"uag_version\";i:1777284780;s:6:\"gfonts\";a:0:{}s:10:\"gfonts_url\";s:0:\"\";s:12:\"gfonts_files\";a:0:{}s:14:\"uag_faq_layout\";b:0;}"]},"uagb_featured_image_src":{"full":["https:\/\/www.manluenpack.com\/wp-content\/uploads\/2025\/07\/WL-B05-manluen-food-container-tray-sushi-box.webp",1000,1000,false],"thumbnail":["https:\/\/www.manluenpack.com\/wp-content\/uploads\/2025\/07\/WL-B05-manluen-food-container-tray-sushi-box.webp",150,150,false],"medium":["https:\/\/www.manluenpack.com\/wp-content\/uploads\/2025\/07\/WL-B05-manluen-food-container-tray-sushi-box.webp",300,300,false],"medium_large":["https:\/\/www.manluenpack.com\/wp-content\/uploads\/2025\/07\/WL-B05-manluen-food-container-tray-sushi-box.webp",768,768,false],"large":["https:\/\/www.manluenpack.com\/wp-content\/uploads\/2025\/07\/WL-B05-manluen-food-container-tray-sushi-box.webp",1000,1000,false],"1536x1536":["https:\/\/www.manluenpack.com\/wp-content\/uploads\/2025\/07\/WL-B05-manluen-food-container-tray-sushi-box.webp",1000,1000,false],"2048x2048":["https:\/\/www.manluenpack.com\/wp-content\/uploads\/2025\/07\/WL-B05-manluen-food-container-tray-sushi-box.webp",1000,1000,false],"trp-custom-language-flag":["https:\/\/www.manluenpack.com\/wp-content\/uploads\/2025\/07\/WL-B05-manluen-food-container-tray-sushi-box.webp",12,12,false],"menu-24x24":["https:\/\/www.manluenpack.com\/wp-content\/uploads\/2025\/07\/WL-B05-manluen-food-container-tray-sushi-box.webp",24,24,false],"menu-36x36":["https:\/\/www.manluenpack.com\/wp-content\/uploads\/2025\/07\/WL-B05-manluen-food-container-tray-sushi-box.webp",36,36,false],"menu-48x48":["https:\/\/www.manluenpack.com\/wp-content\/uploads\/2025\/07\/WL-B05-manluen-food-container-tray-sushi-box.webp",48,48,false],"woocommerce_thumbnail":["https:\/\/www.manluenpack.com\/wp-content\/uploads\/2025\/07\/WL-B05-manluen-food-container-tray-sushi-box.webp",300,300,false],"woocommerce_single":["https:\/\/www.manluenpack.com\/wp-content\/uploads\/2025\/07\/WL-B05-manluen-food-container-tray-sushi-box.webp",600,600,false],"woocommerce_gallery_thumbnail":["https:\/\/www.manluenpack.com\/wp-content\/uploads\/2025\/07\/WL-B05-manluen-food-container-tray-sushi-box.webp",100,100,false]},"uagb_author_info":{"display_name":"ManLuenpack","author_link":"https:\/\/www.manluenpack.com\/fr\/author\/"},"uagb_comment_info":0,"uagb_excerpt":"The WL-B05 Manluen Sushi Tray features a unique 180*150*55 mm design, striking a perfect balance between capacity and spatial aesthetics. Compact yet practical, it is suitable for various occasions, meeting&hellip;","_links":{"self":[{"href":"https:\/\/www.manluenpack.com\/fr\/wp-json\/wp\/v2\/product\/2991","targetHints":{"allow":["GET"]}}],"collection":[{"href":"https:\/\/www.manluenpack.com\/fr\/wp-json\/wp\/v2\/product"}],"about":[{"href":"https:\/\/www.manluenpack.com\/fr\/wp-json\/wp\/v2\/types\/product"}],"wp:featuredmedia":[{"embeddable":true,"href":"https:\/\/www.manluenpack.com\/fr\/wp-json\/wp\/v2\/media\/3609"}],"wp:attachment":[{"href":"https:\/\/www.manluenpack.com\/fr\/wp-json\/wp\/v2\/media?parent=2991"}],"wp:term":[{"taxonomy":"product_brand","embeddable":true,"href":"https:\/\/www.manluenpack.com\/fr\/wp-json\/wp\/v2\/product_brand?post=2991"},{"taxonomy":"product_cat","embeddable":true,"href":"https:\/\/www.manluenpack.com\/fr\/wp-json\/wp\/v2\/product_cat?post=2991"},{"taxonomy":"product_tag","embeddable":true,"href":"https:\/\/www.manluenpack.com\/fr\/wp-json\/wp\/v2\/product_tag?post=2991"}],"curies":[{"name":"wp","href":"https:\/\/api.w.org\/{rel}","templated":true}]}}