{"id":2958,"date":"2025-06-28T14:49:14","date_gmt":"2025-06-28T06:49:14","guid":{"rendered":"https:\/\/www.manluenpack.com\/?post_type=product&#038;p=2958"},"modified":"2025-07-07T01:08:32","modified_gmt":"2025-07-06T17:08:32","slug":"wl-8530h-manluen-bento-box","status":"publish","type":"product","link":"https:\/\/www.manluenpack.com\/fr\/products\/wl-8530h-manluen-bento-box\/","title":{"rendered":"WL-8530H Bo\u00eete \u00e0 bento Manluen"},"content":{"rendered":"<p>La bo\u00eete \u00e0 bento WL-8530H Sushi Lunch, d'une grande capacit\u00e9 de 1380 ml, pr\u00e9sente un design unique de 265*200*58 mm qui concilie parfaitement portabilit\u00e9 et praticit\u00e9. Le compartimentage scientifique et le syst\u00e8me de fermeture garantissent que les aliments restent organis\u00e9s et conservent leur saveur. Fabriqu\u00e9 \u00e0 partir de mat\u00e9riaux de premi\u00e8re qualit\u00e9, il est s\u00fbr, durable et facile \u00e0 nettoyer. Son profil mince associ\u00e9 \u00e0 une capacit\u00e9 extra-large le rend facile \u00e0 transporter pour les trajets quotidiens ou les activit\u00e9s de plein air, offrant une solution r\u00e9fl\u00e9chie pour un mode de vie sain.<\/p>\n<ul>\n<li>Type d'emballage<br \/>\nBo\u00eete en carton<\/li>\n<li>Couleur<br \/>\nNoir<\/li>\n<li>Quantit\u00e9 par caisse<br \/>\n200 ensembles<\/li>\n<li>Mat\u00e9riau<br \/>\nCouvercle : PET\/OPS, Base : PS\/PP<\/li>\n<li>Sp\u00e9cifications de l'emballage<br \/>\n0,085 m\u00e8tre cube<\/li>\n<\/ul>\n<p>&nbsp;<\/p>\n<ul>\n<li style=\"list-style-type: none;\">\n<table style=\"height: 160px;\" width=\"500\"><!-- \u8868\u683c\u7684\u8fb9\u6846\u4e3a1\u4e2a\u50cf\u7d20 --><!-- \u5355\u5143\u683c\u7684\u5185\u8fb9\u8ddd\u4e3a1\u50cf\u7d20 --><!-- \u5355\u5143\u683c\u4e4b\u95f4\u7684\u95f4\u8ddd\u4e3a0\u50cf\u7d20 --><!-- \u8fb9\u6846\u89c4\u5219\u4e3a\u4e24\u4fa7\u8fb9\u6846 --><\/p>\n<tbody>\n<tr>\n<td align=\"center\" bgcolor=\"EFEFEF\"><\/td>\n<td align=\"center\" bgcolor=\"EFEFEF\">Taille du produit<\/td>\n<td align=\"center\" bgcolor=\"EFEFEF\">Quantit\u00e9<\/td>\n<td align=\"center\" bgcolor=\"EFEFEF\">Taille du carton<\/td>\n<\/tr>\n<tr>\n<td align=\"center\" bgcolor=\"EFEFEF\">WL-8505<\/td>\n<td align=\"center\">136*111*50mm<\/td>\n<td align=\"center\">600<\/td>\n<td align=\"center\">435*405*465<\/td>\n<\/tr>\n<tr>\n<td align=\"center\" bgcolor=\"EFEFEF\">WL-8507<\/td>\n<td align=\"center\">168*126*50mm<\/td>\n<td align=\"center\">400<\/td>\n<td align=\"center\">530*370*350<\/td>\n<\/tr>\n<tr>\n<td align=\"center\" bgcolor=\"EFEFEF\">WL-8510<\/td>\n<td align=\"center\">183*130*50mm<\/td>\n<td align=\"center\">400<\/td>\n<td align=\"center\">535*360*385<\/td>\n<\/tr>\n<tr>\n<td align=\"center\" bgcolor=\"EFEFEF\">WL-8515<\/td>\n<td align=\"center\">205*132*50mm<\/td>\n<td align=\"center\">400<\/td>\n<td align=\"center\">545*315*415<\/td>\n<\/tr>\n<tr>\n<td align=\"center\" bgcolor=\"EFEFEF\">WL-8520<\/td>\n<td align=\"center\">215*148*50mm<\/td>\n<td align=\"center\">400<\/td>\n<td align=\"center\">600*315*447<\/td>\n<\/tr>\n<tr>\n<td align=\"center\" bgcolor=\"EFEFEF\">WL-8525<\/td>\n<td align=\"center\">233*162*50mm<\/td>\n<td align=\"center\">300<\/td>\n<td align=\"center\">490*340*493<\/td>\n<\/tr>\n<tr>\n<td align=\"center\" bgcolor=\"EFEFEF\">WL-8528<\/td>\n<td align=\"center\">238*193*50mm<\/td>\n<td align=\"center\">300<\/td>\n<td align=\"center\">720*420*400<\/td>\n<\/tr>\n<tr>\n<td align=\"center\" bgcolor=\"EFEFEF\">WL-8530<\/td>\n<td align=\"center\">265*200*50mm<\/td>\n<td align=\"center\">200<\/td>\n<td align=\"center\">535*340*412<\/td>\n<\/tr>\n<tr>\n<td align=\"center\" bgcolor=\"EFEFEF\">WL-8530H<\/td>\n<td align=\"center\">265*200*58mm<\/td>\n<td align=\"center\">200<\/td>\n<td align=\"center\">535*385*412<\/td>\n<\/tr>\n<\/tbody>\n<\/table>\n<\/li>\n<li><a href=\"https:\/\/www.manluenpack.com\/fr\/products\/\">PLUS DE STYLE, PLUS DE STYLES...<\/a><\/li>\n<\/ul>\n<h3><strong><b>Emballage et livraison<\/b><\/strong><strong><b>\u00a0<\/b><\/strong><\/h3>\n<p>La bo\u00eete \u00e0 bento WL-8530H est pr\u00e9sent\u00e9e dans un emballage exquis et respectueux de l'environnement, refl\u00e9tant la qualit\u00e9 et la pr\u00e9venance. Chaque produit est soumis \u00e0 des contr\u00f4les de qualit\u00e9 stricts afin de garantir une livraison sans dommage. Chaque ensemble est dot\u00e9 d'une protection antichoc, ce qui garantit qu'il arrive en toute s\u00e9curit\u00e9 dans vos mains et vous offre une exp\u00e9rience de d\u00e9ballage d\u00e9licieuse. Qu'il s'agisse d'un usage personnel ou d'un cadeau, il est synonyme d'attention et de pr\u00e9venance.<\/p>\n<h3><strong><b>Sc\u00e9narios d'utilisation<\/b><\/strong><strong><b>\u00a0\u00a0<\/b><\/strong><\/h3>\n<p>La bo\u00eete \u00e0 bento WL-8530H Sushi, avec sa grande capacit\u00e9 de 1380 ml, s'adapte facilement \u00e0 de multiples sc\u00e9narios. Qu'il s'agisse de d\u00e9jeuners sur le lieu de travail, de repas \u00e0 l'\u00e9cole, de pique-niques le week-end ou de repas de remise en forme, elle r\u00e9pond \u00e0 vos besoins. Les cloisons scientifiquement con\u00e7ues garantissent une alimentation \u00e9quilibr\u00e9e, tandis que le syst\u00e8me de fermeture fra\u00eecheur pr\u00e9serve le go\u00fbt et la temp\u00e9rature. Partout et \u00e0 tout moment, il ajoute commodit\u00e9 et \u00e9l\u00e9gance \u00e0 vos habitudes alimentaires saines.<\/p>\n<h3><strong><b>Caract\u00e9ristiques et avantages de la forme<\/b><\/strong><\/h3>\n<p>Notre bo\u00eete \u00e0 g\u00e2teaux Bento de grande capacit\u00e9 adopte un design carr\u00e9 aux lignes \u00e9pur\u00e9es et lisses, alliant esth\u00e9tique et fonctionnalit\u00e9. Le design carr\u00e9 permet non seulement un empilage facile, mais aussi une utilisation maximale de l'espace, r\u00e9duisant ainsi les d\u00e9chets inutiles. En outre, certains mod\u00e8les sont dot\u00e9s de caract\u00e9ristiques utiles telles que des poign\u00e9es et des couvercles herm\u00e9tiques, ce qui rend le transport et l'utilisation encore plus pratiques.<\/p>\n<h3><strong><b>Conception empilable<\/b><\/strong><\/h3>\n<p>Les r\u00e9cipients r\u00e9utilisables pour la pr\u00e9paration des repas WL-8530H pr\u00e9sentent un design empilable astucieux qui permet d'\u00e9conomiser de l'espace et d'am\u00e9liorer la commodit\u00e9. Que ce soit pour le stockage au r\u00e9frig\u00e9rateur, l'organisation des armoires ou le transport sur le pouce, sa structure d'empilage robuste utilise efficacement chaque centim\u00e8tre d'espace, en gardant les choses bien rang\u00e9es et ordonn\u00e9es. Cette conception bien pens\u00e9e rend l'utilisation quotidienne plus efficace, ajoutant simplicit\u00e9 et facilit\u00e9 \u00e0 votre vie.<\/p>\n<p><a href=\"https:\/\/www.google.com\/search?q=manluenpack\" target=\"_blank\" rel=\"noopener\">PLUS D'INFORMATIONS...<\/a><\/p>","protected":false},"excerpt":{"rendered":"<p>The WL-8530H Sushi Lunch Bento Box, with a 1380 ml large capacity, features a unique 265*200*58 mm size design that perfectly balances portability and practicality. The scientifically partitioned layout and&hellip;<\/p>","protected":false},"featured_media":3012,"template":"","meta":{"_uag_custom_page_level_css":""},"product_brand":[],"product_cat":[19],"product_tag":[117,118],"class_list":{"0":"post-2958","1":"product","2":"type-product","3":"status-publish","4":"has-post-thumbnail","6":"product_cat-bento-boxes","7":"product_tag-bento-box","8":"product_tag-black","10":"first","11":"instock","12":"shipping-taxable","13":"purchasable","14":"product-type-simple"},"spectra_custom_meta":{"rank_math_internal_links_processed":["1","1","1","1","1","1","1","1","1","1","1","1","1","1","1","1","1","1","1","1","1","1","1","1"],"_sku":["WL-8530H"],"_regular_price":["1"],"total_sales":["0"],"_tax_status":["taxable"],"_tax_class":[""],"_manage_stock":["no"],"_backorders":["no"],"_sold_individually":["no"],"_virtual":["no"],"_downloadable":["no"],"_product_image_gallery":["3013,3014,3015,3016"],"_download_limit":["0"],"_download_expiry":["0"],"_thumbnail_id":["3012"],"_stock":[null],"_stock_status":["instock"],"_wc_average_rating":["0"],"_wc_review_count":["0"],"_product_attributes":["a:2:{s:9:\"item-size\";a:6:{s:4:\"name\";s:9:\"Item Size\";s:5:\"value\";s:12:\"265*200*58mm\";s:8:\"position\";i:0;s:10:\"is_visible\";i:1;s:12:\"is_variation\";i:0;s:11:\"is_taxonomy\";i:0;}s:7:\"qty-ctn\";a:6:{s:4:\"name\";s:7:\"QTY\/CTN\";s:5:\"value\";s:3:\"200\";s:8:\"position\";i:1;s:10:\"is_visible\";i:1;s:12:\"is_variation\";i:0;s:11:\"is_taxonomy\";i:0;}}"],"_product_version":["9.4.2"],"_price":["1"],"_wp_old_date":["2024-11-26"],"rank_math_analytic_object_id":["24"],"classic-editor-remember":["classic-editor"],"rank_math_seo_score":["78"],"rank_math_contentai_score":["a:5:{s:8:\"keywords\";s:5:\"74.51\";s:9:\"wordCount\";s:1:\"0\";s:9:\"linkCount\";s:1:\"0\";s:12:\"headingCount\";s:1:\"0\";s:10:\"mediaCount\";s:1:\"0\";}"],"_jet_woo_template":[""],"_template_type":["default"],"rank_math_primary_product_cat":["19"],"_ywraq_hide_quote_button_check":[""],"_ywraq_hide_quote_button":["0"],"rank_math_focus_keyword":["Bento Box"],"_edit_lock":["1751821630:1"],"_edit_last":["1"],"_uag_css_file_name":["uag-css-2958.css"],"_uag_page_assets":["a:9:{s:3:\"css\";s:0:\"\";s:2:\"js\";s:0:\"\";s:18:\"current_block_list\";a:6:{i:0;s:10:\"core\/group\";i:1;s:12:\"core\/heading\";i:2;s:17:\"core\/latest-posts\";i:3;s:20:\"core\/latest-comments\";i:4;s:13:\"core\/archives\";i:5;s:15:\"core\/categories\";}s:8:\"uag_flag\";b:0;s:11:\"uag_version\";i:1777284091;s:6:\"gfonts\";a:0:{}s:10:\"gfonts_url\";s:0:\"\";s:12:\"gfonts_files\";a:0:{}s:14:\"uag_faq_layout\";b:0;}"]},"uagb_featured_image_src":{"full":["https:\/\/www.manluenpack.com\/wp-content\/uploads\/2025\/06\/WL-8530H-manluen-bento-box.webp",1100,1100,false],"thumbnail":["https:\/\/www.manluenpack.com\/wp-content\/uploads\/2025\/06\/WL-8530H-manluen-bento-box.webp",150,150,false],"medium":["https:\/\/www.manluenpack.com\/wp-content\/uploads\/2025\/06\/WL-8530H-manluen-bento-box.webp",300,300,false],"medium_large":["https:\/\/www.manluenpack.com\/wp-content\/uploads\/2025\/06\/WL-8530H-manluen-bento-box.webp",768,768,false],"large":["https:\/\/www.manluenpack.com\/wp-content\/uploads\/2025\/06\/WL-8530H-manluen-bento-box.webp",1024,1024,false],"1536x1536":["https:\/\/www.manluenpack.com\/wp-content\/uploads\/2025\/06\/WL-8530H-manluen-bento-box.webp",1100,1100,false],"2048x2048":["https:\/\/www.manluenpack.com\/wp-content\/uploads\/2025\/06\/WL-8530H-manluen-bento-box.webp",1100,1100,false],"trp-custom-language-flag":["https:\/\/www.manluenpack.com\/wp-content\/uploads\/2025\/06\/WL-8530H-manluen-bento-box.webp",12,12,false],"menu-24x24":["https:\/\/www.manluenpack.com\/wp-content\/uploads\/2025\/06\/WL-8530H-manluen-bento-box.webp",24,24,false],"menu-36x36":["https:\/\/www.manluenpack.com\/wp-content\/uploads\/2025\/06\/WL-8530H-manluen-bento-box.webp",36,36,false],"menu-48x48":["https:\/\/www.manluenpack.com\/wp-content\/uploads\/2025\/06\/WL-8530H-manluen-bento-box.webp",48,48,false],"woocommerce_thumbnail":["https:\/\/www.manluenpack.com\/wp-content\/uploads\/2025\/06\/WL-8530H-manluen-bento-box.webp",300,300,false],"woocommerce_single":["https:\/\/www.manluenpack.com\/wp-content\/uploads\/2025\/06\/WL-8530H-manluen-bento-box.webp",600,600,false],"woocommerce_gallery_thumbnail":["https:\/\/www.manluenpack.com\/wp-content\/uploads\/2025\/06\/WL-8530H-manluen-bento-box.webp",100,100,false]},"uagb_author_info":{"display_name":"ManLuenpack","author_link":"https:\/\/www.manluenpack.com\/fr\/author\/"},"uagb_comment_info":0,"uagb_excerpt":"The WL-8530H Sushi Lunch Bento Box, with a 1380 ml large capacity, features a unique 265*200*58 mm size design that perfectly balances portability and practicality. The scientifically partitioned layout and&hellip;","_links":{"self":[{"href":"https:\/\/www.manluenpack.com\/fr\/wp-json\/wp\/v2\/product\/2958","targetHints":{"allow":["GET"]}}],"collection":[{"href":"https:\/\/www.manluenpack.com\/fr\/wp-json\/wp\/v2\/product"}],"about":[{"href":"https:\/\/www.manluenpack.com\/fr\/wp-json\/wp\/v2\/types\/product"}],"wp:featuredmedia":[{"embeddable":true,"href":"https:\/\/www.manluenpack.com\/fr\/wp-json\/wp\/v2\/media\/3012"}],"wp:attachment":[{"href":"https:\/\/www.manluenpack.com\/fr\/wp-json\/wp\/v2\/media?parent=2958"}],"wp:term":[{"taxonomy":"product_brand","embeddable":true,"href":"https:\/\/www.manluenpack.com\/fr\/wp-json\/wp\/v2\/product_brand?post=2958"},{"taxonomy":"product_cat","embeddable":true,"href":"https:\/\/www.manluenpack.com\/fr\/wp-json\/wp\/v2\/product_cat?post=2958"},{"taxonomy":"product_tag","embeddable":true,"href":"https:\/\/www.manluenpack.com\/fr\/wp-json\/wp\/v2\/product_tag?post=2958"}],"curies":[{"name":"wp","href":"https:\/\/api.w.org\/{rel}","templated":true}]}}