{"id":2955,"date":"2025-06-28T14:37:31","date_gmt":"2025-06-28T06:37:31","guid":{"rendered":"https:\/\/www.manluenpack.com\/?post_type=product&#038;p=2955"},"modified":"2026-02-20T20:58:46","modified_gmt":"2026-02-20T12:58:46","slug":"wl-8525-manluen-bento-box","status":"publish","type":"product","link":"https:\/\/www.manluenpack.com\/fr\/products\/wl-8525-manluen-bento-box\/","title":{"rendered":"WL-8525 Bo\u00eete \u00e0 bento Manluen"},"content":{"rendered":"<p>La bo\u00eete \u00e0 bento noire WL-8525 pr\u00e9sente un design unique de 233*162*50 mm, alliant praticit\u00e9 et portabilit\u00e9. Fabriqu\u00e9e \u00e0 partir de mat\u00e9riaux de qualit\u00e9 alimentaire sup\u00e9rieure, elle est s\u00fbre, durable et l\u00e9g\u00e8re. La disposition intelligente des compartiments permet de s\u00e9parer efficacement les plats principaux des accompagnements, \u00e9vitant ainsi les m\u00e9langes de saveurs. Sa conception \u00e9tanche garantit la fra\u00eecheur des aliments, tandis que son apparence noire ajoute une touche d'\u00e9l\u00e9gance moderne. Il r\u00e9pond aux divers besoins des navetteurs, des pique-niqueurs et des adeptes d'une alimentation saine, ce qui en fait un choix id\u00e9al pour la vie moderne.<\/p>\n<ul>\n<li>Type d'emballage<br \/>\nBo\u00eete en carton<\/li>\n<li>Couleur<br \/>\nNoir<\/li>\n<li>Quantit\u00e9 par caisse<br \/>\n300 ensembles<\/li>\n<li>Mat\u00e9riau<br \/>\nCouvercle : PET\/OPS, Base : PS\/PP<\/li>\n<li>Sp\u00e9cifications de l'emballage<br \/>\n0,082 m\u00e8tre cube<\/li>\n<\/ul>\n<p>&nbsp;<\/p>\n<ul>\n<li style=\"list-style-type: none;\">\n<table style=\"height: 160px;\" width=\"500\"><!-- \u8868\u683c\u7684\u8fb9\u6846\u4e3a1\u4e2a\u50cf\u7d20 --><!-- \u5355\u5143\u683c\u7684\u5185\u8fb9\u8ddd\u4e3a1\u50cf\u7d20 --><!-- \u5355\u5143\u683c\u4e4b\u95f4\u7684\u95f4\u8ddd\u4e3a0\u50cf\u7d20 --><!-- \u8fb9\u6846\u89c4\u5219\u4e3a\u4e24\u4fa7\u8fb9\u6846 --><\/p>\n<tbody>\n<tr>\n<td align=\"center\" bgcolor=\"EFEFEF\"><\/td>\n<td align=\"center\" bgcolor=\"EFEFEF\">Taille du produit<\/td>\n<td align=\"center\" bgcolor=\"EFEFEF\">Quantit\u00e9<\/td>\n<td align=\"center\" bgcolor=\"EFEFEF\">Taille du carton<\/td>\n<\/tr>\n<tr>\n<td align=\"center\" bgcolor=\"EFEFEF\">WL-8505<\/td>\n<td align=\"center\">136*111*50mm<\/td>\n<td align=\"center\">600<\/td>\n<td align=\"center\">435*405*465<\/td>\n<\/tr>\n<tr>\n<td align=\"center\" bgcolor=\"EFEFEF\">WL-8507<\/td>\n<td align=\"center\">168*126*50mm<\/td>\n<td align=\"center\">400<\/td>\n<td align=\"center\">530*370*350<\/td>\n<\/tr>\n<tr>\n<td align=\"center\" bgcolor=\"EFEFEF\">WL-8510<\/td>\n<td align=\"center\">183*130*50mm<\/td>\n<td align=\"center\">400<\/td>\n<td align=\"center\">535*360*385<\/td>\n<\/tr>\n<tr>\n<td align=\"center\" bgcolor=\"EFEFEF\">WL-8515<\/td>\n<td align=\"center\">205*132*50mm<\/td>\n<td align=\"center\">400<\/td>\n<td align=\"center\">545*315*415<\/td>\n<\/tr>\n<tr>\n<td align=\"center\" bgcolor=\"EFEFEF\">WL-8520<\/td>\n<td align=\"center\">215*148*50mm<\/td>\n<td align=\"center\">400<\/td>\n<td align=\"center\">600*315*447<\/td>\n<\/tr>\n<tr>\n<td align=\"center\" bgcolor=\"EFEFEF\">WL-8525<\/td>\n<td align=\"center\">233*162*50mm<\/td>\n<td align=\"center\">300<\/td>\n<td align=\"center\">490*340*493<\/td>\n<\/tr>\n<tr>\n<td align=\"center\" bgcolor=\"EFEFEF\">WL-8528<\/td>\n<td align=\"center\">238*193*50mm<\/td>\n<td align=\"center\">300<\/td>\n<td align=\"center\">720*420*400<\/td>\n<\/tr>\n<tr>\n<td align=\"center\" bgcolor=\"EFEFEF\">WL-8530<\/td>\n<td align=\"center\">265*200*50mm<\/td>\n<td align=\"center\">200<\/td>\n<td align=\"center\">535*340*412<\/td>\n<\/tr>\n<tr>\n<td align=\"center\" bgcolor=\"EFEFEF\">WL-8530H<\/td>\n<td align=\"center\">265*200*58mm<\/td>\n<td align=\"center\">200<\/td>\n<td align=\"center\">535*385*412<\/td>\n<\/tr>\n<\/tbody>\n<\/table>\n<\/li>\n<li><a href=\"https:\/\/www.manluenpack.com\/fr\/products\/\">PLUS DE STYLE, PLUS DE STYLES...<\/a><\/li>\n<\/ul>\n<h3><strong><b>Emballage et livraison<\/b><\/strong><\/h3>\n<p>La bo\u00eete \u00e0 bento jetable WL-8525 Black est pr\u00e9sent\u00e9e dans un emballage minimaliste et \u00e9l\u00e9gant, respectueux de l'environnement, qui concilie parfaitement fonctionnalit\u00e9 et esth\u00e9tique. Chaque produit est soigneusement emball\u00e9 avec des mat\u00e9riaux de haute qualit\u00e9 pour garantir qu'il arrive intact. Gr\u00e2ce \u00e0 une livraison rapide et efficace, chaque utilisateur peut imm\u00e9diatement appr\u00e9cier la qualit\u00e9 et l'attention de ce produit pratique et essentiel \u00e0 son mode de vie, qui rehausse la commodit\u00e9 et l'\u00e9l\u00e9gance de ses repas.<\/p>\n<h3><strong><b>Conception empilable<\/b><\/strong><\/h3>\n<p>La bo\u00eete \u00e0 bento jetable WL-8525 pr\u00e9sente un design empilable astucieux qui optimise l'efficacit\u00e9 de l'espace et am\u00e9liore l'organisation du stockage. Sa structure robuste garantit un empilage s\u00fbr, qu'elle soit rang\u00e9e \u00e0 la maison ou emport\u00e9e en d\u00e9placement, et permet de maintenir l'ordre et la propret\u00e9. Cette conception permet non seulement d'\u00e9conomiser de l'espace, mais aussi de pr\u00e9server l'aspect \u00e9l\u00e9gant et l'aspect pratique de la bo\u00eete, ce qui ajoute de la commodit\u00e9 et de l'efficacit\u00e9 \u00e0 la vie quotidienne.<\/p>\n<h3><strong><b>Sc\u00e9narios d'utilisation<\/b><\/strong><strong><b>\u00a0\u00a0<\/b><\/strong><\/h3>\n<p>La bo\u00eete \u00e0 bento noire WL-8525 r\u00e9pond sans effort aux besoins des professionnels en mati\u00e8re de d\u00e9jeuners sains, des \u00e9tudiants en mati\u00e8re de repas nutritifs, ou m\u00eame des pique-niques en plein air avec des combinaisons gastronomiques. Gr\u00e2ce \u00e0 sa compartimentation scientifique, chaque plat est bien rang\u00e9 et les saveurs originales sont pr\u00e9serv\u00e9es. L\u00e9ger et portable, il vous permet de d\u00e9guster de d\u00e9licieux repas \u00e0 tout moment et en tout lieu. Son design \u00e9l\u00e9gant et raffin\u00e9 rehausse chaque exp\u00e9rience culinaire avec \u00e9l\u00e9gance et joie.<\/p>\n<h3><strong><b>Etanche et durable<\/b><\/strong><\/h3>\n<p>La bo\u00eete \u00e0 bento WL-8525 Black BBQ est fabriqu\u00e9e \u00e0 partir de mat\u00e9riaux \u00e9cologiques de haute qualit\u00e9, offrant une durabilit\u00e9 et une r\u00e9sistance exceptionnelles aux chocs et \u00e0 la pression. Sa surface lisse et raffin\u00e9e est non seulement agr\u00e9able au toucher, mais aussi facile \u00e0 nettoyer. Dot\u00e9e d'un syst\u00e8me d'\u00e9tanch\u00e9it\u00e9 perfectionn\u00e9, elle retient herm\u00e9tiquement le contenu, \u00e9vitant ainsi les d\u00e9versements et les fuites, m\u00eame avec des plats souples ou pendant les longs trajets domicile-travail. Un compagnon fiable pour l'usage quotidien et les repas en plein air.<\/p>\n<p><a href=\"https:\/\/www.google.com\/search?q=manluenpack\" target=\"_blank\" rel=\"noopener\">PLUS D'INFORMATIONS...<\/a><\/p>","protected":false},"excerpt":{"rendered":"<p>The WL-8525 Black Bento Box features a unique 233*162*50 mm design, combining practicality with portability. Made from premium food-grade materials, it is safe, durable, and lightweight. Its smart compartment layout&hellip;<\/p>","protected":false},"featured_media":0,"template":"","meta":{"_uag_custom_page_level_css":""},"product_brand":[],"product_cat":[19],"product_tag":[117,118],"class_list":{"0":"post-2955","1":"product","2":"type-product","3":"status-publish","5":"product_cat-bento-boxes","6":"product_tag-bento-box","7":"product_tag-black","9":"first","10":"instock","11":"shipping-taxable","12":"purchasable","13":"product-type-simple"},"spectra_custom_meta":{"rank_math_internal_links_processed":["1","1","1","1","1","1","1","1","1","1","1","1","1","1","1","1","1","1","1","1","1","1","1","1","1","1","1","1","1","1","1","1","1","1"],"_sku":["WL-8525"],"_regular_price":["1"],"total_sales":["0"],"_tax_status":["taxable"],"_tax_class":[""],"_manage_stock":["no"],"_backorders":["no"],"_sold_individually":["no"],"_virtual":["no"],"_downloadable":["no"],"_download_limit":["0"],"_download_expiry":["0"],"_stock":[null],"_stock_status":["instock"],"_wc_average_rating":["0"],"_wc_review_count":["0"],"_product_attributes":["a:2:{s:9:\"item-size\";a:6:{s:4:\"name\";s:9:\"Item Size\";s:5:\"value\";s:12:\"233*162*50mm\";s:8:\"position\";i:0;s:10:\"is_visible\";i:1;s:12:\"is_variation\";i:0;s:11:\"is_taxonomy\";i:0;}s:7:\"qty-ctn\";a:6:{s:4:\"name\";s:7:\"QTY\/CTN\";s:5:\"value\";s:3:\"300\";s:8:\"position\";i:1;s:10:\"is_visible\";i:1;s:12:\"is_variation\";i:0;s:11:\"is_taxonomy\";i:0;}}"],"_product_version":["10.5.2"],"_price":["1"],"_wp_old_date":["2024-11-26"],"rank_math_analytic_object_id":["24"],"classic-editor-remember":["classic-editor"],"rank_math_seo_score":["100"],"rank_math_contentai_score":["a:5:{s:8:\"keywords\";s:5:\"74.51\";s:9:\"wordCount\";s:1:\"0\";s:9:\"linkCount\";s:1:\"0\";s:12:\"headingCount\";s:1:\"0\";s:10:\"mediaCount\";s:1:\"0\";}"],"_jet_woo_template":[""],"_template_type":["default"],"rank_math_primary_product_cat":["19"],"_ywraq_hide_quote_button_check":[""],"_ywraq_hide_quote_button":["0"],"rank_math_focus_keyword":["Bento Box,Black Bento Box"],"_edit_lock":["1771592216:1"],"_edit_last":["1"],"_product_image_gallery":["3000,2999,4749,4750,4751"],"_uag_css_file_name":["uag-css-2955.css"],"_uag_page_assets":["a:9:{s:3:\"css\";s:263:\".uag-blocks-common-selector{z-index:var(--z-index-desktop) !important}@media (max-width: 976px){.uag-blocks-common-selector{z-index:var(--z-index-tablet) !important}}@media (max-width: 767px){.uag-blocks-common-selector{z-index:var(--z-index-mobile) !important}}\n\";s:2:\"js\";s:0:\"\";s:18:\"current_block_list\";a:6:{i:0;s:10:\"core\/group\";i:1;s:12:\"core\/heading\";i:2;s:17:\"core\/latest-posts\";i:3;s:20:\"core\/latest-comments\";i:4;s:13:\"core\/archives\";i:5;s:15:\"core\/categories\";}s:8:\"uag_flag\";b:0;s:11:\"uag_version\";i:1777198379;s:6:\"gfonts\";a:0:{}s:10:\"gfonts_url\";s:0:\"\";s:12:\"gfonts_files\";a:0:{}s:14:\"uag_faq_layout\";b:0;}"]},"uagb_featured_image_src":{"full":false,"thumbnail":false,"medium":false,"medium_large":false,"large":false,"1536x1536":false,"2048x2048":false,"trp-custom-language-flag":false,"menu-24x24":false,"menu-36x36":false,"menu-48x48":false,"woocommerce_thumbnail":false,"woocommerce_single":false,"woocommerce_gallery_thumbnail":false},"uagb_author_info":{"display_name":"ManLuenpack","author_link":"https:\/\/www.manluenpack.com\/fr\/author\/"},"uagb_comment_info":0,"uagb_excerpt":"The WL-8525 Black Bento Box features a unique 233*162*50 mm design, combining practicality with portability. Made from premium food-grade materials, it is safe, durable, and lightweight. Its smart compartment layout&hellip;","_links":{"self":[{"href":"https:\/\/www.manluenpack.com\/fr\/wp-json\/wp\/v2\/product\/2955","targetHints":{"allow":["GET"]}}],"collection":[{"href":"https:\/\/www.manluenpack.com\/fr\/wp-json\/wp\/v2\/product"}],"about":[{"href":"https:\/\/www.manluenpack.com\/fr\/wp-json\/wp\/v2\/types\/product"}],"wp:attachment":[{"href":"https:\/\/www.manluenpack.com\/fr\/wp-json\/wp\/v2\/media?parent=2955"}],"wp:term":[{"taxonomy":"product_brand","embeddable":true,"href":"https:\/\/www.manluenpack.com\/fr\/wp-json\/wp\/v2\/product_brand?post=2955"},{"taxonomy":"product_cat","embeddable":true,"href":"https:\/\/www.manluenpack.com\/fr\/wp-json\/wp\/v2\/product_cat?post=2955"},{"taxonomy":"product_tag","embeddable":true,"href":"https:\/\/www.manluenpack.com\/fr\/wp-json\/wp\/v2\/product_tag?post=2955"}],"curies":[{"name":"wp","href":"https:\/\/api.w.org\/{rel}","templated":true}]}}