{"id":2934,"date":"2025-06-28T10:44:37","date_gmt":"2025-06-28T02:44:37","guid":{"rendered":"https:\/\/www.manluenpack.com\/?post_type=product&#038;p=2934"},"modified":"2025-07-07T23:37:53","modified_gmt":"2025-07-07T15:37:53","slug":"wl-8507-manluen-bento-box","status":"publish","type":"product","link":"https:\/\/www.manluenpack.com\/fr\/products\/wl-8507-manluen-bento-box\/","title":{"rendered":"WL-8507 Bo\u00eete \u00e0 bento Manluen"},"content":{"rendered":"<p>La bo\u00eete \u00e0 bento WL-8507 Manluen, avec ses dimensions uniques de 168*126*50 mm, offre un \u00e9quilibre parfait entre capacit\u00e9 et portabilit\u00e9. Son aspect \u00e9l\u00e9gant et styl\u00e9, associ\u00e9 \u00e0 une \u00e9tanch\u00e9it\u00e9 de haute qualit\u00e9, r\u00e9pond \u00e0 divers besoins en mati\u00e8re de repas. Fabriqu\u00e9e \u00e0 partir de mat\u00e9riaux l\u00e9gers et durables, elle est \u00e0 la fois pratique et \u00e9cologique, ce qui en fait un choix id\u00e9al pour les trajets quotidiens, les activit\u00e9s de plein air ou l'alimentation saine. Il ajoute de la commodit\u00e9 et de la sophistication \u00e0 votre vie.<\/p>\n<ul>\n<li>Type d'emballage<br \/>\nBo\u00eete en carton<\/li>\n<li>Couleur<br \/>\nNoir<\/li>\n<li>Quantit\u00e9 par caisse<br \/>\n400 jeux<\/li>\n<li>Mat\u00e9riau<br \/>\nCouvercle : PET\/OPS, Base : PS\/PP<\/li>\n<li>Sp\u00e9cifications de l'emballage<br \/>\n0,069 m\u00e8tre cube<\/li>\n<\/ul>\n<p>&nbsp;<\/p>\n<ul>\n<li style=\"list-style-type: none;\">\n<table style=\"height: 160px;\" width=\"500\">\n<tbody>\n<tr>\n<td align=\"center\" bgcolor=\"EFEFEF\"><\/td>\n<td align=\"center\" bgcolor=\"EFEFEF\">Taille du produit<\/td>\n<td align=\"center\" bgcolor=\"EFEFEF\">Quantit\u00e9<\/td>\n<td align=\"center\" bgcolor=\"EFEFEF\">Taille du carton<\/td>\n<\/tr>\n<tr>\n<td align=\"center\" bgcolor=\"EFEFEF\">WL-8505<\/td>\n<td align=\"center\">136*111*50mm<\/td>\n<td align=\"center\">600<\/td>\n<td align=\"center\">435*405*465<\/td>\n<\/tr>\n<tr>\n<td align=\"center\" bgcolor=\"EFEFEF\">WL-8507<\/td>\n<td align=\"center\">168*126*50mm<\/td>\n<td align=\"center\">400<\/td>\n<td align=\"center\">530*370*350<\/td>\n<\/tr>\n<tr>\n<td align=\"center\" bgcolor=\"EFEFEF\">WL-8510<\/td>\n<td align=\"center\">183*130*50mm<\/td>\n<td align=\"center\">400<\/td>\n<td align=\"center\">535*360*385<\/td>\n<\/tr>\n<tr>\n<td align=\"center\" bgcolor=\"EFEFEF\">WL-8515<\/td>\n<td align=\"center\">205*132*50mm<\/td>\n<td align=\"center\">400<\/td>\n<td align=\"center\">545*315*415<\/td>\n<\/tr>\n<tr>\n<td align=\"center\" bgcolor=\"EFEFEF\">WL-8520<\/td>\n<td align=\"center\">215*148*50mm<\/td>\n<td align=\"center\">400<\/td>\n<td align=\"center\">600*315*447<\/td>\n<\/tr>\n<tr>\n<td align=\"center\" bgcolor=\"EFEFEF\">WL-8525<\/td>\n<td align=\"center\">233*162*50mm<\/td>\n<td align=\"center\">300<\/td>\n<td align=\"center\">490*340*493<\/td>\n<\/tr>\n<tr>\n<td align=\"center\" bgcolor=\"EFEFEF\">WL-8528<\/td>\n<td align=\"center\">238*193*50mm<\/td>\n<td align=\"center\">300<\/td>\n<td align=\"center\">720*420*400<\/td>\n<\/tr>\n<tr>\n<td align=\"center\" bgcolor=\"EFEFEF\">WL-8530<\/td>\n<td align=\"center\">265*200*50mm<\/td>\n<td align=\"center\">200<\/td>\n<td align=\"center\">535*340*412<\/td>\n<\/tr>\n<tr>\n<td align=\"center\" bgcolor=\"EFEFEF\">WL-8530H<\/td>\n<td align=\"center\">265*200*58mm<\/td>\n<td align=\"center\">200<\/td>\n<td align=\"center\">535*385*412<\/td>\n<\/tr>\n<\/tbody>\n<\/table>\n<\/li>\n<li><a href=\"https:\/\/www.manluenpack.com\/fr\/products\/\">PLUS DE STYLE, PLUS DE STYLES...<\/a><\/li>\n<\/ul>\n<h3><strong><b>Emballage et livraison<\/b><\/strong><\/h3>\n<p>La bo\u00eete \u00e0 lunch Manluen Lunch Bento Box WL-8507 est pr\u00e9sent\u00e9e dans un emballage simple et \u00e9cologique, qui met l'accent sur l'attention port\u00e9e aux d\u00e9tails et \u00e0 la qualit\u00e9. Chaque bo\u00eete \u00e0 lunch est soigneusement prot\u00e9g\u00e9e pour garantir qu'elle arrive intacte et en toute s\u00e9curit\u00e9. Gr\u00e2ce \u00e0 des services de livraison efficaces et pr\u00e9cis, ce produit pratique et esth\u00e9tique vous parviendra \u00e0 temps, ajoutant une touche d'attention et de commodit\u00e9 \u00e0 votre vie.<\/p>\n<h3><strong><b>Sc\u00e9narios d'utilisation<\/b><\/strong><strong><b>\u00a0\u00a0<\/b><\/strong><\/h3>\n<p>La bo\u00eete \u00e0 bento personnalis\u00e9e WL-8507 Manluen met en valeur son charme unique, que ce soit pour les d\u00e9jeuners sur le lieu de travail, les repas \u00e0 l'\u00e9cole, les pique-niques en plein air ou les r\u00e9gimes de remise en forme. Son design compact et portable, associ\u00e9 \u00e0 une fermeture \u00e9tanche, permet de manger sainement \u00e0 tout moment et en tout lieu. L'ext\u00e9rieur noir classique ajoute de la simplicit\u00e9 et de l'\u00e9l\u00e9gance \u00e0 chaque repas, ce qui en fait le compagnon id\u00e9al de la vie moderne.<\/p>\n<h3><strong><b>\u00c9tanche et durable <\/b><\/strong><\/h3>\n<p>Notre produit est dot\u00e9 d'un anneau d'\u00e9tanch\u00e9it\u00e9 en silicone bien ajust\u00e9 ou d'un couvercle d'\u00e9tanch\u00e9it\u00e9 de haute qualit\u00e9, ce qui permet d'\u00e9viter les d\u00e9versements pendant le transport et de garder vos v\u00eatements et vos sacs propres. Le mat\u00e9riau PP offre une excellente r\u00e9sistance aux chocs et une grande robustesse. Il reste intact m\u00eame en cas de chocs quotidiens, ce qui prolonge sa dur\u00e9e de vie.<\/p>\n<h3><strong><b>Conception empilable<\/b><\/strong><\/h3>\n<p>La bo\u00eete \u00e0 bento \u00e0 emporter WL-8507 Manluen incorpore une conception empilable astucieuse, offrant une stabilit\u00e9 et des avantages en termes de gain de place, tout en conservant un aspect pratique et esth\u00e9tique. Qu'il s'agisse d'un rangement \u00e0 la maison ou d'une utilisation en d\u00e9placement, son design soign\u00e9 et organis\u00e9 r\u00e9pond \u00e0 divers besoins, rendant la vie plus efficace et plus pratique tout en ajoutant une touche d'\u00e9l\u00e9gance.<\/p>\n<p>&nbsp;<\/p>\n<p><a href=\"https:\/\/www.google.com\/search?q=manluenpack\" target=\"_blank\" rel=\"noopener\">PLUS D'INFORMATIONS...<\/a><\/p>","protected":false},"excerpt":{"rendered":"<p>The WL-8507 Manluen Bento Box, with its unique dimensions of 168*126*50 mm, perfectly balances capacity and portability. Its sleek and stylish appearance, combined with high-quality leak-proof sealing, meets diverse dining&hellip;<\/p>","protected":false},"featured_media":2935,"template":"","meta":{"_uag_custom_page_level_css":""},"product_brand":[],"product_cat":[19],"product_tag":[117,118],"class_list":{"0":"post-2934","1":"product","2":"type-product","3":"status-publish","4":"has-post-thumbnail","6":"product_cat-bento-boxes","7":"product_tag-bento-box","8":"product_tag-black","10":"first","11":"instock","12":"shipping-taxable","13":"purchasable","14":"product-type-simple"},"spectra_custom_meta":{"rank_math_internal_links_processed":["1","1","1","1","1","1","1","1","1","1","1","1","1","1","1","1","1","1","1","1","1","1"],"_sku":["WL-8507"],"_regular_price":["1"],"total_sales":["0"],"_tax_status":["taxable"],"_tax_class":[""],"_manage_stock":["no"],"_backorders":["no"],"_sold_individually":["no"],"_virtual":["no"],"_downloadable":["no"],"_product_image_gallery":["2936,2940,2938,2939,2937"],"_download_limit":["0"],"_download_expiry":["0"],"_thumbnail_id":["2935"],"_stock":[null],"_stock_status":["instock"],"_wc_average_rating":["0"],"_wc_review_count":["0"],"_product_attributes":["a:2:{s:9:\"item-size\";a:6:{s:4:\"name\";s:9:\"Item Size\";s:5:\"value\";s:12:\"168*126*50mm\";s:8:\"position\";i:0;s:10:\"is_visible\";i:1;s:12:\"is_variation\";i:0;s:11:\"is_taxonomy\";i:0;}s:7:\"qty-ctn\";a:6:{s:4:\"name\";s:7:\"QTY\/CTN\";s:5:\"value\";s:3:\"400\";s:8:\"position\";i:1;s:10:\"is_visible\";i:1;s:12:\"is_variation\";i:0;s:11:\"is_taxonomy\";i:0;}}"],"_product_version":["9.4.2"],"_price":["1"],"_wp_old_date":["2024-11-26"],"rank_math_analytic_object_id":["24"],"classic-editor-remember":["classic-editor"],"rank_math_seo_score":["81"],"rank_math_contentai_score":["a:5:{s:8:\"keywords\";s:5:\"74.51\";s:9:\"wordCount\";s:1:\"0\";s:9:\"linkCount\";s:1:\"0\";s:12:\"headingCount\";s:1:\"0\";s:10:\"mediaCount\";s:1:\"0\";}"],"_jet_woo_template":[""],"_template_type":["default"],"rank_math_primary_product_cat":["19"],"_ywraq_hide_quote_button_check":[""],"_ywraq_hide_quote_button":["0"],"rank_math_focus_keyword":["Bento Box,Bento Box"],"_edit_lock":["1751902723:1"],"_edit_last":["1"],"_uag_css_file_name":["uag-css-2934.css"],"_uag_page_assets":["a:9:{s:3:\"css\";s:0:\"\";s:2:\"js\";s:0:\"\";s:18:\"current_block_list\";a:6:{i:0;s:10:\"core\/group\";i:1;s:12:\"core\/heading\";i:2;s:17:\"core\/latest-posts\";i:3;s:20:\"core\/latest-comments\";i:4;s:13:\"core\/archives\";i:5;s:15:\"core\/categories\";}s:8:\"uag_flag\";b:0;s:11:\"uag_version\";i:1777284091;s:6:\"gfonts\";a:0:{}s:10:\"gfonts_url\";s:0:\"\";s:12:\"gfonts_files\";a:0:{}s:14:\"uag_faq_layout\";b:0;}"]},"uagb_featured_image_src":{"full":["https:\/\/www.manluenpack.com\/wp-content\/uploads\/2025\/06\/WL-8507-manluen-bento-box.webp",1100,1100,false],"thumbnail":["https:\/\/www.manluenpack.com\/wp-content\/uploads\/2025\/06\/WL-8507-manluen-bento-box.webp",150,150,false],"medium":["https:\/\/www.manluenpack.com\/wp-content\/uploads\/2025\/06\/WL-8507-manluen-bento-box.webp",300,300,false],"medium_large":["https:\/\/www.manluenpack.com\/wp-content\/uploads\/2025\/06\/WL-8507-manluen-bento-box.webp",768,768,false],"large":["https:\/\/www.manluenpack.com\/wp-content\/uploads\/2025\/06\/WL-8507-manluen-bento-box.webp",1024,1024,false],"1536x1536":["https:\/\/www.manluenpack.com\/wp-content\/uploads\/2025\/06\/WL-8507-manluen-bento-box.webp",1100,1100,false],"2048x2048":["https:\/\/www.manluenpack.com\/wp-content\/uploads\/2025\/06\/WL-8507-manluen-bento-box.webp",1100,1100,false],"trp-custom-language-flag":["https:\/\/www.manluenpack.com\/wp-content\/uploads\/2025\/06\/WL-8507-manluen-bento-box.webp",12,12,false],"menu-24x24":["https:\/\/www.manluenpack.com\/wp-content\/uploads\/2025\/06\/WL-8507-manluen-bento-box.webp",24,24,false],"menu-36x36":["https:\/\/www.manluenpack.com\/wp-content\/uploads\/2025\/06\/WL-8507-manluen-bento-box.webp",36,36,false],"menu-48x48":["https:\/\/www.manluenpack.com\/wp-content\/uploads\/2025\/06\/WL-8507-manluen-bento-box.webp",48,48,false],"woocommerce_thumbnail":["https:\/\/www.manluenpack.com\/wp-content\/uploads\/2025\/06\/WL-8507-manluen-bento-box.webp",300,300,false],"woocommerce_single":["https:\/\/www.manluenpack.com\/wp-content\/uploads\/2025\/06\/WL-8507-manluen-bento-box.webp",600,600,false],"woocommerce_gallery_thumbnail":["https:\/\/www.manluenpack.com\/wp-content\/uploads\/2025\/06\/WL-8507-manluen-bento-box.webp",100,100,false]},"uagb_author_info":{"display_name":"ManLuenpack","author_link":"https:\/\/www.manluenpack.com\/fr\/author\/"},"uagb_comment_info":0,"uagb_excerpt":"The WL-8507 Manluen Bento Box, with its unique dimensions of 168*126*50 mm, perfectly balances capacity and portability. Its sleek and stylish appearance, combined with high-quality leak-proof sealing, meets diverse dining&hellip;","_links":{"self":[{"href":"https:\/\/www.manluenpack.com\/fr\/wp-json\/wp\/v2\/product\/2934","targetHints":{"allow":["GET"]}}],"collection":[{"href":"https:\/\/www.manluenpack.com\/fr\/wp-json\/wp\/v2\/product"}],"about":[{"href":"https:\/\/www.manluenpack.com\/fr\/wp-json\/wp\/v2\/types\/product"}],"wp:featuredmedia":[{"embeddable":true,"href":"https:\/\/www.manluenpack.com\/fr\/wp-json\/wp\/v2\/media\/2935"}],"wp:attachment":[{"href":"https:\/\/www.manluenpack.com\/fr\/wp-json\/wp\/v2\/media?parent=2934"}],"wp:term":[{"taxonomy":"product_brand","embeddable":true,"href":"https:\/\/www.manluenpack.com\/fr\/wp-json\/wp\/v2\/product_brand?post=2934"},{"taxonomy":"product_cat","embeddable":true,"href":"https:\/\/www.manluenpack.com\/fr\/wp-json\/wp\/v2\/product_cat?post=2934"},{"taxonomy":"product_tag","embeddable":true,"href":"https:\/\/www.manluenpack.com\/fr\/wp-json\/wp\/v2\/product_tag?post=2934"}],"curies":[{"name":"wp","href":"https:\/\/api.w.org\/{rel}","templated":true}]}}