{"id":2879,"date":"2025-06-27T22:03:12","date_gmt":"2025-06-27T14:03:12","guid":{"rendered":"https:\/\/www.manluenpack.com\/?post_type=product&#038;p=2879"},"modified":"2025-07-10T18:05:07","modified_gmt":"2025-07-10T10:05:07","slug":"wl-01-manluen-sushi-tray","status":"publish","type":"product","link":"https:\/\/www.manluenpack.com\/fr\/products\/wl-01-manluen-sushi-tray\/","title":{"rendered":"WL-01 Plateau \u00e0 sushi Manluen"},"content":{"rendered":"<h3><strong><b>Sc\u00e9narios d'utilisation <\/b><\/strong><strong><b>de plateau de sushi Manluen WL-01<\/b><\/strong><\/h3>\n<ul>\n<li>Supermarch\u00e9<\/li>\n<\/ul>\n<p>Magasin de sushi \u00e0 emporter, boutique de desserts, banquet de restauration haut de gamme<\/p>\n<ul>\n<li>Accueil<\/li>\n<\/ul>\n<p>Sushi pique-nique, r\u00e9union de famille, Plateau de Fruits<\/p>\n<ul>\n<li>Avantages de l'emballage<\/li>\n<\/ul>\n<p>Le plateau de sushi poss\u00e8de des indentations antid\u00e9rapantes pour \u00e9viter que la nourriture ne bouge et est pratique pour l'emporter. Il est \u00e9galement livr\u00e9 avec un couvercle transparent pour garantir la fra\u00eecheur des aliments.<\/p>\n<p>&nbsp;<\/p>\n<h3>Emballage du plateau de sushi Manluen<\/h3>\n<ul>\n<li>R\u00e9sistant \u00e0 la graisse et aux fuites : Nos contenants sont r\u00e9sistants \u00e0 la graisse et aux fuites, vous permettant d'emballer des aliments savoureux, des d\u00e9jeuners ou des restes. Vous n'aurez pas \u00e0 vous soucier des fuites ou des d\u00e9g\u00e2ts !<\/li>\n<li>Garder les repas frais : Chaque commande comprend des couvercles assortis qui se clipsent solidement sur les contenants pour sceller les aliments et maintenir la fra\u00eecheur des repas. Nos couvercles ont \u00e9galement une finition transparente pour mettre en valeur vos rouleaux de sushi et amuse-bouches.<\/li>\n<li>Pas besoin de nettoyage : Fabriqu\u00e9s en plastique durable, nos contenants offrent une solution rapide et facile pour le nettoyage apr\u00e8s les \u00e9v\u00e9nements. De plus, ils sont robustes pour supporter des plats copieux !<\/li>\n<li>Vari\u00e9t\u00e9 de tailles de plateaux disponibles : Avec diff\u00e9rentes tailles de plateaux, nos plateaux en plastique sont con\u00e7us pour contenir en toute s\u00e9curit\u00e9 sauces et rouleaux. Vous pouvez facilement emballer plusieurs nigiri ou sashimi avec des sauces \u00e9pic\u00e9es !<\/li>\n<li>Am\u00e9liorez vos pr\u00e9sentations : Choisissez parmi nos designs \u00e0 bords courbes ou plats pour am\u00e9liorer l'apparence de vos repas emball\u00e9s. Parfaits pour distribuer des snacks et des repas lors de f\u00eates, pique-niques, et plus encore !<\/li>\n<li>Restez approvisionn\u00e9 : Nos contenants sont vendus en grande quantit\u00e9, vous n'aurez pas \u00e0 vous soucier de manquer lors de grandes c\u00e9l\u00e9brations. Aucun invit\u00e9 ne restera sans snack !<\/li>\n<\/ul>\n<p>&nbsp;<\/p>\n<h3>Caract\u00e9ristiques du plateau de sushi<\/h3>\n<ul>\n<li>Num\u00e9ro de mod\u00e8le : 00, 0.1, 0.6, 01, 03, 05, 07, 09, 11<br \/>\nB01, B03, B05, B07, B09, 20B, 30B, 40B<\/li>\n<\/ul>\n<p><a href=\"https:\/\/www.manluenpack.com\/fr\/products\/\">(Fournissez plusieurs mod\u00e8les de produits pour r\u00e9pondre \u00e0 vos besoins.)<\/a><\/p>\n<ul>\n<li>Taille : 142*82*45mm, 111*101*45mm, 167*92*45mm, 226*96*45mm, 168*118*45mm, 188*132*45mm, 219*139*45mm, 241*148*45mm, 260*188*45mm<br \/>\nB : 240*112*55mm, 180*150*55mm, 206*147*55mm, 238*149*55mm, 266*147*55mm, 195*118*60mm, 243*118*60mm, 190*190*60mm<\/li>\n<li>Mat\u00e9riau : Couvercle : PET Base PP \/ Couvercle : OPS Base : PS<\/li>\n<\/ul>\n<p>&nbsp;<\/p>\n<h3>Conception empilable<\/h3>\n<ul>\n<li>Adopter un design empilable astucieux maximise l'utilisation de l'espace de stockage et am\u00e9liore l'efficacit\u00e9 du transport et du stockage.<\/li>\n<li>Le design d'empilement stable minimise le risque de basculement, pr\u00e9vient efficacement les dommages, offre une exp\u00e9rience utilisateur \u00e9cologique et pratique, et facilite la manipulation des aliments de mani\u00e8re plus ordonn\u00e9e.<\/li>\n<\/ul>\n<p>&nbsp;<\/p>\n<h3>Emballage et livraison<\/h3>\n<ul>\n<li>Conditionnement standard : selon les diff\u00e9rentes tailles de produits<\/li>\n<li>Livraison mondiale efficace : Supporte la personnalisation du LOGO (quantit\u00e9 minimum de commande 5000 pi\u00e8ces)<\/li>\n<\/ul>\n<p>&nbsp;<\/p>\n<h3>Q&amp;R<\/h3>\n<ul>\n<li>Q1 : Quoi <a href=\"https:\/\/en.wikipedia.org\/wiki\/Plastic_container\" target=\"_blank\" rel=\"noopener\">de ce plateau \u00e0 sushi en plastique est-il fait ? Est-il s\u00fbr\uff1f<\/a><\/li>\n<\/ul>\n<p>\u2192 R1 : Fabriqu\u00e9 en PP de qualit\u00e9 alimentaire, certifi\u00e9 par la FDA et SGS, non toxique et sans go\u00fbt, r\u00e9sistant \u00e0 des temp\u00e9ratures de -20\u2103 \u00e0 120\u2103, et s\u00fbr pour le contact avec la graisse et les aliments acides.<\/p>\n<ul>\n<li>Q2 : Peut-il \u00eatre utilis\u00e9 au micro-ondes ou au r\u00e9frig\u00e9rateur ?<\/li>\n<\/ul>\n<p>\u2192 Chauffage au micro-ondes : Il est recommand\u00e9 d'utiliser une chaleur moyenne \u00e0 faible pendant 1-2 minutes pour \u00e9viter la surchauffe et la d\u00e9formation.<\/p>\n<p>R\u00e9frig\u00e9ration, Cong\u00e9lation : Sceller pour \u00e9viter la contamination crois\u00e9e des saveurs et pr\u00e9venir la fragilit\u00e9.<\/p>","protected":false},"excerpt":{"rendered":"<p>Usage Scenarios of WL-01 Manluen Sushi Tray Supermarket Takeaway sushi shop, dessert shop, High-end catering banquet Home Picnic sushi, family gathering, Fruit Tray Pack Advantages The sushi tray has anti-slip&hellip;<\/p>","protected":false},"featured_media":3109,"template":"","meta":{"_uag_custom_page_level_css":""},"product_brand":[],"product_cat":[23],"product_tag":[246,248,102,247],"class_list":{"0":"post-2879","1":"product","2":"type-product","3":"status-publish","4":"has-post-thumbnail","6":"product_cat-sushi-trays","7":"product_tag-fish","8":"product_tag-fruit","9":"product_tag-sushi","10":"product_tag-tray","12":"first","13":"instock","14":"featured","15":"shipping-taxable","16":"purchasable","17":"product-type-simple"},"spectra_custom_meta":{"rank_math_internal_links_processed":["1","1"],"_sku":["WL-01"],"_regular_price":["1"],"total_sales":["0"],"_tax_status":["taxable"],"_tax_class":[""],"_manage_stock":["no"],"_backorders":["no"],"_sold_individually":["no"],"_virtual":["no"],"_downloadable":["no"],"_product_image_gallery":["3108,3107,3106,3105,3104"],"_download_limit":["0"],"_download_expiry":["0"],"_thumbnail_id":["3109"],"_stock":[null],"_stock_status":["instock"],"_wc_average_rating":["0"],"_wc_review_count":["0"],"_product_attributes":["a:4:{s:15:\"item-dimensions\";a:6:{s:4:\"name\";s:15:\"Item Dimensions\";s:5:\"value\";s:13:\"250*622*200mm\";s:8:\"position\";i:0;s:10:\"is_visible\";i:1;s:12:\"is_variation\";i:0;s:11:\"is_taxonomy\";i:0;}s:7:\"qty-ctn\";a:6:{s:4:\"name\";s:7:\"QTY\/CTN\";s:5:\"value\";s:3:\"200\";s:8:\"position\";i:1;s:10:\"is_visible\";i:1;s:12:\"is_variation\";i:0;s:11:\"is_taxonomy\";i:0;}s:14:\"ctn-dimensions\";a:6:{s:4:\"name\";s:14:\"CTN Dimensions\";s:5:\"value\";s:8:\"51*21*22\";s:8:\"position\";i:2;s:10:\"is_visible\";i:1;s:12:\"is_variation\";i:0;s:11:\"is_taxonomy\";i:0;}s:6:\"weight\";a:6:{s:4:\"name\";s:6:\"Weight\";s:5:\"value\";s:3:\"8kg\";s:8:\"position\";i:3;s:10:\"is_visible\";i:1;s:12:\"is_variation\";i:0;s:11:\"is_taxonomy\";i:0;}}"],"_product_version":["9.4.2"],"_price":["1"],"_wp_old_date":[""],"rank_math_analytic_object_id":["24"],"classic-editor-remember":["classic-editor"],"rank_math_seo_score":["81"],"_jet_woo_template":[""],"_template_type":["default"],"rank_math_primary_product_cat":["23"],"_ywraq_hide_quote_button_check":[""],"_ywraq_hide_quote_button":["0"],"rank_math_contentai_score":["a:5:{s:8:\"keywords\";s:5:\"74.51\";s:9:\"wordCount\";s:1:\"0\";s:9:\"linkCount\";s:1:\"0\";s:12:\"headingCount\";s:1:\"0\";s:10:\"mediaCount\";s:1:\"0\";}"],"rank_math_focus_keyword":["Sushi Tray"],"_edit_lock":["1754365008:1"],"_edit_last":["1"],"_uag_css_file_name":["uag-css-2879.css"],"_uag_page_assets":["a:9:{s:3:\"css\";s:0:\"\";s:2:\"js\";s:0:\"\";s:18:\"current_block_list\";a:6:{i:0;s:10:\"core\/group\";i:1;s:12:\"core\/heading\";i:2;s:17:\"core\/latest-posts\";i:3;s:20:\"core\/latest-comments\";i:4;s:13:\"core\/archives\";i:5;s:15:\"core\/categories\";}s:8:\"uag_flag\";b:0;s:11:\"uag_version\";i:1777284091;s:6:\"gfonts\";a:0:{}s:10:\"gfonts_url\";s:0:\"\";s:12:\"gfonts_files\";a:0:{}s:14:\"uag_faq_layout\";b:0;}"]},"uagb_featured_image_src":{"full":["https:\/\/www.manluenpack.com\/wp-content\/uploads\/2025\/06\/WL-01-Manluen-Sushi-Tray-1.webp",1000,1000,false],"thumbnail":["https:\/\/www.manluenpack.com\/wp-content\/uploads\/2025\/06\/WL-01-Manluen-Sushi-Tray-1.webp",150,150,false],"medium":["https:\/\/www.manluenpack.com\/wp-content\/uploads\/2025\/06\/WL-01-Manluen-Sushi-Tray-1.webp",300,300,false],"medium_large":["https:\/\/www.manluenpack.com\/wp-content\/uploads\/2025\/06\/WL-01-Manluen-Sushi-Tray-1.webp",768,768,false],"large":["https:\/\/www.manluenpack.com\/wp-content\/uploads\/2025\/06\/WL-01-Manluen-Sushi-Tray-1.webp",1000,1000,false],"1536x1536":["https:\/\/www.manluenpack.com\/wp-content\/uploads\/2025\/06\/WL-01-Manluen-Sushi-Tray-1.webp",1000,1000,false],"2048x2048":["https:\/\/www.manluenpack.com\/wp-content\/uploads\/2025\/06\/WL-01-Manluen-Sushi-Tray-1.webp",1000,1000,false],"trp-custom-language-flag":["https:\/\/www.manluenpack.com\/wp-content\/uploads\/2025\/06\/WL-01-Manluen-Sushi-Tray-1.webp",12,12,false],"menu-24x24":["https:\/\/www.manluenpack.com\/wp-content\/uploads\/2025\/06\/WL-01-Manluen-Sushi-Tray-1.webp",24,24,false],"menu-36x36":["https:\/\/www.manluenpack.com\/wp-content\/uploads\/2025\/06\/WL-01-Manluen-Sushi-Tray-1.webp",36,36,false],"menu-48x48":["https:\/\/www.manluenpack.com\/wp-content\/uploads\/2025\/06\/WL-01-Manluen-Sushi-Tray-1.webp",48,48,false],"woocommerce_thumbnail":["https:\/\/www.manluenpack.com\/wp-content\/uploads\/2025\/06\/WL-01-Manluen-Sushi-Tray-1.webp",300,300,false],"woocommerce_single":["https:\/\/www.manluenpack.com\/wp-content\/uploads\/2025\/06\/WL-01-Manluen-Sushi-Tray-1.webp",600,600,false],"woocommerce_gallery_thumbnail":["https:\/\/www.manluenpack.com\/wp-content\/uploads\/2025\/06\/WL-01-Manluen-Sushi-Tray-1.webp",100,100,false]},"uagb_author_info":{"display_name":"ManLuenpack","author_link":"https:\/\/www.manluenpack.com\/fr\/author\/"},"uagb_comment_info":0,"uagb_excerpt":"Usage Scenarios of WL-01 Manluen Sushi Tray Supermarket Takeaway sushi shop, dessert shop, High-end catering banquet Home Picnic sushi, family gathering, Fruit Tray Pack Advantages The sushi tray has anti-slip&hellip;","_links":{"self":[{"href":"https:\/\/www.manluenpack.com\/fr\/wp-json\/wp\/v2\/product\/2879","targetHints":{"allow":["GET"]}}],"collection":[{"href":"https:\/\/www.manluenpack.com\/fr\/wp-json\/wp\/v2\/product"}],"about":[{"href":"https:\/\/www.manluenpack.com\/fr\/wp-json\/wp\/v2\/types\/product"}],"wp:featuredmedia":[{"embeddable":true,"href":"https:\/\/www.manluenpack.com\/fr\/wp-json\/wp\/v2\/media\/3109"}],"wp:attachment":[{"href":"https:\/\/www.manluenpack.com\/fr\/wp-json\/wp\/v2\/media?parent=2879"}],"wp:term":[{"taxonomy":"product_brand","embeddable":true,"href":"https:\/\/www.manluenpack.com\/fr\/wp-json\/wp\/v2\/product_brand?post=2879"},{"taxonomy":"product_cat","embeddable":true,"href":"https:\/\/www.manluenpack.com\/fr\/wp-json\/wp\/v2\/product_cat?post=2879"},{"taxonomy":"product_tag","embeddable":true,"href":"https:\/\/www.manluenpack.com\/fr\/wp-json\/wp\/v2\/product_tag?post=2879"}],"curies":[{"name":"wp","href":"https:\/\/api.w.org\/{rel}","templated":true}]}}