{"id":2877,"date":"2025-06-27T16:54:08","date_gmt":"2025-06-27T08:54:08","guid":{"rendered":"https:\/\/www.manluenpack.com\/?post_type=product&#038;p=2877"},"modified":"2025-07-08T00:51:35","modified_gmt":"2025-07-07T16:51:35","slug":"ks-65-manluen-party-tray","status":"publish","type":"product","link":"https:\/\/www.manluenpack.com\/fr\/products\/ks-65-manluen-party-tray\/","title":{"rendered":"Plateau de f\u00eate Manluen KS-65"},"content":{"rendered":"<p>Le KS-65 Manluen Party Tray est un plateau de grande capacit\u00e9 \u00e0 six compartiments, de forme rectangulaire (382*385*85 mm), qui respire le luxe gr\u00e2ce \u00e0 sa finition dor\u00e9e et \u00e0 sa fabrication raffin\u00e9e. La disposition des six compartiments permet d'organiser les sections pour r\u00e9pondre aux diff\u00e9rents besoins de service. Fabriqu\u00e9 \u00e0 partir de mat\u00e9riaux OPS+PP de qualit\u00e9 alimentaire, il allie une grande transparence et une r\u00e9sistance aux chocs \u00e0 des propri\u00e9t\u00e9s d'\u00e9tanch\u00e9it\u00e9 et de r\u00e9sistance \u00e0 la chaleur. La combinaison parfaite d'une grande capacit\u00e9 et d'une apparence \u00e9l\u00e9gante en fait un choix id\u00e9al pour les f\u00eates et les banquets, offrant \u00e0 la fois fonctionnalit\u00e9 et beaut\u00e9.<\/p>\n<ul>\n<li>Type d'emballage<br \/>\nBo\u00eete en carton<\/li>\n<li>Couleur<br \/>\nL'or<\/li>\n<li>Quantit\u00e9 par caisse<br \/>\n120 ensembles<\/li>\n<li>Mat\u00e9riau<br \/>\nCouvercle-OPS, Base-PS<\/li>\n<li>Sp\u00e9cifications de l'emballage<br \/>\n0,129 m\u00e8tre cube<\/li>\n<\/ul>\n<p>&nbsp;<\/p>\n<ul>\n<li style=\"list-style-type: none;\">\n<table style=\"height: 160px;\" width=\"500\"><!-- \u8868\u683c\u7684\u8fb9\u6846\u4e3a1\u4e2a\u50cf\u7d20 --><!-- \u5355\u5143\u683c\u7684\u5185\u8fb9\u8ddd\u4e3a1\u50cf\u7d20 --><!-- \u5355\u5143\u683c\u4e4b\u95f4\u7684\u95f4\u8ddd\u4e3a0\u50cf\u7d20 --><!-- \u8fb9\u6846\u89c4\u5219\u4e3a\u4e24\u4fa7\u8fb9\u6846 --><\/p>\n<tbody>\n<tr>\n<td align=\"center\" bgcolor=\"EFEFEF\"><\/td>\n<td align=\"center\" bgcolor=\"EFEFEF\">Taille du produit<\/td>\n<td align=\"center\" bgcolor=\"EFEFEF\">Quantit\u00e9<\/td>\n<td align=\"center\" bgcolor=\"EFEFEF\">Taille du carton<\/td>\n<\/tr>\n<tr>\n<td align=\"center\" bgcolor=\"EFEFEF\"><a href=\"https:\/\/www.manluenpack.com\/fr\/Products\/ks-65-manluen-party-tray\/\">KS-65<\/a><\/td>\n<td align=\"center\">382*382*85mm<\/td>\n<td align=\"center\">120<\/td>\n<td align=\"center\">775*395*400<\/td>\n<\/tr>\n<tr>\n<td align=\"center\" bgcolor=\"EFEFEF\">KS-67<\/td>\n<td align=\"center\">455*455*85mm<\/td>\n<td align=\"center\">80<\/td>\n<td align=\"center\">610*465*475<\/td>\n<\/tr>\n<\/tbody>\n<\/table>\n<\/li>\n<\/ul>\n<h3><strong><b>Emballage et livraison<\/b><\/strong><strong><b>\u00a0<\/b><\/strong><\/h3>\n<p>Notre plateau de f\u00eate KS-65 Manluen Gold est prot\u00e9g\u00e9 par du coton perl\u00e9 absorbant les chocs et par des bo\u00eetes aux couleurs personnalis\u00e9es, ce qui garantit l'absence de dommages pendant le transport. Des options d'emballage flexibles sont disponibles, garantissant une logistique efficace et des \u00e9conomies. Profitez de d\u00e9lais de r\u00e9ponse rapides et d'une livraison ponctuelle, avec une assurance qualit\u00e9 tout au long du processus pour que les pr\u00e9paratifs de votre \u00e9v\u00e9nement se d\u00e9roulent en douceur et sans souci.<\/p>\n<h3><strong><b>Sc\u00e9narios d'utilisation<\/b><\/strong><strong><b>\u00a0\u00a0<\/b><\/strong><\/h3>\n<p>Le plateau de f\u00eate KS-65 Manluen \u00e0 six compartiments en or brille dans les cocktails haut de gamme, les buffets de mariage, les d\u00eeners d'h\u00f4tel et autres occasions \u00e9l\u00e9gantes. Ses six compartiments accueillent sans effort les sashimis, les desserts, les sushis et les hors-d'\u0153uvre. Fabriqu\u00e9 \u00e0 partir de mat\u00e9riaux de qualit\u00e9 alimentaire, il s'harmonise parfaitement avec les \u00e9talages luxueux des boulangeries et des caf\u00e9s, garantissant l'organisation et l'\u00e9blouissement de chaque festin.<\/p>\n<h3><strong><b>Mat\u00e9riau de premi\u00e8re qualit\u00e9 et finition dor\u00e9e \u00e0 la mode <\/b><\/strong><\/h3>\n<p>Le KS-65 Manluen Large Capacity Six-Compartment Gold Party Tray est fabriqu\u00e9 \u00e0 partir d'un mat\u00e9riau PS de qualit\u00e9 alimentaire de premi\u00e8re qualit\u00e9, offrant une sensation de l\u00e9g\u00e8ret\u00e9 et de robustesse. Il r\u00e9siste aux temp\u00e9ratures \u00e9lev\u00e9es et \u00e0 la d\u00e9formation, tandis que sa finition dor\u00e9e \u00e9clatante garantit une brillance durable sans d\u00e9coloration. Ce plateau allie parfaitement l'aspect pratique et l'esth\u00e9tique artistique, ce qui en fait un choix sophistiqu\u00e9 pour les banquets haut de gamme ou les int\u00e9rieurs \u00e9l\u00e9gants.<\/p>\n<h3><strong><b>R\u00e9sistant \u00e0 la temp\u00e9rature, \u00e9tanche et durable <\/b><\/strong><\/h3>\n<p>Le plateau de r\u00e9ception KS-65 Manluen est fabriqu\u00e9 en PS tr\u00e8s r\u00e9sistant, capable de supporter des temp\u00e9ratures allant de -10\u00b0C \u00e0 80\u00b0C, et de rester stable pour les aliments froids et chauds. Ses s\u00e9parateurs \u00e9tanches moul\u00e9s en une seule pi\u00e8ce et ses bords renforc\u00e9s garantissent sa durabilit\u00e9 et sa r\u00e9sistance \u00e0 la d\u00e9formation. Qu'il s'agisse de servir des fruits de mer r\u00e9frig\u00e9r\u00e9s ou des amuse-gueule chauds, ce plateau offre un support stable, alliant une \u00e9l\u00e9gance dor\u00e9e \u00e9blouissante \u00e0 des performances durables pour r\u00e9pondre sans effort aux exigences d'une utilisation fr\u00e9quente lors de f\u00eates.<\/p>","protected":false},"excerpt":{"rendered":"<p>The KS-65 Manluen Party Tray is a large-capacity, six-compartment gold party tray featuring a 382*385*85 mm rectangular design, exuding luxury with its gold finish and refined craftsmanship. The six-compartment layout&hellip;<\/p>","protected":false},"featured_media":2262,"template":"","meta":{"_uag_custom_page_level_css":""},"product_brand":[],"product_cat":[22],"product_tag":[138,134,137],"class_list":{"0":"post-2877","1":"product","2":"type-product","3":"status-publish","4":"has-post-thumbnail","6":"product_cat-party-trays","7":"product_tag-gold","8":"product_tag-party-tray","9":"product_tag-rectangular","11":"first","12":"instock","13":"featured","14":"shipping-taxable","15":"purchasable","16":"product-type-simple"},"spectra_custom_meta":{"rank_math_internal_links_processed":["1","1","1","1","1","1","1","1","1","1","1","1","1","1","1","1","1","1","1","1","1","1","1","1","1","1","1","1","1","1","1","1","1","1","1","1","1","1","1","1","1","1","1","1","1","1","1","1","1","1","1","1","1","1","1","1","1","1","1","1","1","1","1","1"],"_sku":["KS-65-1"],"_regular_price":["1"],"total_sales":["0"],"_tax_status":["taxable"],"_tax_class":[""],"_manage_stock":["no"],"_backorders":["no"],"_sold_individually":["no"],"_virtual":["no"],"_downloadable":["no"],"_product_image_gallery":["2260,2261,2263,2259"],"_download_limit":["0"],"_download_expiry":["0"],"_thumbnail_id":["2262"],"_stock":[null],"_stock_status":["instock"],"_wc_average_rating":["0"],"_wc_review_count":["0"],"_product_attributes":["a:2:{s:9:\"item-size\";a:6:{s:4:\"name\";s:9:\"Item Size\";s:5:\"value\";s:12:\"382*385*85mm\";s:8:\"position\";i:0;s:10:\"is_visible\";i:1;s:12:\"is_variation\";i:0;s:11:\"is_taxonomy\";i:0;}s:7:\"qty-ctn\";a:6:{s:4:\"name\";s:7:\"QTY\/CTN\";s:5:\"value\";s:3:\"120\";s:8:\"position\";i:1;s:10:\"is_visible\";i:1;s:12:\"is_variation\";i:0;s:11:\"is_taxonomy\";i:0;}}"],"_product_version":["9.4.2"],"_price":["1"],"_wp_old_date":["2024-11-26"],"rank_math_analytic_object_id":["24"],"classic-editor-remember":["classic-editor"],"rank_math_seo_score":["69"],"rank_math_contentai_score":["a:5:{s:8:\"keywords\";s:5:\"74.51\";s:9:\"wordCount\";s:1:\"0\";s:9:\"linkCount\";s:1:\"0\";s:12:\"headingCount\";s:1:\"0\";s:10:\"mediaCount\";s:1:\"0\";}"],"_jet_woo_template":[""],"_template_type":["default"],"rank_math_primary_product_cat":["22"],"_ywraq_hide_quote_button_check":[""],"_ywraq_hide_quote_button":["0"],"_edit_lock":["1759637873:1"],"_edit_last":["1"],"rank_math_focus_keyword":["KS-65 Manluen Party Tray,party tray"],"_uag_css_file_name":["uag-css-2877.css"],"_uag_page_assets":["a:9:{s:3:\"css\";s:263:\".uag-blocks-common-selector{z-index:var(--z-index-desktop) !important}@media (max-width: 976px){.uag-blocks-common-selector{z-index:var(--z-index-tablet) !important}}@media (max-width: 767px){.uag-blocks-common-selector{z-index:var(--z-index-mobile) !important}}\n\";s:2:\"js\";s:0:\"\";s:18:\"current_block_list\";a:6:{i:0;s:10:\"core\/group\";i:1;s:12:\"core\/heading\";i:2;s:17:\"core\/latest-posts\";i:3;s:20:\"core\/latest-comments\";i:4;s:13:\"core\/archives\";i:5;s:15:\"core\/categories\";}s:8:\"uag_flag\";b:0;s:11:\"uag_version\";i:1777139305;s:6:\"gfonts\";a:0:{}s:10:\"gfonts_url\";s:0:\"\";s:12:\"gfonts_files\";a:0:{}s:14:\"uag_faq_layout\";b:0;}"]},"uagb_featured_image_src":{"full":["https:\/\/www.manluenpack.com\/wp-content\/uploads\/2025\/04\/KS-65-manluen-party-tray.webp",1000,1000,false],"thumbnail":["https:\/\/www.manluenpack.com\/wp-content\/uploads\/2025\/04\/KS-65-manluen-party-tray.webp",150,150,false],"medium":["https:\/\/www.manluenpack.com\/wp-content\/uploads\/2025\/04\/KS-65-manluen-party-tray.webp",300,300,false],"medium_large":["https:\/\/www.manluenpack.com\/wp-content\/uploads\/2025\/04\/KS-65-manluen-party-tray.webp",768,768,false],"large":["https:\/\/www.manluenpack.com\/wp-content\/uploads\/2025\/04\/KS-65-manluen-party-tray.webp",1000,1000,false],"1536x1536":["https:\/\/www.manluenpack.com\/wp-content\/uploads\/2025\/04\/KS-65-manluen-party-tray.webp",1000,1000,false],"2048x2048":["https:\/\/www.manluenpack.com\/wp-content\/uploads\/2025\/04\/KS-65-manluen-party-tray.webp",1000,1000,false],"trp-custom-language-flag":["https:\/\/www.manluenpack.com\/wp-content\/uploads\/2025\/04\/KS-65-manluen-party-tray.webp",12,12,false],"menu-24x24":["https:\/\/www.manluenpack.com\/wp-content\/uploads\/2025\/04\/KS-65-manluen-party-tray.webp",24,24,false],"menu-36x36":["https:\/\/www.manluenpack.com\/wp-content\/uploads\/2025\/04\/KS-65-manluen-party-tray.webp",36,36,false],"menu-48x48":["https:\/\/www.manluenpack.com\/wp-content\/uploads\/2025\/04\/KS-65-manluen-party-tray.webp",48,48,false],"woocommerce_thumbnail":["https:\/\/www.manluenpack.com\/wp-content\/uploads\/2025\/04\/KS-65-manluen-party-tray.webp",300,300,false],"woocommerce_single":["https:\/\/www.manluenpack.com\/wp-content\/uploads\/2025\/04\/KS-65-manluen-party-tray.webp",600,600,false],"woocommerce_gallery_thumbnail":["https:\/\/www.manluenpack.com\/wp-content\/uploads\/2025\/04\/KS-65-manluen-party-tray.webp",100,100,false]},"uagb_author_info":{"display_name":"ManLuenpack","author_link":"https:\/\/www.manluenpack.com\/fr\/author\/"},"uagb_comment_info":0,"uagb_excerpt":"The KS-65 Manluen Party Tray is a large-capacity, six-compartment gold party tray featuring a 382*385*85 mm rectangular design, exuding luxury with its gold finish and refined craftsmanship. The six-compartment layout&hellip;","_links":{"self":[{"href":"https:\/\/www.manluenpack.com\/fr\/wp-json\/wp\/v2\/product\/2877","targetHints":{"allow":["GET"]}}],"collection":[{"href":"https:\/\/www.manluenpack.com\/fr\/wp-json\/wp\/v2\/product"}],"about":[{"href":"https:\/\/www.manluenpack.com\/fr\/wp-json\/wp\/v2\/types\/product"}],"wp:featuredmedia":[{"embeddable":true,"href":"https:\/\/www.manluenpack.com\/fr\/wp-json\/wp\/v2\/media\/2262"}],"wp:attachment":[{"href":"https:\/\/www.manluenpack.com\/fr\/wp-json\/wp\/v2\/media?parent=2877"}],"wp:term":[{"taxonomy":"product_brand","embeddable":true,"href":"https:\/\/www.manluenpack.com\/fr\/wp-json\/wp\/v2\/product_brand?post=2877"},{"taxonomy":"product_cat","embeddable":true,"href":"https:\/\/www.manluenpack.com\/fr\/wp-json\/wp\/v2\/product_cat?post=2877"},{"taxonomy":"product_tag","embeddable":true,"href":"https:\/\/www.manluenpack.com\/fr\/wp-json\/wp\/v2\/product_tag?post=2877"}],"curies":[{"name":"wp","href":"https:\/\/api.w.org\/{rel}","templated":true}]}}