{"id":1935,"date":"2025-05-15T21:17:32","date_gmt":"2025-05-15T13:17:32","guid":{"rendered":"https:\/\/www.manluenpack.com\/?post_type=product&#038;p=1935"},"modified":"2025-07-18T11:54:15","modified_gmt":"2025-07-18T03:54:15","slug":"wl-b07-manluen-sushi-tray","status":"publish","type":"product","link":"https:\/\/www.manluenpack.com\/fr\/products\/wl-b07-manluen-sushi-tray\/","title":{"rendered":"WL-B07 Plateau \u00e0 sushi Manluen"},"content":{"rendered":"<p>La bo\u00eete \u00e0 sushis WL-B07 Manluen, avec son design unique de 238*149*55 mm, allie habilement l'esth\u00e9tique traditionnelle et moderne. Son contour lisse en forme de bateau est \u00e9l\u00e9gant et spacieux, avec une capacit\u00e9 mod\u00e9r\u00e9e parfaite pour disposer les sushis, les sashimis et les amuse-gueule de mani\u00e8re superpos\u00e9e et raffin\u00e9e. Fabriqu\u00e9 \u00e0 partir de mat\u00e9riaux naturels, il offre une texture chaleureuse et une durabilit\u00e9 l\u00e9g\u00e8re. Il s'agit d'un choix id\u00e9al pour le service de la cuisine japonaise, ajoutant une beaut\u00e9 naturelle et artistique \u00e0 toute table de salle \u00e0 manger.<\/p>\n<ul>\n<li>Type d'emballage<br \/>\nBo\u00eete en carton<\/li>\n<li>Couleur<br \/>\nNoir<\/li>\n<li>Quantit\u00e9 par caisse<br \/>\n400 jeux<\/li>\n<li>Mat\u00e9riau<br \/>\nCouvercle : OPS, Base : PS<\/li>\n<li>Sp\u00e9cifications de l'emballage<br \/>\n0,099 m\u00e8tre cube<\/li>\n<\/ul>\n<p>&nbsp;<\/p>\n<ul>\n<li style=\"list-style-type: none;\">\n<table style=\"height: 160px;\" width=\"500\"><!-- \u8868\u683c\u7684\u8fb9\u6846\u4e3a1\u4e2a\u50cf\u7d20 --><!-- \u5355\u5143\u683c\u7684\u5185\u8fb9\u8ddd\u4e3a1\u50cf\u7d20 --><!-- \u5355\u5143\u683c\u4e4b\u95f4\u7684\u95f4\u8ddd\u4e3a0\u50cf\u7d20 --><!-- \u8fb9\u6846\u89c4\u5219\u4e3a\u4e24\u4fa7\u8fb9\u6846 --><\/p>\n<tbody>\n<tr>\n<td align=\"center\" bgcolor=\"EFEFEF\"><\/td>\n<td align=\"center\" bgcolor=\"EFEFEF\">Taille du produit<\/td>\n<td align=\"center\" bgcolor=\"EFEFEF\">Quantit\u00e9<\/td>\n<td align=\"center\" bgcolor=\"EFEFEF\">Taille du carton<\/td>\n<\/tr>\n<tr>\n<td align=\"center\" bgcolor=\"EFEFEF\">WL-B01<\/td>\n<td align=\"center\">240*112*55mm<\/td>\n<td align=\"center\">600<\/td>\n<td align=\"center\">685*330*493<\/td>\n<\/tr>\n<tr>\n<td align=\"center\" bgcolor=\"EFEFEF\">WL-B03<\/td>\n<td align=\"center\">180*150*55mm<\/td>\n<td align=\"center\">600<\/td>\n<td align=\"center\">730*330*457<\/td>\n<\/tr>\n<tr>\n<td align=\"center\" bgcolor=\"EFEFEF\">WL-B05<\/td>\n<td align=\"center\">206*147*55mm<\/td>\n<td align=\"center\">400<\/td>\n<td align=\"center\">612*330*427<\/td>\n<\/tr>\n<tr>\n<td align=\"center\" bgcolor=\"EFEFEF\">WL-B07<\/td>\n<td align=\"center\">238*149*55mm<\/td>\n<td align=\"center\">400<\/td>\n<td align=\"center\">612*330*491<\/td>\n<\/tr>\n<tr>\n<td align=\"center\" bgcolor=\"EFEFEF\">WL-B09<\/td>\n<td align=\"center\">266*147*55mm<\/td>\n<td align=\"center\">300<\/td>\n<td align=\"center\">550*330*454<\/td>\n<\/tr>\n<\/tbody>\n<\/table>\n<\/li>\n<li><a href=\"https:\/\/www.manluenpack.com\/fr\/products\/\">PLUS DE STYLE, PLUS DE STYLES...<\/a><\/li>\n<\/ul>\n<h3><strong><b>Emballage et livraison<\/b><\/strong><\/h3>\n<p>La bo\u00eete \u00e0 sushi WL-B07 Manluen Golden Red est emball\u00e9e dans un emballage simple mais solide, respectueux de l'environnement, qui garantit que le produit arrivera intact et non endommag\u00e9 pendant le transport. La bo\u00eete ext\u00e9rieure est minimaliste et \u00e9l\u00e9gante, refl\u00e9tant sa qualit\u00e9 sup\u00e9rieure. Notre service de livraison est efficace et fiable, promettant de vous livrer cette pi\u00e8ce classique le plus rapidement possible, faisant de chaque d\u00e9ballage un moment d'anticipation et de confiance.<\/p>\n<h3><strong><b>Sc\u00e9narios d'utilisation<\/b><\/strong><strong><b>\u00a0\u00a0<\/b><\/strong><\/h3>\n<p>Qu'il s'agisse d'une pr\u00e9sentation exquise dans un restaurant japonais haut de gamme ou d'un moment chaleureux lors d'une r\u00e9union de famille, la bo\u00eete \u00e0 sushis WL-B07 Manluen avec couvercle s'int\u00e8gre parfaitement dans n'importe quel environnement. Son design \u00e9l\u00e9gant et sa taille pratique mettent en valeur la beaut\u00e9 des sushis, des sashimis ou des snacks, ce qui la rend adapt\u00e9e aux repas de tous les jours, aux f\u00eates de fin d'ann\u00e9e ou aux c\u00e9l\u00e9brations commerciales. \u00c0 chaque utilisation, il ajoute une touche artistique naturelle et raffin\u00e9e \u00e0 la table \u00e0 manger.<\/p>\n<h3><strong><b>Conception empilable <\/b><\/strong><\/h3>\n<p>La bo\u00eete \u00e0 sushi jetable WL-B07 Manluen est fabriqu\u00e9e \u00e0 partir de mat\u00e9riaux de haute qualit\u00e9 et pr\u00e9sente un design empilable astucieux qui permet non seulement de gagner de l'espace et de faciliter le stockage, mais aussi d'assurer la stabilit\u00e9 et la s\u00e9curit\u00e9 lorsque les bo\u00eetes sont empil\u00e9es. Cet avantage conceptuel permet de garder la bo\u00eete bien rang\u00e9e dans les cuisines organis\u00e9es ou les zones d'exposition compactes, tout en am\u00e9liorant l'efficacit\u00e9 et l'esth\u00e9tique de l'espace.<\/p>\n<h3><strong><b>\u00c9tanche et durable <\/b><\/strong><\/h3>\n<p>Le plateau \u00e0 sushi en forme de bateau avec couvercle WL-B07 Manluen est con\u00e7u avec un couvercle et une base bien ajust\u00e9s pour garantir l'\u00e9tanch\u00e9it\u00e9, ce qui le rend adapt\u00e9 au service d'aliments sal\u00e9s. Son mat\u00e9riau robuste prot\u00e8ge le contenu contre les dommages pendant le transport, garantissant ainsi que les aliments restent intacts et en s\u00e9curit\u00e9.<\/p>","protected":false},"excerpt":{"rendered":"<p>The WL-B07 Manluen Sushi Tray, with its unique 238*149*55 mm size design, skillfully blends traditional and modern aesthetics. Its smooth, boat-shaped contour is elegant and spacious, with a moderate capacity&hellip;<\/p>","protected":false},"featured_media":3619,"template":"","meta":{"_uag_custom_page_level_css":""},"product_brand":[],"product_cat":[23],"product_tag":[212],"class_list":{"0":"post-1935","1":"product","2":"type-product","3":"status-publish","4":"has-post-thumbnail","6":"product_cat-sushi-trays","7":"product_tag-sushi-tray","9":"first","10":"instock","11":"shipping-taxable","12":"purchasable","13":"product-type-simple"},"spectra_custom_meta":{"rank_math_internal_links_processed":["1","1","1","1","1","1","1","1","1","1","1","1","1","1","1","1","1","1","1","1","1","1","1","1","1","1","1","1","1","1","1","1","1","1","1","1","1","1","1","1","1","1","1","1","1","1","1","1","1","1","1","1","1","1","1","1","1","1","1","1","1","1","1","1","1","1","1","1","1","1","1","1","1","1","1","1","1","1","1","1","1","1","1","1","1","1","1","1","1","1","1","1","1","1","1","1","1"],"_sku":["WL-B07"],"_regular_price":["1"],"total_sales":["0"],"_tax_status":["taxable"],"_tax_class":[""],"_manage_stock":["no"],"_backorders":["no"],"_sold_individually":["no"],"_virtual":["no"],"_downloadable":["no"],"_product_image_gallery":["3620,3618,3617,2593,2241"],"_download_limit":["0"],"_download_expiry":["0"],"_thumbnail_id":["3619"],"_stock":[null],"_stock_status":["instock"],"_wc_average_rating":["0"],"_wc_review_count":["0"],"_product_attributes":["a:2:{s:9:\"item-size\";a:6:{s:4:\"name\";s:9:\"Item Size\";s:5:\"value\";s:7:\"?*?*?mm\";s:8:\"position\";i:0;s:10:\"is_visible\";i:1;s:12:\"is_variation\";i:0;s:11:\"is_taxonomy\";i:0;}s:7:\"qty-ctn\";a:6:{s:4:\"name\";s:7:\"QTY\/CTN\";s:5:\"value\";s:1:\"?\";s:8:\"position\";i:1;s:10:\"is_visible\";i:1;s:12:\"is_variation\";i:0;s:11:\"is_taxonomy\";i:0;}}"],"_product_version":["9.4.2"],"_price":["1"],"_wp_old_date":["2024-11-26"],"rank_math_analytic_object_id":["24"],"classic-editor-remember":["classic-editor"],"rank_math_seo_score":["75"],"rank_math_contentai_score":["a:5:{s:8:\"keywords\";s:5:\"74.51\";s:9:\"wordCount\";s:1:\"0\";s:9:\"linkCount\";s:1:\"0\";s:12:\"headingCount\";s:1:\"0\";s:10:\"mediaCount\";s:1:\"0\";}"],"_jet_woo_template":[""],"_template_type":["default"],"rank_math_primary_product_cat":["23"],"_ywraq_hide_quote_button_check":[""],"_ywraq_hide_quote_button":["0"],"_edit_lock":["1754365034:1"],"_edit_last":["1"],"rank_math_focus_keyword":["Sushi Tray"],"_wp_old_slug":["7-inch-elegant-transparent-plastic-plate-wl-b07"],"_uag_css_file_name":["uag-css-1935.css"],"_uag_page_assets":["a:9:{s:3:\"css\";s:0:\"\";s:2:\"js\";s:0:\"\";s:18:\"current_block_list\";a:6:{i:0;s:10:\"core\/group\";i:1;s:12:\"core\/heading\";i:2;s:17:\"core\/latest-posts\";i:3;s:20:\"core\/latest-comments\";i:4;s:13:\"core\/archives\";i:5;s:15:\"core\/categories\";}s:8:\"uag_flag\";b:0;s:11:\"uag_version\";i:1777284937;s:6:\"gfonts\";a:0:{}s:10:\"gfonts_url\";s:0:\"\";s:12:\"gfonts_files\";a:0:{}s:14:\"uag_faq_layout\";b:0;}"]},"uagb_featured_image_src":{"full":["https:\/\/www.manluenpack.com\/wp-content\/uploads\/2025\/07\/WL-B07-manluen-sushi-tray.webp",1000,1000,false],"thumbnail":["https:\/\/www.manluenpack.com\/wp-content\/uploads\/2025\/07\/WL-B07-manluen-sushi-tray.webp",150,150,false],"medium":["https:\/\/www.manluenpack.com\/wp-content\/uploads\/2025\/07\/WL-B07-manluen-sushi-tray.webp",300,300,false],"medium_large":["https:\/\/www.manluenpack.com\/wp-content\/uploads\/2025\/07\/WL-B07-manluen-sushi-tray.webp",768,768,false],"large":["https:\/\/www.manluenpack.com\/wp-content\/uploads\/2025\/07\/WL-B07-manluen-sushi-tray.webp",1000,1000,false],"1536x1536":["https:\/\/www.manluenpack.com\/wp-content\/uploads\/2025\/07\/WL-B07-manluen-sushi-tray.webp",1000,1000,false],"2048x2048":["https:\/\/www.manluenpack.com\/wp-content\/uploads\/2025\/07\/WL-B07-manluen-sushi-tray.webp",1000,1000,false],"trp-custom-language-flag":["https:\/\/www.manluenpack.com\/wp-content\/uploads\/2025\/07\/WL-B07-manluen-sushi-tray.webp",12,12,false],"menu-24x24":["https:\/\/www.manluenpack.com\/wp-content\/uploads\/2025\/07\/WL-B07-manluen-sushi-tray.webp",24,24,false],"menu-36x36":["https:\/\/www.manluenpack.com\/wp-content\/uploads\/2025\/07\/WL-B07-manluen-sushi-tray.webp",36,36,false],"menu-48x48":["https:\/\/www.manluenpack.com\/wp-content\/uploads\/2025\/07\/WL-B07-manluen-sushi-tray.webp",48,48,false],"woocommerce_thumbnail":["https:\/\/www.manluenpack.com\/wp-content\/uploads\/2025\/07\/WL-B07-manluen-sushi-tray.webp",300,300,false],"woocommerce_single":["https:\/\/www.manluenpack.com\/wp-content\/uploads\/2025\/07\/WL-B07-manluen-sushi-tray.webp",600,600,false],"woocommerce_gallery_thumbnail":["https:\/\/www.manluenpack.com\/wp-content\/uploads\/2025\/07\/WL-B07-manluen-sushi-tray.webp",100,100,false]},"uagb_author_info":{"display_name":"ManLuenpack","author_link":"https:\/\/www.manluenpack.com\/fr\/author\/"},"uagb_comment_info":0,"uagb_excerpt":"The WL-B07 Manluen Sushi Tray, with its unique 238*149*55 mm size design, skillfully blends traditional and modern aesthetics. Its smooth, boat-shaped contour is elegant and spacious, with a moderate capacity&hellip;","_links":{"self":[{"href":"https:\/\/www.manluenpack.com\/fr\/wp-json\/wp\/v2\/product\/1935","targetHints":{"allow":["GET"]}}],"collection":[{"href":"https:\/\/www.manluenpack.com\/fr\/wp-json\/wp\/v2\/product"}],"about":[{"href":"https:\/\/www.manluenpack.com\/fr\/wp-json\/wp\/v2\/types\/product"}],"wp:featuredmedia":[{"embeddable":true,"href":"https:\/\/www.manluenpack.com\/fr\/wp-json\/wp\/v2\/media\/3619"}],"wp:attachment":[{"href":"https:\/\/www.manluenpack.com\/fr\/wp-json\/wp\/v2\/media?parent=1935"}],"wp:term":[{"taxonomy":"product_brand","embeddable":true,"href":"https:\/\/www.manluenpack.com\/fr\/wp-json\/wp\/v2\/product_brand?post=1935"},{"taxonomy":"product_cat","embeddable":true,"href":"https:\/\/www.manluenpack.com\/fr\/wp-json\/wp\/v2\/product_cat?post=1935"},{"taxonomy":"product_tag","embeddable":true,"href":"https:\/\/www.manluenpack.com\/fr\/wp-json\/wp\/v2\/product_tag?post=1935"}],"curies":[{"name":"wp","href":"https:\/\/api.w.org\/{rel}","templated":true}]}}