{"id":1933,"date":"2025-05-15T21:11:34","date_gmt":"2025-05-15T13:11:34","guid":{"rendered":"https:\/\/www.manluenpack.com\/?post_type=product&#038;p=1933"},"modified":"2025-07-19T11:30:52","modified_gmt":"2025-07-19T03:30:52","slug":"wl-b05-manluen-sushi-box","status":"publish","type":"product","link":"https:\/\/www.manluenpack.com\/fr\/products\/wl-b05-manluen-sushi-box\/","title":{"rendered":"WL-B05 Bo\u00eete \u00e0 sushi Manluen"},"content":{"rendered":"<p>Notre soci\u00e9t\u00e9 est fi\u00e8re de pr\u00e9senter la grande bo\u00eete \u00e0 sushi jetable \u00e0 5 compartiments avec couvercle, mod\u00e8le WL-B05, sp\u00e9cialement con\u00e7ue pour la restauration moderne, les f\u00eates, les pique-niques en plein air et les services de restauration rapide. Ce plateau est devenu un choix populaire sur le march\u00e9 en raison de son excellente praticit\u00e9, de ses mat\u00e9riaux respectueux de l'environnement et de son design \u00e9l\u00e9gant. Non seulement il r\u00e9pond \u00e0 la demande de placement organis\u00e9 des aliments, mais son couvercle herm\u00e9tique inclus pr\u00e9serve efficacement la fra\u00eecheur et la temp\u00e9rature, am\u00e9liorant \u00e0 la fois l'exp\u00e9rience gastronomique et la s\u00e9curit\u00e9 alimentaire.<\/p>\n<ul>\n<li>Type d'emballage<br \/>\nBo\u00eete en carton<\/li>\n<li>Couleur<br \/>\nRouge dor\u00e9<\/li>\n<li>Quantit\u00e9 par carton<br \/>\n400 jeux<\/li>\n<li>Mat\u00e9riau<br \/>\nCouvercle : OPS\/PET Base : PS\/PP<\/li>\n<li>Capacit\u00e9 d'une seule unit\u00e9<br \/>\n0,086 m\u00e8tre cube<\/li>\n<\/ul>\n<h3><strong><b>Emballage et livraison<\/b><\/strong><\/h3>\n<p>La grande bo\u00eete \u00e0 sushis jetable \u00e0 5 compartiments avec couvercle WL-B05 pr\u00e9sente une conception \u00e9cologique int\u00e9gr\u00e9e avec des compartiments bien divis\u00e9s, une fermeture \u00e9tanche et une commodit\u00e9 pratique. Durable et robuste, le plateau s'adapte parfaitement au couvercle, ce qui le rend id\u00e9al pour divers sc\u00e9narios de repas. Chaque ensemble est soigneusement emball\u00e9 dans une bo\u00eete de style cadeau et envelopp\u00e9 dans un film plastique pour garantir un transport s\u00fbr et une livraison fra\u00eeche. Parfait pour les f\u00eates, les repas \u00e0 emporter et les activit\u00e9s de plein air.<\/p>\n<h3><strong><b>Sc\u00e9narios d'utilisation<\/b><\/strong><\/h3>\n<p>Notre grande bo\u00eete \u00e0 sushis jetable \u00e0 5 compartiments avec couvercle offre une solution id\u00e9ale pour les repas portionn\u00e9s. Avec son design compartiment\u00e9 et son couvercle assorti, elle am\u00e9liore l'exp\u00e9rience globale du repas en permettant d'organiser et de stocker facilement les aliments tout en gardant les tables propres et ordonn\u00e9es. Convient \u00e0 diverses occasions telles que les pique-niques, les barbecues, les r\u00e9unions de famille, les f\u00eates d'anniversaire, les mariages, les \u00e9v\u00e9nements d'entreprise, les buffets et les services de vente \u00e0 emporter. \u00c9l\u00e9gant, fonctionnel et respectueux de l'environnement, ce plateau am\u00e9liore consid\u00e9rablement la commodit\u00e9 et l'esth\u00e9tique des repas.<\/p>\n<h3><strong><b>Mat\u00e9riaux et s\u00e9curit\u00e9<\/b><\/strong><\/h3>\n<p>La bo\u00eete \u00e0 sushis et le couvercle sont fabriqu\u00e9s \u00e0 partir de mat\u00e9riaux de haute qualit\u00e9, exempts de substances nocives telles que le BPA, ce qui garantit la s\u00e9curit\u00e9 alimentaire. Fabriqu\u00e9s \u00e0 partir de mat\u00e9riaux biod\u00e9gradables, ils peuvent \u00eatre jet\u00e9s en toute s\u00e9curit\u00e9 apr\u00e8s utilisation, ce qui permet de respecter les normes environnementales et de r\u00e9duire l'impact sur l'environnement. Gr\u00e2ce \u00e0 sa conception respectueuse de l'environnement et ax\u00e9e sur la s\u00e9curit\u00e9, ce produit garantit la satisfaction de l'utilisateur et la protection de la sant\u00e9. Que ce soit pour un usage domestique ou commercial, ce plateau est l'option id\u00e9ale.<\/p>\n<h3><strong><b>Conception transparente et \u00e9tanche \u00a0<\/b><\/strong><\/h3>\n<p>Le couvercle transparent permet de voir facilement le contenu, tandis que son \u00e9tanch\u00e9it\u00e9 emp\u00eache les fuites et la contamination, pr\u00e9servant ainsi la fra\u00eecheur et l'hygi\u00e8ne. Robuste et fiable, le couvercle permet de transporter les aliments sans effort, ce qui est parfait pour les \u00e9v\u00e9nements en plein air et les services de livraison de repas.<\/p>\n<h3><strong><b>Durable, empilable et r\u00e9sistant \u00e0 la temp\u00e9rature \u00a0<\/b><\/strong><\/h3>\n<p>Cette grande bo\u00eete \u00e0 sushis jetable \u00e0 5 compartiments r\u00e9siste aux temp\u00e9ratures \u00e9lev\u00e9es, ce qui lui permet d'\u00eatre utilis\u00e9e pour des repas chauds sans d\u00e9formation ni \u00e9missions nocives. Elle est \u00e9galement adapt\u00e9e \u00e0 la r\u00e9frig\u00e9ration et \u00e0 la cong\u00e9lation et conserve son int\u00e9grit\u00e9 structurelle sans se fissurer ni se d\u00e9former. Il n'est pas n\u00e9cessaire de la laver apr\u00e8s usage, ce qui permet d'\u00e9conomiser du temps et des efforts, notamment en cas d'utilisation \u00e0 grande \u00e9chelle. Le plateau et le couvercle sont empilables, ce qui permet d'\u00e9conomiser de l'espace de stockage et de faciliter le transport et la distribution.<\/p>","protected":false},"excerpt":{"rendered":"<p>Our company proudly presents the Large 5-Compartment Disposable Sushi Box with Lid, model WL-B05, specially designed for modern catering, parties, outdoor picnics, and fast-food services. This tray has become a&hellip;<\/p>","protected":false},"featured_media":3609,"template":"","meta":{"_uag_custom_page_level_css":""},"product_brand":[],"product_cat":[23],"product_tag":[142],"class_list":{"0":"post-1933","1":"product","2":"type-product","3":"status-publish","4":"has-post-thumbnail","6":"product_cat-sushi-trays","7":"product_tag-plate","9":"first","10":"instock","11":"shipping-taxable","12":"purchasable","13":"product-type-simple"},"spectra_custom_meta":{"rank_math_internal_links_processed":["1","1","1","1","1","1","1","1","1","1","1","1","1","1","1","1","1","1","1","1","1","1","1","1","1","1","1","1","1","1","1","1","1","1","1","1","1","1","1","1","1","1","1","1","1","1","1","1","1","1","1","1","1","1","1","1","1","1","1","1","1","1","1","1","1","1","1","1","1","1","1","1","1","1","1","1","1","1","1","1","1","1","1","1","1","1","1","1","1","1","1","1","1","1","1"],"_sku":["WL-B05-MAPLE"],"_regular_price":["1"],"total_sales":["0"],"_tax_status":["taxable"],"_tax_class":[""],"_manage_stock":["no"],"_backorders":["no"],"_sold_individually":["no"],"_virtual":["no"],"_downloadable":["no"],"_product_image_gallery":["3610,3608,3110,2311"],"_download_limit":["0"],"_download_expiry":["0"],"_stock":[null],"_stock_status":["instock"],"_wc_average_rating":["0"],"_wc_review_count":["0"],"_product_attributes":["a:2:{s:9:\"item-size\";a:6:{s:4:\"name\";s:9:\"Item Size\";s:5:\"value\";s:7:\"?*?*?mm\";s:8:\"position\";i:0;s:10:\"is_visible\";i:1;s:12:\"is_variation\";i:0;s:11:\"is_taxonomy\";i:0;}s:7:\"qty-ctn\";a:6:{s:4:\"name\";s:7:\"QTY\/CTN\";s:5:\"value\";s:1:\"?\";s:8:\"position\";i:1;s:10:\"is_visible\";i:1;s:12:\"is_variation\";i:0;s:11:\"is_taxonomy\";i:0;}}"],"_product_version":["9.4.2"],"_price":["1"],"_wp_old_date":["2024-11-26"],"rank_math_analytic_object_id":["24"],"classic-editor-remember":["classic-editor"],"rank_math_seo_score":["70"],"rank_math_contentai_score":["a:5:{s:8:\"keywords\";s:5:\"74.51\";s:9:\"wordCount\";s:1:\"0\";s:9:\"linkCount\";s:1:\"0\";s:12:\"headingCount\";s:1:\"0\";s:10:\"mediaCount\";s:1:\"0\";}"],"_jet_woo_template":[""],"_template_type":["default"],"rank_math_primary_product_cat":["23"],"_ywraq_hide_quote_button_check":[""],"_ywraq_hide_quote_button":["0"],"_edit_lock":["1754365119:1"],"_edit_last":["1"],"rank_math_focus_keyword":["Sushi Box"],"_wp_old_slug":["large-5-compartment-disposable-food-tray-with-lid-wl-b05"],"_thumbnail_id":["3609"],"_uag_css_file_name":["uag-css-1933.css"],"_uag_page_assets":["a:9:{s:3:\"css\";s:263:\".uag-blocks-common-selector{z-index:var(--z-index-desktop) !important}@media (max-width: 976px){.uag-blocks-common-selector{z-index:var(--z-index-tablet) !important}}@media (max-width: 767px){.uag-blocks-common-selector{z-index:var(--z-index-mobile) !important}}\n\";s:2:\"js\";s:0:\"\";s:18:\"current_block_list\";a:6:{i:0;s:10:\"core\/group\";i:1;s:12:\"core\/heading\";i:2;s:17:\"core\/latest-posts\";i:3;s:20:\"core\/latest-comments\";i:4;s:13:\"core\/archives\";i:5;s:15:\"core\/categories\";}s:8:\"uag_flag\";b:0;s:11:\"uag_version\";i:1777280658;s:6:\"gfonts\";a:0:{}s:10:\"gfonts_url\";s:0:\"\";s:12:\"gfonts_files\";a:0:{}s:14:\"uag_faq_layout\";b:0;}"]},"uagb_featured_image_src":{"full":["https:\/\/www.manluenpack.com\/wp-content\/uploads\/2025\/07\/WL-B05-manluen-food-container-tray-sushi-box.webp",1000,1000,false],"thumbnail":["https:\/\/www.manluenpack.com\/wp-content\/uploads\/2025\/07\/WL-B05-manluen-food-container-tray-sushi-box.webp",150,150,false],"medium":["https:\/\/www.manluenpack.com\/wp-content\/uploads\/2025\/07\/WL-B05-manluen-food-container-tray-sushi-box.webp",300,300,false],"medium_large":["https:\/\/www.manluenpack.com\/wp-content\/uploads\/2025\/07\/WL-B05-manluen-food-container-tray-sushi-box.webp",768,768,false],"large":["https:\/\/www.manluenpack.com\/wp-content\/uploads\/2025\/07\/WL-B05-manluen-food-container-tray-sushi-box.webp",1000,1000,false],"1536x1536":["https:\/\/www.manluenpack.com\/wp-content\/uploads\/2025\/07\/WL-B05-manluen-food-container-tray-sushi-box.webp",1000,1000,false],"2048x2048":["https:\/\/www.manluenpack.com\/wp-content\/uploads\/2025\/07\/WL-B05-manluen-food-container-tray-sushi-box.webp",1000,1000,false],"trp-custom-language-flag":["https:\/\/www.manluenpack.com\/wp-content\/uploads\/2025\/07\/WL-B05-manluen-food-container-tray-sushi-box.webp",12,12,false],"menu-24x24":["https:\/\/www.manluenpack.com\/wp-content\/uploads\/2025\/07\/WL-B05-manluen-food-container-tray-sushi-box.webp",24,24,false],"menu-36x36":["https:\/\/www.manluenpack.com\/wp-content\/uploads\/2025\/07\/WL-B05-manluen-food-container-tray-sushi-box.webp",36,36,false],"menu-48x48":["https:\/\/www.manluenpack.com\/wp-content\/uploads\/2025\/07\/WL-B05-manluen-food-container-tray-sushi-box.webp",48,48,false],"woocommerce_thumbnail":["https:\/\/www.manluenpack.com\/wp-content\/uploads\/2025\/07\/WL-B05-manluen-food-container-tray-sushi-box.webp",300,300,false],"woocommerce_single":["https:\/\/www.manluenpack.com\/wp-content\/uploads\/2025\/07\/WL-B05-manluen-food-container-tray-sushi-box.webp",600,600,false],"woocommerce_gallery_thumbnail":["https:\/\/www.manluenpack.com\/wp-content\/uploads\/2025\/07\/WL-B05-manluen-food-container-tray-sushi-box.webp",100,100,false]},"uagb_author_info":{"display_name":"ManLuenpack","author_link":"https:\/\/www.manluenpack.com\/fr\/author\/"},"uagb_comment_info":0,"uagb_excerpt":"Our company proudly presents the Large 5-Compartment Disposable Sushi Box with Lid, model WL-B05, specially designed for modern catering, parties, outdoor picnics, and fast-food services. This tray has become a&hellip;","_links":{"self":[{"href":"https:\/\/www.manluenpack.com\/fr\/wp-json\/wp\/v2\/product\/1933","targetHints":{"allow":["GET"]}}],"collection":[{"href":"https:\/\/www.manluenpack.com\/fr\/wp-json\/wp\/v2\/product"}],"about":[{"href":"https:\/\/www.manluenpack.com\/fr\/wp-json\/wp\/v2\/types\/product"}],"wp:featuredmedia":[{"embeddable":true,"href":"https:\/\/www.manluenpack.com\/fr\/wp-json\/wp\/v2\/media\/3609"}],"wp:attachment":[{"href":"https:\/\/www.manluenpack.com\/fr\/wp-json\/wp\/v2\/media?parent=1933"}],"wp:term":[{"taxonomy":"product_brand","embeddable":true,"href":"https:\/\/www.manluenpack.com\/fr\/wp-json\/wp\/v2\/product_brand?post=1933"},{"taxonomy":"product_cat","embeddable":true,"href":"https:\/\/www.manluenpack.com\/fr\/wp-json\/wp\/v2\/product_cat?post=1933"},{"taxonomy":"product_tag","embeddable":true,"href":"https:\/\/www.manluenpack.com\/fr\/wp-json\/wp\/v2\/product_tag?post=1933"}],"curies":[{"name":"wp","href":"https:\/\/api.w.org\/{rel}","templated":true}]}}