{"id":1920,"date":"2025-05-09T21:36:54","date_gmt":"2025-05-09T13:36:54","guid":{"rendered":"https:\/\/www.manluenpack.com\/?post_type=product&#038;p=1920"},"modified":"2025-06-19T13:50:42","modified_gmt":"2025-06-19T05:50:42","slug":"12-inch-plastic-cake-container-wl-a03","status":"publish","type":"product","link":"https:\/\/www.manluenpack.com\/fr\/products\/12-inch-plastic-cake-container-wl-a03\/","title":{"rendered":"R\u00e9cipient en plastique pour g\u00e2teaux de 12 pouces WL-A03"},"content":{"rendered":"<p>Le diam\u00e8tre de 12 pouces offre suffisamment d'espace pour mettre en valeur les grands g\u00e2teaux. Qu'il s'agisse d'un g\u00e2teau d'anniversaire \u00e0 plusieurs \u00e9tages ou d'un chef-d'\u0153uvre de mariage d\u00e9cor\u00e9 de mani\u00e8re cr\u00e9ative, ce r\u00e9cipient les accueille facilement, mettant en valeur \u00e0 la fois la grandeur et la finesse des d\u00e9tails. La profondeur bien pens\u00e9e garantit la stabilit\u00e9 et l'attrait visuel pendant le transport et la pr\u00e9sentation. Con\u00e7u sp\u00e9cialement pour les g\u00e2teaux de grande taille, notamment les g\u00e2teaux \u00e0 la cr\u00e8me, les g\u00e2teaux \u00e0 la mousse, les g\u00e2teaux au fromage, les g\u00e2teaux aux fruits et bien d'autres encore, le WL-A03 est dot\u00e9 d'une structure solide et de mat\u00e9riaux de haute qualit\u00e9 qui supportent en toute s\u00e9curit\u00e9 le poids du g\u00e2teau tout en pr\u00e9servant sa forme, ce qui garantit \u00e0 la fois saveur et excellence esth\u00e9tique.<\/p>\n<ul>\n<li>Type d'emballage<br \/>\nBo\u00eete en carton<\/li>\n<li>Couleur<br \/>\nNoir&amp;Transparent<\/li>\n<li>Quantit\u00e9 par carton<br \/>\n? ensembles<\/li>\n<li>Mat\u00e9riau<br \/>\nCouvercle:?;Base : ?<\/li>\n<li>Capacit\u00e9 d'une seule unit\u00e9<br \/>\n? m\u00e8tres cubes<\/li>\n<\/ul>\n<h3><strong><b>Emballage et livraison<\/b><\/strong><\/h3>\n<p>Le r\u00e9cipient \u00e0 g\u00e2teaux en plastique WL-A03 de 12 pouces est empreint de simplicit\u00e9 et d'\u00e9l\u00e9gance. Son plateau et son couvercle en forme de d\u00f4me sont con\u00e7us pour \u00eatre s\u00e9par\u00e9s afin de faciliter l'assemblage et le transport en toute s\u00e9curit\u00e9. Fabriqu\u00e9 dans un mat\u00e9riau de haute clart\u00e9, il met magnifiquement en valeur l'apparence de votre g\u00e2teau, tandis que sa structure robuste offre une protection contre la poussi\u00e8re et la pression, garantissant une livraison s\u00fbre, m\u00eame sur de longues distances. Pr\u00eat \u00e0 l'emploi d\u00e8s sa sortie de la bo\u00eete, il ajoute efficacit\u00e9 et professionnalisme \u00e0 la pr\u00e9sentation et \u00e0 la distribution de votre p\u00e2tisserie.<\/p>\n<h3><strong><b>Sc\u00e9narios d'utilisation<\/b><\/strong><\/h3>\n<p>Fabriqu\u00e9 en plastique OPS durable, ce r\u00e9cipient pour g\u00e2teaux est \u00e0 la fois l\u00e9ger et solide, r\u00e9sistant \u00e0 la casse et id\u00e9al pour diverses occasions. Largement utilis\u00e9 lors de f\u00eates d'anniversaire, de mariages, d'\u00e9v\u00e9nements d'entreprise, d'expositions commerciales, etc., il constitue \u00e9galement un outil essentiel pour les op\u00e9rations quotidiennes et les pr\u00e9sentations dans les boulangeries, les caf\u00e9s et les restaurants. Qu'il s'agisse de c\u00e9l\u00e9brations, de restauration ou de vente au d\u00e9tail, le WL-A03 est \u00e0 la fois fonctionnel et attrayant.<\/p>\n<h3><strong><b>Avantages de la conception \u00a0<\/b><\/strong><\/h3>\n<p>La forme ronde classique s'aligne sur l'esth\u00e9tique traditionnelle - \u00e9l\u00e9gante et intemporelle. Les bords sont finement polis pour garantir la douceur et pr\u00e9venir les blessures aux mains, am\u00e9liorant ainsi l'exp\u00e9rience globale de l'utilisateur. Le fond est antid\u00e9rapant, ce qui am\u00e9liore la stabilit\u00e9 sur les tables ou les plateaux et emp\u00eache tout glissement ou basculement. M\u00eame lorsque vous transportez des g\u00e2teaux plus lourds, le r\u00e9cipient reste stable et s\u00fbr, prot\u00e9geant votre dessert contre les dommages et garantissant une pr\u00e9sentation et une d\u00e9gustation parfaites.<\/p>\n<h3><strong><b>Transparence et \u00e9tanch\u00e9it\u00e9 \u00e9lev\u00e9es<\/b><\/strong><\/h3>\n<p>Le couvercle hautement transparent permet une visibilit\u00e9 totale de la couleur et de la d\u00e9coration du g\u00e2teau, ce qui stimule l'app\u00e9tit et impressionne les clients. Associ\u00e9 \u00e0 un couvercle herm\u00e9tique, il bloque efficacement l'entr\u00e9e de l'air, maintenant un niveau d'humidit\u00e9 et de fra\u00eecheur optimal, ce qui prolonge consid\u00e9rablement la dur\u00e9e de conservation du g\u00e2teau. Que ce soit pour l'exposition ou le stockage, il conserve votre dessert en parfait \u00e9tat.<\/p>\n<h3><strong><b>Durable et recyclable<\/b><\/strong><\/h3>\n<p>Fabriqu\u00e9 \u00e0 partir de mat\u00e9riaux robustes, le WL-A03 peut r\u00e9sister \u00e0 l'usure quotidienne et \u00e0 la pression lors de la manipulation et du transport. Plus important encore, il est recyclable et r\u00e9utilisable, ce qui permet de r\u00e9duire l'impact sur l'environnement et de s'aligner sur les objectifs de d\u00e9veloppement durable. Choisir notre produit, c'est choisir la qualit\u00e9, la commodit\u00e9 et la responsabilit\u00e9 environnementale.<\/p>","protected":false},"excerpt":{"rendered":"<p>The 12-inch diameter design offers ample space for showcasing large cakes. Whether it&#8217;s a multi-tiered birthday cake or a creatively decorated wedding masterpiece, this container easily accommodates them all \u2014&hellip;<\/p>","protected":false},"featured_media":130,"template":"","meta":{"_uag_custom_page_level_css":""},"product_brand":[],"product_cat":[128],"product_tag":[140],"class_list":{"0":"post-1920","1":"product","2":"type-product","3":"status-publish","4":"has-post-thumbnail","6":"product_cat-cake-containers","7":"product_tag-cake-container","9":"first","10":"instock","11":"shipping-taxable","12":"purchasable","13":"product-type-simple"},"spectra_custom_meta":{"rank_math_internal_links_processed":["1","1","1","1","1","1","1","1","1","1","1","1","1","1","1","1","1","1","1","1","1","1","1","1","1","1","1","1","1","1","1","1","1","1","1","1","1","1","1","1","1","1","1","1","1","1","1","1","1","1","1","1","1","1","1","1","1","1","1","1","1","1","1","1","1","1","1","1","1","1","1","1","1","1","1","1","1","1","1","1","1","1","1","1","1","1","1","1"],"_sku":["WL-A03"],"_regular_price":["1"],"total_sales":["0"],"_tax_status":["taxable"],"_tax_class":[""],"_manage_stock":["no"],"_backorders":["no"],"_sold_individually":["no"],"_virtual":["no"],"_downloadable":["no"],"_product_image_gallery":["1703,1711,1710,1709,1708,1707,1706,1705"],"_download_limit":["0"],"_download_expiry":["0"],"_thumbnail_id":["130"],"_stock":[null],"_stock_status":["instock"],"_wc_average_rating":["0"],"_wc_review_count":["0"],"_product_attributes":["a:2:{s:9:\"item-size\";a:6:{s:4:\"name\";s:9:\"Item Size\";s:5:\"value\";s:7:\"?*?*?mm\";s:8:\"position\";i:0;s:10:\"is_visible\";i:1;s:12:\"is_variation\";i:0;s:11:\"is_taxonomy\";i:0;}s:7:\"qty-ctn\";a:6:{s:4:\"name\";s:7:\"QTY\/CTN\";s:5:\"value\";s:1:\"?\";s:8:\"position\";i:1;s:10:\"is_visible\";i:1;s:12:\"is_variation\";i:0;s:11:\"is_taxonomy\";i:0;}}"],"_product_version":["9.4.2"],"_price":["1"],"_wp_old_date":["2024-11-26"],"rank_math_analytic_object_id":["24"],"classic-editor-remember":["classic-editor"],"rank_math_seo_score":["11"],"rank_math_contentai_score":["a:5:{s:8:\"keywords\";s:5:\"74.51\";s:9:\"wordCount\";s:1:\"0\";s:9:\"linkCount\";s:1:\"0\";s:12:\"headingCount\";s:1:\"0\";s:10:\"mediaCount\";s:1:\"0\";}"],"_jet_woo_template":[""],"_template_type":["default"],"rank_math_primary_product_cat":["128"],"_ywraq_hide_quote_button_check":[""],"_ywraq_hide_quote_button":["0"],"_edit_lock":["1754365530:1"],"_edit_last":["1"],"_uag_css_file_name":["uag-css-1920.css"],"_uag_page_assets":["a:9:{s:3:\"css\";s:263:\".uag-blocks-common-selector{z-index:var(--z-index-desktop) !important}@media (max-width: 976px){.uag-blocks-common-selector{z-index:var(--z-index-tablet) !important}}@media (max-width: 767px){.uag-blocks-common-selector{z-index:var(--z-index-mobile) !important}}\n\";s:2:\"js\";s:0:\"\";s:18:\"current_block_list\";a:6:{i:0;s:10:\"core\/group\";i:1;s:12:\"core\/heading\";i:2;s:17:\"core\/latest-posts\";i:3;s:20:\"core\/latest-comments\";i:4;s:13:\"core\/archives\";i:5;s:15:\"core\/categories\";}s:8:\"uag_flag\";b:0;s:11:\"uag_version\";i:1777880831;s:6:\"gfonts\";a:0:{}s:10:\"gfonts_url\";s:0:\"\";s:12:\"gfonts_files\";a:0:{}s:14:\"uag_faq_layout\";b:0;}"]},"uagb_featured_image_src":{"full":["https:\/\/www.manluenpack.com\/wp-content\/uploads\/2024\/11\/transparent-cake-box-1.jpg",1000,1000,false],"thumbnail":["https:\/\/www.manluenpack.com\/wp-content\/uploads\/2024\/11\/transparent-cake-box-1.jpg",150,150,false],"medium":["https:\/\/www.manluenpack.com\/wp-content\/uploads\/2024\/11\/transparent-cake-box-1.jpg",300,300,false],"medium_large":["https:\/\/www.manluenpack.com\/wp-content\/uploads\/2024\/11\/transparent-cake-box-1.jpg",768,768,false],"large":["https:\/\/www.manluenpack.com\/wp-content\/uploads\/2024\/11\/transparent-cake-box-1.jpg",1000,1000,false],"1536x1536":["https:\/\/www.manluenpack.com\/wp-content\/uploads\/2024\/11\/transparent-cake-box-1.jpg",1000,1000,false],"2048x2048":["https:\/\/www.manluenpack.com\/wp-content\/uploads\/2024\/11\/transparent-cake-box-1.jpg",1000,1000,false],"trp-custom-language-flag":["https:\/\/www.manluenpack.com\/wp-content\/uploads\/2024\/11\/transparent-cake-box-1.jpg",12,12,false],"menu-24x24":["https:\/\/www.manluenpack.com\/wp-content\/uploads\/2024\/11\/transparent-cake-box-1.jpg",24,24,false],"menu-36x36":["https:\/\/www.manluenpack.com\/wp-content\/uploads\/2024\/11\/transparent-cake-box-1.jpg",36,36,false],"menu-48x48":["https:\/\/www.manluenpack.com\/wp-content\/uploads\/2024\/11\/transparent-cake-box-1.jpg",48,48,false],"woocommerce_thumbnail":["https:\/\/www.manluenpack.com\/wp-content\/uploads\/2024\/11\/transparent-cake-box-1.jpg",300,300,false],"woocommerce_single":["https:\/\/www.manluenpack.com\/wp-content\/uploads\/2024\/11\/transparent-cake-box-1.jpg",600,600,false],"woocommerce_gallery_thumbnail":["https:\/\/www.manluenpack.com\/wp-content\/uploads\/2024\/11\/transparent-cake-box-1.jpg",100,100,false]},"uagb_author_info":{"display_name":"ManLuenpack","author_link":"https:\/\/www.manluenpack.com\/fr\/author\/"},"uagb_comment_info":0,"uagb_excerpt":"The 12-inch diameter design offers ample space for showcasing large cakes. Whether it&#8217;s a multi-tiered birthday cake or a creatively decorated wedding masterpiece, this container easily accommodates them all \u2014&hellip;","_links":{"self":[{"href":"https:\/\/www.manluenpack.com\/fr\/wp-json\/wp\/v2\/product\/1920","targetHints":{"allow":["GET"]}}],"collection":[{"href":"https:\/\/www.manluenpack.com\/fr\/wp-json\/wp\/v2\/product"}],"about":[{"href":"https:\/\/www.manluenpack.com\/fr\/wp-json\/wp\/v2\/types\/product"}],"wp:featuredmedia":[{"embeddable":true,"href":"https:\/\/www.manluenpack.com\/fr\/wp-json\/wp\/v2\/media\/130"}],"wp:attachment":[{"href":"https:\/\/www.manluenpack.com\/fr\/wp-json\/wp\/v2\/media?parent=1920"}],"wp:term":[{"taxonomy":"product_brand","embeddable":true,"href":"https:\/\/www.manluenpack.com\/fr\/wp-json\/wp\/v2\/product_brand?post=1920"},{"taxonomy":"product_cat","embeddable":true,"href":"https:\/\/www.manluenpack.com\/fr\/wp-json\/wp\/v2\/product_cat?post=1920"},{"taxonomy":"product_tag","embeddable":true,"href":"https:\/\/www.manluenpack.com\/fr\/wp-json\/wp\/v2\/product_tag?post=1920"}],"curies":[{"name":"wp","href":"https:\/\/api.w.org\/{rel}","templated":true}]}}