{"id":1918,"date":"2025-05-09T21:35:57","date_gmt":"2025-05-09T13:35:57","guid":{"rendered":"https:\/\/www.manluenpack.com\/?post_type=product&#038;p=1918"},"modified":"2025-06-19T13:54:59","modified_gmt":"2025-06-19T05:54:59","slug":"plastic-wedge-shaped-cake-slice-container-with-side-opening-wl-a04","status":"publish","type":"product","link":"https:\/\/www.manluenpack.com\/fr\/products\/plastic-wedge-shaped-cake-slice-container-with-side-opening-wl-a04\/","title":{"rendered":"R\u00e9cipient en plastique en forme de coin pour tranches de g\u00e2teau avec ouverture lat\u00e9rale WL-A04"},"content":{"rendered":"<p>Le r\u00e9cipient \u00e0 tranches de g\u00e2teaux WL-A04 est con\u00e7u avec des dimensions et une capacit\u00e9 pr\u00e9cises, sp\u00e9cialement adapt\u00e9es aux tranches de g\u00e2teaux. Sa structure innovante en forme de coin \u00e9pouse parfaitement la forme de chaque tranche, minimisant la compression et la d\u00e9formation pendant le stockage ou le transport - pr\u00e9servant \u00e0 la fois l'int\u00e9grit\u00e9 et l'attrait visuel. La profondeur optimis\u00e9e garantit un placement s\u00fbr, \u00e9vitant tout glissement ou effondrement. Con\u00e7u pour une large gamme de g\u00e2teaux, y compris les g\u00e2teaux \u00e0 la cr\u00e8me, les g\u00e2teaux mousse, les g\u00e2teaux au fromage et bien d'autres encore, ce r\u00e9cipient pr\u00e9serve la saveur et la texture originales de votre dessert, faisant de chaque bouch\u00e9e une exp\u00e9rience parfaite.<\/p>\n<ul>\n<li>Type d'emballage<br \/>\nBo\u00eete en carton<\/li>\n<li>Couleur<br \/>\nTransparent<\/li>\n<li>Quantit\u00e9 par carton<br \/>\n? ensembles<\/li>\n<li>Mat\u00e9riau<br \/>\nCouvercle:?;Base : ?<\/li>\n<li>Capacit\u00e9 d'une seule unit\u00e9<br \/>\n? m\u00e8tres cubes<\/li>\n<\/ul>\n<h3><strong><b>Emballage et livraison<\/b><\/strong><\/h3>\n<p>Le conteneur pour tranches de g\u00e2teaux WL-A04 pr\u00e9sente un design d'emballage soign\u00e9 et peu encombrant. Sa construction l\u00e9g\u00e8re mais durable, ainsi que sa structure empilable, en font un produit id\u00e9al pour le transport en vrac et le stockage en entrep\u00f4t. L'ouverture lat\u00e9rale assure la stabilit\u00e9 de la structure et la protection contre l'\u00e9crasement, ce qui garantit que vos tranches de g\u00e2teau arriveront intactes. Pr\u00eate \u00e0 l'emploi d\u00e8s son d\u00e9ballage, elle ajoute une touche de professionnalisme et d'\u00e9l\u00e9gance \u00e0 la pr\u00e9sentation de votre p\u00e2tisserie et au processus de livraison.<\/p>\n<h3><strong><b>Sc\u00e9narios d'utilisation<\/b><\/strong><\/h3>\n<p>Gr\u00e2ce \u00e0 sa construction l\u00e9g\u00e8re, le r\u00e9cipient WL-A04 est facile \u00e0 transporter et tr\u00e8s polyvalent. Qu'il s'agisse d'une r\u00e9union de famille, d'un pique-nique en plein air ou d'un atelier de p\u00e2tisserie, ce r\u00e9cipient se transporte sans effort et vous permet de d\u00e9guster de d\u00e9licieuses tranches de g\u00e2teau \u00e0 tout moment et en tout lieu. Largement utilis\u00e9 dans les cuisines familiales, les caf\u00e9s, les boulangeries, les caf\u00e9s-restaurants et les services de restauration \u00e9v\u00e9nementielle, c'est le choix id\u00e9al pour mettre en valeur les tranches de g\u00e2teau et rehausser l'ambiance de n'importe quel lieu de restauration.<\/p>\n<h3><strong><b>Avantages de la conception \u00a0<\/b><\/strong><\/h3>\n<p>La structure unique en forme de coin correspond pr\u00e9cis\u00e9ment \u00e0 la g\u00e9om\u00e9trie d'une tranche de g\u00e2teau typique, r\u00e9duisant efficacement la pression et la distorsion entre les couches. Malgr\u00e9 sa l\u00e9g\u00e8ret\u00e9, la base est renforc\u00e9e pour une stabilit\u00e9 et une capacit\u00e9 de charge accrues, ce qui garantit que m\u00eame les tranches les plus lourdes restent fermement en place sans vaciller ni s'incliner. Cette conception bien pens\u00e9e apporte un soutien solide \u00e0 votre pr\u00e9sentation culinaire, alliant praticit\u00e9 et attrait esth\u00e9tique.<\/p>\n<h3><strong><b>Transparence et \u00e9tanch\u00e9it\u00e9 \u00e9lev\u00e9es<\/b><\/strong><\/h3>\n<p>Fabriqu\u00e9 \u00e0 partir d'un mat\u00e9riau tr\u00e8s transparent, le WL-A04 permet une visibilit\u00e9 totale de la tranche de g\u00e2teau \u00e0 l'int\u00e9rieur, mettant en valeur sa couleur, sa texture et ses d\u00e9tails d\u00e9coratifs. Associ\u00e9 \u00e0 un couvercle herm\u00e9tique, il emp\u00eache l'air et l'humidit\u00e9 de p\u00e9n\u00e9trer, ce qui permet de maintenir un niveau de fra\u00eecheur et d'humidit\u00e9 optimal, prolongeant ainsi de mani\u00e8re significative la dur\u00e9e de conservation et pr\u00e9servant le go\u00fbt.<\/p>\n<h3><strong><b>Durable et recyclable<\/b><\/strong><\/h3>\n<p>Fabriqu\u00e9 \u00e0 partir de mat\u00e9riaux durables, le WL-A04 peut r\u00e9sister \u00e0 l'usure quotidienne, ainsi qu'\u00e0 la pression exerc\u00e9e lors de la manutention et du transport. Plus important encore, il est recyclable et r\u00e9utilisable, ce qui permet de r\u00e9duire l'impact sur l'environnement et de s'aligner sur les objectifs de d\u00e9veloppement durable. Choisir notre produit, c'est choisir la qualit\u00e9, l'innovation et la responsabilit\u00e9 environnementale.<\/p>","protected":false},"excerpt":{"rendered":"<p>The WL-A04 Wedge-Shaped Cake Slice Container\u00a0is thoughtfully engineered with precise dimensions and capacity, specifically tailored for cake slices. Its innovative wedge structure perfectly conforms to the shape of each slice,&hellip;<\/p>","protected":false},"featured_media":130,"template":"","meta":{"_uag_custom_page_level_css":""},"product_brand":[],"product_cat":[128],"product_tag":[140],"class_list":{"0":"post-1918","1":"product","2":"type-product","3":"status-publish","4":"has-post-thumbnail","6":"product_cat-cake-containers","7":"product_tag-cake-container","9":"first","10":"instock","11":"shipping-taxable","12":"purchasable","13":"product-type-simple"},"spectra_custom_meta":{"rank_math_internal_links_processed":["1","1","1","1","1","1","1","1","1","1","1","1","1","1","1","1","1","1","1","1","1","1","1","1","1","1","1","1","1","1","1","1","1","1","1","1","1","1","1","1","1","1","1","1","1","1","1","1","1","1","1","1","1","1","1","1","1","1","1","1","1","1","1","1","1","1","1","1","1","1","1","1","1","1","1","1","1","1","1","1","1","1","1","1","1","1","1"],"_sku":["WL-A04"],"_regular_price":["1"],"total_sales":["0"],"_tax_status":["taxable"],"_tax_class":[""],"_manage_stock":["no"],"_backorders":["no"],"_sold_individually":["no"],"_virtual":["no"],"_downloadable":["no"],"_product_image_gallery":["1703,1711,1710,1709,1708,1707,1706,1705"],"_download_limit":["0"],"_download_expiry":["0"],"_thumbnail_id":["130"],"_stock":[null],"_stock_status":["instock"],"_wc_average_rating":["0"],"_wc_review_count":["0"],"_product_attributes":["a:2:{s:9:\"item-size\";a:6:{s:4:\"name\";s:9:\"Item Size\";s:5:\"value\";s:7:\"?*?*?mm\";s:8:\"position\";i:0;s:10:\"is_visible\";i:1;s:12:\"is_variation\";i:0;s:11:\"is_taxonomy\";i:0;}s:7:\"qty-ctn\";a:6:{s:4:\"name\";s:7:\"QTY\/CTN\";s:5:\"value\";s:1:\"?\";s:8:\"position\";i:1;s:10:\"is_visible\";i:1;s:12:\"is_variation\";i:0;s:11:\"is_taxonomy\";i:0;}}"],"_product_version":["9.4.2"],"_price":["1"],"_wp_old_date":["2024-11-26"],"rank_math_analytic_object_id":["24"],"classic-editor-remember":["classic-editor"],"rank_math_seo_score":["11"],"rank_math_contentai_score":["a:5:{s:8:\"keywords\";s:5:\"74.51\";s:9:\"wordCount\";s:1:\"0\";s:9:\"linkCount\";s:1:\"0\";s:12:\"headingCount\";s:1:\"0\";s:10:\"mediaCount\";s:1:\"0\";}"],"_jet_woo_template":[""],"_template_type":["default"],"rank_math_primary_product_cat":["128"],"_ywraq_hide_quote_button_check":[""],"_ywraq_hide_quote_button":["0"],"_edit_lock":["1754365619:1"],"_edit_last":["1"],"_uag_css_file_name":["uag-css-1918.css"],"_uag_page_assets":["a:9:{s:3:\"css\";s:0:\"\";s:2:\"js\";s:0:\"\";s:18:\"current_block_list\";a:6:{i:0;s:10:\"core\/group\";i:1;s:12:\"core\/heading\";i:2;s:17:\"core\/latest-posts\";i:3;s:20:\"core\/latest-comments\";i:4;s:13:\"core\/archives\";i:5;s:15:\"core\/categories\";}s:8:\"uag_flag\";b:0;s:11:\"uag_version\";i:1777298076;s:6:\"gfonts\";a:0:{}s:10:\"gfonts_url\";s:0:\"\";s:12:\"gfonts_files\";a:0:{}s:14:\"uag_faq_layout\";b:0;}"]},"uagb_featured_image_src":{"full":["https:\/\/www.manluenpack.com\/wp-content\/uploads\/2024\/11\/transparent-cake-box-1.jpg",1000,1000,false],"thumbnail":["https:\/\/www.manluenpack.com\/wp-content\/uploads\/2024\/11\/transparent-cake-box-1.jpg",150,150,false],"medium":["https:\/\/www.manluenpack.com\/wp-content\/uploads\/2024\/11\/transparent-cake-box-1.jpg",300,300,false],"medium_large":["https:\/\/www.manluenpack.com\/wp-content\/uploads\/2024\/11\/transparent-cake-box-1.jpg",768,768,false],"large":["https:\/\/www.manluenpack.com\/wp-content\/uploads\/2024\/11\/transparent-cake-box-1.jpg",1000,1000,false],"1536x1536":["https:\/\/www.manluenpack.com\/wp-content\/uploads\/2024\/11\/transparent-cake-box-1.jpg",1000,1000,false],"2048x2048":["https:\/\/www.manluenpack.com\/wp-content\/uploads\/2024\/11\/transparent-cake-box-1.jpg",1000,1000,false],"trp-custom-language-flag":["https:\/\/www.manluenpack.com\/wp-content\/uploads\/2024\/11\/transparent-cake-box-1.jpg",12,12,false],"menu-24x24":["https:\/\/www.manluenpack.com\/wp-content\/uploads\/2024\/11\/transparent-cake-box-1.jpg",24,24,false],"menu-36x36":["https:\/\/www.manluenpack.com\/wp-content\/uploads\/2024\/11\/transparent-cake-box-1.jpg",36,36,false],"menu-48x48":["https:\/\/www.manluenpack.com\/wp-content\/uploads\/2024\/11\/transparent-cake-box-1.jpg",48,48,false],"woocommerce_thumbnail":["https:\/\/www.manluenpack.com\/wp-content\/uploads\/2024\/11\/transparent-cake-box-1.jpg",300,300,false],"woocommerce_single":["https:\/\/www.manluenpack.com\/wp-content\/uploads\/2024\/11\/transparent-cake-box-1.jpg",600,600,false],"woocommerce_gallery_thumbnail":["https:\/\/www.manluenpack.com\/wp-content\/uploads\/2024\/11\/transparent-cake-box-1.jpg",100,100,false]},"uagb_author_info":{"display_name":"ManLuenpack","author_link":"https:\/\/www.manluenpack.com\/fr\/author\/"},"uagb_comment_info":0,"uagb_excerpt":"The WL-A04 Wedge-Shaped Cake Slice Container\u00a0is thoughtfully engineered with precise dimensions and capacity, specifically tailored for cake slices. Its innovative wedge structure perfectly conforms to the shape of each slice,&hellip;","_links":{"self":[{"href":"https:\/\/www.manluenpack.com\/fr\/wp-json\/wp\/v2\/product\/1918","targetHints":{"allow":["GET"]}}],"collection":[{"href":"https:\/\/www.manluenpack.com\/fr\/wp-json\/wp\/v2\/product"}],"about":[{"href":"https:\/\/www.manluenpack.com\/fr\/wp-json\/wp\/v2\/types\/product"}],"wp:featuredmedia":[{"embeddable":true,"href":"https:\/\/www.manluenpack.com\/fr\/wp-json\/wp\/v2\/media\/130"}],"wp:attachment":[{"href":"https:\/\/www.manluenpack.com\/fr\/wp-json\/wp\/v2\/media?parent=1918"}],"wp:term":[{"taxonomy":"product_brand","embeddable":true,"href":"https:\/\/www.manluenpack.com\/fr\/wp-json\/wp\/v2\/product_brand?post=1918"},{"taxonomy":"product_cat","embeddable":true,"href":"https:\/\/www.manluenpack.com\/fr\/wp-json\/wp\/v2\/product_cat?post=1918"},{"taxonomy":"product_tag","embeddable":true,"href":"https:\/\/www.manluenpack.com\/fr\/wp-json\/wp\/v2\/product_tag?post=1918"}],"curies":[{"name":"wp","href":"https:\/\/api.w.org\/{rel}","templated":true}]}}