{"id":1914,"date":"2025-05-09T21:34:14","date_gmt":"2025-05-09T13:34:14","guid":{"rendered":"https:\/\/www.manluenpack.com\/?post_type=product&#038;p=1914"},"modified":"2025-06-19T13:54:59","modified_gmt":"2025-06-19T05:54:59","slug":"plastic-cake-container-wl-a06","status":"publish","type":"product","link":"https:\/\/www.manluenpack.com\/fr\/products\/plastic-cake-container-wl-a06\/","title":{"rendered":"R\u00e9cipient en plastique pour g\u00e2teaux WL-A06"},"content":{"rendered":"<p>Notre r\u00e9cipient \u00e0 g\u00e2teau en plastique WL-A06 a une capacit\u00e9 de 9 pouces, ce qui le rend adapt\u00e9 \u00e0 diff\u00e9rents types de g\u00e2teaux. Con\u00e7u avec soin, ce r\u00e9cipient permet non seulement de maintenir votre g\u00e2teau en toute s\u00e9curit\u00e9, mais aussi de l'exposer avec \u00e9l\u00e9gance. Fabriqu\u00e9 \u00e0 partir de mat\u00e9riaux solides et durables, il peut r\u00e9sister \u00e0 l'usure et \u00e0 la pression quotidiennes. En outre, le produit est recyclable, ce qui est conforme aux principes du d\u00e9veloppement durable et respectueux de l'environnement. Choisir notre produit, c'est s'engager \u00e0 la fois dans l'excellence de la p\u00e2tisserie et dans la responsabilit\u00e9 environnementale.<\/p>\n<ul>\n<li>Type d'emballage<br \/>\nBo\u00eete en carton<\/li>\n<li>Couleur<br \/>\nNoir&amp;Transparent<\/li>\n<li>Quantit\u00e9 par carton<br \/>\n? ensembles<\/li>\n<li>Mat\u00e9riau<br \/>\nCouvercle:?;Base : ?<\/li>\n<li>Capacit\u00e9 d'une seule unit\u00e9<br \/>\n? m\u00e8tres cubes<\/li>\n<\/ul>\n<h3><strong><b>Emballage et livraison<\/b><\/strong><\/h3>\n<p>Le r\u00e9cipient \u00e0 g\u00e2teaux en plastique WL-A06 est fabriqu\u00e9 \u00e0 partir de mat\u00e9riaux \u00e9cologiques de haute qualit\u00e9 offrant une excellente transparence, une r\u00e9sistance \u00e0 l'huile et une tol\u00e9rance \u00e0 la chaleur - id\u00e9al pour pr\u00e9senter et conserver une large gamme de produits de boulangerie. Les bords sont lisses et sans bavures, ce qui garantit la s\u00e9curit\u00e9 et la fra\u00eecheur des aliments gr\u00e2ce \u00e0 des performances de scellage sup\u00e9rieures. Avec son design minimaliste et moderne, il r\u00e9pond parfaitement aux exigences esth\u00e9tiques des environnements de restauration contemporains.<\/p>\n<h3><strong><b>Sc\u00e9narios d'utilisation<\/b><\/strong><\/h3>\n<p>Malgr\u00e9 sa capacit\u00e9 g\u00e9n\u00e9reuse et sa forte capacit\u00e9 de charge, le WL-A06 reste l\u00e9ger et facile \u00e0 transporter, ce qui le rend id\u00e9al pour le service en magasin et la livraison \u00e0 emporter. Largement utilis\u00e9 lors de f\u00eates d'anniversaire, de mariages, d'\u00e9v\u00e9nements d'entreprise et d'expositions commerciales, il constitue \u00e9galement un outil essentiel pour les boulangeries, les caf\u00e9s et les restaurants dans le cadre de leurs activit\u00e9s quotidiennes et de leurs pr\u00e9sentations. Qu'ils soient utilis\u00e9s comme emballage ou comme d\u00e9cor de table, ces r\u00e9cipients renforcent l'attrait visuel et le professionnalisme de toute cr\u00e9ation p\u00e2tissi\u00e8re.<\/p>\n<h3><strong><b>Avantages de la conception \u00a0<\/b><\/strong><\/h3>\n<p>Fabriqu\u00e9 avec soin en plastique OPS de qualit\u00e9 alimentaire, le WL-A06 pr\u00e9sente une base noire \u00e9l\u00e9gante associ\u00e9e \u00e0 un couvercle cristallin - \u00e9l\u00e9gant en apparence et tr\u00e8s fonctionnel. Ces r\u00e9cipients sont sp\u00e9cialement con\u00e7us pour contenir une grande vari\u00e9t\u00e9 de g\u00e2teaux, notamment des g\u00e2teaux \u00e0 la cr\u00e8me, des g\u00e2teaux mouss\u00e9s, des g\u00e2teaux au fromage, des g\u00e2teaux aux fruits, etc. Leur structure robuste et leurs mat\u00e9riaux de haute qualit\u00e9 garantissent un support stable pour le poids du g\u00e2teau, pr\u00e9servant sa forme et son int\u00e9grit\u00e9 tout en am\u00e9liorant le go\u00fbt et l'exp\u00e9rience visuelle.<\/p>\n<h3><strong><b>Transparence et \u00e9tanch\u00e9it\u00e9 \u00e9lev\u00e9es<\/b><\/strong><\/h3>\n<p>Le couvercle hautement transparent permet une visibilit\u00e9 totale de la couleur et de la d\u00e9coration du g\u00e2teau, ce qui stimule l'app\u00e9tit et impressionne les clients. Associ\u00e9 \u00e0 un couvercle herm\u00e9tique, il bloque efficacement l'entr\u00e9e de l'air, maintenant un niveau d'humidit\u00e9 et de fra\u00eecheur optimal, ce qui prolonge consid\u00e9rablement la dur\u00e9e de conservation du g\u00e2teau. Que ce soit pour l'exposition ou le stockage, il conserve votre dessert en parfait \u00e9tat.<\/p>\n<h3><strong><b>Durable et recyclable<\/b><\/strong><\/h3>\n<p>Ces r\u00e9cipients \u00e0 g\u00e2teaux en plastique sont con\u00e7us pour durer. Con\u00e7us pour r\u00e9sister aux rigueurs d'une utilisation quotidienne, ils offrent une excellente durabilit\u00e9 et une grande r\u00e9sistance \u00e0 la pression. Plus important encore, ils sont enti\u00e8rement recyclables, ce qui favorise les pratiques respectueuses de l'environnement et contribue au d\u00e9veloppement durable. Choisir WL-A06, c'est choisir la qualit\u00e9, la commodit\u00e9 et la responsabilit\u00e9 environnementale.<\/p>","protected":false},"excerpt":{"rendered":"<p>Our WL-A06 Plastic Cake Container\u00a0has a 9-inch capacity, making it suitable for various types of cakes. Thoughtfully designed, this container ensures your cake is not only securely held but also&hellip;<\/p>","protected":false},"featured_media":130,"template":"","meta":{"_uag_custom_page_level_css":""},"product_brand":[],"product_cat":[128],"product_tag":[140],"class_list":{"0":"post-1914","1":"product","2":"type-product","3":"status-publish","4":"has-post-thumbnail","6":"product_cat-cake-containers","7":"product_tag-cake-container","9":"first","10":"instock","11":"shipping-taxable","12":"purchasable","13":"product-type-simple"},"spectra_custom_meta":{"rank_math_internal_links_processed":["1","1","1","1","1","1","1","1","1","1","1","1","1","1","1","1","1","1","1","1","1","1","1","1","1","1","1","1","1","1","1","1","1","1","1","1","1","1","1","1","1","1","1","1","1","1","1","1","1","1","1","1","1","1","1","1","1","1","1","1","1","1","1","1","1","1","1","1","1","1","1","1","1","1","1","1","1","1","1","1","1","1","1","1","1"],"_sku":["WL-A06"],"_regular_price":["1"],"total_sales":["0"],"_tax_status":["taxable"],"_tax_class":[""],"_manage_stock":["no"],"_backorders":["no"],"_sold_individually":["no"],"_virtual":["no"],"_downloadable":["no"],"_product_image_gallery":["1703,1711,1710,1709,1708,1707,1706,1705"],"_download_limit":["0"],"_download_expiry":["0"],"_thumbnail_id":["130"],"_stock":[null],"_stock_status":["instock"],"_wc_average_rating":["0"],"_wc_review_count":["0"],"_product_attributes":["a:2:{s:9:\"item-size\";a:6:{s:4:\"name\";s:9:\"Item Size\";s:5:\"value\";s:7:\"?*?*?mm\";s:8:\"position\";i:0;s:10:\"is_visible\";i:1;s:12:\"is_variation\";i:0;s:11:\"is_taxonomy\";i:0;}s:7:\"qty-ctn\";a:6:{s:4:\"name\";s:7:\"QTY\/CTN\";s:5:\"value\";s:1:\"?\";s:8:\"position\";i:1;s:10:\"is_visible\";i:1;s:12:\"is_variation\";i:0;s:11:\"is_taxonomy\";i:0;}}"],"_product_version":["9.4.2"],"_price":["1"],"_wp_old_date":["2024-11-26"],"rank_math_analytic_object_id":["24"],"classic-editor-remember":["classic-editor"],"rank_math_seo_score":["11"],"rank_math_contentai_score":["a:5:{s:8:\"keywords\";s:5:\"74.51\";s:9:\"wordCount\";s:1:\"0\";s:9:\"linkCount\";s:1:\"0\";s:12:\"headingCount\";s:1:\"0\";s:10:\"mediaCount\";s:1:\"0\";}"],"_jet_woo_template":[""],"_template_type":["default"],"rank_math_primary_product_cat":["128"],"_ywraq_hide_quote_button_check":[""],"_ywraq_hide_quote_button":["0"],"_edit_lock":["1754365734:1"],"_edit_last":["1"],"_uag_css_file_name":["uag-css-1914.css"],"_uag_page_assets":["a:9:{s:3:\"css\";s:0:\"\";s:2:\"js\";s:0:\"\";s:18:\"current_block_list\";a:6:{i:0;s:10:\"core\/group\";i:1;s:12:\"core\/heading\";i:2;s:17:\"core\/latest-posts\";i:3;s:20:\"core\/latest-comments\";i:4;s:13:\"core\/archives\";i:5;s:15:\"core\/categories\";}s:8:\"uag_flag\";b:0;s:11:\"uag_version\";i:1777298076;s:6:\"gfonts\";a:0:{}s:10:\"gfonts_url\";s:0:\"\";s:12:\"gfonts_files\";a:0:{}s:14:\"uag_faq_layout\";b:0;}"]},"uagb_featured_image_src":{"full":["https:\/\/www.manluenpack.com\/wp-content\/uploads\/2024\/11\/transparent-cake-box-1.jpg",1000,1000,false],"thumbnail":["https:\/\/www.manluenpack.com\/wp-content\/uploads\/2024\/11\/transparent-cake-box-1.jpg",150,150,false],"medium":["https:\/\/www.manluenpack.com\/wp-content\/uploads\/2024\/11\/transparent-cake-box-1.jpg",300,300,false],"medium_large":["https:\/\/www.manluenpack.com\/wp-content\/uploads\/2024\/11\/transparent-cake-box-1.jpg",768,768,false],"large":["https:\/\/www.manluenpack.com\/wp-content\/uploads\/2024\/11\/transparent-cake-box-1.jpg",1000,1000,false],"1536x1536":["https:\/\/www.manluenpack.com\/wp-content\/uploads\/2024\/11\/transparent-cake-box-1.jpg",1000,1000,false],"2048x2048":["https:\/\/www.manluenpack.com\/wp-content\/uploads\/2024\/11\/transparent-cake-box-1.jpg",1000,1000,false],"trp-custom-language-flag":["https:\/\/www.manluenpack.com\/wp-content\/uploads\/2024\/11\/transparent-cake-box-1.jpg",12,12,false],"menu-24x24":["https:\/\/www.manluenpack.com\/wp-content\/uploads\/2024\/11\/transparent-cake-box-1.jpg",24,24,false],"menu-36x36":["https:\/\/www.manluenpack.com\/wp-content\/uploads\/2024\/11\/transparent-cake-box-1.jpg",36,36,false],"menu-48x48":["https:\/\/www.manluenpack.com\/wp-content\/uploads\/2024\/11\/transparent-cake-box-1.jpg",48,48,false],"woocommerce_thumbnail":["https:\/\/www.manluenpack.com\/wp-content\/uploads\/2024\/11\/transparent-cake-box-1.jpg",300,300,false],"woocommerce_single":["https:\/\/www.manluenpack.com\/wp-content\/uploads\/2024\/11\/transparent-cake-box-1.jpg",600,600,false],"woocommerce_gallery_thumbnail":["https:\/\/www.manluenpack.com\/wp-content\/uploads\/2024\/11\/transparent-cake-box-1.jpg",100,100,false]},"uagb_author_info":{"display_name":"ManLuenpack","author_link":"https:\/\/www.manluenpack.com\/fr\/author\/"},"uagb_comment_info":0,"uagb_excerpt":"Our WL-A06 Plastic Cake Container\u00a0has a 9-inch capacity, making it suitable for various types of cakes. Thoughtfully designed, this container ensures your cake is not only securely held but also&hellip;","_links":{"self":[{"href":"https:\/\/www.manluenpack.com\/fr\/wp-json\/wp\/v2\/product\/1914","targetHints":{"allow":["GET"]}}],"collection":[{"href":"https:\/\/www.manluenpack.com\/fr\/wp-json\/wp\/v2\/product"}],"about":[{"href":"https:\/\/www.manluenpack.com\/fr\/wp-json\/wp\/v2\/types\/product"}],"wp:featuredmedia":[{"embeddable":true,"href":"https:\/\/www.manluenpack.com\/fr\/wp-json\/wp\/v2\/media\/130"}],"wp:attachment":[{"href":"https:\/\/www.manluenpack.com\/fr\/wp-json\/wp\/v2\/media?parent=1914"}],"wp:term":[{"taxonomy":"product_brand","embeddable":true,"href":"https:\/\/www.manluenpack.com\/fr\/wp-json\/wp\/v2\/product_brand?post=1914"},{"taxonomy":"product_cat","embeddable":true,"href":"https:\/\/www.manluenpack.com\/fr\/wp-json\/wp\/v2\/product_cat?post=1914"},{"taxonomy":"product_tag","embeddable":true,"href":"https:\/\/www.manluenpack.com\/fr\/wp-json\/wp\/v2\/product_tag?post=1914"}],"curies":[{"name":"wp","href":"https:\/\/api.w.org\/{rel}","templated":true}]}}