{"id":1912,"date":"2025-05-09T21:32:41","date_gmt":"2025-05-09T13:32:41","guid":{"rendered":"https:\/\/www.manluenpack.com\/?post_type=product&#038;p=1912"},"modified":"2025-06-19T13:54:58","modified_gmt":"2025-06-19T05:54:58","slug":"lateral-cake-slice-plastic-wedge-container-wl-a07","status":"publish","type":"product","link":"https:\/\/www.manluenpack.com\/fr\/products\/lateral-cake-slice-plastic-wedge-container-wl-a07\/","title":{"rendered":"R\u00e9cipient en plastique pour tranches de g\u00e2teau lat\u00e9ral WL-A07"},"content":{"rendered":"<p>Notre r\u00e9cipient en forme de coin pr\u00e9sente des dimensions con\u00e7ues avec pr\u00e9cision pour les tranches de g\u00e2teau. La structure angulaire unique berce parfaitement chaque portion, emp\u00eachant toute d\u00e9formation tout en pr\u00e9servant l'attrait visuel. La profondeur \u00e9tudi\u00e9e garantit un placement s\u00fbr sans glissement.<\/p>\n<ul>\n<li>Type d'emballage<br \/>\nBo\u00eete en carton<\/li>\n<li>Couleur<br \/>\nNoir&amp;Transparent<\/li>\n<li>Quantit\u00e9 par carton<br \/>\n? ensembles<\/li>\n<li>Mat\u00e9riau<br \/>\nCouvercle:?;Base : ?<\/li>\n<li>Capacit\u00e9 d'une seule unit\u00e9<br \/>\n? m\u00e8tres cubes<\/li>\n<\/ul>\n<h3><strong><b>Emballage et livraison<\/b><\/strong><\/h3>\n<p>Chaque conteneur WL-A07 est emball\u00e9 individuellement dans un film protecteur de qualit\u00e9 alimentaire, avec des s\u00e9parateurs en carton ondul\u00e9 anti-\u00e9crasement et des cartons kraft robustes \u00e0 5 plis comportant des avertissements relatifs \u00e0 l'humidit\u00e9 et aux chocs. Conformes aux normes de fret maritime et a\u00e9rien, toutes les exp\u00e9ditions sont accompagn\u00e9es de rapports de qualit\u00e9 et de certifications de s\u00e9curit\u00e9 alimentaire pour une conformit\u00e9 garantie.<\/p>\n<h3><strong><b>Sc\u00e9narios d'utilisation<\/b><\/strong><\/h3>\n<p>Ultral\u00e9ger mais durable, ce r\u00e9cipient se transporte sans effort lors des r\u00e9unions de famille, des pique-niques ou des ateliers de p\u00e2tisserie. Id\u00e9al pour un usage quotidien, les c\u00e9l\u00e9brations, les boulangeries et les caf\u00e9s - il rehausse la pr\u00e9sentation des g\u00e2teaux tout en prot\u00e9geant les tranches d\u00e9licates.<\/p>\n<h3><strong><b>Avantages de la conception \u00a0<\/b><\/strong><\/h3>\n<ul>\n<li>Profil cun\u00e9iforme ergonomique : Le profil des tranches est pr\u00e9cis pour \u00e9viter la compression<\/li>\n<li>Base stabilis\u00e9e : Les fondations renforc\u00e9es supportent les parties les plus lourdes sans basculer.<\/li>\n<li>Structure \u00e9tudi\u00e9e : Associe la l\u00e9g\u00e8ret\u00e9 \u00e0 un soutien fiable<\/li>\n<\/ul>\n<h3><strong><b>Durable et recyclable \u00a0<\/b><\/strong><\/h3>\n<p>Fabriqu\u00e9s \u00e0 partir de mat\u00e9riaux robustes qui r\u00e9sistent \u00e0 une utilisation quotidienne tout en \u00e9tant enti\u00e8rement recyclables, ils soutiennent les pratiques durables sans compromettre les performances.<\/p>\n<h3><strong><b>Excellence des mat\u00e9riaux de qualit\u00e9 alimentaire<\/b><\/strong><\/h3>\n<p>Fabriqu\u00e9 \u00e0 partir de mat\u00e9riaux PET\/PP de premi\u00e8re qualit\u00e9, non toxiques, inodores et stables \u00e0 la temp\u00e9rature. L'int\u00e9grit\u00e9 chimique est maintenue m\u00eame en cas de contact prolong\u00e9 avec les aliments, ce qui garantit une s\u00e9curit\u00e9 absolue.<\/p>\n<h3><strong><b>Clart\u00e9 optique et pr\u00e9servation <\/b><\/strong><\/h3>\n<p>Les parois cristallines mettent en valeur les d\u00e9tails des tranches de fa\u00e7on app\u00e9tissante, tandis que le joint herm\u00e9tique conserve la fra\u00eecheur en emp\u00eachant l'exposition \u00e0 l'air et la perte d'humidit\u00e9.<\/p>","protected":false},"excerpt":{"rendered":"<p>Notre r\u00e9cipient en forme de coin pr\u00e9sente des dimensions con\u00e7ues avec pr\u00e9cision pour les tranches de g\u00e2teau. La structure angulaire unique berce parfaitement chaque portion, emp\u00eachant toute d\u00e9formation tout en pr\u00e9servant l'attrait visuel. La profondeur \u00e9tudi\u00e9e garantit un placement s\u00fbr sans glissement.<\/p>","protected":false},"featured_media":130,"template":"","meta":{"_uag_custom_page_level_css":""},"product_brand":[],"product_cat":[128],"product_tag":[140],"class_list":{"0":"post-1912","1":"product","2":"type-product","3":"status-publish","4":"has-post-thumbnail","6":"product_cat-cake-containers","7":"product_tag-cake-container","9":"first","10":"instock","11":"shipping-taxable","12":"purchasable","13":"product-type-simple"},"spectra_custom_meta":{"rank_math_internal_links_processed":["1","1","1","1","1","1","1","1","1","1","1","1","1","1","1","1","1","1","1","1","1","1","1","1","1","1","1","1","1","1","1","1","1","1","1","1","1","1","1","1","1","1","1","1","1","1","1","1","1","1","1","1","1","1","1","1","1","1","1","1","1","1","1","1","1","1","1","1","1","1","1","1","1","1","1","1","1","1","1","1","1","1","1","1"],"_sku":["WL-A07"],"_regular_price":["1"],"total_sales":["0"],"_tax_status":["taxable"],"_tax_class":[""],"_manage_stock":["no"],"_backorders":["no"],"_sold_individually":["no"],"_virtual":["no"],"_downloadable":["no"],"_product_image_gallery":["1703,1711,1710,1709,1708,1707,1706,1705"],"_download_limit":["0"],"_download_expiry":["0"],"_thumbnail_id":["130"],"_stock":[null],"_stock_status":["instock"],"_wc_average_rating":["0"],"_wc_review_count":["0"],"_product_attributes":["a:2:{s:9:\"item-size\";a:6:{s:4:\"name\";s:9:\"Item Size\";s:5:\"value\";s:7:\"?*?*?mm\";s:8:\"position\";i:0;s:10:\"is_visible\";i:1;s:12:\"is_variation\";i:0;s:11:\"is_taxonomy\";i:0;}s:7:\"qty-ctn\";a:6:{s:4:\"name\";s:7:\"QTY\/CTN\";s:5:\"value\";s:1:\"?\";s:8:\"position\";i:1;s:10:\"is_visible\";i:1;s:12:\"is_variation\";i:0;s:11:\"is_taxonomy\";i:0;}}"],"_product_version":["9.4.2"],"_price":["1"],"_wp_old_date":["2024-11-26"],"rank_math_analytic_object_id":["24"],"classic-editor-remember":["classic-editor"],"rank_math_seo_score":["16"],"rank_math_contentai_score":["a:5:{s:8:\"keywords\";s:5:\"74.51\";s:9:\"wordCount\";s:1:\"0\";s:9:\"linkCount\";s:1:\"0\";s:12:\"headingCount\";s:1:\"0\";s:10:\"mediaCount\";s:1:\"0\";}"],"_jet_woo_template":[""],"_template_type":["default"],"rank_math_primary_product_cat":["128"],"_ywraq_hide_quote_button_check":[""],"_ywraq_hide_quote_button":["0"],"_edit_lock":["1746797511:1"],"_edit_last":["1"],"_uag_css_file_name":["uag-css-1912.css"],"_uag_page_assets":["a:9:{s:3:\"css\";s:0:\"\";s:2:\"js\";s:0:\"\";s:18:\"current_block_list\";a:6:{i:0;s:10:\"core\/group\";i:1;s:12:\"core\/heading\";i:2;s:17:\"core\/latest-posts\";i:3;s:20:\"core\/latest-comments\";i:4;s:13:\"core\/archives\";i:5;s:15:\"core\/categories\";}s:8:\"uag_flag\";b:0;s:11:\"uag_version\";i:1777279032;s:6:\"gfonts\";a:0:{}s:10:\"gfonts_url\";s:0:\"\";s:12:\"gfonts_files\";a:0:{}s:14:\"uag_faq_layout\";b:0;}"]},"uagb_featured_image_src":{"full":["https:\/\/www.manluenpack.com\/wp-content\/uploads\/2024\/11\/transparent-cake-box-1.jpg",1000,1000,false],"thumbnail":["https:\/\/www.manluenpack.com\/wp-content\/uploads\/2024\/11\/transparent-cake-box-1.jpg",150,150,false],"medium":["https:\/\/www.manluenpack.com\/wp-content\/uploads\/2024\/11\/transparent-cake-box-1.jpg",300,300,false],"medium_large":["https:\/\/www.manluenpack.com\/wp-content\/uploads\/2024\/11\/transparent-cake-box-1.jpg",768,768,false],"large":["https:\/\/www.manluenpack.com\/wp-content\/uploads\/2024\/11\/transparent-cake-box-1.jpg",1000,1000,false],"1536x1536":["https:\/\/www.manluenpack.com\/wp-content\/uploads\/2024\/11\/transparent-cake-box-1.jpg",1000,1000,false],"2048x2048":["https:\/\/www.manluenpack.com\/wp-content\/uploads\/2024\/11\/transparent-cake-box-1.jpg",1000,1000,false],"trp-custom-language-flag":["https:\/\/www.manluenpack.com\/wp-content\/uploads\/2024\/11\/transparent-cake-box-1.jpg",12,12,false],"menu-24x24":["https:\/\/www.manluenpack.com\/wp-content\/uploads\/2024\/11\/transparent-cake-box-1.jpg",24,24,false],"menu-36x36":["https:\/\/www.manluenpack.com\/wp-content\/uploads\/2024\/11\/transparent-cake-box-1.jpg",36,36,false],"menu-48x48":["https:\/\/www.manluenpack.com\/wp-content\/uploads\/2024\/11\/transparent-cake-box-1.jpg",48,48,false],"woocommerce_thumbnail":["https:\/\/www.manluenpack.com\/wp-content\/uploads\/2024\/11\/transparent-cake-box-1.jpg",300,300,false],"woocommerce_single":["https:\/\/www.manluenpack.com\/wp-content\/uploads\/2024\/11\/transparent-cake-box-1.jpg",600,600,false],"woocommerce_gallery_thumbnail":["https:\/\/www.manluenpack.com\/wp-content\/uploads\/2024\/11\/transparent-cake-box-1.jpg",100,100,false]},"uagb_author_info":{"display_name":"ManLuenpack","author_link":"https:\/\/www.manluenpack.com\/fr\/author\/"},"uagb_comment_info":0,"uagb_excerpt":"Our Wedge-shaped Container features precision-engineered dimensions specifically for cake slices. The unique angled structure perfectly cradles each portion, preventing deformation while maintaining visual appeal. Thoughtful depth ensures secure placement without&hellip;","_links":{"self":[{"href":"https:\/\/www.manluenpack.com\/fr\/wp-json\/wp\/v2\/product\/1912","targetHints":{"allow":["GET"]}}],"collection":[{"href":"https:\/\/www.manluenpack.com\/fr\/wp-json\/wp\/v2\/product"}],"about":[{"href":"https:\/\/www.manluenpack.com\/fr\/wp-json\/wp\/v2\/types\/product"}],"wp:featuredmedia":[{"embeddable":true,"href":"https:\/\/www.manluenpack.com\/fr\/wp-json\/wp\/v2\/media\/130"}],"wp:attachment":[{"href":"https:\/\/www.manluenpack.com\/fr\/wp-json\/wp\/v2\/media?parent=1912"}],"wp:term":[{"taxonomy":"product_brand","embeddable":true,"href":"https:\/\/www.manluenpack.com\/fr\/wp-json\/wp\/v2\/product_brand?post=1912"},{"taxonomy":"product_cat","embeddable":true,"href":"https:\/\/www.manluenpack.com\/fr\/wp-json\/wp\/v2\/product_cat?post=1912"},{"taxonomy":"product_tag","embeddable":true,"href":"https:\/\/www.manluenpack.com\/fr\/wp-json\/wp\/v2\/product_tag?post=1912"}],"curies":[{"name":"wp","href":"https:\/\/api.w.org\/{rel}","templated":true}]}}