{"id":1910,"date":"2025-05-09T21:31:10","date_gmt":"2025-05-09T13:31:10","guid":{"rendered":"https:\/\/www.manluenpack.com\/?post_type=product&#038;p=1910"},"modified":"2025-06-19T13:54:18","modified_gmt":"2025-06-19T05:54:18","slug":"cake-roll-container-wl-a08","status":"publish","type":"product","link":"https:\/\/www.manluenpack.com\/fr\/products\/cake-roll-container-wl-a08\/","title":{"rendered":"R\u00e9cipient pour rouleaux de g\u00e2teaux WL-A08"},"content":{"rendered":"<p>Le r\u00e9cipient pour rouleaux de g\u00e2teaux WL-A08 pr\u00e9sente une capacit\u00e9 bien proportionn\u00e9e, sp\u00e9cialement con\u00e7ue pour les rouleaux de g\u00e2teaux. Qu'il s'agisse d'un rouleau \u00e0 la g\u00e9noise classique, d'un rouleau fourr\u00e9 \u00e0 la cr\u00e8me ou de saveurs innovantes telles que la confiture ou la barbe \u00e0 papa, ce conteneur peut facilement les accueillir. La structure a \u00e9t\u00e9 con\u00e7ue pour s'adapter \u00e0 la forme incurv\u00e9e des petits pains, ce qui garantit leur s\u00e9curit\u00e9 et leur aspect visuel \u00e0 l'int\u00e9rieur. Sa construction solide et ses mat\u00e9riaux de qualit\u00e9 supportent le poids du rouleau tout en pr\u00e9servant son moelleux et son go\u00fbt d'origine.<\/p>\n<ul>\n<li>Type d'emballage<br \/>\nBo\u00eete en carton<\/li>\n<li>Couleur<br \/>\nNoir&amp;Transparent<\/li>\n<li>Quantit\u00e9 par carton<br \/>\n? ensembles<\/li>\n<li>Mat\u00e9riau<br \/>\nCouvercle:?;Base : ?<\/li>\n<li>Capacit\u00e9 d'une seule unit\u00e9<br \/>\n? m\u00e8tres cubes<\/li>\n<\/ul>\n<h3><strong><b>Emballage et livraison<\/b><\/strong><\/h3>\n<p>Chaque conteneur WL-A08 est scell\u00e9 individuellement avec un film PE de qualit\u00e9 alimentaire, offrant une protection contre la poussi\u00e8re et l'humidit\u00e9. \u00c0 l'int\u00e9rieur du carton, un rembourrage personnalis\u00e9 en mousse EVA assure une fixation s\u00fbre pendant le transport, minimisant ainsi les dommages caus\u00e9s par les chocs et les vibrations. L'emballage ext\u00e9rieur utilise des bo\u00eetes en carton ondul\u00e9 double couche tr\u00e8s r\u00e9sistantes, adapt\u00e9es au transport terrestre et a\u00e9rien. Chaque envoi est accompagn\u00e9 d'un certificat d'inspection de la qualit\u00e9 et d'une documentation sur la conformit\u00e9 aux normes alimentaires, ce qui garantit une livraison s\u00fbre et fiable.<\/p>\n<h3><strong><b>Sc\u00e9narios d'utilisation<\/b><\/strong><\/h3>\n<p>Solution d'emballage d\u00e9di\u00e9e aux petits pains, le WL-A08 ne se contente pas de prot\u00e9ger l'aliment, il en am\u00e9liore \u00e9galement la pr\u00e9sentation g\u00e9n\u00e9rale. Largement utilis\u00e9 dans les cuisines familiales, les r\u00e9unions entre amis, les f\u00eates de fin d'ann\u00e9e, les boulangeries et les caf\u00e9s, ce contenant l\u00e9ger est facile \u00e0 transporter et \u00e0 manipuler. Qu'il s'agisse de f\u00eates de famille, de pique-niques en plein air ou d'ateliers de p\u00e2tisserie, il se transporte sans effort et vous permet de d\u00e9guster de d\u00e9licieux g\u00e2teaux roul\u00e9s \u00e0 tout moment et en tout lieu.<\/p>\n<h3><strong><b>Avantages de la conception \u00a0<\/b><\/strong><\/h3>\n<p>Con\u00e7u en fonction de la courbure unique des rouleaux de g\u00e2teaux, le WL-A08 s'adapte parfaitement, r\u00e9duisant l'espace int\u00e9rieur et pr\u00e9servant la propret\u00e9. La structure du fond est solide et stable, supportant efficacement le poids du conteneur et de son contenu, \u00e9vitant ainsi les dommages caus\u00e9s par les secousses ou les chocs lors de la manutention ou du transport. La s\u00e9curit\u00e9 et la stabilit\u00e9 sont ainsi assur\u00e9es \u00e0 chaque \u00e9tape, de l'exposition \u00e0 la livraison.<\/p>\n<h3><strong><b>Durable et recyclable<\/b><\/strong><\/h3>\n<p>Ce conteneur pour rouleaux de g\u00e2teaux est con\u00e7u pour durer. Fabriqu\u00e9 \u00e0 partir de mat\u00e9riaux durables, il peut r\u00e9sister \u00e0 l'usure quotidienne et \u00e0 la pression pendant l'utilisation. Plus important encore, le produit est recyclable, ce qui permet de r\u00e9duire l'impact sur l'environnement et de s'aligner sur les objectifs de d\u00e9veloppement durable.<\/p>\n<h3><strong><b>Transparence \u00e9lev\u00e9e<\/b><\/strong><\/h3>\n<p>La grande transparence permet aux consommateurs d'\u00e9valuer la fra\u00eecheur, la qualit\u00e9 et la quantit\u00e9 restante du rouleau de g\u00e2teau sans ouvrir le contenant, ce qui facilite la gestion et la planification de la consommation. En m\u00eame temps, l'aspect transparent transforme le contenant en un \u00e9l\u00e9ment d\u00e9coratif qui ajoute du charme \u00e0 la vie de tous les jours.<\/p>\n<h3><strong><b>Excellente performance d'\u00e9tanch\u00e9it\u00e9<\/b><\/strong><\/h3>\n<p>\u00c9quip\u00e9 d'un couvercle herm\u00e9tique, le conteneur s'ajuste parfaitement aux bords, bloquant efficacement l'air, l'humidit\u00e9 et les odeurs ext\u00e9rieures. Cela permet de maintenir la fra\u00eecheur et le niveau d'humidit\u00e9 id\u00e9al du rouleau de g\u00e2teau, ce qui prolonge consid\u00e9rablement sa dur\u00e9e de conservation.<\/p>\n<h3><strong><b>Mat\u00e9riau alimentaire de qualit\u00e9 sup\u00e9rieure<\/b><\/strong><\/h3>\n<p>Nous utilisons des mat\u00e9riaux PS de qualit\u00e9 alimentaire certifi\u00e9s au niveau international pour fabriquer le conteneur pour rouleaux de g\u00e2teaux WL-A08, ce qui garantit qu'il est non toxique, inodore et sans danger pour l'environnement. Ces mat\u00e9riaux offrent une excellente r\u00e9sistance \u00e0 la chaleur et au froid, ainsi qu'une stabilit\u00e9 chimique. M\u00eame apr\u00e8s un contact prolong\u00e9 avec les aliments, aucune substance nocive n'est lib\u00e9r\u00e9e, ce qui garantit une s\u00e9curit\u00e9 alimentaire totale pour vous et votre famille.<\/p>","protected":false},"excerpt":{"rendered":"<p>The WL-A08 Cake Roll Container\u00a0features a well-proportioned capacity, specifically designed for cake rolls. Whether it&#8217;s a classic sponge roll, cream-filled roll, or innovative flavors such as jam or pork floss,&hellip;<\/p>","protected":false},"featured_media":130,"template":"","meta":{"_uag_custom_page_level_css":""},"product_brand":[],"product_cat":[128],"product_tag":[140],"class_list":{"0":"post-1910","1":"product","2":"type-product","3":"status-publish","4":"has-post-thumbnail","6":"product_cat-cake-containers","7":"product_tag-cake-container","9":"first","10":"instock","11":"shipping-taxable","12":"purchasable","13":"product-type-simple"},"spectra_custom_meta":{"rank_math_internal_links_processed":["1","1","1","1","1","1","1","1","1","1","1","1","1","1","1","1","1","1","1","1","1","1","1","1","1","1","1","1","1","1","1","1","1","1","1","1","1","1","1","1","1","1","1","1","1","1","1","1","1","1","1","1","1","1","1","1","1","1","1","1","1","1","1","1","1","1","1","1","1","1","1","1","1","1","1","1","1","1","1","1","1","1","1"],"_sku":["WL-A08"],"_regular_price":["1"],"total_sales":["0"],"_tax_status":["taxable"],"_tax_class":[""],"_manage_stock":["no"],"_backorders":["no"],"_sold_individually":["no"],"_virtual":["no"],"_downloadable":["no"],"_product_image_gallery":["1703,1711,1710,1709,1708,1707,1706,1705"],"_download_limit":["0"],"_download_expiry":["0"],"_thumbnail_id":["130"],"_stock":[null],"_stock_status":["instock"],"_wc_average_rating":["0"],"_wc_review_count":["0"],"_product_attributes":["a:2:{s:9:\"item-size\";a:6:{s:4:\"name\";s:9:\"Item Size\";s:5:\"value\";s:7:\"?*?*?mm\";s:8:\"position\";i:0;s:10:\"is_visible\";i:1;s:12:\"is_variation\";i:0;s:11:\"is_taxonomy\";i:0;}s:7:\"qty-ctn\";a:6:{s:4:\"name\";s:7:\"QTY\/CTN\";s:5:\"value\";s:1:\"?\";s:8:\"position\";i:1;s:10:\"is_visible\";i:1;s:12:\"is_variation\";i:0;s:11:\"is_taxonomy\";i:0;}}"],"_product_version":["9.4.2"],"_price":["1"],"_wp_old_date":["2024-11-26"],"rank_math_analytic_object_id":["24"],"classic-editor-remember":["classic-editor"],"rank_math_seo_score":["11"],"rank_math_contentai_score":["a:5:{s:8:\"keywords\";s:5:\"74.51\";s:9:\"wordCount\";s:1:\"0\";s:9:\"linkCount\";s:1:\"0\";s:12:\"headingCount\";s:1:\"0\";s:10:\"mediaCount\";s:1:\"0\";}"],"_jet_woo_template":[""],"_template_type":["default"],"rank_math_primary_product_cat":["128"],"_ywraq_hide_quote_button_check":[""],"_ywraq_hide_quote_button":["0"],"_edit_lock":["1746797418:1"],"_edit_last":["1"],"_uag_css_file_name":["uag-css-1910.css"],"_uag_page_assets":["a:9:{s:3:\"css\";s:0:\"\";s:2:\"js\";s:0:\"\";s:18:\"current_block_list\";a:6:{i:0;s:10:\"core\/group\";i:1;s:12:\"core\/heading\";i:2;s:17:\"core\/latest-posts\";i:3;s:20:\"core\/latest-comments\";i:4;s:13:\"core\/archives\";i:5;s:15:\"core\/categories\";}s:8:\"uag_flag\";b:0;s:11:\"uag_version\";i:1777279032;s:6:\"gfonts\";a:0:{}s:10:\"gfonts_url\";s:0:\"\";s:12:\"gfonts_files\";a:0:{}s:14:\"uag_faq_layout\";b:0;}"]},"uagb_featured_image_src":{"full":["https:\/\/www.manluenpack.com\/wp-content\/uploads\/2024\/11\/transparent-cake-box-1.jpg",1000,1000,false],"thumbnail":["https:\/\/www.manluenpack.com\/wp-content\/uploads\/2024\/11\/transparent-cake-box-1.jpg",150,150,false],"medium":["https:\/\/www.manluenpack.com\/wp-content\/uploads\/2024\/11\/transparent-cake-box-1.jpg",300,300,false],"medium_large":["https:\/\/www.manluenpack.com\/wp-content\/uploads\/2024\/11\/transparent-cake-box-1.jpg",768,768,false],"large":["https:\/\/www.manluenpack.com\/wp-content\/uploads\/2024\/11\/transparent-cake-box-1.jpg",1000,1000,false],"1536x1536":["https:\/\/www.manluenpack.com\/wp-content\/uploads\/2024\/11\/transparent-cake-box-1.jpg",1000,1000,false],"2048x2048":["https:\/\/www.manluenpack.com\/wp-content\/uploads\/2024\/11\/transparent-cake-box-1.jpg",1000,1000,false],"trp-custom-language-flag":["https:\/\/www.manluenpack.com\/wp-content\/uploads\/2024\/11\/transparent-cake-box-1.jpg",12,12,false],"menu-24x24":["https:\/\/www.manluenpack.com\/wp-content\/uploads\/2024\/11\/transparent-cake-box-1.jpg",24,24,false],"menu-36x36":["https:\/\/www.manluenpack.com\/wp-content\/uploads\/2024\/11\/transparent-cake-box-1.jpg",36,36,false],"menu-48x48":["https:\/\/www.manluenpack.com\/wp-content\/uploads\/2024\/11\/transparent-cake-box-1.jpg",48,48,false],"woocommerce_thumbnail":["https:\/\/www.manluenpack.com\/wp-content\/uploads\/2024\/11\/transparent-cake-box-1.jpg",300,300,false],"woocommerce_single":["https:\/\/www.manluenpack.com\/wp-content\/uploads\/2024\/11\/transparent-cake-box-1.jpg",600,600,false],"woocommerce_gallery_thumbnail":["https:\/\/www.manluenpack.com\/wp-content\/uploads\/2024\/11\/transparent-cake-box-1.jpg",100,100,false]},"uagb_author_info":{"display_name":"ManLuenpack","author_link":"https:\/\/www.manluenpack.com\/fr\/author\/"},"uagb_comment_info":0,"uagb_excerpt":"The WL-A08 Cake Roll Container\u00a0features a well-proportioned capacity, specifically designed for cake rolls. Whether it&#8217;s a classic sponge roll, cream-filled roll, or innovative flavors such as jam or pork floss,&hellip;","_links":{"self":[{"href":"https:\/\/www.manluenpack.com\/fr\/wp-json\/wp\/v2\/product\/1910","targetHints":{"allow":["GET"]}}],"collection":[{"href":"https:\/\/www.manluenpack.com\/fr\/wp-json\/wp\/v2\/product"}],"about":[{"href":"https:\/\/www.manluenpack.com\/fr\/wp-json\/wp\/v2\/types\/product"}],"wp:featuredmedia":[{"embeddable":true,"href":"https:\/\/www.manluenpack.com\/fr\/wp-json\/wp\/v2\/media\/130"}],"wp:attachment":[{"href":"https:\/\/www.manluenpack.com\/fr\/wp-json\/wp\/v2\/media?parent=1910"}],"wp:term":[{"taxonomy":"product_brand","embeddable":true,"href":"https:\/\/www.manluenpack.com\/fr\/wp-json\/wp\/v2\/product_brand?post=1910"},{"taxonomy":"product_cat","embeddable":true,"href":"https:\/\/www.manluenpack.com\/fr\/wp-json\/wp\/v2\/product_cat?post=1910"},{"taxonomy":"product_tag","embeddable":true,"href":"https:\/\/www.manluenpack.com\/fr\/wp-json\/wp\/v2\/product_tag?post=1910"}],"curies":[{"name":"wp","href":"https:\/\/api.w.org\/{rel}","templated":true}]}}