{"id":1908,"date":"2025-05-09T21:29:07","date_gmt":"2025-05-09T13:29:07","guid":{"rendered":"https:\/\/www.manluenpack.com\/?post_type=product&#038;p=1908"},"modified":"2025-06-19T14:12:31","modified_gmt":"2025-06-19T06:12:31","slug":"10-inch-disposable-plastic-cake-container-wl-a09","status":"publish","type":"product","link":"https:\/\/www.manluenpack.com\/fr\/products\/10-inch-disposable-plastic-cake-container-wl-a09\/","title":{"rendered":"R\u00e9cipient en plastique jetable de 10 pouces pour g\u00e2teaux WL-A09"},"content":{"rendered":"<p>Ce r\u00e9cipient jetable pour g\u00e2teaux de 10 pouces pr\u00e9sente une capacit\u00e9 optimale et des dimensions sp\u00e9cialement con\u00e7ues pour les g\u00e2teaux de taille standard. Sa profondeur mod\u00e9r\u00e9e permet d'accueillir parfaitement les g\u00e2teaux ronds et carr\u00e9s de 10 pouces, tout en pr\u00e9servant la qualit\u00e9 de la pr\u00e9sentation et en facilitant le partage.<\/p>\n<ul>\n<li>Type d'emballage<br \/>\nBo\u00eete en carton<\/li>\n<li>Couleur<br \/>\nNoir&amp;Transparent<\/li>\n<li>Quantit\u00e9 par carton<br \/>\n? ensembles<\/li>\n<li>Mat\u00e9riau<br \/>\nCouvercle:?;Base : ?<\/li>\n<li>Capacit\u00e9 d'une seule unit\u00e9<br \/>\n? m\u00e8tres cubes<\/li>\n<\/ul>\n<h3><strong><b>Emballage et livraison<\/b><\/strong><\/h3>\n<p>Chaque conteneur WL-A09 est emball\u00e9 individuellement dans des sacs anti-poussi\u00e8re en PP de qualit\u00e9 alimentaire avec des intercalaires en carton alv\u00e9ol\u00e9 pour une protection contre l'\u00e9crasement pendant le transport. Les cartons d'exp\u00e9dition sont dot\u00e9s d'une double paroi ondul\u00e9e renforc\u00e9e et d'avertissements relatifs \u00e0 la pression et \u00e0 l'humidit\u00e9. Conformes aux normes logistiques mondiales, toutes les livraisons sont accompagn\u00e9es d'un certificat de s\u00e9curit\u00e9 alimentaire pour une assurance qualit\u00e9 de bout en bout.<\/p>\n<h3><strong><b>Sc\u00e9narios d'utilisation<\/b><\/strong><\/h3>\n<p>En tant qu'emballage d\u00e9di\u00e9 aux g\u00e2teaux, il prot\u00e8ge le contenu de la contamination tout en am\u00e9liorant l'attrait visuel. Parfait pour les anniversaires, les mariages, les \u00e9v\u00e9nements d'entreprise, les r\u00e9unions de famille et les applications commerciales, il allie portabilit\u00e9 et pr\u00e9sentation \u00e9l\u00e9gante.<\/p>\n<h3><strong><b>Avantages de la conception \u00a0<\/b><\/strong><\/h3>\n<ul>\n<li>Options de formes polyvalentes : S'adapte \u00e0 divers besoins en mati\u00e8re de style<\/li>\n<li>Base renforc\u00e9e : Stabilise le poids du g\u00e2teau pendant le transport<\/li>\n<li>Structure r\u00e9sistante aux chocs : Pr\u00e9vient les dommages caus\u00e9s par les mouvements<\/li>\n<\/ul>\n<h3><strong><b>Clart\u00e9 optique et pr\u00e9servation \u00a0<\/b><\/strong><\/h3>\n<p>Le mat\u00e9riau transparent met en valeur les d\u00e9corations de g\u00e2teaux de mani\u00e8re app\u00e9tissante, tandis que le couvercle herm\u00e9tique maintient des niveaux de fra\u00eecheur et d'humidit\u00e9 optimaux.<\/p>\n<h3><strong><b>Excellence des mat\u00e9riaux de qualit\u00e9 alimentaire <\/b><\/strong><\/h3>\n<p>Fabriqu\u00e9 avec des mat\u00e9riaux OPS de premi\u00e8re qualit\u00e9, inodores, non toxiques et respectueux de l'environnement. Les composants en PP offrent une r\u00e9sistance fiable \u00e0 la chaleur et au froid ainsi qu'une stabilit\u00e9 chimique, garantissant la s\u00e9curit\u00e9 alimentaire \u00e0 des temp\u00e9ratures extr\u00eames.<\/p>\n<h3><strong><b>Durable et recyclable<\/b><\/strong><\/h3>\n<p>Bien que jetable, sa construction robuste r\u00e9siste aux manipulations habituelles. Enti\u00e8rement recyclable pour soutenir les initiatives de d\u00e9veloppement durable.<\/p>","protected":false},"excerpt":{"rendered":"<p>This 10-inch disposable cake container features optimal capacity and dimensions specifically engineered for standard-sized cakes. Its moderate depth perfectly accommodates both round and square 10-inch cakes while preserving presentation quality&hellip;<\/p>","protected":false},"featured_media":130,"template":"","meta":{"_uag_custom_page_level_css":""},"product_brand":[],"product_cat":[128],"product_tag":[140],"class_list":{"0":"post-1908","1":"product","2":"type-product","3":"status-publish","4":"has-post-thumbnail","6":"product_cat-cake-containers","7":"product_tag-cake-container","9":"first","10":"instock","11":"featured","12":"shipping-taxable","13":"purchasable","14":"product-type-simple"},"spectra_custom_meta":{"rank_math_internal_links_processed":["1","1","1","1","1","1","1","1","1","1","1","1","1","1","1","1","1","1","1","1","1","1","1","1","1","1","1","1","1","1","1","1","1","1","1","1","1","1","1","1","1","1","1","1","1","1","1","1","1","1","1","1","1","1","1","1","1","1","1","1","1","1","1","1","1","1","1","1","1","1","1","1","1","1","1","1","1","1","1","1","1","1"],"_sku":["WL-A09"],"_regular_price":["1"],"total_sales":["0"],"_tax_status":["taxable"],"_tax_class":[""],"_manage_stock":["no"],"_backorders":["no"],"_sold_individually":["no"],"_virtual":["no"],"_downloadable":["no"],"_product_image_gallery":["1703,1711,1710,1709,1708,1707,1706,1705"],"_download_limit":["0"],"_download_expiry":["0"],"_thumbnail_id":["130"],"_stock":[null],"_stock_status":["instock"],"_wc_average_rating":["0"],"_wc_review_count":["0"],"_product_attributes":["a:2:{s:9:\"item-size\";a:6:{s:4:\"name\";s:9:\"Item Size\";s:5:\"value\";s:7:\"?*?*?mm\";s:8:\"position\";i:0;s:10:\"is_visible\";i:1;s:12:\"is_variation\";i:0;s:11:\"is_taxonomy\";i:0;}s:7:\"qty-ctn\";a:6:{s:4:\"name\";s:7:\"QTY\/CTN\";s:5:\"value\";s:1:\"?\";s:8:\"position\";i:1;s:10:\"is_visible\";i:1;s:12:\"is_variation\";i:0;s:11:\"is_taxonomy\";i:0;}}"],"_product_version":["9.4.2"],"_price":["1"],"_wp_old_date":["2024-11-26"],"rank_math_analytic_object_id":["24"],"classic-editor-remember":["classic-editor"],"rank_math_seo_score":["11"],"rank_math_contentai_score":["a:5:{s:8:\"keywords\";s:5:\"74.51\";s:9:\"wordCount\";s:1:\"0\";s:9:\"linkCount\";s:1:\"0\";s:12:\"headingCount\";s:1:\"0\";s:10:\"mediaCount\";s:1:\"0\";}"],"_jet_woo_template":[""],"_template_type":["default"],"rank_math_primary_product_cat":["128"],"_ywraq_hide_quote_button_check":[""],"_ywraq_hide_quote_button":["0"],"_edit_lock":["1759642034:1"],"_edit_last":["1"],"_uag_css_file_name":["uag-css-1908.css"],"_uag_page_assets":["a:9:{s:3:\"css\";s:0:\"\";s:2:\"js\";s:0:\"\";s:18:\"current_block_list\";a:6:{i:0;s:10:\"core\/group\";i:1;s:12:\"core\/heading\";i:2;s:17:\"core\/latest-posts\";i:3;s:20:\"core\/latest-comments\";i:4;s:13:\"core\/archives\";i:5;s:15:\"core\/categories\";}s:8:\"uag_flag\";b:0;s:11:\"uag_version\";i:1777284937;s:6:\"gfonts\";a:0:{}s:10:\"gfonts_url\";s:0:\"\";s:12:\"gfonts_files\";a:0:{}s:14:\"uag_faq_layout\";b:0;}"]},"uagb_featured_image_src":{"full":["https:\/\/www.manluenpack.com\/wp-content\/uploads\/2024\/11\/transparent-cake-box-1.jpg",1000,1000,false],"thumbnail":["https:\/\/www.manluenpack.com\/wp-content\/uploads\/2024\/11\/transparent-cake-box-1.jpg",150,150,false],"medium":["https:\/\/www.manluenpack.com\/wp-content\/uploads\/2024\/11\/transparent-cake-box-1.jpg",300,300,false],"medium_large":["https:\/\/www.manluenpack.com\/wp-content\/uploads\/2024\/11\/transparent-cake-box-1.jpg",768,768,false],"large":["https:\/\/www.manluenpack.com\/wp-content\/uploads\/2024\/11\/transparent-cake-box-1.jpg",1000,1000,false],"1536x1536":["https:\/\/www.manluenpack.com\/wp-content\/uploads\/2024\/11\/transparent-cake-box-1.jpg",1000,1000,false],"2048x2048":["https:\/\/www.manluenpack.com\/wp-content\/uploads\/2024\/11\/transparent-cake-box-1.jpg",1000,1000,false],"trp-custom-language-flag":["https:\/\/www.manluenpack.com\/wp-content\/uploads\/2024\/11\/transparent-cake-box-1.jpg",12,12,false],"menu-24x24":["https:\/\/www.manluenpack.com\/wp-content\/uploads\/2024\/11\/transparent-cake-box-1.jpg",24,24,false],"menu-36x36":["https:\/\/www.manluenpack.com\/wp-content\/uploads\/2024\/11\/transparent-cake-box-1.jpg",36,36,false],"menu-48x48":["https:\/\/www.manluenpack.com\/wp-content\/uploads\/2024\/11\/transparent-cake-box-1.jpg",48,48,false],"woocommerce_thumbnail":["https:\/\/www.manluenpack.com\/wp-content\/uploads\/2024\/11\/transparent-cake-box-1.jpg",300,300,false],"woocommerce_single":["https:\/\/www.manluenpack.com\/wp-content\/uploads\/2024\/11\/transparent-cake-box-1.jpg",600,600,false],"woocommerce_gallery_thumbnail":["https:\/\/www.manluenpack.com\/wp-content\/uploads\/2024\/11\/transparent-cake-box-1.jpg",100,100,false]},"uagb_author_info":{"display_name":"ManLuenpack","author_link":"https:\/\/www.manluenpack.com\/fr\/author\/"},"uagb_comment_info":0,"uagb_excerpt":"This 10-inch disposable cake container features optimal capacity and dimensions specifically engineered for standard-sized cakes. Its moderate depth perfectly accommodates both round and square 10-inch cakes while preserving presentation quality&hellip;","_links":{"self":[{"href":"https:\/\/www.manluenpack.com\/fr\/wp-json\/wp\/v2\/product\/1908","targetHints":{"allow":["GET"]}}],"collection":[{"href":"https:\/\/www.manluenpack.com\/fr\/wp-json\/wp\/v2\/product"}],"about":[{"href":"https:\/\/www.manluenpack.com\/fr\/wp-json\/wp\/v2\/types\/product"}],"wp:featuredmedia":[{"embeddable":true,"href":"https:\/\/www.manluenpack.com\/fr\/wp-json\/wp\/v2\/media\/130"}],"wp:attachment":[{"href":"https:\/\/www.manluenpack.com\/fr\/wp-json\/wp\/v2\/media?parent=1908"}],"wp:term":[{"taxonomy":"product_brand","embeddable":true,"href":"https:\/\/www.manluenpack.com\/fr\/wp-json\/wp\/v2\/product_brand?post=1908"},{"taxonomy":"product_cat","embeddable":true,"href":"https:\/\/www.manluenpack.com\/fr\/wp-json\/wp\/v2\/product_cat?post=1908"},{"taxonomy":"product_tag","embeddable":true,"href":"https:\/\/www.manluenpack.com\/fr\/wp-json\/wp\/v2\/product_tag?post=1908"}],"curies":[{"name":"wp","href":"https:\/\/api.w.org\/{rel}","templated":true}]}}