{"id":1899,"date":"2025-05-09T21:21:03","date_gmt":"2025-05-09T13:21:03","guid":{"rendered":"https:\/\/www.manluenpack.com\/?post_type=product&#038;p=1899"},"modified":"2025-06-19T13:58:56","modified_gmt":"2025-06-19T05:58:56","slug":"square-cake-container-wl-a01-2","status":"publish","type":"product","link":"https:\/\/www.manluenpack.com\/fr\/products\/square-cake-container-wl-a01-2\/","title":{"rendered":"Bo\u00eete \u00e0 g\u00e2teaux carr\u00e9e WL-A01"},"content":{"rendered":"<p>Notre r\u00e9cipient pour g\u00e2teaux carr\u00e9s offre plusieurs options de taille standard, depuis les portions individuelles jusqu'aux mod\u00e8les de grande capacit\u00e9 adapt\u00e9s aux rassemblements familiaux, r\u00e9pondant ainsi \u00e0 diverses occasions et besoins. Sa capacit\u00e9 pr\u00e9cise est adapt\u00e9e au transport de tous les types de g\u00e2teaux carr\u00e9s, y compris, mais sans s'y limiter, les g\u00e9noises, les g\u00e2teaux au fromage, les mousses, le tiramisu et bien d'autres encore. La structure robuste et le mat\u00e9riau de haute qualit\u00e9 garantissent un support stable pour le poids du g\u00e2teau, en pr\u00e9servant sa forme et en alliant gourmandise et esth\u00e9tique.<\/p>\n<ul>\n<li>Type d'emballage<br \/>\nBo\u00eete en carton<\/li>\n<li>Couleur<br \/>\nNoir&amp;Transparent<\/li>\n<li>Quantit\u00e9 par carton<br \/>\n? ensembles<\/li>\n<li>Mat\u00e9riau<br \/>\nCouvercle:?;Base : ?<\/li>\n<li>Capacit\u00e9 d'une seule unit\u00e9<br \/>\n? m\u00e8tres cubes<\/li>\n<\/ul>\n<h3><strong><b>Emballage et livraison<\/b><\/strong><\/h3>\n<p>La bo\u00eete \u00e0 g\u00e2teaux carr\u00e9e WL-A01 se caract\u00e9rise par un emballage soign\u00e9, avec un syst\u00e8me de pliage int\u00e9gr\u00e9 pour la bo\u00eete et le couvercle, ce qui permet de gagner de l'espace et de faciliter le transport et le stockage en vrac. Sa structure robuste r\u00e9siste \u00e0 la compression et aux chocs, garantissant que les g\u00e2teaux restent intacts pendant la livraison. Pr\u00eat \u00e0 l'emploi d\u00e8s le d\u00e9ballage, il constitue une solution simple mais efficace, offrant une exp\u00e9rience professionnelle et fiable pour vos cr\u00e9ations p\u00e2tissi\u00e8res.<\/p>\n<h3><strong><b>Sc\u00e9narios d'utilisation<\/b><\/strong><\/h3>\n<p>Fabriqu\u00e9 \u00e0 partir de mat\u00e9riaux l\u00e9gers, ce r\u00e9cipient est facile \u00e0 transporter, ce qui le rend id\u00e9al pour les r\u00e9unions de famille, les pique-niques en plein air ou les \u00e9v\u00e9nements professionnels, alliant sans peine commodit\u00e9 et plaisir culinaire. Largement adapt\u00e9 aux f\u00eates d'anniversaire, aux c\u00e9l\u00e9brations de mariage, aux caf\u00e9s, aux plats \u00e0 emporter dans les restaurants, aux ateliers de p\u00e2tisserie et \u00e0 l'usage domestique quotidien, c'est le choix id\u00e9al pour mettre en valeur l'art du g\u00e2teau et partager de douces b\u00e9n\u00e9dictions.<\/p>\n<h3><strong><b>Avantages de la conception<\/b><\/strong><\/h3>\n<ul>\n<li>Forme \u00e9l\u00e9gante et moderne : Le design carr\u00e9 respire la simplicit\u00e9 et l'\u00e9l\u00e9gance, avec des lignes douces qui s'int\u00e8grent aussi bien dans les maisons modernes que dans les espaces commerciaux.<\/li>\n<li>Bords raffin\u00e9s : Les bords m\u00e9ticuleusement polis \u00e9vitent les blessures aux mains et am\u00e9liorent le confort de l'utilisateur.<\/li>\n<li>Base renforc\u00e9e : La base \u00e9paissie offre une capacit\u00e9 de charge suppl\u00e9mentaire, assurant la stabilit\u00e9 m\u00eame avec des g\u00e2teaux plus lourds et les prot\u00e9geant des dommages.<\/li>\n<\/ul>\n<h3><strong><b>Haute transparence et \u00e9tanch\u00e9it\u00e9<\/b><\/strong><\/h3>\n<p>Le couvercle \u00e0 haute transparence met en valeur la couleur et la d\u00e9coration du g\u00e2teau, ce qui stimule l'app\u00e9tit. Le couvercle bien ferm\u00e9 emp\u00eache efficacement l'exposition \u00e0 l'air, pr\u00e9servant ainsi la fra\u00eecheur et la saveur du g\u00e2teau.<\/p>","protected":false},"excerpt":{"rendered":"<p>Our Square Cake Container\u00a0offers multiple standard size options, from individual portions to large-capacity designs suitable for family gatherings, catering to various occasions and needs. Its precise capacity is tailored for&hellip;<\/p>","protected":false},"featured_media":130,"template":"","meta":{"_uag_custom_page_level_css":""},"product_brand":[],"product_cat":[128],"product_tag":[140],"class_list":{"0":"post-1899","1":"product","2":"type-product","3":"status-publish","4":"has-post-thumbnail","6":"product_cat-cake-containers","7":"product_tag-cake-container","9":"first","10":"instock","11":"shipping-taxable","12":"purchasable","13":"product-type-simple"},"spectra_custom_meta":{"rank_math_internal_links_processed":["1","1","1","1","1","1","1","1","1","1","1","1","1","1","1","1","1","1","1","1","1","1","1","1","1","1","1","1","1","1","1","1","1","1","1","1","1","1","1","1","1","1","1","1","1","1","1","1","1","1","1","1","1","1","1","1","1","1","1","1","1","1","1","1","1","1","1","1","1","1","1","1","1","1","1","1","1"],"_sku":["WL-A01"],"_regular_price":["1"],"total_sales":["0"],"_tax_status":["taxable"],"_tax_class":[""],"_manage_stock":["no"],"_backorders":["no"],"_sold_individually":["no"],"_virtual":["no"],"_downloadable":["no"],"_product_image_gallery":["1703,1711,1710,1709,1708,1707,1706,1705"],"_download_limit":["0"],"_download_expiry":["0"],"_thumbnail_id":["130"],"_stock":[null],"_stock_status":["instock"],"_wc_average_rating":["0"],"_wc_review_count":["0"],"_product_attributes":["a:2:{s:9:\"item-size\";a:6:{s:4:\"name\";s:9:\"Item Size\";s:5:\"value\";s:7:\"?*?*?mm\";s:8:\"position\";i:0;s:10:\"is_visible\";i:1;s:12:\"is_variation\";i:0;s:11:\"is_taxonomy\";i:0;}s:7:\"qty-ctn\";a:6:{s:4:\"name\";s:7:\"QTY\/CTN\";s:5:\"value\";s:1:\"?\";s:8:\"position\";i:1;s:10:\"is_visible\";i:1;s:12:\"is_variation\";i:0;s:11:\"is_taxonomy\";i:0;}}"],"_product_version":["9.4.2"],"_price":["1"],"_wp_old_date":["2024-11-26"],"rank_math_analytic_object_id":["24"],"classic-editor-remember":["classic-editor"],"rank_math_seo_score":["11"],"rank_math_contentai_score":["a:5:{s:8:\"keywords\";s:5:\"74.51\";s:9:\"wordCount\";s:1:\"0\";s:9:\"linkCount\";s:1:\"0\";s:12:\"headingCount\";s:1:\"0\";s:10:\"mediaCount\";s:1:\"0\";}"],"_jet_woo_template":[""],"_template_type":["default"],"rank_math_primary_product_cat":["128"],"_ywraq_hide_quote_button_check":[""],"_ywraq_hide_quote_button":["0"],"_edit_lock":["1746796828:1"],"_edit_last":["1"],"_uag_css_file_name":["uag-css-1899.css"],"_uag_page_assets":["a:9:{s:3:\"css\";s:0:\"\";s:2:\"js\";s:0:\"\";s:18:\"current_block_list\";a:6:{i:0;s:10:\"core\/group\";i:1;s:12:\"core\/heading\";i:2;s:17:\"core\/latest-posts\";i:3;s:20:\"core\/latest-comments\";i:4;s:13:\"core\/archives\";i:5;s:15:\"core\/categories\";}s:8:\"uag_flag\";b:0;s:11:\"uag_version\";i:1777279032;s:6:\"gfonts\";a:0:{}s:10:\"gfonts_url\";s:0:\"\";s:12:\"gfonts_files\";a:0:{}s:14:\"uag_faq_layout\";b:0;}"]},"uagb_featured_image_src":{"full":["https:\/\/www.manluenpack.com\/wp-content\/uploads\/2024\/11\/transparent-cake-box-1.jpg",1000,1000,false],"thumbnail":["https:\/\/www.manluenpack.com\/wp-content\/uploads\/2024\/11\/transparent-cake-box-1.jpg",150,150,false],"medium":["https:\/\/www.manluenpack.com\/wp-content\/uploads\/2024\/11\/transparent-cake-box-1.jpg",300,300,false],"medium_large":["https:\/\/www.manluenpack.com\/wp-content\/uploads\/2024\/11\/transparent-cake-box-1.jpg",768,768,false],"large":["https:\/\/www.manluenpack.com\/wp-content\/uploads\/2024\/11\/transparent-cake-box-1.jpg",1000,1000,false],"1536x1536":["https:\/\/www.manluenpack.com\/wp-content\/uploads\/2024\/11\/transparent-cake-box-1.jpg",1000,1000,false],"2048x2048":["https:\/\/www.manluenpack.com\/wp-content\/uploads\/2024\/11\/transparent-cake-box-1.jpg",1000,1000,false],"trp-custom-language-flag":["https:\/\/www.manluenpack.com\/wp-content\/uploads\/2024\/11\/transparent-cake-box-1.jpg",12,12,false],"menu-24x24":["https:\/\/www.manluenpack.com\/wp-content\/uploads\/2024\/11\/transparent-cake-box-1.jpg",24,24,false],"menu-36x36":["https:\/\/www.manluenpack.com\/wp-content\/uploads\/2024\/11\/transparent-cake-box-1.jpg",36,36,false],"menu-48x48":["https:\/\/www.manluenpack.com\/wp-content\/uploads\/2024\/11\/transparent-cake-box-1.jpg",48,48,false],"woocommerce_thumbnail":["https:\/\/www.manluenpack.com\/wp-content\/uploads\/2024\/11\/transparent-cake-box-1.jpg",300,300,false],"woocommerce_single":["https:\/\/www.manluenpack.com\/wp-content\/uploads\/2024\/11\/transparent-cake-box-1.jpg",600,600,false],"woocommerce_gallery_thumbnail":["https:\/\/www.manluenpack.com\/wp-content\/uploads\/2024\/11\/transparent-cake-box-1.jpg",100,100,false]},"uagb_author_info":{"display_name":"ManLuenpack","author_link":"https:\/\/www.manluenpack.com\/fr\/author\/"},"uagb_comment_info":0,"uagb_excerpt":"Our Square Cake Container\u00a0offers multiple standard size options, from individual portions to large-capacity designs suitable for family gatherings, catering to various occasions and needs. Its precise capacity is tailored for&hellip;","_links":{"self":[{"href":"https:\/\/www.manluenpack.com\/fr\/wp-json\/wp\/v2\/product\/1899","targetHints":{"allow":["GET"]}}],"collection":[{"href":"https:\/\/www.manluenpack.com\/fr\/wp-json\/wp\/v2\/product"}],"about":[{"href":"https:\/\/www.manluenpack.com\/fr\/wp-json\/wp\/v2\/types\/product"}],"wp:featuredmedia":[{"embeddable":true,"href":"https:\/\/www.manluenpack.com\/fr\/wp-json\/wp\/v2\/media\/130"}],"wp:attachment":[{"href":"https:\/\/www.manluenpack.com\/fr\/wp-json\/wp\/v2\/media?parent=1899"}],"wp:term":[{"taxonomy":"product_brand","embeddable":true,"href":"https:\/\/www.manluenpack.com\/fr\/wp-json\/wp\/v2\/product_brand?post=1899"},{"taxonomy":"product_cat","embeddable":true,"href":"https:\/\/www.manluenpack.com\/fr\/wp-json\/wp\/v2\/product_cat?post=1899"},{"taxonomy":"product_tag","embeddable":true,"href":"https:\/\/www.manluenpack.com\/fr\/wp-json\/wp\/v2\/product_tag?post=1899"}],"curies":[{"name":"wp","href":"https:\/\/api.w.org\/{rel}","templated":true}]}}