{"id":1897,"date":"2025-05-09T21:14:28","date_gmt":"2025-05-09T13:14:28","guid":{"rendered":"https:\/\/www.manluenpack.com\/?post_type=product&#038;p=1897"},"modified":"2025-06-19T13:54:22","modified_gmt":"2025-06-19T05:54:22","slug":"square-cake-container-wl-a01","status":"publish","type":"product","link":"https:\/\/www.manluenpack.com\/fr\/products\/square-cake-container-wl-a01\/","title":{"rendered":"R\u00e9cipient en plastique jetable pour tranches de g\u00e2teaux WL-A10"},"content":{"rendered":"<p>Ce r\u00e9cipient en plastique pour tranches de g\u00e2teaux a \u00e9t\u00e9 con\u00e7u pour accueillir des tranches de g\u00e2teaux de taille standard. Sa capacit\u00e9 bien proportionn\u00e9e permet de conserver la forme du g\u00e2teau sans l'\u00e9craser, tout en pr\u00e9servant sa fra\u00eecheur et son aspect visuel. Adapt\u00e9 non seulement aux g\u00e2teaux, mais aussi aux p\u00e2tisseries, aux desserts et aux repas l\u00e9gers, ce r\u00e9cipient permet de conserver vos friandises dans des conditions optimales, qu'il s'agisse d'un g\u00e2teau mousseline moelleux, d'un g\u00e2teau \u00e0 la cr\u00e8me sucr\u00e9, de macarons d\u00e9licats ou de biscuits.<\/p>\n<ul>\n<li>Type d'emballage<br \/>\nBo\u00eete en carton<\/li>\n<li>Couleur<br \/>\nTransparent<\/li>\n<li>Quantit\u00e9 par carton<br \/>\n?ensembles<\/li>\n<li>Mat\u00e9riau<br \/>\nCouvercle:?;Base : ?<\/li>\n<li>Capacit\u00e9 d'une seule unit\u00e9<br \/>\n? m\u00e8tres cubes<\/li>\n<\/ul>\n<h3><strong><b>Emballage et livraison<\/b><\/strong><\/h3>\n<p>Chaque conteneur WL-A10 est fabriqu\u00e9 \u00e0 partir d'un mat\u00e9riau PET de qualit\u00e9 alimentaire et emball\u00e9 individuellement dans un film antistatique transparent pour garantir la propret\u00e9 et la protection contre la poussi\u00e8re. Les conteneurs sont soigneusement rang\u00e9s \u00e0 l'int\u00e9rieur avec un rembourrage protecteur en coton perl\u00e9 et emball\u00e9s dans des bo\u00eetes en carton ondul\u00e9 solides \u00e0 cinq couches, adapt\u00e9es \u00e0 la livraison express ou \u00e0 l'exp\u00e9dition en vrac. Chaque exp\u00e9dition est accompagn\u00e9e de la certification SGS Food Contact Safety, qui garantit que chaque produit arrive en parfait \u00e9tat, conform\u00e9ment \u00e0 des normes d'emballage rigoureuses.<\/p>\n<h3><strong><b>Sc\u00e9narios d'utilisation<\/b><\/strong><\/h3>\n<p>Con\u00e7u avec des mat\u00e9riaux l\u00e9gers, le r\u00e9cipient pour tranches de g\u00e2teau est facile \u00e0 transporter et pratique pour diverses occasions. Qu'il s'agisse d'une r\u00e9union de famille, d'un pique-nique en plein air ou d'un moment de partage au bureau, vous pouvez d\u00e9guster de d\u00e9licieuses friandises \u00e0 tout moment et en tout lieu. Largement utilis\u00e9 dans les cuisines familiales, les boulangeries, les caf\u00e9s et les restaurants, ce r\u00e9cipient sert \u00e0 la fois de solution de stockage quotidienne et de bo\u00eete \u00e0 emporter id\u00e9ale, mettant en valeur son charme et sa valeur dans de multiples contextes.<\/p>\n<h3><strong><b>Mat\u00e9riau alimentaire de haute qualit\u00e9<\/b><\/strong><\/h3>\n<p>Nous comprenons l'importance de la s\u00e9curit\u00e9 alimentaire, c'est pourquoi le corps principal de ce conteneur est fabriqu\u00e9 \u00e0 partir d'un mat\u00e9riau PP de qualit\u00e9 alimentaire sup\u00e9rieure. Non toxique, inodore et exempt de produits chimiques nocifs, il est enti\u00e8rement conforme aux normes internationales de s\u00e9curit\u00e9 en mati\u00e8re de contact alimentaire, ce qui vous permet, \u00e0 vous et \u00e0 votre famille, d'avoir l'esprit tranquille.<\/p>\n<h3><strong><b>Durable et \u00e9cologique<\/b><\/strong><\/h3>\n<p>Fabriqu\u00e9 \u00e0 partir de mat\u00e9riaux de haute qualit\u00e9, ce conteneur est non seulement robuste et r\u00e9sistant aux chocs mineurs et aux frottements lors d'une utilisation quotidienne, mais il est \u00e9galement recyclable apr\u00e8s sa dur\u00e9e de vie, s'alignant ainsi sur les principes \u00e9cologiques et contribuant \u00e0 r\u00e9duire l'impact sur l'environnement.<\/p>\n<h3><strong><b>Haute transparence et \u00e9tanch\u00e9it\u00e9<\/b><\/strong><\/h3>\n<p>La conception transparente vous permet de v\u00e9rifier facilement l'\u00e9tat des aliments \u00e0 l'int\u00e9rieur sans ouvrir le couvercle, ce qui vous aide \u00e0 contr\u00f4ler la fra\u00eecheur en un coup d'\u0153il. Associ\u00e9 \u00e0 un couvercle herm\u00e9tique, il bloque efficacement l'air, l'humidit\u00e9 et les odeurs, pr\u00e9servant ainsi la saveur et la fra\u00eecheur originales de vos aliments.<\/p>\n<h3><strong><b>Avantages de la conception \u00a0<\/b><\/strong><\/h3>\n<p>Le r\u00e9cipient pour tranches de g\u00e2teaux WL-A10 pr\u00e9sente une forme triangulaire simple et \u00e9l\u00e9gante qui s'int\u00e8gre parfaitement \u00e0 l'esth\u00e9tique moderne. Les bords sont soigneusement polis pour garantir leur douceur et \u00e9viter les blessures aux mains ou les dommages aux aliments. Le fond est dot\u00e9 d'un design antid\u00e9rapant sp\u00e9cial, garantissant un positionnement stable, m\u00eame sur des surfaces lisses, et \u00e9vitant les renversements et les d\u00e9versements.<\/p>","protected":false},"excerpt":{"rendered":"<p>This Plastic Cake Slice Container\u00a0is thoughtfully designed to perfectly fit standard-sized cake slices. Its well-proportioned capacity ensures the shape of the cake remains intact without being crushed, while maintaining freshness&hellip;<\/p>","protected":false},"featured_media":130,"template":"","meta":{"_uag_custom_page_level_css":""},"product_brand":[],"product_cat":[128],"product_tag":[140],"class_list":{"0":"post-1897","1":"product","2":"type-product","3":"status-publish","4":"has-post-thumbnail","6":"product_cat-cake-containers","7":"product_tag-cake-container","9":"first","10":"instock","11":"shipping-taxable","12":"purchasable","13":"product-type-simple"},"spectra_custom_meta":{"rank_math_internal_links_processed":["1","1","1","1","1","1","1","1","1","1","1","1","1","1","1","1","1","1","1","1","1","1","1","1","1","1","1","1","1","1","1","1","1","1","1","1","1","1","1","1","1","1","1","1","1","1","1","1","1","1","1","1","1","1","1","1","1","1","1","1","1","1","1","1","1","1","1","1","1","1","1","1","1","1","1","1"],"_sku":["WL-A10"],"_regular_price":["1"],"total_sales":["0"],"_tax_status":["taxable"],"_tax_class":[""],"_manage_stock":["no"],"_backorders":["no"],"_sold_individually":["no"],"_virtual":["no"],"_downloadable":["no"],"_product_image_gallery":["1703,1711,1710,1709,1708,1707,1706,1705"],"_download_limit":["0"],"_download_expiry":["0"],"_thumbnail_id":["130"],"_stock":[null],"_stock_status":["instock"],"_wc_average_rating":["0"],"_wc_review_count":["0"],"_product_attributes":["a:2:{s:9:\"item-size\";a:6:{s:4:\"name\";s:9:\"Item Size\";s:5:\"value\";s:7:\"?*?*?mm\";s:8:\"position\";i:0;s:10:\"is_visible\";i:1;s:12:\"is_variation\";i:0;s:11:\"is_taxonomy\";i:0;}s:7:\"qty-ctn\";a:6:{s:4:\"name\";s:7:\"QTY\/CTN\";s:5:\"value\";s:1:\"?\";s:8:\"position\";i:1;s:10:\"is_visible\";i:1;s:12:\"is_variation\";i:0;s:11:\"is_taxonomy\";i:0;}}"],"_product_version":["9.4.2"],"_price":["1"],"_wp_old_date":["2024-11-26"],"rank_math_analytic_object_id":["24"],"classic-editor-remember":["classic-editor"],"rank_math_seo_score":["15"],"rank_math_contentai_score":["a:5:{s:8:\"keywords\";s:5:\"74.51\";s:9:\"wordCount\";s:1:\"0\";s:9:\"linkCount\";s:1:\"0\";s:12:\"headingCount\";s:1:\"0\";s:10:\"mediaCount\";s:1:\"0\";}"],"_jet_woo_template":[""],"_template_type":["default"],"rank_math_primary_product_cat":["128"],"_ywraq_hide_quote_button_check":[""],"_ywraq_hide_quote_button":["0"],"_edit_lock":["1746796720:1"],"_edit_last":["1"],"_uag_css_file_name":["uag-css-1897.css"],"_uag_page_assets":["a:9:{s:3:\"css\";s:0:\"\";s:2:\"js\";s:0:\"\";s:18:\"current_block_list\";a:6:{i:0;s:10:\"core\/group\";i:1;s:12:\"core\/heading\";i:2;s:17:\"core\/latest-posts\";i:3;s:20:\"core\/latest-comments\";i:4;s:13:\"core\/archives\";i:5;s:15:\"core\/categories\";}s:8:\"uag_flag\";b:0;s:11:\"uag_version\";i:1777383755;s:6:\"gfonts\";a:0:{}s:10:\"gfonts_url\";s:0:\"\";s:12:\"gfonts_files\";a:0:{}s:14:\"uag_faq_layout\";b:0;}"]},"uagb_featured_image_src":{"full":["https:\/\/www.manluenpack.com\/wp-content\/uploads\/2024\/11\/transparent-cake-box-1.jpg",1000,1000,false],"thumbnail":["https:\/\/www.manluenpack.com\/wp-content\/uploads\/2024\/11\/transparent-cake-box-1.jpg",150,150,false],"medium":["https:\/\/www.manluenpack.com\/wp-content\/uploads\/2024\/11\/transparent-cake-box-1.jpg",300,300,false],"medium_large":["https:\/\/www.manluenpack.com\/wp-content\/uploads\/2024\/11\/transparent-cake-box-1.jpg",768,768,false],"large":["https:\/\/www.manluenpack.com\/wp-content\/uploads\/2024\/11\/transparent-cake-box-1.jpg",1000,1000,false],"1536x1536":["https:\/\/www.manluenpack.com\/wp-content\/uploads\/2024\/11\/transparent-cake-box-1.jpg",1000,1000,false],"2048x2048":["https:\/\/www.manluenpack.com\/wp-content\/uploads\/2024\/11\/transparent-cake-box-1.jpg",1000,1000,false],"trp-custom-language-flag":["https:\/\/www.manluenpack.com\/wp-content\/uploads\/2024\/11\/transparent-cake-box-1.jpg",12,12,false],"menu-24x24":["https:\/\/www.manluenpack.com\/wp-content\/uploads\/2024\/11\/transparent-cake-box-1.jpg",24,24,false],"menu-36x36":["https:\/\/www.manluenpack.com\/wp-content\/uploads\/2024\/11\/transparent-cake-box-1.jpg",36,36,false],"menu-48x48":["https:\/\/www.manluenpack.com\/wp-content\/uploads\/2024\/11\/transparent-cake-box-1.jpg",48,48,false],"woocommerce_thumbnail":["https:\/\/www.manluenpack.com\/wp-content\/uploads\/2024\/11\/transparent-cake-box-1.jpg",300,300,false],"woocommerce_single":["https:\/\/www.manluenpack.com\/wp-content\/uploads\/2024\/11\/transparent-cake-box-1.jpg",600,600,false],"woocommerce_gallery_thumbnail":["https:\/\/www.manluenpack.com\/wp-content\/uploads\/2024\/11\/transparent-cake-box-1.jpg",100,100,false]},"uagb_author_info":{"display_name":"ManLuenpack","author_link":"https:\/\/www.manluenpack.com\/fr\/author\/"},"uagb_comment_info":0,"uagb_excerpt":"This Plastic Cake Slice Container\u00a0is thoughtfully designed to perfectly fit standard-sized cake slices. Its well-proportioned capacity ensures the shape of the cake remains intact without being crushed, while maintaining freshness&hellip;","_links":{"self":[{"href":"https:\/\/www.manluenpack.com\/fr\/wp-json\/wp\/v2\/product\/1897","targetHints":{"allow":["GET"]}}],"collection":[{"href":"https:\/\/www.manluenpack.com\/fr\/wp-json\/wp\/v2\/product"}],"about":[{"href":"https:\/\/www.manluenpack.com\/fr\/wp-json\/wp\/v2\/types\/product"}],"wp:featuredmedia":[{"embeddable":true,"href":"https:\/\/www.manluenpack.com\/fr\/wp-json\/wp\/v2\/media\/130"}],"wp:attachment":[{"href":"https:\/\/www.manluenpack.com\/fr\/wp-json\/wp\/v2\/media?parent=1897"}],"wp:term":[{"taxonomy":"product_brand","embeddable":true,"href":"https:\/\/www.manluenpack.com\/fr\/wp-json\/wp\/v2\/product_brand?post=1897"},{"taxonomy":"product_cat","embeddable":true,"href":"https:\/\/www.manluenpack.com\/fr\/wp-json\/wp\/v2\/product_cat?post=1897"},{"taxonomy":"product_tag","embeddable":true,"href":"https:\/\/www.manluenpack.com\/fr\/wp-json\/wp\/v2\/product_tag?post=1897"}],"curies":[{"name":"wp","href":"https:\/\/api.w.org\/{rel}","templated":true}]}}