{"id":1895,"date":"2025-05-09T21:02:43","date_gmt":"2025-05-09T13:02:43","guid":{"rendered":"https:\/\/www.manluenpack.com\/?post_type=product&#038;p=1895"},"modified":"2025-06-19T13:55:01","modified_gmt":"2025-06-19T05:55:01","slug":"sheet-cake-container-wl-a02","status":"publish","type":"product","link":"https:\/\/www.manluenpack.com\/fr\/products\/sheet-cake-container-wl-a02\/","title":{"rendered":"R\u00e9cipient pour feuilles de g\u00e2teaux WL-A02"},"content":{"rendered":"<p>Notre conteneur pour g\u00e2teaux en feuilles offre des options de taille polyvalentes pour accommoder diff\u00e9rentes dimensions de g\u00e2teaux en feuilles ou de biscuits. Sa conception pr\u00e9cise garantit un stockage ordonn\u00e9 et organis\u00e9 des aliments, ce qui permet d'\u00e9conomiser de l'espace tout en simplifiant la gestion. Id\u00e9al pour contenir des feuilles de g\u00e2teaux, des biscuits, des tranches de dessert, des rouleaux de g\u00e2teau et d'autres p\u00e2tisseries l\u00e9g\u00e8res, sa structure et ses mat\u00e9riaux robustes offrent un support stable pour maintenir l'int\u00e9grit\u00e9 des aliments, ce qui permet de les servir et de les partager sans effort.<\/p>\n<ul>\n<li>Type d'emballage<br \/>\nBo\u00eete en carton<\/li>\n<li>Couleur<br \/>\nNoir&amp;Transparent<\/li>\n<li>Quantit\u00e9 par carton<br \/>\n?ensembles<\/li>\n<li>Mat\u00e9riau<br \/>\nCouvercle:?;Base : ?<\/li>\n<li>Capacit\u00e9 d'une seule unit\u00e9<br \/>\n? m\u00e8tres cubes<\/li>\n<\/ul>\n<h3><strong><b>Emballage et livraison<\/b><\/strong><\/h3>\n<p>La bo\u00eete \u00e0 g\u00e2teaux WL-A02 est un emballage compact et ordonn\u00e9, \u00e0 la fois l\u00e9ger et robuste, avec un design empil\u00e9 peu encombrant pour un transport et un stockage efficaces. La fen\u00eatre transparente et le m\u00e9canisme de fermeture s\u00e9curis\u00e9 garantissent une livraison s\u00fbre tout en mettant en valeur les couches \u00e9l\u00e9gantes du g\u00e2teau. Pr\u00eat \u00e0 l'emploi d\u00e8s le d\u00e9ballage, son style minimaliste mais raffin\u00e9 ajoute professionnalisme et chaleur \u00e0 chaque gourmandise.<\/p>\n<h3><strong><b>Sc\u00e9narios d'utilisation<\/b><\/strong><\/h3>\n<p>Fabriqu\u00e9 \u00e0 partir de mat\u00e9riaux l\u00e9gers, ce r\u00e9cipient est parfait pour une utilisation nomade, que ce soit lors de pique-niques, de r\u00e9unions de famille ou d'ateliers de p\u00e2tisserie. Il convient parfaitement aux boulangeries, aux caf\u00e9s, aux magasins de desserts, aux plats \u00e0 emporter dans les restaurants et \u00e0 l'usage domestique. Excellent choix pour pr\u00e9senter les g\u00e2teaux et les biscuits, il est \u00e9galement indispensable pour les c\u00e9l\u00e9brations festives et les f\u00eates d'anniversaire.<\/p>\n<h3><strong><b>Avantages de la conception \u00a0<\/b><\/strong><\/h3>\n<ul>\n<li>Forme \u00e9l\u00e9gante et moderne : Le profil mince s'aligne sur l'esth\u00e9tique contemporaine, avec des bords lisses pour une prise en main confortable et une exp\u00e9rience utilisateur am\u00e9lior\u00e9e.<\/li>\n<li>Base solide : Malgr\u00e9 sa l\u00e9g\u00e8ret\u00e9, le fond renforc\u00e9 assure la stabilit\u00e9 de l'appareil, \u00e9vitant qu'il ne vacille, m\u00eame lorsqu'il est enti\u00e8rement charg\u00e9.<\/li>\n<\/ul>\n<h3><strong><b>Haute transparence et \u00e9tanch\u00e9it\u00e9<\/b><\/strong><\/h3>\n<p>Le mat\u00e9riau cristallin offre une visibilit\u00e9 totale du contenu, captivant les clients d'un seul coup d'\u0153il. Associ\u00e9 \u00e0 un couvercle bien ajust\u00e9, il bloque efficacement l'air pour pr\u00e9server la fra\u00eecheur et la saveur.<\/p>","protected":false},"excerpt":{"rendered":"<p>Our Sheet Cake Container\u00a0offers versatile sizing options to accommodate different dimensions of sheet cakes or cookies. Its precise design ensures neat and organized food storage, saving space while simplifying management.&hellip;<\/p>","protected":false},"featured_media":130,"template":"","meta":{"_uag_custom_page_level_css":""},"product_brand":[],"product_cat":[128],"product_tag":[140],"class_list":{"0":"post-1895","1":"product","2":"type-product","3":"status-publish","4":"has-post-thumbnail","6":"product_cat-cake-containers","7":"product_tag-cake-container","9":"first","10":"instock","11":"shipping-taxable","12":"purchasable","13":"product-type-simple"},"spectra_custom_meta":{"rank_math_internal_links_processed":["1","1","1","1","1","1","1","1","1","1","1","1","1","1","1","1","1","1","1","1","1","1","1","1","1","1","1","1","1","1","1","1","1","1","1","1","1","1","1","1","1","1","1","1","1","1","1","1","1","1","1","1","1","1","1","1","1","1","1","1","1","1","1","1","1","1","1","1","1","1","1","1","1","1","1"],"_sku":["WL-A02"],"_regular_price":["1"],"total_sales":["0"],"_tax_status":["taxable"],"_tax_class":[""],"_manage_stock":["no"],"_backorders":["no"],"_sold_individually":["no"],"_virtual":["no"],"_downloadable":["no"],"_product_image_gallery":["1703,1711,1710,1709,1708,1707,1706,1705"],"_download_limit":["0"],"_download_expiry":["0"],"_thumbnail_id":["130"],"_stock":[null],"_stock_status":["instock"],"_wc_average_rating":["0"],"_wc_review_count":["0"],"_product_attributes":["a:2:{s:9:\"item-size\";a:6:{s:4:\"name\";s:9:\"Item Size\";s:5:\"value\";s:7:\"?*?*?mm\";s:8:\"position\";i:0;s:10:\"is_visible\";i:1;s:12:\"is_variation\";i:0;s:11:\"is_taxonomy\";i:0;}s:7:\"qty-ctn\";a:6:{s:4:\"name\";s:7:\"QTY\/CTN\";s:5:\"value\";s:1:\"?\";s:8:\"position\";i:1;s:10:\"is_visible\";i:1;s:12:\"is_variation\";i:0;s:11:\"is_taxonomy\";i:0;}}"],"_product_version":["9.4.2"],"_price":["1"],"_wp_old_date":["2024-11-26"],"rank_math_analytic_object_id":["24"],"classic-editor-remember":["classic-editor"],"rank_math_seo_score":["10"],"rank_math_contentai_score":["a:5:{s:8:\"keywords\";s:5:\"74.51\";s:9:\"wordCount\";s:1:\"0\";s:9:\"linkCount\";s:1:\"0\";s:12:\"headingCount\";s:1:\"0\";s:10:\"mediaCount\";s:1:\"0\";}"],"_jet_woo_template":[""],"_template_type":["default"],"rank_math_primary_product_cat":["128"],"_ywraq_hide_quote_button_check":[""],"_ywraq_hide_quote_button":["0"],"_edit_lock":["1746796325:1"],"_edit_last":["1"],"_uag_css_file_name":["uag-css-1895.css"],"_uag_page_assets":["a:9:{s:3:\"css\";s:263:\".uag-blocks-common-selector{z-index:var(--z-index-desktop) !important}@media (max-width: 976px){.uag-blocks-common-selector{z-index:var(--z-index-tablet) !important}}@media (max-width: 767px){.uag-blocks-common-selector{z-index:var(--z-index-mobile) !important}}\n\";s:2:\"js\";s:0:\"\";s:18:\"current_block_list\";a:6:{i:0;s:10:\"core\/group\";i:1;s:12:\"core\/heading\";i:2;s:17:\"core\/latest-posts\";i:3;s:20:\"core\/latest-comments\";i:4;s:13:\"core\/archives\";i:5;s:15:\"core\/categories\";}s:8:\"uag_flag\";b:0;s:11:\"uag_version\";i:1777281311;s:6:\"gfonts\";a:0:{}s:10:\"gfonts_url\";s:0:\"\";s:12:\"gfonts_files\";a:0:{}s:14:\"uag_faq_layout\";b:0;}"]},"uagb_featured_image_src":{"full":["https:\/\/www.manluenpack.com\/wp-content\/uploads\/2024\/11\/transparent-cake-box-1.jpg",1000,1000,false],"thumbnail":["https:\/\/www.manluenpack.com\/wp-content\/uploads\/2024\/11\/transparent-cake-box-1.jpg",150,150,false],"medium":["https:\/\/www.manluenpack.com\/wp-content\/uploads\/2024\/11\/transparent-cake-box-1.jpg",300,300,false],"medium_large":["https:\/\/www.manluenpack.com\/wp-content\/uploads\/2024\/11\/transparent-cake-box-1.jpg",768,768,false],"large":["https:\/\/www.manluenpack.com\/wp-content\/uploads\/2024\/11\/transparent-cake-box-1.jpg",1000,1000,false],"1536x1536":["https:\/\/www.manluenpack.com\/wp-content\/uploads\/2024\/11\/transparent-cake-box-1.jpg",1000,1000,false],"2048x2048":["https:\/\/www.manluenpack.com\/wp-content\/uploads\/2024\/11\/transparent-cake-box-1.jpg",1000,1000,false],"trp-custom-language-flag":["https:\/\/www.manluenpack.com\/wp-content\/uploads\/2024\/11\/transparent-cake-box-1.jpg",12,12,false],"menu-24x24":["https:\/\/www.manluenpack.com\/wp-content\/uploads\/2024\/11\/transparent-cake-box-1.jpg",24,24,false],"menu-36x36":["https:\/\/www.manluenpack.com\/wp-content\/uploads\/2024\/11\/transparent-cake-box-1.jpg",36,36,false],"menu-48x48":["https:\/\/www.manluenpack.com\/wp-content\/uploads\/2024\/11\/transparent-cake-box-1.jpg",48,48,false],"woocommerce_thumbnail":["https:\/\/www.manluenpack.com\/wp-content\/uploads\/2024\/11\/transparent-cake-box-1.jpg",300,300,false],"woocommerce_single":["https:\/\/www.manluenpack.com\/wp-content\/uploads\/2024\/11\/transparent-cake-box-1.jpg",600,600,false],"woocommerce_gallery_thumbnail":["https:\/\/www.manluenpack.com\/wp-content\/uploads\/2024\/11\/transparent-cake-box-1.jpg",100,100,false]},"uagb_author_info":{"display_name":"ManLuenpack","author_link":"https:\/\/www.manluenpack.com\/fr\/author\/"},"uagb_comment_info":0,"uagb_excerpt":"Our Sheet Cake Container\u00a0offers versatile sizing options to accommodate different dimensions of sheet cakes or cookies. Its precise design ensures neat and organized food storage, saving space while simplifying management.&hellip;","_links":{"self":[{"href":"https:\/\/www.manluenpack.com\/fr\/wp-json\/wp\/v2\/product\/1895","targetHints":{"allow":["GET"]}}],"collection":[{"href":"https:\/\/www.manluenpack.com\/fr\/wp-json\/wp\/v2\/product"}],"about":[{"href":"https:\/\/www.manluenpack.com\/fr\/wp-json\/wp\/v2\/types\/product"}],"wp:featuredmedia":[{"embeddable":true,"href":"https:\/\/www.manluenpack.com\/fr\/wp-json\/wp\/v2\/media\/130"}],"wp:attachment":[{"href":"https:\/\/www.manluenpack.com\/fr\/wp-json\/wp\/v2\/media?parent=1895"}],"wp:term":[{"taxonomy":"product_brand","embeddable":true,"href":"https:\/\/www.manluenpack.com\/fr\/wp-json\/wp\/v2\/product_brand?post=1895"},{"taxonomy":"product_cat","embeddable":true,"href":"https:\/\/www.manluenpack.com\/fr\/wp-json\/wp\/v2\/product_cat?post=1895"},{"taxonomy":"product_tag","embeddable":true,"href":"https:\/\/www.manluenpack.com\/fr\/wp-json\/wp\/v2\/product_tag?post=1895"}],"curies":[{"name":"wp","href":"https:\/\/api.w.org\/{rel}","templated":true}]}}