{"id":1889,"date":"2025-04-30T00:14:24","date_gmt":"2025-04-29T16:14:24","guid":{"rendered":"https:\/\/www.manluenpack.com\/?post_type=product&#038;p=1889"},"modified":"2025-08-11T13:35:30","modified_gmt":"2025-08-11T05:35:30","slug":"48-ounce-disposable-plastic-bowl-252-377","status":"publish","type":"product","link":"https:\/\/www.manluenpack.com\/fr\/products\/48-ounce-disposable-plastic-bowl-252-377\/","title":{"rendered":"Bol en plastique jetable de 48 onces 252-377"},"content":{"rendered":"<p>Ce bol en plastique jetable a une capacit\u00e9 de 48 onces, soit environ 1,42 litre, ce qui le rend id\u00e9al pour servir des repas copieux tels que des plats chauds, des entr\u00e9es de d\u00eener en famille ou des festins de barbecue en plein air. Son ouverture large facilite le service et le partage, am\u00e9liorant ainsi l'exp\u00e9rience culinaire. Fabriqu\u00e9 \u00e0 partir de mat\u00e9riaux de haute qualit\u00e9, ce bol peut contenir en toute s\u00e9curit\u00e9 une vari\u00e9t\u00e9 d'aliments chauds et froids, notamment des soupes, des rago\u00fbts, des salades, des fruits et des desserts, r\u00e9pondant ainsi \u00e0 divers besoins en mati\u00e8re de restauration.<\/p>\n<ul>\n<li>Type d'emballage<br \/>\nBo\u00eete en carton<\/li>\n<li>Couleur<br \/>\nNoir&amp;Transparent<\/li>\n<li>Quantit\u00e9 par carton<br \/>\n?ensembles<\/li>\n<li>Mat\u00e9riau<br \/>\nCouvercle:?;Base : ?<\/li>\n<li>Capacit\u00e9 d'une seule unit\u00e9<br \/>\n?m\u00e8tres cubes<\/li>\n<\/ul>\n<h3><strong><b>Emballage et livraison<\/b><\/strong><\/h3>\n<p>Le bol en plastique jetable de 48 onces (mod\u00e8le 252-377) allie un design minimaliste moderne \u00e0 une fonctionnalit\u00e9 pratique, ce qui permet de r\u00e9pondre \u00e0 une vari\u00e9t\u00e9 d'occasions. Chaque bol est scell\u00e9 individuellement pour garantir sa propret\u00e9 et sa protection pendant le transport. Pour les livraisons en vrac, des bo\u00eetes en carton respectueuses de l'environnement sont utilis\u00e9es, avec un empilage serr\u00e9 et un coussin de protection int\u00e9gr\u00e9 pour assurer la stabilit\u00e9 et la s\u00e9curit\u00e9 pendant le transport et le stockage. De l'emballage \u00e0 la livraison, chaque d\u00e9tail est soigneusement pris en compte pour vous offrir efficacit\u00e9 et assurance qualit\u00e9.<\/p>\n<h3><strong><b>Sc\u00e9narios d'utilisation<\/b><\/strong><\/h3>\n<p>Malgr\u00e9 sa grande capacit\u00e9, ce bol est fabriqu\u00e9 \u00e0 partir de mat\u00e9riaux l\u00e9gers, ce qui permet de le porter et de le transporter facilement. Qu'il s'agisse de r\u00e9unions de famille ou de pique-niques en plein air, il se manipule sans effort. Il convient parfaitement aux repas de famille, aux h\u00f4tels-restaurants, aux cha\u00eenes de restauration rapide, aux cantines scolaires, aux barbecues en plein air, etc. et r\u00e9pond \u00e0 la demande de vaisselle de grande capacit\u00e9 de divers groupes.<\/p>\n<h3><strong><b>R\u00e9sistant \u00e0 la temp\u00e9rature, s\u00fbr et facile \u00e0 nettoyer \u00a0<\/b><\/strong><\/h3>\n<p>Gr\u00e2ce \u00e0 des techniques de traitement sp\u00e9ciales, ce bol conserve sa l\u00e9g\u00e8ret\u00e9 tout en offrant une excellente durabilit\u00e9, capable de r\u00e9sister \u00e0 des chocs et \u00e0 des pressions mineures lors d'une utilisation quotidienne. En tant que produit recyclable, il soutient activement les initiatives environnementales, r\u00e9duisant ainsi l'impact sur l'environnement. Le bol peut supporter en toute s\u00e9curit\u00e9 une gamme de temp\u00e9ratures, r\u00e9sister \u00e0 la d\u00e9formation sous l'effet de la chaleur et \u00e0 la fissuration dans des conditions froides. Il est \u00e9galement facile \u00e0 nettoyer, que ce soit \u00e0 la main ou au lave-vaisselle, et permet d'\u00e9liminer efficacement les graisses et les r\u00e9sidus pour pr\u00e9server l'hygi\u00e8ne.<\/p>\n<h3><strong><b>Mat\u00e9riau alimentaire de qualit\u00e9 sup\u00e9rieure \u00a0<\/b><\/strong><\/h3>\n<p>Nous s\u00e9lectionnons rigoureusement des mat\u00e9riaux plastiques PP de qualit\u00e9 alimentaire conformes aux normes nationales de s\u00e9curit\u00e9 alimentaire, ce qui garantit que le produit est non toxique, inodore et r\u00e9sistant aux temp\u00e9ratures \u00e9lev\u00e9es et basses. Il ne lib\u00e8re pas de substances nocives lorsqu'il entre en contact avec les aliments, ce qui pr\u00e9serve votre sant\u00e9 et celle de votre famille.<\/p>\n<h3><strong><b>Avantages de la conception de formes \u00a0<\/b><\/strong><\/h3>\n<p>Notre bol \u00e0 soupe jetable en plastique est dot\u00e9 d'un large goulot et d'un bol profond, \u00e0 la fois esth\u00e9tique et tr\u00e8s fonctionnel, ce qui facilite le service et la d\u00e9gustation des aliments. Les bords sont finement polis pour une finition lisse et arrondie, \u00e9vitant ainsi les blessures aux mains. Une base sp\u00e9cialement renforc\u00e9e am\u00e9liore la stabilit\u00e9 du bol et sa capacit\u00e9 \u00e0 supporter le poids, garantissant qu'il reste stable m\u00eame lorsqu'il contient des aliments plus lourds, pour plus de s\u00e9curit\u00e9 et de confort pendant les repas.<\/p>","protected":false},"excerpt":{"rendered":"<p>This disposable plastic bowl has a capacity of 48 ounces, approximately 1.42 liters, making it ideal for serving hearty meals such as hot pot, family dinner entrees, or outdoor barbecue&hellip;<\/p>","protected":false},"featured_media":3845,"template":"","meta":{"_uag_custom_page_level_css":""},"product_brand":[],"product_cat":[15],"product_tag":[139],"class_list":{"0":"post-1889","1":"product","2":"type-product","3":"status-publish","4":"has-post-thumbnail","6":"product_cat-bowls","7":"product_tag-bowl","9":"first","10":"instock","11":"shipping-taxable","12":"purchasable","13":"product-type-simple"},"spectra_custom_meta":{"rank_math_internal_links_processed":["1","1","1","1","1","1","1","1","1","1","1","1","1","1","1","1","1","1","1","1","1","1","1","1","1","1","1","1","1","1","1","1","1","1","1","1","1","1","1","1","1","1","1","1","1","1","1","1","1","1","1","1","1","1","1","1","1","1","1","1","1","1","1","1","1","1","1","1","1","1","1","1","1","1","1","1","1","1","1","1","1"],"_sku":["252-377"],"_regular_price":["1"],"total_sales":["0"],"_tax_status":["taxable"],"_tax_class":[""],"_manage_stock":["no"],"_backorders":["no"],"_sold_individually":["no"],"_virtual":["no"],"_downloadable":["no"],"_product_image_gallery":["3849,3846,3847,3848,3850"],"_download_limit":["0"],"_download_expiry":["0"],"_stock":[null],"_stock_status":["instock"],"_wc_average_rating":["0"],"_wc_review_count":["0"],"_product_attributes":["a:2:{s:9:\"item-size\";a:6:{s:4:\"name\";s:9:\"Item Size\";s:5:\"value\";s:7:\"?*?*?mm\";s:8:\"position\";i:0;s:10:\"is_visible\";i:1;s:12:\"is_variation\";i:0;s:11:\"is_taxonomy\";i:0;}s:7:\"qty-ctn\";a:6:{s:4:\"name\";s:7:\"QTY\/CTN\";s:5:\"value\";s:1:\"?\";s:8:\"position\";i:1;s:10:\"is_visible\";i:1;s:12:\"is_variation\";i:0;s:11:\"is_taxonomy\";i:0;}}"],"_product_version":["9.4.2"],"_price":["1"],"_wp_old_date":["2024-11-26"],"rank_math_analytic_object_id":["24"],"classic-editor-remember":["classic-editor"],"rank_math_seo_score":["61"],"rank_math_contentai_score":["a:5:{s:8:\"keywords\";s:5:\"74.51\";s:9:\"wordCount\";s:1:\"0\";s:9:\"linkCount\";s:1:\"0\";s:12:\"headingCount\";s:1:\"0\";s:10:\"mediaCount\";s:1:\"0\";}"],"_jet_woo_template":[""],"_template_type":["default"],"rank_math_primary_product_cat":["15"],"_ywraq_hide_quote_button_check":[""],"_ywraq_hide_quote_button":["0"],"_edit_lock":["1754890407:1"],"_edit_last":["1"],"rank_math_focus_keyword":["Disposable Plastic Bowl"],"_thumbnail_id":["3845"],"_uag_css_file_name":["uag-css-1889.css"],"_uag_page_assets":["a:9:{s:3:\"css\";s:263:\".uag-blocks-common-selector{z-index:var(--z-index-desktop) !important}@media (max-width: 976px){.uag-blocks-common-selector{z-index:var(--z-index-tablet) !important}}@media (max-width: 767px){.uag-blocks-common-selector{z-index:var(--z-index-mobile) !important}}\n\";s:2:\"js\";s:0:\"\";s:18:\"current_block_list\";a:6:{i:0;s:10:\"core\/group\";i:1;s:12:\"core\/heading\";i:2;s:17:\"core\/latest-posts\";i:3;s:20:\"core\/latest-comments\";i:4;s:13:\"core\/archives\";i:5;s:15:\"core\/categories\";}s:8:\"uag_flag\";b:0;s:11:\"uag_version\";i:1777139220;s:6:\"gfonts\";a:0:{}s:10:\"gfonts_url\";s:0:\"\";s:12:\"gfonts_files\";a:0:{}s:14:\"uag_faq_layout\";b:0;}"]},"uagb_featured_image_src":{"full":["https:\/\/www.manluenpack.com\/wp-content\/uploads\/2025\/04\/WL-48-manluen-plastic-soup-bowls-1.jpg",1000,1000,false],"thumbnail":["https:\/\/www.manluenpack.com\/wp-content\/uploads\/2025\/04\/WL-48-manluen-plastic-soup-bowls-1.jpg",150,150,false],"medium":["https:\/\/www.manluenpack.com\/wp-content\/uploads\/2025\/04\/WL-48-manluen-plastic-soup-bowls-1.jpg",300,300,false],"medium_large":["https:\/\/www.manluenpack.com\/wp-content\/uploads\/2025\/04\/WL-48-manluen-plastic-soup-bowls-1.jpg",768,768,false],"large":["https:\/\/www.manluenpack.com\/wp-content\/uploads\/2025\/04\/WL-48-manluen-plastic-soup-bowls-1.jpg",1000,1000,false],"1536x1536":["https:\/\/www.manluenpack.com\/wp-content\/uploads\/2025\/04\/WL-48-manluen-plastic-soup-bowls-1.jpg",1000,1000,false],"2048x2048":["https:\/\/www.manluenpack.com\/wp-content\/uploads\/2025\/04\/WL-48-manluen-plastic-soup-bowls-1.jpg",1000,1000,false],"trp-custom-language-flag":["https:\/\/www.manluenpack.com\/wp-content\/uploads\/2025\/04\/WL-48-manluen-plastic-soup-bowls-1.jpg",12,12,false],"menu-24x24":["https:\/\/www.manluenpack.com\/wp-content\/uploads\/2025\/04\/WL-48-manluen-plastic-soup-bowls-1.jpg",24,24,false],"menu-36x36":["https:\/\/www.manluenpack.com\/wp-content\/uploads\/2025\/04\/WL-48-manluen-plastic-soup-bowls-1.jpg",36,36,false],"menu-48x48":["https:\/\/www.manluenpack.com\/wp-content\/uploads\/2025\/04\/WL-48-manluen-plastic-soup-bowls-1.jpg",48,48,false],"woocommerce_thumbnail":["https:\/\/www.manluenpack.com\/wp-content\/uploads\/2025\/04\/WL-48-manluen-plastic-soup-bowls-1.jpg",300,300,false],"woocommerce_single":["https:\/\/www.manluenpack.com\/wp-content\/uploads\/2025\/04\/WL-48-manluen-plastic-soup-bowls-1.jpg",600,600,false],"woocommerce_gallery_thumbnail":["https:\/\/www.manluenpack.com\/wp-content\/uploads\/2025\/04\/WL-48-manluen-plastic-soup-bowls-1.jpg",100,100,false]},"uagb_author_info":{"display_name":"ManLuenpack","author_link":"https:\/\/www.manluenpack.com\/fr\/author\/"},"uagb_comment_info":0,"uagb_excerpt":"This disposable plastic bowl has a capacity of 48 ounces, approximately 1.42 liters, making it ideal for serving hearty meals such as hot pot, family dinner entrees, or outdoor barbecue&hellip;","_links":{"self":[{"href":"https:\/\/www.manluenpack.com\/fr\/wp-json\/wp\/v2\/product\/1889","targetHints":{"allow":["GET"]}}],"collection":[{"href":"https:\/\/www.manluenpack.com\/fr\/wp-json\/wp\/v2\/product"}],"about":[{"href":"https:\/\/www.manluenpack.com\/fr\/wp-json\/wp\/v2\/types\/product"}],"wp:featuredmedia":[{"embeddable":true,"href":"https:\/\/www.manluenpack.com\/fr\/wp-json\/wp\/v2\/media\/3845"}],"wp:attachment":[{"href":"https:\/\/www.manluenpack.com\/fr\/wp-json\/wp\/v2\/media?parent=1889"}],"wp:term":[{"taxonomy":"product_brand","embeddable":true,"href":"https:\/\/www.manluenpack.com\/fr\/wp-json\/wp\/v2\/product_brand?post=1889"},{"taxonomy":"product_cat","embeddable":true,"href":"https:\/\/www.manluenpack.com\/fr\/wp-json\/wp\/v2\/product_cat?post=1889"},{"taxonomy":"product_tag","embeddable":true,"href":"https:\/\/www.manluenpack.com\/fr\/wp-json\/wp\/v2\/product_tag?post=1889"}],"curies":[{"name":"wp","href":"https:\/\/api.w.org\/{rel}","templated":true}]}}