{"id":1871,"date":"2025-04-29T23:50:11","date_gmt":"2025-04-29T15:50:11","guid":{"rendered":"https:\/\/www.manluenpack.com\/?post_type=product&#038;p=1871"},"modified":"2025-09-08T16:03:20","modified_gmt":"2025-09-08T08:03:20","slug":"16-ounce-disposable-plastic-soup-bowl-with-lid-el-6010","status":"publish","type":"product","link":"https:\/\/www.manluenpack.com\/fr\/products\/16-ounce-disposable-plastic-soup-bowl-with-lid-el-6010\/","title":{"rendered":"Bol \u00e0 soupe jetable en plastique de 16 onces avec couvercle EL-6010"},"content":{"rendered":"<p>Ce grand bol en plastique avec couvercle est dot\u00e9 d'une tr\u00e8s grande capacit\u00e9, con\u00e7ue pour r\u00e9pondre aux besoins des r\u00e9unions de famille, des pique-niques ou des grands \u00e9v\u00e9nements. Son int\u00e9rieur spacieux peut facilement accueillir des salades copieuses, des soupes fumantes ou divers plats principaux, rendant les repas d\u00e9licieux illimit\u00e9s. La conception unique de ces bols permet de les empiler lorsqu'ils ne sont pas utilis\u00e9s, ce qui permet d'\u00e9conomiser de l'espace de rangement, que ce soit dans une armoire ou une r\u00e9serve, et de garder votre maison bien rang\u00e9e et spacieuse.<\/p>\n<ul>\n<li>Type d'emballage<br \/>\nBo\u00eete en carton<\/li>\n<li>Couleur<br \/>\nNoir&amp;Transparent<\/li>\n<li>Quantit\u00e9 par carton<br \/>\n?ensembles<\/li>\n<li>Mat\u00e9riau<br \/>\nCouvercle:?;Base : ?<\/li>\n<li>Capacit\u00e9 d'une seule unit\u00e9<br \/>\n?m\u00e8tres cubes<\/li>\n<\/ul>\n<h3><strong><b>Emballage et livraison<\/b><\/strong><\/h3>\n<p>Le bol \u00e0 soupe jetable en plastique de 16 onces (mod\u00e8le EL-6010) est livr\u00e9 avec un couvercle transparent et est emball\u00e9 dans un emballage robuste et raffin\u00e9 pour garantir un transport s\u00fbr et une livraison sans dommage. Gr\u00e2ce \u00e0 des services de livraison efficaces et attentionn\u00e9s, nous nous effor\u00e7ons de rendre votre exp\u00e9rience pratique et sans souci.<\/p>\n<h3><strong><b>Sc\u00e9narios d'utilisation<\/b><\/strong><\/h3>\n<p>Malgr\u00e9 sa tr\u00e8s grande capacit\u00e9, ce bol en plastique est l\u00e9ger gr\u00e2ce \u00e0 l'utilisation de mat\u00e9riaux l\u00e9gers de haute qualit\u00e9. Qu'il s'agisse d'une utilisation quotidienne ou d'un voyage en plein air, il est facile \u00e0 transporter sans ajouter de fardeau. Il convient parfaitement aux cuisines domestiques, aux restaurants, aux pique-niques, au camping, aux barbecues et autres, ce qui en fait un article essentiel pour les r\u00e9unions de famille et les rencontres amicales.<\/p>\n<h3><strong><b>R\u00e9sistant \u00e0 la temp\u00e9rature, s\u00fbr et facile \u00e0 nettoyer \u00a0<\/b><\/strong><\/h3>\n<p>Ce produit offre une excellente r\u00e9sistance \u00e0 la temp\u00e9rature, capable de supporter une gamme de temp\u00e9ratures chaudes et froides. Il est facile \u00e0 nettoyer et passe au lave-vaisselle, ce qui permet d'\u00e9conomiser du temps et des efforts tout en maintenant des conditions hygi\u00e9niques. Trait\u00e9 par des proc\u00e9d\u00e9s sp\u00e9ciaux, ce produit pr\u00e9sente une durabilit\u00e9 exceptionnelle, r\u00e9sistant \u00e0 la d\u00e9formation et \u00e0 la fissuration m\u00eame apr\u00e8s une utilisation prolong\u00e9e. En outre, le mat\u00e9riau est recyclable, ce qui permet de soutenir activement les initiatives environnementales et de r\u00e9duire le gaspillage des ressources.<\/p>\n<h3><strong><b>Mat\u00e9riaux utilis\u00e9s \u00a0<\/b><\/strong><\/h3>\n<p>Nous s\u00e9lectionnons des mat\u00e9riaux PP (polypropyl\u00e8ne) de qualit\u00e9 alimentaire certifi\u00e9s au niveau international, ce qui garantit que le produit est non toxique, inodore et exempt de substances nocives telles que le BPA, garantissant ainsi votre s\u00e9curit\u00e9 alimentaire et celle de votre famille. Le couvercle transparent est fabriqu\u00e9 dans un mat\u00e9riau tr\u00e8s transparent, ce qui permet de voir le contenu d'un seul coup d'\u0153il pour un acc\u00e8s et une pr\u00e9sentation faciles. Le couvercle scell\u00e9 qui l'accompagne emp\u00eache efficacement la contamination crois\u00e9e, retient l'humidit\u00e9 et conserve la fra\u00eecheur des aliments, m\u00eame pendant les longs voyages.<\/p>\n<h3><strong><b>Avantages de la conception de formes \u00a0<\/b><\/strong><\/h3>\n<p>Notre grand bol en plastique avec couvercle adopte un design arrondi et \u00e9l\u00e9gant, \u00e0 la fois esth\u00e9tique et ergonomique, qui am\u00e9liore l'exp\u00e9rience de l'utilisateur. Les bords sont finement polis pour \u00eatre lisses et sans bavures, prot\u00e9geant ainsi vos mains des rayures et garantissant une utilisation s\u00fbre. La base sp\u00e9cialement renforc\u00e9e accro\u00eet non seulement la stabilit\u00e9 du bol, mais aussi sa durabilit\u00e9 globale, ce qui le rend stable et fiable, m\u00eame lorsqu'il contient des objets lourds.<\/p>","protected":false},"excerpt":{"rendered":"<p>This Large Plastic Bowl With Lid\u00a0features an extra-large capacity, designed to meet the needs of family gatherings, picnics, or large events. Its spacious interior can easily accommodate hearty salads, steaming&hellip;<\/p>","protected":false},"featured_media":3985,"template":"","meta":{"_uag_custom_page_level_css":""},"product_brand":[],"product_cat":[15],"product_tag":[139],"class_list":{"0":"post-1871","1":"product","2":"type-product","3":"status-publish","4":"has-post-thumbnail","6":"product_cat-bowls","7":"product_tag-bowl","9":"first","10":"instock","11":"shipping-taxable","12":"purchasable","13":"product-type-simple"},"spectra_custom_meta":{"rank_math_internal_links_processed":["1","1","1","1","1","1","1","1","1","1","1","1","1","1","1","1","1","1","1","1","1","1","1","1","1","1","1","1","1","1","1","1","1","1","1","1","1","1","1","1","1","1","1","1","1","1","1","1","1","1","1","1","1","1","1","1","1","1","1","1","1","1","1","1","1","1","1","1","1","1","1","1"],"_sku":["EL-6010"],"_regular_price":["1"],"total_sales":["0"],"_tax_status":["taxable"],"_tax_class":[""],"_manage_stock":["no"],"_backorders":["no"],"_sold_individually":["no"],"_virtual":["no"],"_downloadable":["no"],"_product_image_gallery":["3986,3987,3988"],"_download_limit":["0"],"_download_expiry":["0"],"_stock":[null],"_stock_status":["instock"],"_wc_average_rating":["0"],"_wc_review_count":["0"],"_product_attributes":["a:2:{s:9:\"item-size\";a:6:{s:4:\"name\";s:9:\"Item Size\";s:5:\"value\";s:7:\"?*?*?mm\";s:8:\"position\";i:0;s:10:\"is_visible\";i:1;s:12:\"is_variation\";i:0;s:11:\"is_taxonomy\";i:0;}s:7:\"qty-ctn\";a:6:{s:4:\"name\";s:7:\"QTY\/CTN\";s:5:\"value\";s:1:\"?\";s:8:\"position\";i:1;s:10:\"is_visible\";i:1;s:12:\"is_variation\";i:0;s:11:\"is_taxonomy\";i:0;}}"],"_product_version":["9.4.2"],"_price":["1"],"_wp_old_date":["2024-11-26"],"rank_math_analytic_object_id":["24"],"classic-editor-remember":["classic-editor"],"rank_math_seo_score":["54"],"rank_math_contentai_score":["a:5:{s:8:\"keywords\";s:5:\"74.51\";s:9:\"wordCount\";s:1:\"0\";s:9:\"linkCount\";s:1:\"0\";s:12:\"headingCount\";s:1:\"0\";s:10:\"mediaCount\";s:1:\"0\";}"],"_jet_woo_template":[""],"_template_type":["default"],"rank_math_primary_product_cat":["15"],"_ywraq_hide_quote_button_check":[""],"_ywraq_hide_quote_button":["0"],"_edit_lock":["1757318465:1"],"_edit_last":["1"],"_wp_old_slug":["16-ounce-disposable-plastic-soup-bowl-with-lid-el-6010-copy"],"rank_math_focus_keyword":["disposable plastic soup bowl"],"_thumbnail_id":["3985"],"_uag_css_file_name":["uag-css-1871.css"],"_uag_page_assets":["a:9:{s:3:\"css\";s:0:\"\";s:2:\"js\";s:0:\"\";s:18:\"current_block_list\";a:6:{i:0;s:10:\"core\/group\";i:1;s:12:\"core\/heading\";i:2;s:17:\"core\/latest-posts\";i:3;s:20:\"core\/latest-comments\";i:4;s:13:\"core\/archives\";i:5;s:15:\"core\/categories\";}s:8:\"uag_flag\";b:0;s:11:\"uag_version\";i:1777284937;s:6:\"gfonts\";a:0:{}s:10:\"gfonts_url\";s:0:\"\";s:12:\"gfonts_files\";a:0:{}s:14:\"uag_faq_layout\";b:0;}"]},"uagb_featured_image_src":{"full":["https:\/\/www.manluenpack.com\/wp-content\/uploads\/2025\/04\/WL-6010-manluen-big-plastic-bowls.jpg",1200,1200,false],"thumbnail":["https:\/\/www.manluenpack.com\/wp-content\/uploads\/2025\/04\/WL-6010-manluen-big-plastic-bowls.jpg",150,150,false],"medium":["https:\/\/www.manluenpack.com\/wp-content\/uploads\/2025\/04\/WL-6010-manluen-big-plastic-bowls.jpg",300,300,false],"medium_large":["https:\/\/www.manluenpack.com\/wp-content\/uploads\/2025\/04\/WL-6010-manluen-big-plastic-bowls.jpg",768,768,false],"large":["https:\/\/www.manluenpack.com\/wp-content\/uploads\/2025\/04\/WL-6010-manluen-big-plastic-bowls.jpg",1024,1024,false],"1536x1536":["https:\/\/www.manluenpack.com\/wp-content\/uploads\/2025\/04\/WL-6010-manluen-big-plastic-bowls.jpg",1200,1200,false],"2048x2048":["https:\/\/www.manluenpack.com\/wp-content\/uploads\/2025\/04\/WL-6010-manluen-big-plastic-bowls.jpg",1200,1200,false],"trp-custom-language-flag":["https:\/\/www.manluenpack.com\/wp-content\/uploads\/2025\/04\/WL-6010-manluen-big-plastic-bowls.jpg",12,12,false],"menu-24x24":["https:\/\/www.manluenpack.com\/wp-content\/uploads\/2025\/04\/WL-6010-manluen-big-plastic-bowls.jpg",24,24,false],"menu-36x36":["https:\/\/www.manluenpack.com\/wp-content\/uploads\/2025\/04\/WL-6010-manluen-big-plastic-bowls.jpg",36,36,false],"menu-48x48":["https:\/\/www.manluenpack.com\/wp-content\/uploads\/2025\/04\/WL-6010-manluen-big-plastic-bowls.jpg",48,48,false],"woocommerce_thumbnail":["https:\/\/www.manluenpack.com\/wp-content\/uploads\/2025\/04\/WL-6010-manluen-big-plastic-bowls.jpg",300,300,false],"woocommerce_single":["https:\/\/www.manluenpack.com\/wp-content\/uploads\/2025\/04\/WL-6010-manluen-big-plastic-bowls.jpg",600,600,false],"woocommerce_gallery_thumbnail":["https:\/\/www.manluenpack.com\/wp-content\/uploads\/2025\/04\/WL-6010-manluen-big-plastic-bowls.jpg",100,100,false]},"uagb_author_info":{"display_name":"ManLuenpack","author_link":"https:\/\/www.manluenpack.com\/fr\/author\/"},"uagb_comment_info":0,"uagb_excerpt":"This Large Plastic Bowl With Lid\u00a0features an extra-large capacity, designed to meet the needs of family gatherings, picnics, or large events. Its spacious interior can easily accommodate hearty salads, steaming&hellip;","_links":{"self":[{"href":"https:\/\/www.manluenpack.com\/fr\/wp-json\/wp\/v2\/product\/1871","targetHints":{"allow":["GET"]}}],"collection":[{"href":"https:\/\/www.manluenpack.com\/fr\/wp-json\/wp\/v2\/product"}],"about":[{"href":"https:\/\/www.manluenpack.com\/fr\/wp-json\/wp\/v2\/types\/product"}],"wp:featuredmedia":[{"embeddable":true,"href":"https:\/\/www.manluenpack.com\/fr\/wp-json\/wp\/v2\/media\/3985"}],"wp:attachment":[{"href":"https:\/\/www.manluenpack.com\/fr\/wp-json\/wp\/v2\/media?parent=1871"}],"wp:term":[{"taxonomy":"product_brand","embeddable":true,"href":"https:\/\/www.manluenpack.com\/fr\/wp-json\/wp\/v2\/product_brand?post=1871"},{"taxonomy":"product_cat","embeddable":true,"href":"https:\/\/www.manluenpack.com\/fr\/wp-json\/wp\/v2\/product_cat?post=1871"},{"taxonomy":"product_tag","embeddable":true,"href":"https:\/\/www.manluenpack.com\/fr\/wp-json\/wp\/v2\/product_tag?post=1871"}],"curies":[{"name":"wp","href":"https:\/\/api.w.org\/{rel}","templated":true}]}}