{"id":1857,"date":"2025-04-29T22:50:12","date_gmt":"2025-04-29T14:50:12","guid":{"rendered":"https:\/\/www.manluenpack.com\/?post_type=product&#038;p=1857"},"modified":"2025-06-19T13:54:22","modified_gmt":"2025-06-19T05:54:22","slug":"disposable-bowl-wl-700","status":"publish","type":"product","link":"https:\/\/www.manluenpack.com\/fr\/products\/disposable-bowl-wl-700\/","title":{"rendered":"Bol jetable WL-700"},"content":{"rendered":"<p>Le bol jetable WL-700 adopte un design rond unique (172*79 mm), offrant une prise en main confortable et un positionnement stable. La couleur rouge-brun rehausse son aspect haut de gamme, tandis que les mat\u00e9riaux OPS (couvercle) et PP (corps) de haute qualit\u00e9 garantissent la transparence, la r\u00e9sistance \u00e0 la chaleur et le respect de l'environnement, ce qui en fait un choix s\u00fbr, hygi\u00e9nique et pratique.<\/p>\n<ul>\n<li>Type d'emballage<br \/>\nBo\u00eete en carton<\/li>\n<li>Couleur<br \/>\nNoir<\/li>\n<li>Quantit\u00e9 par carton<br \/>\n300 ensembles<\/li>\n<li>Mat\u00e9riau<br \/>\nCouvercle : OPS;Base : PP<\/li>\n<li>Capacit\u00e9 unitaire<br \/>\n0,08 m\u00e8tre cube<\/li>\n<\/ul>\n<h3><strong><b>Emballage et livraison<\/b><\/strong><\/h3>\n<p>Le bol jetable WL-700 se caract\u00e9rise par un emballage \u00e9cologique et peu encombrant, chaque bol \u00e9tant empil\u00e9 individuellement pour un stockage et un transport compacts. L'emballage ext\u00e9rieur robuste prot\u00e8ge de la poussi\u00e8re et de l'humidit\u00e9, garantissant une livraison propre et intacte. Notre logistique rapide et fiable garantit un voyage sans heurts de l'usine \u00e0 vos mains, pour plus de commodit\u00e9 et de tranquillit\u00e9 d'esprit.<\/p>\n<h3><strong><b>Sc\u00e9narios d'utilisation<\/b><\/strong><\/h3>\n<p>Avec son aspect rouge-brun \u00e9l\u00e9gant et son design fonctionnel, le bol jetable WL-700 est parfait pour diverses occasions : r\u00e9unions de famille, pique-niques en plein air, d\u00e9jeuners au bureau ou c\u00e9l\u00e9brations festives. Son mat\u00e9riau durable et sa taille bien pens\u00e9e font de chaque bouch\u00e9e une exp\u00e9rience s\u00fbre et agr\u00e9able, ajoutant une touche de raffinement et de facilit\u00e9 \u00e0 la vie quotidienne.<\/p>\n<h3><strong><b>\u00c9tanche, robuste et durable<\/b><\/strong><\/h3>\n<p>Le bol jetable WL-700 offre une r\u00e9sistance exceptionnelle \u00e0 la temp\u00e9rature, supportant une chaleur \u00e9lev\u00e9e jusqu'\u00e0 120\u00b0C (248\u00b0F) et des temp\u00e9ratures de cong\u00e9lation aussi basses que -20\u00b0C (-4\u00b0F). Qu'il s'agisse de soupes fumantes ou de boissons fra\u00eeches, il pr\u00e9serve la saveur et la fra\u00eecheur. Tous les produits sont soumis \u00e0 un contr\u00f4le de qualit\u00e9 strict et \u00e0 des tests de s\u00e9curit\u00e9 pour garantir leur non-toxicit\u00e9, leur absence d'odeur et leur conformit\u00e9 aux normes de s\u00e9curit\u00e9 nationales et internationales.<\/p>\n<h3><strong><b>S\u00e9curit\u00e9 des mat\u00e9riaux <\/b><\/strong><\/h3>\n<p>Fabriqu\u00e9 en OPS (couvercle) et PP (corps) de haute qualit\u00e9, le bol jetable WL-700 offre une r\u00e9sistance sup\u00e9rieure \u00e0 la chaleur et au froid sans d\u00e9formation. Il est non toxique, sans odeur et r\u00e9pond aux normes mondiales de s\u00e9curit\u00e9 alimentaire, garantissant un contact s\u00fbr et pur avec les aliments. Bien qu'il soit con\u00e7u pour un usage unique, sa durabilit\u00e9 et ses mat\u00e9riaux respectueux de l'environnement permettent de le r\u00e9utiliser plusieurs fois s'il est bien entretenu, ce qui r\u00e9duit les d\u00e9chets et favorise un mode de vie durable.<\/p>\n<h3><strong><b>Caract\u00e9ristiques de la conception \u00a0<\/b><\/strong><\/h3>\n<ul>\n<li>Des courbes \u00e9pur\u00e9es et \u00e9l\u00e9gantes allient fonctionnalit\u00e9 et esth\u00e9tique.<\/li>\n<li>Large bord pour faciliter le ramassage et la d\u00e9gustation.<\/li>\n<li>Base solide pour une meilleure stabilit\u00e9, \u00e9vitant les d\u00e9versements.<\/li>\n<li>Forme ergonomique pour une prise en main confortable, rendant les repas plus agr\u00e9ables.<\/li>\n<\/ul>","protected":false},"excerpt":{"rendered":"<p>The WL-700 Disposable Bowl adopts a unique round design (172*79mm), offering a comfortable grip and stable placement. The rich red-brown color enhances its premium look, while the high-quality OPS (lid)&hellip;<\/p>","protected":false},"featured_media":2406,"template":"","meta":{"_uag_custom_page_level_css":""},"product_brand":[],"product_cat":[15],"product_tag":[139],"class_list":{"0":"post-1857","1":"product","2":"type-product","3":"status-publish","4":"has-post-thumbnail","6":"product_cat-bowls","7":"product_tag-bowl","9":"first","10":"instock","11":"shipping-taxable","12":"purchasable","13":"product-type-simple"},"spectra_custom_meta":{"rank_math_internal_links_processed":["1","1","1","1","1","1","1","1","1","1","1","1","1","1","1","1","1","1","1","1","1","1","1","1","1","1","1","1","1","1","1","1","1","1","1","1","1","1","1","1","1","1","1","1","1","1","1","1","1","1","1","1","1","1","1","1","1","1","1","1","1","1","1","1","1","1"],"_sku":["WL-700"],"_regular_price":["1"],"total_sales":["0"],"_tax_status":["taxable"],"_tax_class":[""],"_manage_stock":["no"],"_backorders":["no"],"_sold_individually":["no"],"_virtual":["no"],"_downloadable":["no"],"_product_image_gallery":["2408,2409,2407"],"_download_limit":["0"],"_download_expiry":["0"],"_thumbnail_id":["2406"],"_stock":[null],"_stock_status":["instock"],"_wc_average_rating":["0"],"_wc_review_count":["0"],"_product_attributes":["a:2:{s:9:\"item-size\";a:6:{s:4:\"name\";s:9:\"Item Size\";s:5:\"value\";s:7:\"?*?*?mm\";s:8:\"position\";i:0;s:10:\"is_visible\";i:1;s:12:\"is_variation\";i:0;s:11:\"is_taxonomy\";i:0;}s:7:\"qty-ctn\";a:6:{s:4:\"name\";s:7:\"QTY\/CTN\";s:5:\"value\";s:3:\"300\";s:8:\"position\";i:1;s:10:\"is_visible\";i:1;s:12:\"is_variation\";i:0;s:11:\"is_taxonomy\";i:0;}}"],"_product_version":["9.4.2"],"_price":["1"],"_wp_old_date":["2024-11-26"],"rank_math_analytic_object_id":["24"],"classic-editor-remember":["classic-editor"],"rank_math_seo_score":["15"],"rank_math_contentai_score":["a:5:{s:8:\"keywords\";s:5:\"74.51\";s:9:\"wordCount\";s:1:\"0\";s:9:\"linkCount\";s:1:\"0\";s:12:\"headingCount\";s:1:\"0\";s:10:\"mediaCount\";s:1:\"0\";}"],"_jet_woo_template":[""],"_template_type":["default"],"rank_math_primary_product_cat":["15"],"_ywraq_hide_quote_button_check":[""],"_ywraq_hide_quote_button":["0"],"_edit_lock":["1750231461:1"],"_edit_last":["1"],"_uag_css_file_name":["uag-css-1857.css"],"_uag_page_assets":["a:9:{s:3:\"css\";s:263:\".uag-blocks-common-selector{z-index:var(--z-index-desktop) !important}@media (max-width: 976px){.uag-blocks-common-selector{z-index:var(--z-index-tablet) !important}}@media (max-width: 767px){.uag-blocks-common-selector{z-index:var(--z-index-mobile) !important}}\n\";s:2:\"js\";s:0:\"\";s:18:\"current_block_list\";a:6:{i:0;s:10:\"core\/group\";i:1;s:12:\"core\/heading\";i:2;s:17:\"core\/latest-posts\";i:3;s:20:\"core\/latest-comments\";i:4;s:13:\"core\/archives\";i:5;s:15:\"core\/categories\";}s:8:\"uag_flag\";b:0;s:11:\"uag_version\";i:1777133212;s:6:\"gfonts\";a:0:{}s:10:\"gfonts_url\";s:0:\"\";s:12:\"gfonts_files\";a:0:{}s:14:\"uag_faq_layout\";b:0;}"]},"uagb_featured_image_src":{"full":["https:\/\/www.manluenpack.com\/wp-content\/uploads\/2025\/04\/WL-700-manluen-plastic-disposable-bowl.webp",1000,1000,false],"thumbnail":["https:\/\/www.manluenpack.com\/wp-content\/uploads\/2025\/04\/WL-700-manluen-plastic-disposable-bowl.webp",150,150,false],"medium":["https:\/\/www.manluenpack.com\/wp-content\/uploads\/2025\/04\/WL-700-manluen-plastic-disposable-bowl.webp",300,300,false],"medium_large":["https:\/\/www.manluenpack.com\/wp-content\/uploads\/2025\/04\/WL-700-manluen-plastic-disposable-bowl.webp",768,768,false],"large":["https:\/\/www.manluenpack.com\/wp-content\/uploads\/2025\/04\/WL-700-manluen-plastic-disposable-bowl.webp",1000,1000,false],"1536x1536":["https:\/\/www.manluenpack.com\/wp-content\/uploads\/2025\/04\/WL-700-manluen-plastic-disposable-bowl.webp",1000,1000,false],"2048x2048":["https:\/\/www.manluenpack.com\/wp-content\/uploads\/2025\/04\/WL-700-manluen-plastic-disposable-bowl.webp",1000,1000,false],"trp-custom-language-flag":["https:\/\/www.manluenpack.com\/wp-content\/uploads\/2025\/04\/WL-700-manluen-plastic-disposable-bowl.webp",12,12,false],"menu-24x24":["https:\/\/www.manluenpack.com\/wp-content\/uploads\/2025\/04\/WL-700-manluen-plastic-disposable-bowl.webp",24,24,false],"menu-36x36":["https:\/\/www.manluenpack.com\/wp-content\/uploads\/2025\/04\/WL-700-manluen-plastic-disposable-bowl.webp",36,36,false],"menu-48x48":["https:\/\/www.manluenpack.com\/wp-content\/uploads\/2025\/04\/WL-700-manluen-plastic-disposable-bowl.webp",48,48,false],"woocommerce_thumbnail":["https:\/\/www.manluenpack.com\/wp-content\/uploads\/2025\/04\/WL-700-manluen-plastic-disposable-bowl.webp",300,300,false],"woocommerce_single":["https:\/\/www.manluenpack.com\/wp-content\/uploads\/2025\/04\/WL-700-manluen-plastic-disposable-bowl.webp",600,600,false],"woocommerce_gallery_thumbnail":["https:\/\/www.manluenpack.com\/wp-content\/uploads\/2025\/04\/WL-700-manluen-plastic-disposable-bowl.webp",100,100,false]},"uagb_author_info":{"display_name":"ManLuenpack","author_link":"https:\/\/www.manluenpack.com\/fr\/author\/"},"uagb_comment_info":0,"uagb_excerpt":"The WL-700 Disposable Bowl adopts a unique round design (172*79mm), offering a comfortable grip and stable placement. The rich red-brown color enhances its premium look, while the high-quality OPS (lid)&hellip;","_links":{"self":[{"href":"https:\/\/www.manluenpack.com\/fr\/wp-json\/wp\/v2\/product\/1857","targetHints":{"allow":["GET"]}}],"collection":[{"href":"https:\/\/www.manluenpack.com\/fr\/wp-json\/wp\/v2\/product"}],"about":[{"href":"https:\/\/www.manluenpack.com\/fr\/wp-json\/wp\/v2\/types\/product"}],"wp:featuredmedia":[{"embeddable":true,"href":"https:\/\/www.manluenpack.com\/fr\/wp-json\/wp\/v2\/media\/2406"}],"wp:attachment":[{"href":"https:\/\/www.manluenpack.com\/fr\/wp-json\/wp\/v2\/media?parent=1857"}],"wp:term":[{"taxonomy":"product_brand","embeddable":true,"href":"https:\/\/www.manluenpack.com\/fr\/wp-json\/wp\/v2\/product_brand?post=1857"},{"taxonomy":"product_cat","embeddable":true,"href":"https:\/\/www.manluenpack.com\/fr\/wp-json\/wp\/v2\/product_cat?post=1857"},{"taxonomy":"product_tag","embeddable":true,"href":"https:\/\/www.manluenpack.com\/fr\/wp-json\/wp\/v2\/product_tag?post=1857"}],"curies":[{"name":"wp","href":"https:\/\/api.w.org\/{rel}","templated":true}]}}