{"id":1856,"date":"2025-04-29T22:46:12","date_gmt":"2025-04-29T14:46:12","guid":{"rendered":"https:\/\/www.manluenpack.com\/?post_type=product&#038;p=1856"},"modified":"2025-06-19T14:10:04","modified_gmt":"2025-06-19T06:10:04","slug":"disposable-bowl-wl-1000","status":"publish","type":"product","link":"https:\/\/www.manluenpack.com\/fr\/products\/disposable-bowl-wl-1000\/","title":{"rendered":"Bol jetable WL-1000"},"content":{"rendered":"<p>Le bol jetable WL-1000 pr\u00e9sente un design rond unique avec des dimensions de 187*81 mm, con\u00e7u de mani\u00e8re ergonomique pour une utilisation confortable et stable. Le corps du bol, de couleur brun-rouge, d\u00e9gage une impression de qualit\u00e9 sup\u00e9rieure. Il est fabriqu\u00e9 \u00e0 partir de mat\u00e9riaux OPS et PP de haute qualit\u00e9 qui allient r\u00e9sistance \u00e0 la chaleur, durabilit\u00e9 et respect de l'environnement. S\u00fbr et hygi\u00e9nique, il est le parfait m\u00e9lange de praticit\u00e9 et d'esth\u00e9tique.<\/p>\n<ul>\n<li>Type d'emballage<br \/>\nBo\u00eete en carton<\/li>\n<li>Couleur<br \/>\nNoir<\/li>\n<li>Quantit\u00e9 par carton<br \/>\n200 ensembles<\/li>\n<li>Mat\u00e9riau<br \/>\nCouvercle : OPS;Base : PP<\/li>\n<li>Capacit\u00e9 unitaire<br \/>\n062 m\u00e8tres cubes<\/li>\n<\/ul>\n<h3><strong><b>Emballage et livraison<\/b><\/strong><\/h3>\n<p>Le bol jetable WL-1000 adopte un design compact et empilable avec un emballage ext\u00e9rieur robuste et \u00e9tanche \u00e0 la poussi\u00e8re pour garantir la propret\u00e9 et la protection pendant le transport. Son emballage \u00e9co-efficace optimise l'espace de stockage tout en offrant une r\u00e9sistance \u00e0 l'humidit\u00e9 et \u00e0 la pression, ce qui permet de maintenir une qualit\u00e9 constante. Gr\u00e2ce \u00e0 une livraison rapide et pr\u00e9cise, le produit passe directement de l'usine \u00e0 vos mains, ce qui vous assure commodit\u00e9 et tranquillit\u00e9 d'esprit.<\/p>\n<h3><strong><b>Sc\u00e9narios d'utilisation<\/b><\/strong><\/h3>\n<p>Le bol jetable WL-1000 s'int\u00e8gre parfaitement dans divers sc\u00e9narios gr\u00e2ce \u00e0 son design \u00e9l\u00e9gant et pratique. Qu'il s'agisse de r\u00e9unions de famille, de pique-niques en plein air, de d\u00e9jeuners au bureau ou de c\u00e9l\u00e9brations festives, il peut contenir sans effort une grande vari\u00e9t\u00e9 de plats. Gr\u00e2ce \u00e0 ses propri\u00e9t\u00e9s de r\u00e9sistance \u00e0 la temp\u00e9rature et d'\u00e9tanch\u00e9it\u00e9, il convient aussi bien aux aliments chauds qu'aux aliments froids, am\u00e9liorant ainsi chaque exp\u00e9rience gastronomique gr\u00e2ce \u00e0 sa commodit\u00e9 et \u00e0 sa qualit\u00e9.<\/p>\n<h3><strong><b>\u00c9tanche, robuste et durable<\/b><\/strong><\/h3>\n<p>Le bol jetable WL-1000 est fabriqu\u00e9 en PP de haute qualit\u00e9, r\u00e9sistant aux temp\u00e9ratures \u00e9lev\u00e9es et basses, ce qui lui permet d'accueillir des aliments chauds et froids sans d\u00e9formation. Sa conception pr\u00e9cise et \u00e9tanche garantit la stabilit\u00e9 et emp\u00eache les d\u00e9versements, ce qui permet de contenir sans effort tous les types d'aliments. Le corps du bol est solide, durable et r\u00e9sistant aux fissures, ce qui garantit une exp\u00e9rience culinaire fiable et confortable \u00e0 chaque fois.<\/p>\n<h3><strong><b>Mat\u00e9riaux utilis\u00e9s \u00a0<\/b><\/strong><\/h3>\n<p>Le bol jetable WL-1000 est fabriqu\u00e9 \u00e0 partir de mat\u00e9riaux OPS et PP de premi\u00e8re qualit\u00e9, offrant une excellente r\u00e9sistance \u00e0 la temp\u00e9rature pour les aliments chauds et froids sans d\u00e9formation. Il est non toxique, inodore et conforme aux normes internationales de s\u00e9curit\u00e9 alimentaire, garantissant la s\u00e9curit\u00e9 et la puret\u00e9 des aliments. Dans des conditions appropri\u00e9es, il peut \u00eatre r\u00e9utilis\u00e9 plusieurs fois, ce qui permet de r\u00e9duire les d\u00e9chets et de s'aligner sur les principes de d\u00e9veloppement durable de la soci\u00e9t\u00e9 moderne.<\/p>\n<h3><strong><b>Caract\u00e9ristiques de la forme et de la conception \u00a0<\/b><\/strong><\/h3>\n<p>Fabriqu\u00e9 en PP (polypropyl\u00e8ne) de qualit\u00e9 alimentaire, le bol est non toxique, inodore, s\u00fbr et \u00e9cologique. Le mat\u00e9riau PP offre une excellente r\u00e9sistance \u00e0 la chaleur, au froid et \u00e0 la stabilit\u00e9 chimique, et conserve des performances constantes m\u00eame \u00e0 des temp\u00e9ratures extr\u00eames, ce qui garantit la s\u00e9curit\u00e9 et l'hygi\u00e8ne des aliments. Le design du bol est \u00e9l\u00e9gant et styl\u00e9, avec des lignes douces et naturelles. Sa large ouverture facilite le service des aliments, son corps haut offre une grande capacit\u00e9 et sa base antid\u00e9rapante assure un positionnement stable. Le design global allie praticit\u00e9 et esth\u00e9tique, ajoutant joie et satisfaction \u00e0 chaque moment de repas.<\/p>","protected":false},"excerpt":{"rendered":"<p>The WL-1000 disposable bowl features a unique round design with dimensions of 187*81mm, ergonomically crafted for comfortable and stable use. The reddish-brown bowl body exudes a premium feel, made from&hellip;<\/p>","protected":false},"featured_media":2410,"template":"","meta":{"_uag_custom_page_level_css":""},"product_brand":[],"product_cat":[15],"product_tag":[139],"class_list":{"0":"post-1856","1":"product","2":"type-product","3":"status-publish","4":"has-post-thumbnail","6":"product_cat-bowls","7":"product_tag-bowl","9":"first","10":"instock","11":"featured","12":"shipping-taxable","13":"purchasable","14":"product-type-simple"},"spectra_custom_meta":{"rank_math_internal_links_processed":["1","1","1","1","1","1","1","1","1","1","1","1","1","1","1","1","1","1","1","1","1","1","1","1","1","1","1","1","1","1","1","1","1","1","1","1","1","1","1","1","1","1","1","1","1","1","1","1","1","1","1","1","1","1","1","1","1","1","1","1","1","1","1","1","1"],"_sku":["WL-1000"],"_regular_price":["1"],"total_sales":["0"],"_tax_status":["taxable"],"_tax_class":[""],"_manage_stock":["no"],"_backorders":["no"],"_sold_individually":["no"],"_virtual":["no"],"_downloadable":["no"],"_product_image_gallery":["2412,2413,2411"],"_download_limit":["0"],"_download_expiry":["0"],"_thumbnail_id":["2410"],"_stock":[null],"_stock_status":["instock"],"_wc_average_rating":["0"],"_wc_review_count":["0"],"_product_attributes":["a:2:{s:9:\"item-size\";a:6:{s:4:\"name\";s:9:\"Item Size\";s:5:\"value\";s:7:\"?*?*?mm\";s:8:\"position\";i:0;s:10:\"is_visible\";i:1;s:12:\"is_variation\";i:0;s:11:\"is_taxonomy\";i:0;}s:7:\"qty-ctn\";a:6:{s:4:\"name\";s:7:\"QTY\/CTN\";s:5:\"value\";s:3:\"200\";s:8:\"position\";i:1;s:10:\"is_visible\";i:1;s:12:\"is_variation\";i:0;s:11:\"is_taxonomy\";i:0;}}"],"_product_version":["9.4.2"],"_price":["1"],"_wp_old_date":["2024-11-26"],"rank_math_analytic_object_id":["24"],"classic-editor-remember":["classic-editor"],"rank_math_seo_score":["15"],"rank_math_contentai_score":["a:5:{s:8:\"keywords\";s:5:\"74.51\";s:9:\"wordCount\";s:1:\"0\";s:9:\"linkCount\";s:1:\"0\";s:12:\"headingCount\";s:1:\"0\";s:10:\"mediaCount\";s:1:\"0\";}"],"_jet_woo_template":[""],"_template_type":["default"],"rank_math_primary_product_cat":["15"],"_ywraq_hide_quote_button_check":[""],"_ywraq_hide_quote_button":["0"],"_edit_lock":["1750231792:1"],"_edit_last":["1"],"_uag_css_file_name":["uag-css-1856.css"],"_uag_page_assets":["a:9:{s:3:\"css\";s:263:\".uag-blocks-common-selector{z-index:var(--z-index-desktop) !important}@media (max-width: 976px){.uag-blocks-common-selector{z-index:var(--z-index-tablet) !important}}@media (max-width: 767px){.uag-blocks-common-selector{z-index:var(--z-index-mobile) !important}}\n\";s:2:\"js\";s:0:\"\";s:18:\"current_block_list\";a:6:{i:0;s:10:\"core\/group\";i:1;s:12:\"core\/heading\";i:2;s:17:\"core\/latest-posts\";i:3;s:20:\"core\/latest-comments\";i:4;s:13:\"core\/archives\";i:5;s:15:\"core\/categories\";}s:8:\"uag_flag\";b:0;s:11:\"uag_version\";i:1777127276;s:6:\"gfonts\";a:0:{}s:10:\"gfonts_url\";s:0:\"\";s:12:\"gfonts_files\";a:0:{}s:14:\"uag_faq_layout\";b:0;}"]},"uagb_featured_image_src":{"full":["https:\/\/www.manluenpack.com\/wp-content\/uploads\/2025\/04\/WL-1000-manluendisposable-bowl-for-hot-soup.webp",1000,1000,false],"thumbnail":["https:\/\/www.manluenpack.com\/wp-content\/uploads\/2025\/04\/WL-1000-manluendisposable-bowl-for-hot-soup.webp",150,150,false],"medium":["https:\/\/www.manluenpack.com\/wp-content\/uploads\/2025\/04\/WL-1000-manluendisposable-bowl-for-hot-soup.webp",300,300,false],"medium_large":["https:\/\/www.manluenpack.com\/wp-content\/uploads\/2025\/04\/WL-1000-manluendisposable-bowl-for-hot-soup.webp",768,768,false],"large":["https:\/\/www.manluenpack.com\/wp-content\/uploads\/2025\/04\/WL-1000-manluendisposable-bowl-for-hot-soup.webp",1000,1000,false],"1536x1536":["https:\/\/www.manluenpack.com\/wp-content\/uploads\/2025\/04\/WL-1000-manluendisposable-bowl-for-hot-soup.webp",1000,1000,false],"2048x2048":["https:\/\/www.manluenpack.com\/wp-content\/uploads\/2025\/04\/WL-1000-manluendisposable-bowl-for-hot-soup.webp",1000,1000,false],"trp-custom-language-flag":["https:\/\/www.manluenpack.com\/wp-content\/uploads\/2025\/04\/WL-1000-manluendisposable-bowl-for-hot-soup.webp",12,12,false],"menu-24x24":["https:\/\/www.manluenpack.com\/wp-content\/uploads\/2025\/04\/WL-1000-manluendisposable-bowl-for-hot-soup.webp",24,24,false],"menu-36x36":["https:\/\/www.manluenpack.com\/wp-content\/uploads\/2025\/04\/WL-1000-manluendisposable-bowl-for-hot-soup.webp",36,36,false],"menu-48x48":["https:\/\/www.manluenpack.com\/wp-content\/uploads\/2025\/04\/WL-1000-manluendisposable-bowl-for-hot-soup.webp",48,48,false],"woocommerce_thumbnail":["https:\/\/www.manluenpack.com\/wp-content\/uploads\/2025\/04\/WL-1000-manluendisposable-bowl-for-hot-soup.webp",300,300,false],"woocommerce_single":["https:\/\/www.manluenpack.com\/wp-content\/uploads\/2025\/04\/WL-1000-manluendisposable-bowl-for-hot-soup.webp",600,600,false],"woocommerce_gallery_thumbnail":["https:\/\/www.manluenpack.com\/wp-content\/uploads\/2025\/04\/WL-1000-manluendisposable-bowl-for-hot-soup.webp",100,100,false]},"uagb_author_info":{"display_name":"ManLuenpack","author_link":"https:\/\/www.manluenpack.com\/fr\/author\/"},"uagb_comment_info":0,"uagb_excerpt":"The WL-1000 disposable bowl features a unique round design with dimensions of 187*81mm, ergonomically crafted for comfortable and stable use. The reddish-brown bowl body exudes a premium feel, made from&hellip;","_links":{"self":[{"href":"https:\/\/www.manluenpack.com\/fr\/wp-json\/wp\/v2\/product\/1856","targetHints":{"allow":["GET"]}}],"collection":[{"href":"https:\/\/www.manluenpack.com\/fr\/wp-json\/wp\/v2\/product"}],"about":[{"href":"https:\/\/www.manluenpack.com\/fr\/wp-json\/wp\/v2\/types\/product"}],"wp:featuredmedia":[{"embeddable":true,"href":"https:\/\/www.manluenpack.com\/fr\/wp-json\/wp\/v2\/media\/2410"}],"wp:attachment":[{"href":"https:\/\/www.manluenpack.com\/fr\/wp-json\/wp\/v2\/media?parent=1856"}],"wp:term":[{"taxonomy":"product_brand","embeddable":true,"href":"https:\/\/www.manluenpack.com\/fr\/wp-json\/wp\/v2\/product_brand?post=1856"},{"taxonomy":"product_cat","embeddable":true,"href":"https:\/\/www.manluenpack.com\/fr\/wp-json\/wp\/v2\/product_cat?post=1856"},{"taxonomy":"product_tag","embeddable":true,"href":"https:\/\/www.manluenpack.com\/fr\/wp-json\/wp\/v2\/product_tag?post=1856"}],"curies":[{"name":"wp","href":"https:\/\/api.w.org\/{rel}","templated":true}]}}