{"id":1847,"date":"2025-04-14T01:17:40","date_gmt":"2025-04-13T17:17:40","guid":{"rendered":"https:\/\/www.manluenpack.com\/?post_type=product&#038;p=1847"},"modified":"2025-07-08T01:00:09","modified_gmt":"2025-07-07T17:00:09","slug":"manluen-party-tray-ks-67","status":"publish","type":"product","link":"https:\/\/www.manluenpack.com\/fr\/products\/manluen-party-tray-ks-67\/","title":{"rendered":"KS-67 Plateau de f\u00eate Manluen"},"content":{"rendered":"<p>Le plateau de r\u00e9ception KS-67 Manluen pr\u00e9sente un design rectangulaire de 455*455*85 mm, offrant une utilisation efficace de l'espace et une disposition facile. Sa finition dor\u00e9e \u00e9blouissante respire le luxe, tandis que ses six compartiments bien con\u00e7us offrent suffisamment d'espace pour divers arrangements alimentaires. Fabriqu\u00e9 \u00e0 partir de mat\u00e9riaux OPS et PP de premi\u00e8re qualit\u00e9, il est l\u00e9ger, durable, r\u00e9sistant \u00e0 la temp\u00e9rature et antid\u00e9rapant, alliant praticit\u00e9 et sophistication haut de gamme. C'est le choix id\u00e9al pour les f\u00eates et les banquets.<\/p>\n<ul>\n<li>Type d'emballage<br \/>\nBo\u00eete en carton<\/li>\n<li>Couleur<br \/>\nL'or<\/li>\n<li>Quantit\u00e9 par caisse<br \/>\n80 ensembles<\/li>\n<li>Mat\u00e9riau<br \/>\nCouvercle-OPS, Base-PS<\/li>\n<li>Sp\u00e9cifications de l'emballage<br \/>\n0,135 m\u00e8tre cube<\/li>\n<\/ul>\n<p>&nbsp;<\/p>\n<ul>\n<li style=\"list-style-type: none;\">\n<table style=\"height: 160px;\" width=\"500\"><!-- \u8868\u683c\u7684\u8fb9\u6846\u4e3a1\u4e2a\u50cf\u7d20 --><!-- \u5355\u5143\u683c\u7684\u5185\u8fb9\u8ddd\u4e3a1\u50cf\u7d20 --><!-- \u5355\u5143\u683c\u4e4b\u95f4\u7684\u95f4\u8ddd\u4e3a0\u50cf\u7d20 --><!-- \u8fb9\u6846\u89c4\u5219\u4e3a\u4e24\u4fa7\u8fb9\u6846 --><\/p>\n<tbody>\n<tr>\n<td align=\"center\" bgcolor=\"EFEFEF\"><\/td>\n<td align=\"center\" bgcolor=\"EFEFEF\">Taille du produit<\/td>\n<td align=\"center\" bgcolor=\"EFEFEF\">Quantit\u00e9<\/td>\n<td align=\"center\" bgcolor=\"EFEFEF\">Taille du carton<\/td>\n<\/tr>\n<tr>\n<td align=\"center\" bgcolor=\"EFEFEF\">KS-65<\/td>\n<td align=\"center\">382*382*85mm<\/td>\n<td align=\"center\">120<\/td>\n<td align=\"center\">775*395*400<\/td>\n<\/tr>\n<tr>\n<td align=\"center\" bgcolor=\"EFEFEF\">KS-67<\/td>\n<td align=\"center\">455*455*85mm<\/td>\n<td align=\"center\">80<\/td>\n<td align=\"center\">610*465*475<\/td>\n<\/tr>\n<\/tbody>\n<\/table>\n<\/li>\n<\/ul>\n<h3><strong><b>Emballage et livraison<\/b><\/strong><strong><b>\u00a0<\/b><\/strong><\/h3>\n<p>Le KS-67 Manluen Gold Party Tray est emball\u00e9 dans des mat\u00e9riaux robustes et respectueux de l'environnement pour garantir un transport s\u00fbr et sans dommage. Chaque produit est soigneusement prot\u00e9g\u00e9 par des mesures antichocs et r\u00e9sistantes \u00e0 la pression, accompagn\u00e9es d'un \u00e9tiquetage clair pour faciliter l'identification et le stockage. Gr\u00e2ce \u00e0 notre service de livraison efficace et pr\u00e9cis, nous vous apportons l'\u00e9l\u00e9gance et la qualit\u00e9 en temps voulu, garantissant ainsi une exp\u00e9rience de f\u00eate sans faille.<\/p>\n<h3><strong><b>Sc\u00e9narios d'utilisation<\/b><\/strong><strong><b>\u00a0\u00a0<\/b><\/strong><\/h3>\n<p>Le KS-67 Manluen Seven-Compartment Gold Party Tray s'int\u00e8gre parfaitement dans divers environnements gr\u00e2ce \u00e0 sa luxueuse finition dor\u00e9e et \u00e0 son design pratique. Qu'il s'agisse de banquets haut de gamme, de c\u00e9l\u00e9brations de mariage, de r\u00e9unions de famille ou d'\u00e9v\u00e9nements festifs, il accueille avec \u00e9l\u00e9gance les plats et les boissons gastronomiques, ajoutant une touche de raffinement \u00e0 chaque occasion. C'est le choix id\u00e9al pour rehausser l'atmosph\u00e8re de n'importe quel \u00e9v\u00e9nement.<\/p>\n<h3><strong><b>Mat\u00e9riau de premi\u00e8re qualit\u00e9 et finition dor\u00e9e \u00e0 la mode <\/b><\/strong><\/h3>\n<p>Le plateau de r\u00e9ception KS-67 Manluen est fabriqu\u00e9 \u00e0 partir de mat\u00e9riaux OPS et PP de premi\u00e8re qualit\u00e9, ce qui le rend l\u00e9ger, durable, \u00e9cologique et s\u00fbr. Il pr\u00e9sente une excellente r\u00e9sistance \u00e0 la temp\u00e9rature et des propri\u00e9t\u00e9s antid\u00e9rapantes. Son ext\u00e9rieur dor\u00e9 attire l'attention et est luxueux. Il respire la sophistication et ajoute une touche d'\u00e9l\u00e9gance \u00e0 tous les rassemblements. \u00c9quilibrant parfaitement la fonctionnalit\u00e9 et l'attrait visuel, c'est le choix id\u00e9al pour un style de vie raffin\u00e9.<\/p>\n<h3><strong><b>R\u00e9sistant \u00e0 la temp\u00e9rature, \u00e9tanche et durable <\/b><\/strong><\/h3>\n<p>Le plateau de r\u00e9ception KS-67 Manluen Gold \u00e0 tr\u00e8s grande capacit\u00e9 est fabriqu\u00e9 \u00e0 partir de mat\u00e9riaux de haute qualit\u00e9, offrant une r\u00e9sistance sup\u00e9rieure \u00e0 la temp\u00e9rature pour les aliments chauds et froids. Sa conception anti-fuites bien pens\u00e9e \u00e9limine les probl\u00e8mes de d\u00e9versement, garantissant ainsi commodit\u00e9 et fiabilit\u00e9. La structure robuste est r\u00e9sistante \u00e0 la pression et \u00e0 l'usure, et conserve sa stabilit\u00e9 et son \u00e9l\u00e9gance m\u00eame apr\u00e8s une utilisation prolong\u00e9e. Il offre une tranquillit\u00e9 d'esprit pour chaque r\u00e9union, en garantissant une praticit\u00e9 et un style durables.<\/p>","protected":false},"excerpt":{"rendered":"<p>The KS-67 Manluen Party Tray features a 455*455*85 mm rectangular design, offering efficient space utilization and easy arrangement. Its dazzling gold finish exudes luxury, while the six well-designed compartments provide&hellip;<\/p>","protected":false},"featured_media":127,"template":"","meta":{"_uag_custom_page_level_css":""},"product_brand":[],"product_cat":[22],"product_tag":[138,134,137],"class_list":{"0":"post-1847","1":"product","2":"type-product","3":"status-publish","4":"has-post-thumbnail","6":"product_cat-party-trays","7":"product_tag-gold","8":"product_tag-party-tray","9":"product_tag-rectangular","11":"first","12":"instock","13":"featured","14":"shipping-taxable","15":"purchasable","16":"product-type-simple"},"spectra_custom_meta":{"rank_math_internal_links_processed":["1","1","1","1","1","1","1","1","1","1","1","1","1","1","1","1","1","1","1","1","1","1","1","1","1","1","1","1","1","1","1","1","1","1","1","1","1","1","1","1","1","1","1","1","1","1","1","1","1","1","1","1","1","1","1","1","1","1","1","1","1","1"],"_sku":["KS-67"],"_regular_price":["1"],"total_sales":["0"],"_tax_status":["taxable"],"_tax_class":[""],"_manage_stock":["no"],"_backorders":["no"],"_sold_individually":["no"],"_virtual":["no"],"_downloadable":["no"],"_product_image_gallery":["1703,1711,1710,1709,1708,1707,1706,1705"],"_download_limit":["0"],"_download_expiry":["0"],"_thumbnail_id":["127"],"_stock":[null],"_stock_status":["instock"],"_wc_average_rating":["0"],"_wc_review_count":["0"],"_product_attributes":["a:2:{s:9:\"item-size\";a:6:{s:4:\"name\";s:9:\"Item Size\";s:5:\"value\";s:12:\"455*455*85mm\";s:8:\"position\";i:0;s:10:\"is_visible\";i:1;s:12:\"is_variation\";i:0;s:11:\"is_taxonomy\";i:0;}s:7:\"qty-ctn\";a:6:{s:4:\"name\";s:7:\"QTY\/CTN\";s:5:\"value\";s:2:\"80\";s:8:\"position\";i:1;s:10:\"is_visible\";i:1;s:12:\"is_variation\";i:0;s:11:\"is_taxonomy\";i:0;}}"],"_product_version":["9.4.2"],"_price":["1"],"_wp_old_date":["2024-11-26"],"rank_math_analytic_object_id":["24"],"classic-editor-remember":["classic-editor"],"rank_math_seo_score":["69"],"rank_math_contentai_score":["a:5:{s:8:\"keywords\";s:5:\"74.51\";s:9:\"wordCount\";s:1:\"0\";s:9:\"linkCount\";s:1:\"0\";s:12:\"headingCount\";s:1:\"0\";s:10:\"mediaCount\";s:1:\"0\";}"],"_jet_woo_template":[""],"_template_type":["default"],"rank_math_primary_product_cat":["22"],"_ywraq_hide_quote_button_check":[""],"_ywraq_hide_quote_button":["0"],"_edit_lock":["1751907555:1"],"_edit_last":["1"],"rank_math_focus_keyword":["Party Tray"],"_wp_old_slug":["extra-large-capacity-seven-compartment-gold-party-tray-ks-67"],"_uag_css_file_name":["uag-css-1847.css"],"_uag_page_assets":["a:9:{s:3:\"css\";s:263:\".uag-blocks-common-selector{z-index:var(--z-index-desktop) !important}@media (max-width: 976px){.uag-blocks-common-selector{z-index:var(--z-index-tablet) !important}}@media (max-width: 767px){.uag-blocks-common-selector{z-index:var(--z-index-mobile) !important}}\n\";s:2:\"js\";s:0:\"\";s:18:\"current_block_list\";a:6:{i:0;s:10:\"core\/group\";i:1;s:12:\"core\/heading\";i:2;s:17:\"core\/latest-posts\";i:3;s:20:\"core\/latest-comments\";i:4;s:13:\"core\/archives\";i:5;s:15:\"core\/categories\";}s:8:\"uag_flag\";b:0;s:11:\"uag_version\";i:1777144654;s:6:\"gfonts\";a:0:{}s:10:\"gfonts_url\";s:0:\"\";s:12:\"gfonts_files\";a:0:{}s:14:\"uag_faq_layout\";b:0;}"]},"uagb_featured_image_src":{"full":["https:\/\/www.manluenpack.com\/wp-content\/uploads\/2024\/11\/pickle-party-trays.jpg",1000,1000,false],"thumbnail":["https:\/\/www.manluenpack.com\/wp-content\/uploads\/2024\/11\/pickle-party-trays.jpg",150,150,false],"medium":["https:\/\/www.manluenpack.com\/wp-content\/uploads\/2024\/11\/pickle-party-trays.jpg",300,300,false],"medium_large":["https:\/\/www.manluenpack.com\/wp-content\/uploads\/2024\/11\/pickle-party-trays.jpg",768,768,false],"large":["https:\/\/www.manluenpack.com\/wp-content\/uploads\/2024\/11\/pickle-party-trays.jpg",1000,1000,false],"1536x1536":["https:\/\/www.manluenpack.com\/wp-content\/uploads\/2024\/11\/pickle-party-trays.jpg",1000,1000,false],"2048x2048":["https:\/\/www.manluenpack.com\/wp-content\/uploads\/2024\/11\/pickle-party-trays.jpg",1000,1000,false],"trp-custom-language-flag":["https:\/\/www.manluenpack.com\/wp-content\/uploads\/2024\/11\/pickle-party-trays.jpg",12,12,false],"menu-24x24":["https:\/\/www.manluenpack.com\/wp-content\/uploads\/2024\/11\/pickle-party-trays.jpg",24,24,false],"menu-36x36":["https:\/\/www.manluenpack.com\/wp-content\/uploads\/2024\/11\/pickle-party-trays.jpg",36,36,false],"menu-48x48":["https:\/\/www.manluenpack.com\/wp-content\/uploads\/2024\/11\/pickle-party-trays.jpg",48,48,false],"woocommerce_thumbnail":["https:\/\/www.manluenpack.com\/wp-content\/uploads\/2024\/11\/pickle-party-trays.jpg",300,300,false],"woocommerce_single":["https:\/\/www.manluenpack.com\/wp-content\/uploads\/2024\/11\/pickle-party-trays.jpg",600,600,false],"woocommerce_gallery_thumbnail":["https:\/\/www.manluenpack.com\/wp-content\/uploads\/2024\/11\/pickle-party-trays.jpg",100,100,false]},"uagb_author_info":{"display_name":"ManLuenpack","author_link":"https:\/\/www.manluenpack.com\/fr\/author\/"},"uagb_comment_info":0,"uagb_excerpt":"The KS-67 Manluen Party Tray features a 455*455*85 mm rectangular design, offering efficient space utilization and easy arrangement. Its dazzling gold finish exudes luxury, while the six well-designed compartments provide&hellip;","_links":{"self":[{"href":"https:\/\/www.manluenpack.com\/fr\/wp-json\/wp\/v2\/product\/1847","targetHints":{"allow":["GET"]}}],"collection":[{"href":"https:\/\/www.manluenpack.com\/fr\/wp-json\/wp\/v2\/product"}],"about":[{"href":"https:\/\/www.manluenpack.com\/fr\/wp-json\/wp\/v2\/types\/product"}],"wp:featuredmedia":[{"embeddable":true,"href":"https:\/\/www.manluenpack.com\/fr\/wp-json\/wp\/v2\/media\/127"}],"wp:attachment":[{"href":"https:\/\/www.manluenpack.com\/fr\/wp-json\/wp\/v2\/media?parent=1847"}],"wp:term":[{"taxonomy":"product_brand","embeddable":true,"href":"https:\/\/www.manluenpack.com\/fr\/wp-json\/wp\/v2\/product_brand?post=1847"},{"taxonomy":"product_cat","embeddable":true,"href":"https:\/\/www.manluenpack.com\/fr\/wp-json\/wp\/v2\/product_cat?post=1847"},{"taxonomy":"product_tag","embeddable":true,"href":"https:\/\/www.manluenpack.com\/fr\/wp-json\/wp\/v2\/product_tag?post=1847"}],"curies":[{"name":"wp","href":"https:\/\/api.w.org\/{rel}","templated":true}]}}