{"id":1845,"date":"2025-04-14T01:05:49","date_gmt":"2025-04-13T17:05:49","guid":{"rendered":"https:\/\/www.manluenpack.com\/?post_type=product&#038;p=1845"},"modified":"2025-07-08T01:14:18","modified_gmt":"2025-07-07T17:14:18","slug":"wl-250manluen-party-tray","status":"publish","type":"product","link":"https:\/\/www.manluenpack.com\/fr\/products\/wl-250manluen-party-tray\/","title":{"rendered":"WL-250 Plateau de f\u00eate Manluen"},"content":{"rendered":"<p>Le plateau WL-250 Manluen Party Tray pr\u00e9sente un \u00e9l\u00e9gant design circulaire avec des dimensions de \u2300260\u00d750 mm, offrant une efficacit\u00e9 de l'espace et une manipulation confortable. La finition noire classique associ\u00e9e \u00e0 quatre compartiments permet de placer de mani\u00e8re organis\u00e9e les en-cas et les desserts. Fabriqu\u00e9 \u00e0 partir de mat\u00e9riaux OPS+PP de qualit\u00e9 alimentaire, il combine une grande transparence et une r\u00e9sistance aux chocs, garantissant des performances anti-fuites et antid\u00e9rapantes tout en ajoutant de la praticit\u00e9 et de la beaut\u00e9 \u00e0 votre table de f\u00eate.<\/p>\n<ul>\n<li>Type d'emballage<br \/>\nBo\u00eete en carton<\/li>\n<li>Couleur<br \/>\nNoir<\/li>\n<li>Quantit\u00e9 par caisse<br \/>\n200 ensembles<\/li>\n<li>Mat\u00e9riau<br \/>\nCouvercle-OPS, Base-PS<\/li>\n<li>Sp\u00e9cifications de l'emballage<br \/>\n0,079 m\u00e8tre cube<\/li>\n<\/ul>\n<h3><strong><b>Emballage et livraison<\/b><\/strong><strong><b>\u00a0<\/b><\/strong><\/h3>\n<p>Notre plateau rond Manluen est prot\u00e9g\u00e9 par du film \u00e0 bulles anti-pression et des bo\u00eetes de couleur personnalis\u00e9es, garantissant un emballage r\u00e9sistant aux chocs et \u00e0 la pression. Nous proposons des options d'emballage flexibles pour r\u00e9pondre \u00e0 vos besoins, garantissant une logistique efficace et des \u00e9conomies. Profitez d'un temps de r\u00e9ponse rapide et d'une livraison ponctuelle lorsque vous passez votre commande, avec une assurance qualit\u00e9 tout au long du processus pour que les pr\u00e9paratifs de votre f\u00eate se fassent sans effort et sans souci.<\/p>\n<h3><strong><b>Sc\u00e9narios d'utilisation<\/b><\/strong><strong><b>\u00a0\u00a0<\/b><\/strong><\/h3>\n<p>Le plateau rond Manluen noir WL-250 est id\u00e9al pour les occasions \u00e9l\u00e9gantes telles que les pauses th\u00e9, les buffets de mariage et les r\u00e9unions de famille. Ses quatre compartiments permettent de ranger facilement les fruits, les p\u00e2tisseries, les noix ou les sauces. Fabriqu\u00e9 \u00e0 partir de mat\u00e9riaux de qualit\u00e9 alimentaire, il peut \u00eatre utilis\u00e9 en toute s\u00e9curit\u00e9 dans les caf\u00e9s, les h\u00f4tels et les pique-niques en plein air, pour que tout soit bien rang\u00e9 et pour rehausser la sophistication de votre \u00e9v\u00e9nement.<\/p>\n<h3><strong><b>Transparent, \u00e9tanche et durable <\/b><\/strong><\/h3>\n<p>Le plateau rond \u00e0 quatre compartiments WL-250 Manluen est fabriqu\u00e9 \u00e0 partir de mat\u00e9riaux PP+OPS de qualit\u00e9 alimentaire sup\u00e9rieure, r\u00e9sistant \u00e0 des temp\u00e9ratures allant de -20\u00b0C \u00e0 120\u00b0C. Il convient donc aussi bien aux aliments chauds qu'aux aliments froids, sans se d\u00e9former. Ses s\u00e9parateurs \u00e9tanches moul\u00e9s en une seule pi\u00e8ce et ses bords renforc\u00e9s garantissent sa durabilit\u00e9, sa stabilit\u00e9 et sa r\u00e9sistance \u00e0 l'usure. Qu'il s'agisse de servir des repas chauds ou d'organiser une f\u00eate autour d'une boisson glac\u00e9e, ce plateau s'adapte \u00e0 toutes les occasions avec \u00e9l\u00e9gance et accompagne durablement tous les rassemblements.<\/p>","protected":false},"excerpt":{"rendered":"<p>The WL-250 Manluen Party Tray features an elegant circular design with dimensions of \u2300260\u00d750 mm, offering space efficiency and comfortable handling. The classic black finish paired with four compartments allows&hellip;<\/p>","protected":false},"featured_media":2267,"template":"","meta":{"_uag_custom_page_level_css":""},"product_brand":[],"product_cat":[22],"product_tag":[136,134,135],"class_list":{"0":"post-1845","1":"product","2":"type-product","3":"status-publish","4":"has-post-thumbnail","6":"product_cat-party-trays","7":"product_tag-classic-black","8":"product_tag-party-tray","9":"product_tag-round","11":"first","12":"instock","13":"shipping-taxable","14":"purchasable","15":"product-type-simple"},"spectra_custom_meta":{"rank_math_internal_links_processed":["1","1","1","1","1","1","1","1","1","1","1","1","1","1","1","1","1","1","1","1","1","1","1","1","1","1","1","1","1","1","1","1","1","1","1","1","1","1","1","1","1","1","1","1","1","1","1","1","1","1","1","1","1","1","1","1","1","1","1","1","1"],"_sku":["WL-250"],"_regular_price":["1"],"total_sales":["0"],"_tax_status":["taxable"],"_tax_class":[""],"_manage_stock":["no"],"_backorders":["no"],"_sold_individually":["no"],"_virtual":["no"],"_downloadable":["no"],"_product_image_gallery":["2265,2266,2268,2264"],"_download_limit":["0"],"_download_expiry":["0"],"_thumbnail_id":["2267"],"_stock":[null],"_stock_status":["instock"],"_wc_average_rating":["0"],"_wc_review_count":["0"],"_product_attributes":["a:2:{s:9:\"item-size\";a:6:{s:4:\"name\";s:9:\"Item Size\";s:5:\"value\";s:12:\"\u2300260\u00d750mm\";s:8:\"position\";i:0;s:10:\"is_visible\";i:1;s:12:\"is_variation\";i:0;s:11:\"is_taxonomy\";i:0;}s:7:\"qty-ctn\";a:6:{s:4:\"name\";s:7:\"QTY\/CTN\";s:5:\"value\";s:3:\"200\";s:8:\"position\";i:1;s:10:\"is_visible\";i:1;s:12:\"is_variation\";i:0;s:11:\"is_taxonomy\";i:0;}}"],"_product_version":["9.4.2"],"_price":["1"],"_wp_old_date":["2024-11-26"],"rank_math_analytic_object_id":["24"],"classic-editor-remember":["classic-editor"],"rank_math_seo_score":["69"],"rank_math_contentai_score":["a:5:{s:8:\"keywords\";s:5:\"74.51\";s:9:\"wordCount\";s:1:\"0\";s:9:\"linkCount\";s:1:\"0\";s:12:\"headingCount\";s:1:\"0\";s:10:\"mediaCount\";s:1:\"0\";}"],"_jet_woo_template":[""],"_template_type":["default"],"rank_math_primary_product_cat":["22"],"_ywraq_hide_quote_button_check":[""],"_ywraq_hide_quote_button":["0"],"_edit_lock":["1751909449:1"],"_edit_last":["1"],"_wp_old_slug":["four-compartment-round-party-tray-wl-250"],"rank_math_focus_keyword":["Party Tray"],"_uag_css_file_name":["uag-css-1845.css"],"_uag_page_assets":["a:9:{s:3:\"css\";s:0:\"\";s:2:\"js\";s:0:\"\";s:18:\"current_block_list\";a:6:{i:0;s:10:\"core\/group\";i:1;s:12:\"core\/heading\";i:2;s:17:\"core\/latest-posts\";i:3;s:20:\"core\/latest-comments\";i:4;s:13:\"core\/archives\";i:5;s:15:\"core\/categories\";}s:8:\"uag_flag\";b:0;s:11:\"uag_version\";i:1777278560;s:6:\"gfonts\";a:0:{}s:10:\"gfonts_url\";s:0:\"\";s:12:\"gfonts_files\";a:0:{}s:14:\"uag_faq_layout\";b:0;}"]},"uagb_featured_image_src":{"full":["https:\/\/www.manluenpack.com\/wp-content\/uploads\/2025\/04\/WL-250-manluen-party-tray-plastic.webp",1000,1000,false],"thumbnail":["https:\/\/www.manluenpack.com\/wp-content\/uploads\/2025\/04\/WL-250-manluen-party-tray-plastic.webp",150,150,false],"medium":["https:\/\/www.manluenpack.com\/wp-content\/uploads\/2025\/04\/WL-250-manluen-party-tray-plastic.webp",300,300,false],"medium_large":["https:\/\/www.manluenpack.com\/wp-content\/uploads\/2025\/04\/WL-250-manluen-party-tray-plastic.webp",768,768,false],"large":["https:\/\/www.manluenpack.com\/wp-content\/uploads\/2025\/04\/WL-250-manluen-party-tray-plastic.webp",1000,1000,false],"1536x1536":["https:\/\/www.manluenpack.com\/wp-content\/uploads\/2025\/04\/WL-250-manluen-party-tray-plastic.webp",1000,1000,false],"2048x2048":["https:\/\/www.manluenpack.com\/wp-content\/uploads\/2025\/04\/WL-250-manluen-party-tray-plastic.webp",1000,1000,false],"trp-custom-language-flag":["https:\/\/www.manluenpack.com\/wp-content\/uploads\/2025\/04\/WL-250-manluen-party-tray-plastic.webp",12,12,false],"menu-24x24":["https:\/\/www.manluenpack.com\/wp-content\/uploads\/2025\/04\/WL-250-manluen-party-tray-plastic.webp",24,24,false],"menu-36x36":["https:\/\/www.manluenpack.com\/wp-content\/uploads\/2025\/04\/WL-250-manluen-party-tray-plastic.webp",36,36,false],"menu-48x48":["https:\/\/www.manluenpack.com\/wp-content\/uploads\/2025\/04\/WL-250-manluen-party-tray-plastic.webp",48,48,false],"woocommerce_thumbnail":["https:\/\/www.manluenpack.com\/wp-content\/uploads\/2025\/04\/WL-250-manluen-party-tray-plastic.webp",300,300,false],"woocommerce_single":["https:\/\/www.manluenpack.com\/wp-content\/uploads\/2025\/04\/WL-250-manluen-party-tray-plastic.webp",600,600,false],"woocommerce_gallery_thumbnail":["https:\/\/www.manluenpack.com\/wp-content\/uploads\/2025\/04\/WL-250-manluen-party-tray-plastic.webp",100,100,false]},"uagb_author_info":{"display_name":"ManLuenpack","author_link":"https:\/\/www.manluenpack.com\/fr\/author\/"},"uagb_comment_info":0,"uagb_excerpt":"The WL-250 Manluen Party Tray features an elegant circular design with dimensions of \u2300260\u00d750 mm, offering space efficiency and comfortable handling. The classic black finish paired with four compartments allows&hellip;","_links":{"self":[{"href":"https:\/\/www.manluenpack.com\/fr\/wp-json\/wp\/v2\/product\/1845","targetHints":{"allow":["GET"]}}],"collection":[{"href":"https:\/\/www.manluenpack.com\/fr\/wp-json\/wp\/v2\/product"}],"about":[{"href":"https:\/\/www.manluenpack.com\/fr\/wp-json\/wp\/v2\/types\/product"}],"wp:featuredmedia":[{"embeddable":true,"href":"https:\/\/www.manluenpack.com\/fr\/wp-json\/wp\/v2\/media\/2267"}],"wp:attachment":[{"href":"https:\/\/www.manluenpack.com\/fr\/wp-json\/wp\/v2\/media?parent=1845"}],"wp:term":[{"taxonomy":"product_brand","embeddable":true,"href":"https:\/\/www.manluenpack.com\/fr\/wp-json\/wp\/v2\/product_brand?post=1845"},{"taxonomy":"product_cat","embeddable":true,"href":"https:\/\/www.manluenpack.com\/fr\/wp-json\/wp\/v2\/product_cat?post=1845"},{"taxonomy":"product_tag","embeddable":true,"href":"https:\/\/www.manluenpack.com\/fr\/wp-json\/wp\/v2\/product_tag?post=1845"}],"curies":[{"name":"wp","href":"https:\/\/api.w.org\/{rel}","templated":true}]}}