{"id":1841,"date":"2025-04-12T23:39:41","date_gmt":"2025-04-12T15:39:41","guid":{"rendered":"https:\/\/www.manluenpack.com\/?post_type=product&#038;p=1841"},"modified":"2025-07-08T01:32:24","modified_gmt":"2025-07-07T17:32:24","slug":"wl-c020-manluen-party-tray","status":"publish","type":"product","link":"https:\/\/www.manluenpack.com\/fr\/products\/wl-c020-manluen-party-tray\/","title":{"rendered":"WL-C020 Plateau de f\u00eate Manluen"},"content":{"rendered":"<p>Le plateau de r\u00e9ception WL-C020 Manluen pr\u00e9sente un design unique de 272*272*50 mm, avec une structure carr\u00e9e qui utilise efficacement l'espace. La finition noire classique est compl\u00e9t\u00e9e par une impression exquise de feuilles d'\u00e9rable, ce qui lui conf\u00e8re une esth\u00e9tique moderne et \u00e9l\u00e9gante. Fabriqu\u00e9 \u00e0 partir de mat\u00e9riaux OPS et PP de haute qualit\u00e9, il est l\u00e9ger, durable et respectueux de l'environnement, et pr\u00e9sente des propri\u00e9t\u00e9s antid\u00e9rapantes et de r\u00e9sistance \u00e0 la temp\u00e9rature. Alliant praticit\u00e9 et beaut\u00e9, c'est le choix id\u00e9al pour les rassemblements et les banquets.<\/p>\n<ul>\n<li>Type d'emballage<br \/>\nBo\u00eete en carton<\/li>\n<li>Couleur<br \/>\nNoir<\/li>\n<li>Quantit\u00e9 par caisse<br \/>\n100 jeux<\/li>\n<li>Mat\u00e9riau<br \/>\nCouvercle-OPS, Base-PS<\/li>\n<li>Sp\u00e9cifications de l'emballage<br \/>\n0,044 m\u00e8tre cube<\/li>\n<\/ul>\n<h3><strong><b>Emballage et livraison<\/b><\/strong><strong><b>\u00a0<\/b><\/strong><\/h3>\n<p>Le plateau de r\u00e9ception carr\u00e9 noir WL-C020 de Manluen est emball\u00e9 dans un emballage \u00e9cologique et robuste pour garantir la s\u00e9curit\u00e9 et l'int\u00e9grit\u00e9 du produit pendant le transport. Chaque plateau est soigneusement emball\u00e9 avec des mat\u00e9riaux r\u00e9sistants aux chocs et \u00e0 la pression, accompagn\u00e9s d'une \u00e9tiquette claire pour faciliter le stockage et l'identification. Gr\u00e2ce \u00e0 des services de livraison efficaces et fiables, nous r\u00e9pondons rapidement \u00e0 tous vos besoins en mati\u00e8re de collecte.<\/p>\n<h3><strong><b>Sc\u00e9narios d'utilisation<\/b><\/strong><strong><b>\u00a0\u00a0<\/b><\/strong><\/h3>\n<p>Le plateau de r\u00e9ception carr\u00e9 noir WL-C020 s'int\u00e8gre parfaitement dans divers environnements gr\u00e2ce \u00e0 son design \u00e9l\u00e9gant et \u00e0 ses fonctionnalit\u00e9s pratiques. Qu'il s'agisse de r\u00e9unions de famille, de f\u00eates de fin d'ann\u00e9e, d'\u00e9v\u00e9nements d'entreprise ou de banquets de mariage, il accueille parfaitement les boissons et la nourriture, ajoutant commodit\u00e9 et style \u00e0 chaque moment joyeux. C'est le choix id\u00e9al pour rehausser l'atmosph\u00e8re de toute occasion.<\/p>\n<h3><strong><b>Mat\u00e9riau de premi\u00e8re qualit\u00e9 et impressions claires<\/b><\/strong><\/h3>\n<p>Ce plateau de f\u00eate carr\u00e9 de Manluen est fabriqu\u00e9 en PP de qualit\u00e9 alimentaire, ce qui garantit sa s\u00e9curit\u00e9, sa non-toxicit\u00e9 et sa durabilit\u00e9. Associ\u00e9s \u00e0 la technologie d'impression de feuilles d'\u00e9rable haute d\u00e9finition, les motifs sont d\u00e9taill\u00e9s et r\u00e9sistent \u00e0 la d\u00e9coloration. La base noire mate met en valeur le design complexe, alliant praticit\u00e9 et attrait artistique, ajoutant une touche de luxe discret aux tables de f\u00eate.<\/p>\n<h3><strong><b>R\u00e9sistance \u00e0 la temp\u00e9rature, \u00e9tanch\u00e9it\u00e9 et durabilit\u00e9 \u00a0<\/b><\/strong><\/h3>\n<p>Le plateau de r\u00e9ception noir WL-C020 Manluen est fabriqu\u00e9 \u00e0 partir de mat\u00e9riaux de premi\u00e8re qualit\u00e9, offrant une excellente r\u00e9sistance \u00e0 la temp\u00e9rature et convenant aussi bien aux aliments chauds qu'aux aliments froids. Sa structure robuste et durable r\u00e9siste \u00e0 la pression et \u00e0 l'usure, et reste stable m\u00eame apr\u00e8s une utilisation prolong\u00e9e. Il constitue un support fiable pour tous les rassemblements et allie praticit\u00e9 et sens de la qualit\u00e9.<\/p>","protected":false},"excerpt":{"rendered":"<p>The WL-C020 Manluen Party Tray features a unique 272*272*50 mm design, with a square structure that efficiently utilizes space. The classic black finish is complemented by an exquisite maple leaf&hellip;<\/p>","protected":false},"featured_media":131,"template":"","meta":{"_uag_custom_page_level_css":""},"product_brand":[],"product_cat":[22],"product_tag":[106,134,105],"class_list":{"0":"post-1841","1":"product","2":"type-product","3":"status-publish","4":"has-post-thumbnail","6":"product_cat-party-trays","7":"product_tag-maple-leaf-print","8":"product_tag-party-tray","9":"product_tag-square","11":"first","12":"instock","13":"featured","14":"shipping-taxable","15":"purchasable","16":"product-type-simple"},"spectra_custom_meta":{"rank_math_internal_links_processed":["1","1","1","1","1","1","1","1","1","1","1","1","1","1","1","1","1","1","1","1","1","1","1","1","1","1","1","1","1","1","1","1","1","1","1","1","1","1","1","1","1","1","1","1","1","1","1","1","1","1","1","1","1","1","1","1","1","1","1"],"_sku":["WL-C020"],"_regular_price":["1"],"total_sales":["0"],"_tax_status":["taxable"],"_tax_class":[""],"_manage_stock":["no"],"_backorders":["no"],"_sold_individually":["no"],"_virtual":["no"],"_downloadable":["no"],"_product_image_gallery":["1703,1711,1710,1709,1708,1707,1706,1705"],"_download_limit":["0"],"_download_expiry":["0"],"_thumbnail_id":["131"],"_stock":[null],"_stock_status":["instock"],"_wc_average_rating":["0"],"_wc_review_count":["0"],"_product_attributes":["a:2:{s:9:\"item-size\";a:6:{s:4:\"name\";s:9:\"Item Size\";s:5:\"value\";s:12:\"272*272*50mm\";s:8:\"position\";i:0;s:10:\"is_visible\";i:1;s:12:\"is_variation\";i:0;s:11:\"is_taxonomy\";i:0;}s:7:\"qty-ctn\";a:6:{s:4:\"name\";s:7:\"QTY\/CTN\";s:5:\"value\";s:3:\"100\";s:8:\"position\";i:1;s:10:\"is_visible\";i:1;s:12:\"is_variation\";i:0;s:11:\"is_taxonomy\";i:0;}}"],"_product_version":["9.4.2"],"_price":["1"],"_wp_old_date":["2024-11-26"],"rank_math_analytic_object_id":["24"],"classic-editor-remember":["classic-editor"],"rank_math_seo_score":["69"],"rank_math_contentai_score":["a:5:{s:8:\"keywords\";s:5:\"74.51\";s:9:\"wordCount\";s:1:\"0\";s:9:\"linkCount\";s:1:\"0\";s:12:\"headingCount\";s:1:\"0\";s:10:\"mediaCount\";s:1:\"0\";}"],"_jet_woo_template":[""],"_template_type":["default"],"rank_math_primary_product_cat":["22"],"_ywraq_hide_quote_button_check":[""],"_ywraq_hide_quote_button":["0"],"_edit_lock":["1751909413:1"],"_edit_last":["1"],"_wp_old_slug":["black-square-party-tray-wl-c020"],"rank_math_focus_keyword":["Party Tray"],"_uag_css_file_name":["uag-css-1841.css"],"_uag_page_assets":["a:9:{s:3:\"css\";s:0:\"\";s:2:\"js\";s:0:\"\";s:18:\"current_block_list\";a:6:{i:0;s:10:\"core\/group\";i:1;s:12:\"core\/heading\";i:2;s:17:\"core\/latest-posts\";i:3;s:20:\"core\/latest-comments\";i:4;s:13:\"core\/archives\";i:5;s:15:\"core\/categories\";}s:8:\"uag_flag\";b:0;s:11:\"uag_version\";i:1777294043;s:6:\"gfonts\";a:0:{}s:10:\"gfonts_url\";s:0:\"\";s:12:\"gfonts_files\";a:0:{}s:14:\"uag_faq_layout\";b:0;}"]},"uagb_featured_image_src":{"full":["https:\/\/www.manluenpack.com\/wp-content\/uploads\/2024\/11\/41.jpg",1000,1000,false],"thumbnail":["https:\/\/www.manluenpack.com\/wp-content\/uploads\/2024\/11\/41.jpg",150,150,false],"medium":["https:\/\/www.manluenpack.com\/wp-content\/uploads\/2024\/11\/41.jpg",300,300,false],"medium_large":["https:\/\/www.manluenpack.com\/wp-content\/uploads\/2024\/11\/41.jpg",768,768,false],"large":["https:\/\/www.manluenpack.com\/wp-content\/uploads\/2024\/11\/41.jpg",1000,1000,false],"1536x1536":["https:\/\/www.manluenpack.com\/wp-content\/uploads\/2024\/11\/41.jpg",1000,1000,false],"2048x2048":["https:\/\/www.manluenpack.com\/wp-content\/uploads\/2024\/11\/41.jpg",1000,1000,false],"trp-custom-language-flag":["https:\/\/www.manluenpack.com\/wp-content\/uploads\/2024\/11\/41.jpg",12,12,false],"menu-24x24":["https:\/\/www.manluenpack.com\/wp-content\/uploads\/2024\/11\/41.jpg",24,24,false],"menu-36x36":["https:\/\/www.manluenpack.com\/wp-content\/uploads\/2024\/11\/41.jpg",36,36,false],"menu-48x48":["https:\/\/www.manluenpack.com\/wp-content\/uploads\/2024\/11\/41.jpg",48,48,false],"woocommerce_thumbnail":["https:\/\/www.manluenpack.com\/wp-content\/uploads\/2024\/11\/41.jpg",300,300,false],"woocommerce_single":["https:\/\/www.manluenpack.com\/wp-content\/uploads\/2024\/11\/41.jpg",600,600,false],"woocommerce_gallery_thumbnail":["https:\/\/www.manluenpack.com\/wp-content\/uploads\/2024\/11\/41.jpg",100,100,false]},"uagb_author_info":{"display_name":"ManLuenpack","author_link":"https:\/\/www.manluenpack.com\/fr\/author\/"},"uagb_comment_info":0,"uagb_excerpt":"The WL-C020 Manluen Party Tray features a unique 272*272*50 mm design, with a square structure that efficiently utilizes space. The classic black finish is complemented by an exquisite maple leaf&hellip;","_links":{"self":[{"href":"https:\/\/www.manluenpack.com\/fr\/wp-json\/wp\/v2\/product\/1841","targetHints":{"allow":["GET"]}}],"collection":[{"href":"https:\/\/www.manluenpack.com\/fr\/wp-json\/wp\/v2\/product"}],"about":[{"href":"https:\/\/www.manluenpack.com\/fr\/wp-json\/wp\/v2\/types\/product"}],"wp:featuredmedia":[{"embeddable":true,"href":"https:\/\/www.manluenpack.com\/fr\/wp-json\/wp\/v2\/media\/131"}],"wp:attachment":[{"href":"https:\/\/www.manluenpack.com\/fr\/wp-json\/wp\/v2\/media?parent=1841"}],"wp:term":[{"taxonomy":"product_brand","embeddable":true,"href":"https:\/\/www.manluenpack.com\/fr\/wp-json\/wp\/v2\/product_brand?post=1841"},{"taxonomy":"product_cat","embeddable":true,"href":"https:\/\/www.manluenpack.com\/fr\/wp-json\/wp\/v2\/product_cat?post=1841"},{"taxonomy":"product_tag","embeddable":true,"href":"https:\/\/www.manluenpack.com\/fr\/wp-json\/wp\/v2\/product_tag?post=1841"}],"curies":[{"name":"wp","href":"https:\/\/api.w.org\/{rel}","templated":true}]}}