{"id":1839,"date":"2025-04-12T23:35:40","date_gmt":"2025-04-12T15:35:40","guid":{"rendered":"https:\/\/www.manluenpack.com\/?post_type=product&#038;p=1839"},"modified":"2025-07-08T01:06:55","modified_gmt":"2025-07-07T17:06:55","slug":"wl-53-manluen-party-tray","status":"publish","type":"product","link":"https:\/\/www.manluenpack.com\/fr\/products\/wl-53-manluen-party-tray\/","title":{"rendered":"WL-53 Plateau de f\u00eate Manluen"},"content":{"rendered":"<p>Le WL-53 Manluen Takeaway Round Party Tray pr\u00e9sente un design unique de \u2300265\u00d750 mm qui allie parfaitement praticit\u00e9 et esth\u00e9tique. Sa forme ronde, orn\u00e9e de fleurs de cerisier noires, est \u00e9l\u00e9gante, tandis que le mat\u00e9riau transparent est \u00e0 la fois durable et pratique pour pr\u00e9senter le contenu, ce qui en fait un choix id\u00e9al pour toutes les f\u00eates.<\/p>\n<ul>\n<li>Type d'emballage<br \/>\nBo\u00eete en carton<\/li>\n<li>Couleur<br \/>\nNoir<\/li>\n<li>Quantit\u00e9 par caisse<br \/>\n200 ensembles<\/li>\n<li>Mat\u00e9riau<br \/>\nCouvercle-OPS\/PET, Base-PS\/PP<\/li>\n<li>Sp\u00e9cifications de l'emballage<br \/>\n0,079 m\u00e8tre cube<\/li>\n<\/ul>\n<h3><strong><b>Emballage et livraison<\/b><\/strong><\/h3>\n<p>Le plateau de r\u00e9ception rond WL-53 Manluen est livr\u00e9 dans un emballage \u00e9cologique exquis con\u00e7u pour garantir la stabilit\u00e9 et la s\u00e9curit\u00e9 pendant le transport. Chaque produit fait l'objet d'un contr\u00f4le de qualit\u00e9 rigoureux, est emball\u00e9 dans un film protecteur transparent et est accompagn\u00e9 d'une bo\u00eete ext\u00e9rieure imprim\u00e9e en fleurs de cerisier noires, ce qui t\u00e9moigne de sa qualit\u00e9 sup\u00e9rieure. La livraison rapide et ponctuelle ajoute de la facilit\u00e9 et de la gr\u00e2ce aux pr\u00e9paratifs de votre f\u00eate.<\/p>\n<h3><strong><b>Sc\u00e9narios d'utilisation<\/b><\/strong><strong><b>\u00a0\u00a0<\/b><\/strong><\/h3>\n<p>Le plateau WL-53 Manluen Party Tray, avec son \u00e9l\u00e9gante impression de fleurs de cerisier noires et son design transparent et durable, est parfait pour les f\u00eates, les mariages, les c\u00e9l\u00e9brations et bien d'autres choses encore. Qu'il soit utilis\u00e9 pour servir des desserts, des en-cas ou des cadeaux exquis, ses dimensions uniques et son aspect raffin\u00e9 ajoutent une touche artistique \u00e0 toutes les occasions, rendant chaque moment sp\u00e9cial.<\/p>\n<h3><strong><b>Conception empilable <\/b><\/strong><\/h3>\n<p>Le plateau de r\u00e9ception rond de 10 pouces WL-53 Manluen est dot\u00e9 d'une conception empilable astucieuse qui optimise l'espace tout en pr\u00e9servant l'\u00e9l\u00e9gance et la stabilit\u00e9. Lorsqu'ils sont empil\u00e9s, les plateaux restent s\u00fbrs et ne se renversent pas, ce qui facilite le stockage et le transport. La structure innovante permet d'empiler les plateaux lorsqu'ils sont vides, ce qui permet d'\u00e9conomiser de l'espace de stockage pr\u00e9cieux pour les restaurants ou les cuisines domestiques.<\/p>\n<h3><strong><b>Mat\u00e9riau alimentaire de qualit\u00e9 sup\u00e9rieure<\/b><\/strong><\/h3>\n<p>Ce plateau est fabriqu\u00e9 en PS ou en PET de qualit\u00e9 alimentaire, ce qui garantit qu'il est non toxique et qu'il ne risque pas d'entrer en contact direct avec les aliments. Savourez des repas sains et d\u00e9licieux en toute s\u00e9r\u00e9nit\u00e9, en sachant que vous et vos proches \u00eates prot\u00e9g\u00e9s.<\/p>\n<h3><strong><b>\u00c9tanche, robuste et durable <\/b><\/strong><\/h3>\n<p>Le plateau de r\u00e9ception rond noir WL-53 Manluen est dot\u00e9 d'une conception \u00e9tanche qui garantit que le contenu reste bien \u00e0 l'int\u00e9rieur sans se renverser. Fabriqu\u00e9 \u00e0 partir de mat\u00e9riaux robustes et durables qui r\u00e9sistent \u00e0 la pression et aux dommages, il conserve sa qualit\u00e9 au fil du temps. Qu'il s'agisse d'aliments ou d'objets d\u00e9licats, ce plateau r\u00e9pond avec assurance aux exigences de diverses occasions, offrant \u00e0 la fois fonctionnalit\u00e9 et fiabilit\u00e9.<\/p>","protected":false},"excerpt":{"rendered":"<p>The WL-53 Manluen Takeaway Round Party Tray features a unique \u2300265\u00d750 mm design that perfectly combines practicality with aesthetics. Its round shape adorned with black cherry blossom prints exudes elegance,&hellip;<\/p>","protected":false},"featured_media":2258,"template":"","meta":{"_uag_custom_page_level_css":""},"product_brand":[],"product_cat":[22],"product_tag":[134,135,113],"class_list":{"0":"post-1839","1":"product","2":"type-product","3":"status-publish","4":"has-post-thumbnail","6":"product_cat-party-trays","7":"product_tag-party-tray","8":"product_tag-round","9":"product_tag-sakura","11":"first","12":"instock","13":"shipping-taxable","14":"purchasable","15":"product-type-simple"},"spectra_custom_meta":{"rank_math_internal_links_processed":["1","1","1","1","1","1","1","1","1","1","1","1","1","1","1","1","1","1","1","1","1","1","1","1","1","1","1","1","1","1","1","1","1","1","1","1","1","1","1","1","1","1","1","1","1","1","1","1","1","1","1","1","1","1","1","1","1","1"],"_sku":["WL-53"],"_regular_price":["1"],"total_sales":["0"],"_tax_status":["taxable"],"_tax_class":[""],"_manage_stock":["no"],"_backorders":["no"],"_sold_individually":["no"],"_virtual":["no"],"_downloadable":["no"],"_product_image_gallery":["2254,2255,2256,2257"],"_download_limit":["0"],"_download_expiry":["0"],"_thumbnail_id":["2258"],"_stock":[null],"_stock_status":["instock"],"_wc_average_rating":["0"],"_wc_review_count":["0"],"_product_attributes":["a:2:{s:9:\"item-size\";a:6:{s:4:\"name\";s:9:\"Item Size\";s:5:\"value\";s:12:\"\u2300265\u00d750mm\";s:8:\"position\";i:0;s:10:\"is_visible\";i:1;s:12:\"is_variation\";i:0;s:11:\"is_taxonomy\";i:0;}s:7:\"qty-ctn\";a:6:{s:4:\"name\";s:7:\"QTY\/CTN\";s:5:\"value\";s:3:\"200\";s:8:\"position\";i:1;s:10:\"is_visible\";i:1;s:12:\"is_variation\";i:0;s:11:\"is_taxonomy\";i:0;}}"],"_product_version":["9.4.2"],"_price":["1"],"_wp_old_date":["2024-11-26"],"rank_math_analytic_object_id":["24"],"classic-editor-remember":["classic-editor"],"rank_math_seo_score":["69"],"rank_math_contentai_score":["a:5:{s:8:\"keywords\";s:5:\"74.51\";s:9:\"wordCount\";s:1:\"0\";s:9:\"linkCount\";s:1:\"0\";s:12:\"headingCount\";s:1:\"0\";s:10:\"mediaCount\";s:1:\"0\";}"],"_jet_woo_template":[""],"_template_type":["default"],"rank_math_primary_product_cat":["22"],"_ywraq_hide_quote_button_check":[""],"_ywraq_hide_quote_button":["0"],"_edit_lock":["1751908243:1"],"_edit_last":["1"],"_wp_old_slug":["10-inch-round-party-tray-wl-53"],"rank_math_focus_keyword":["Party Tray"],"_uag_css_file_name":["uag-css-1839.css"],"_uag_page_assets":["a:9:{s:3:\"css\";s:263:\".uag-blocks-common-selector{z-index:var(--z-index-desktop) !important}@media (max-width: 976px){.uag-blocks-common-selector{z-index:var(--z-index-tablet) !important}}@media (max-width: 767px){.uag-blocks-common-selector{z-index:var(--z-index-mobile) !important}}\n\";s:2:\"js\";s:0:\"\";s:18:\"current_block_list\";a:6:{i:0;s:10:\"core\/group\";i:1;s:12:\"core\/heading\";i:2;s:17:\"core\/latest-posts\";i:3;s:20:\"core\/latest-comments\";i:4;s:13:\"core\/archives\";i:5;s:15:\"core\/categories\";}s:8:\"uag_flag\";b:0;s:11:\"uag_version\";i:1777283468;s:6:\"gfonts\";a:0:{}s:10:\"gfonts_url\";s:0:\"\";s:12:\"gfonts_files\";a:0:{}s:14:\"uag_faq_layout\";b:0;}"]},"uagb_featured_image_src":{"full":["https:\/\/www.manluenpack.com\/wp-content\/uploads\/2025\/04\/WL-53-manluen-disposable-black-party-tray-scaled.webp",2560,2560,false],"thumbnail":["https:\/\/www.manluenpack.com\/wp-content\/uploads\/2025\/04\/WL-53-manluen-disposable-black-party-tray-scaled.webp",150,150,false],"medium":["https:\/\/www.manluenpack.com\/wp-content\/uploads\/2025\/04\/WL-53-manluen-disposable-black-party-tray-scaled.webp",300,300,false],"medium_large":["https:\/\/www.manluenpack.com\/wp-content\/uploads\/2025\/04\/WL-53-manluen-disposable-black-party-tray-scaled.webp",768,768,false],"large":["https:\/\/www.manluenpack.com\/wp-content\/uploads\/2025\/04\/WL-53-manluen-disposable-black-party-tray-scaled.webp",1024,1024,false],"1536x1536":["https:\/\/www.manluenpack.com\/wp-content\/uploads\/2025\/04\/WL-53-manluen-disposable-black-party-tray-scaled.webp",1536,1536,false],"2048x2048":["https:\/\/www.manluenpack.com\/wp-content\/uploads\/2025\/04\/WL-53-manluen-disposable-black-party-tray-scaled.webp",2048,2048,false],"trp-custom-language-flag":["https:\/\/www.manluenpack.com\/wp-content\/uploads\/2025\/04\/WL-53-manluen-disposable-black-party-tray-scaled.webp",12,12,false],"menu-24x24":["https:\/\/www.manluenpack.com\/wp-content\/uploads\/2025\/04\/WL-53-manluen-disposable-black-party-tray-scaled.webp",24,24,false],"menu-36x36":["https:\/\/www.manluenpack.com\/wp-content\/uploads\/2025\/04\/WL-53-manluen-disposable-black-party-tray-scaled.webp",36,36,false],"menu-48x48":["https:\/\/www.manluenpack.com\/wp-content\/uploads\/2025\/04\/WL-53-manluen-disposable-black-party-tray-scaled.webp",48,48,false],"woocommerce_thumbnail":["https:\/\/www.manluenpack.com\/wp-content\/uploads\/2025\/04\/WL-53-manluen-disposable-black-party-tray-scaled.webp",300,300,false],"woocommerce_single":["https:\/\/www.manluenpack.com\/wp-content\/uploads\/2025\/04\/WL-53-manluen-disposable-black-party-tray-scaled.webp",600,600,false],"woocommerce_gallery_thumbnail":["https:\/\/www.manluenpack.com\/wp-content\/uploads\/2025\/04\/WL-53-manluen-disposable-black-party-tray-scaled.webp",100,100,false]},"uagb_author_info":{"display_name":"ManLuenpack","author_link":"https:\/\/www.manluenpack.com\/fr\/author\/"},"uagb_comment_info":0,"uagb_excerpt":"The WL-53 Manluen Takeaway Round Party Tray features a unique \u2300265\u00d750 mm design that perfectly combines practicality with aesthetics. Its round shape adorned with black cherry blossom prints exudes elegance,&hellip;","_links":{"self":[{"href":"https:\/\/www.manluenpack.com\/fr\/wp-json\/wp\/v2\/product\/1839","targetHints":{"allow":["GET"]}}],"collection":[{"href":"https:\/\/www.manluenpack.com\/fr\/wp-json\/wp\/v2\/product"}],"about":[{"href":"https:\/\/www.manluenpack.com\/fr\/wp-json\/wp\/v2\/types\/product"}],"wp:featuredmedia":[{"embeddable":true,"href":"https:\/\/www.manluenpack.com\/fr\/wp-json\/wp\/v2\/media\/2258"}],"wp:attachment":[{"href":"https:\/\/www.manluenpack.com\/fr\/wp-json\/wp\/v2\/media?parent=1839"}],"wp:term":[{"taxonomy":"product_brand","embeddable":true,"href":"https:\/\/www.manluenpack.com\/fr\/wp-json\/wp\/v2\/product_brand?post=1839"},{"taxonomy":"product_cat","embeddable":true,"href":"https:\/\/www.manluenpack.com\/fr\/wp-json\/wp\/v2\/product_cat?post=1839"},{"taxonomy":"product_tag","embeddable":true,"href":"https:\/\/www.manluenpack.com\/fr\/wp-json\/wp\/v2\/product_tag?post=1839"}],"curies":[{"name":"wp","href":"https:\/\/api.w.org\/{rel}","templated":true}]}}