{"id":1836,"date":"2025-04-12T23:25:05","date_gmt":"2025-04-12T15:25:05","guid":{"rendered":"https:\/\/www.manluenpack.com\/?post_type=product&#038;p=1836"},"modified":"2025-07-08T01:22:06","modified_gmt":"2025-07-07T17:22:06","slug":"wl-61-manluen-party-tray","status":"publish","type":"product","link":"https:\/\/www.manluenpack.com\/fr\/products\/wl-61-manluen-party-tray\/","title":{"rendered":"WL-61 Plateau de f\u00eate Manluen"},"content":{"rendered":"<p>Le plateau WL-61 Manluen Party Tray pr\u00e9sente un design \u00e9l\u00e9gant \u2300290\u00d755 mm. Sa forme ronde exsude la sophistication, associ\u00e9e \u00e0 un myst\u00e9rieux imprim\u00e9 noir de fleurs de cerisier qui incarne l'esth\u00e9tique des f\u00eates de luxe. Le corps transparent est fabriqu\u00e9 \u00e0 partir d'un mat\u00e9riau r\u00e9sistant aux chocs, \u00e9quilibrant transparence et durabilit\u00e9, ce qui en fait le choix parfait pour les c\u00e9l\u00e9brations haut de gamme et les f\u00eates \u00e0 th\u00e8me.<\/p>\n<ul>\n<li>Type d'emballage<br \/>\nBo\u00eete en carton<\/li>\n<li>Couleur<br \/>\nNoir<\/li>\n<li>Quantit\u00e9 par caisse<br \/>\n200 ensembles<\/li>\n<li>Mat\u00e9riau<br \/>\nCouvercle-OPS\/PET, Base-PS\/PP<\/li>\n<li>Sp\u00e9cifications de l'emballage<br \/>\n0,064 m\u00e8tre cube<\/li>\n<\/ul>\n<h3><strong><b>Emballage et livraison<\/b><\/strong><\/h3>\n<p>Chacun de nos plateaux ronds Manluen Subway est emball\u00e9 individuellement dans du coton perl\u00e9 anti-rayures et associ\u00e9 \u00e0 des bo\u00eetes ext\u00e9rieures en carton ondul\u00e9 personnalis\u00e9es afin de garantir l'absence de dommages pendant le transport. L'impression noire des fleurs de cerisier est recouverte d'un film mat pour \u00e9viter les traces de doigts, r\u00e9v\u00e9lant ainsi une sensation de qualit\u00e9 sup\u00e9rieure au moment du d\u00e9ballage. Nous proposons une livraison express en 48 heures dans tout le pays, avec des \u00e9tiquettes logistiques sp\u00e9cialis\u00e9es pour les marchandises fragiles et un emballage antichoc, afin de garantir que ce sens de la c\u00e9r\u00e9monie arrive en toute s\u00e9curit\u00e9 sur le lieu de votre c\u00e9l\u00e9bration.<\/p>\n<h3><strong><b>Sc\u00e9narios d'utilisation<\/b><\/strong><strong><b>\u00a0\u00a0<\/b><\/strong><\/h3>\n<p>Avec son plateau rond de 290 mm de diam\u00e8tre, le plateau de f\u00eate WL-61 Manluen de 11 pouces pr\u00e9sente des fleurs de cerisier noires sur un corps transparent, ce qui le rend adapt\u00e9 \u00e0 diverses occasions :<\/p>\n<ul>\n<li>D\u00eener aux chandelles - Se transforme en pr\u00e9sentoir \u00e0 desserts, r\u00e9fractant une lumi\u00e8re douce et chaude.<\/li>\n<li>C\u00e9r\u00e9monie du th\u00e9 japonaise - Contient parfaitement les wagashi (sucreries traditionnelles japonaises), l'imprim\u00e9 s'harmonisant parfaitement avec le vert du matcha.<\/li>\n<li>Cadeaux de mariage - Contient des bonbons personnalis\u00e9s, le corps transparent r\u00e9v\u00e9lant une brillance soyeuse.<\/li>\n<li>Pr\u00e9sentoir de vitrine - Cr\u00e9e un effet d'empilement suspendu, formant un arrangement floral artistique avec une esth\u00e9tique de for\u00eat luxuriante.<\/li>\n<\/ul>\n<h3><strong><b>Conception empilable <\/b><\/strong><\/h3>\n<p>Le corps transparent orn\u00e9 de fleurs de cerisier noires forme un couloir de lumi\u00e8re d\u00e9grad\u00e9 lorsqu'il est empil\u00e9, cr\u00e9ant ainsi une pr\u00e9sentation artistique. Le syst\u00e8me d'encliquetage s\u00e9curis\u00e9 emp\u00eache les plateaux de glisser, tandis que les rainures d'empilage intelligemment con\u00e7ues \u00e0 la base permettent d'empiler plusieurs plateaux de mani\u00e8re serr\u00e9e, ce qui permet de gagner un espace de stockage pr\u00e9cieux. Que ce soit dans l'entrep\u00f4t d'un restaurant ou dans l'armoire d'une maison, ces plateaux sont faciles \u00e0 ranger et optimisent l'efficacit\u00e9 de l'espace.<\/p>\n<h3><strong><b>Mat\u00e9riau alimentaire de qualit\u00e9 sup\u00e9rieure<\/b><\/strong><\/h3>\n<p>Conscients de l'importance de la s\u00e9curit\u00e9 alimentaire, nous utilisons des mat\u00e9riaux plastiques de qualit\u00e9 alimentaire r\u00e9pondant aux normes nationales de s\u00e9curit\u00e9 alimentaire. Ces mat\u00e9riaux sont non toxiques, inodores et exempts de substances nocives telles que le BPA, ce qui garantit pleinement votre sant\u00e9 et votre s\u00e9curit\u00e9 ainsi que celles de vos invit\u00e9s. Savourez de d\u00e9licieux plats en toute s\u00e9r\u00e9nit\u00e9.<\/p>","protected":false},"excerpt":{"rendered":"<p>The WL-61 Manluen Party Tray features an elegant \u2300290\u00d755 mm design. Its round shape exudes sophistication, paired with a mysterious black cherry blossom print that embodies luxury party aesthetics. The&hellip;<\/p>","protected":false},"featured_media":2283,"template":"","meta":{"_uag_custom_page_level_css":""},"product_brand":[],"product_cat":[22],"product_tag":[134,135,113],"class_list":{"0":"post-1836","1":"product","2":"type-product","3":"status-publish","4":"has-post-thumbnail","6":"product_cat-party-trays","7":"product_tag-party-tray","8":"product_tag-round","9":"product_tag-sakura","11":"first","12":"instock","13":"shipping-taxable","14":"purchasable","15":"product-type-simple"},"spectra_custom_meta":{"rank_math_internal_links_processed":["1","1","1","1","1","1","1","1","1","1","1","1","1","1","1","1","1","1","1","1","1","1","1","1","1","1","1","1","1","1","1","1","1","1","1","1","1","1","1","1","1","1","1","1","1","1","1","1","1","1","1","1","1","1","1","1","1"],"_sku":["WL-61-Sakura"],"_regular_price":["1"],"total_sales":["0"],"_tax_status":["taxable"],"_tax_class":[""],"_manage_stock":["no"],"_backorders":["no"],"_sold_individually":["no"],"_virtual":["no"],"_downloadable":["no"],"_product_image_gallery":["2287,2286,2285,2284"],"_download_limit":["0"],"_download_expiry":["0"],"_thumbnail_id":["2283"],"_stock":[null],"_stock_status":["instock"],"_wc_average_rating":["0"],"_wc_review_count":["0"],"_product_attributes":["a:2:{s:9:\"item-size\";a:6:{s:4:\"name\";s:9:\"Item Size\";s:5:\"value\";s:12:\"\u2300290\u00d755mm\";s:8:\"position\";i:0;s:10:\"is_visible\";i:1;s:12:\"is_variation\";i:0;s:11:\"is_taxonomy\";i:0;}s:7:\"qty-ctn\";a:6:{s:4:\"name\";s:7:\"QTY\/CTN\";s:5:\"value\";s:3:\"200\";s:8:\"position\";i:1;s:10:\"is_visible\";i:1;s:12:\"is_variation\";i:0;s:11:\"is_taxonomy\";i:0;}}"],"_product_version":["9.4.2"],"_price":["1"],"_wp_old_date":["2024-11-26"],"rank_math_analytic_object_id":["24"],"classic-editor-remember":["classic-editor"],"rank_math_seo_score":["66"],"rank_math_contentai_score":["a:5:{s:8:\"keywords\";s:5:\"74.51\";s:9:\"wordCount\";s:1:\"0\";s:9:\"linkCount\";s:1:\"0\";s:12:\"headingCount\";s:1:\"0\";s:10:\"mediaCount\";s:1:\"0\";}"],"_jet_woo_template":[""],"_template_type":["default"],"rank_math_primary_product_cat":["22"],"_ywraq_hide_quote_button_check":[""],"_ywraq_hide_quote_button":["0"],"_edit_lock":["1751908952:1"],"_edit_last":["1"],"rank_math_focus_keyword":["Party Tray"],"_wp_old_slug":["11-inch-round-party-tray-wl-61"],"_uag_css_file_name":["uag-css-1836.css"],"_uag_page_assets":["a:9:{s:3:\"css\";s:0:\"\";s:2:\"js\";s:0:\"\";s:18:\"current_block_list\";a:6:{i:0;s:10:\"core\/group\";i:1;s:12:\"core\/heading\";i:2;s:17:\"core\/latest-posts\";i:3;s:20:\"core\/latest-comments\";i:4;s:13:\"core\/archives\";i:5;s:15:\"core\/categories\";}s:8:\"uag_flag\";b:0;s:11:\"uag_version\";i:1777297731;s:6:\"gfonts\";a:0:{}s:10:\"gfonts_url\";s:0:\"\";s:12:\"gfonts_files\";a:0:{}s:14:\"uag_faq_layout\";b:0;}"]},"uagb_featured_image_src":{"full":["https:\/\/www.manluenpack.com\/wp-content\/uploads\/2025\/04\/WL-64-manluen-party-catering-trays.webp",1000,1000,false],"thumbnail":["https:\/\/www.manluenpack.com\/wp-content\/uploads\/2025\/04\/WL-64-manluen-party-catering-trays.webp",150,150,false],"medium":["https:\/\/www.manluenpack.com\/wp-content\/uploads\/2025\/04\/WL-64-manluen-party-catering-trays.webp",300,300,false],"medium_large":["https:\/\/www.manluenpack.com\/wp-content\/uploads\/2025\/04\/WL-64-manluen-party-catering-trays.webp",768,768,false],"large":["https:\/\/www.manluenpack.com\/wp-content\/uploads\/2025\/04\/WL-64-manluen-party-catering-trays.webp",1000,1000,false],"1536x1536":["https:\/\/www.manluenpack.com\/wp-content\/uploads\/2025\/04\/WL-64-manluen-party-catering-trays.webp",1000,1000,false],"2048x2048":["https:\/\/www.manluenpack.com\/wp-content\/uploads\/2025\/04\/WL-64-manluen-party-catering-trays.webp",1000,1000,false],"trp-custom-language-flag":["https:\/\/www.manluenpack.com\/wp-content\/uploads\/2025\/04\/WL-64-manluen-party-catering-trays.webp",12,12,false],"menu-24x24":["https:\/\/www.manluenpack.com\/wp-content\/uploads\/2025\/04\/WL-64-manluen-party-catering-trays.webp",24,24,false],"menu-36x36":["https:\/\/www.manluenpack.com\/wp-content\/uploads\/2025\/04\/WL-64-manluen-party-catering-trays.webp",36,36,false],"menu-48x48":["https:\/\/www.manluenpack.com\/wp-content\/uploads\/2025\/04\/WL-64-manluen-party-catering-trays.webp",48,48,false],"woocommerce_thumbnail":["https:\/\/www.manluenpack.com\/wp-content\/uploads\/2025\/04\/WL-64-manluen-party-catering-trays.webp",300,300,false],"woocommerce_single":["https:\/\/www.manluenpack.com\/wp-content\/uploads\/2025\/04\/WL-64-manluen-party-catering-trays.webp",600,600,false],"woocommerce_gallery_thumbnail":["https:\/\/www.manluenpack.com\/wp-content\/uploads\/2025\/04\/WL-64-manluen-party-catering-trays.webp",100,100,false]},"uagb_author_info":{"display_name":"ManLuenpack","author_link":"https:\/\/www.manluenpack.com\/fr\/author\/"},"uagb_comment_info":0,"uagb_excerpt":"The WL-61 Manluen Party Tray features an elegant \u2300290\u00d755 mm design. Its round shape exudes sophistication, paired with a mysterious black cherry blossom print that embodies luxury party aesthetics. The&hellip;","_links":{"self":[{"href":"https:\/\/www.manluenpack.com\/fr\/wp-json\/wp\/v2\/product\/1836","targetHints":{"allow":["GET"]}}],"collection":[{"href":"https:\/\/www.manluenpack.com\/fr\/wp-json\/wp\/v2\/product"}],"about":[{"href":"https:\/\/www.manluenpack.com\/fr\/wp-json\/wp\/v2\/types\/product"}],"wp:featuredmedia":[{"embeddable":true,"href":"https:\/\/www.manluenpack.com\/fr\/wp-json\/wp\/v2\/media\/2283"}],"wp:attachment":[{"href":"https:\/\/www.manluenpack.com\/fr\/wp-json\/wp\/v2\/media?parent=1836"}],"wp:term":[{"taxonomy":"product_brand","embeddable":true,"href":"https:\/\/www.manluenpack.com\/fr\/wp-json\/wp\/v2\/product_brand?post=1836"},{"taxonomy":"product_cat","embeddable":true,"href":"https:\/\/www.manluenpack.com\/fr\/wp-json\/wp\/v2\/product_cat?post=1836"},{"taxonomy":"product_tag","embeddable":true,"href":"https:\/\/www.manluenpack.com\/fr\/wp-json\/wp\/v2\/product_tag?post=1836"}],"curies":[{"name":"wp","href":"https:\/\/api.w.org\/{rel}","templated":true}]}}