{"id":1834,"date":"2025-04-12T22:57:43","date_gmt":"2025-04-12T14:57:43","guid":{"rendered":"https:\/\/www.manluenpack.com\/?post_type=product&#038;p=1834"},"modified":"2025-07-08T07:36:38","modified_gmt":"2025-07-07T23:36:38","slug":"wl-64-manluen-party-tray","status":"publish","type":"product","link":"https:\/\/www.manluenpack.com\/fr\/products\/wl-64-manluen-party-tray\/","title":{"rendered":"Plateau de f\u00eate Manluen WL-64"},"content":{"rendered":"<p>Le WL-64 Manluen 14-inch Round Party Tray pr\u00e9sente un design unique \u2300355\u00d760 mm, alliant un style rond \u00e9l\u00e9gant \u00e0 la praticit\u00e9. Le mat\u00e9riau transparent est solide et durable, compl\u00e9t\u00e9 par un imprim\u00e9 noir classique de fleurs de cerisier qui refl\u00e8te un go\u00fbt raffin\u00e9. C'est le choix id\u00e9al pour les f\u00eates, les banquets et bien plus encore, car il allie beaut\u00e9 et fonctionnalit\u00e9. Fabriqu\u00e9 \u00e0 partir de mat\u00e9riaux de haute qualit\u00e9, le plateau est robuste et durable, capable de contenir une vari\u00e9t\u00e9 d'aliments - des salades l\u00e9g\u00e8res aux viandes r\u00f4ties plus lourdes - garantissant la pr\u00e9servation de la saveur et de l'int\u00e9grit\u00e9 des plats.<\/p>\n<ul>\n<li>Type d'emballage<br \/>\nBo\u00eete en carton<\/li>\n<li>Couleur<br \/>\nNoir<\/li>\n<li>Quantit\u00e9 par caisse<br \/>\n100 jeux<\/li>\n<li>Mat\u00e9riau<br \/>\nCouvercle-OPS\/PET, Base-PS\/PP<\/li>\n<li>Sp\u00e9cifications de l'emballage<br \/>\n0,075 m\u00e8tre cube<\/li>\n<\/ul>\n<h3><strong><b>Emballage et livraison<\/b><\/strong><\/h3>\n<p>Notre plateau de f\u00eate en plastique WL-64 Manluen 14 pouces est emball\u00e9 dans des mat\u00e9riaux \u00e9cologiques de haute qualit\u00e9 pour garantir un transport en toute s\u00e9curit\u00e9. Chaque produit est soigneusement emball\u00e9 dans un film protecteur, avec une bo\u00eete ext\u00e9rieure orn\u00e9e d'un motif de fleur de cerisier noire, qui met en valeur l'\u00e9l\u00e9gance et la sophistication. La livraison rapide et pr\u00e9cise offre un soutien pratique et fiable pour les pr\u00e9paratifs de votre \u00e9v\u00e9nement.<\/p>\n<h3><strong><b>Sc\u00e9narios d'utilisation<\/b><\/strong><strong><b>\u00a0\u00a0<\/b><\/strong><\/h3>\n<p>Notre plateau rond de 14 pouces Manluen, avec son \u00e9l\u00e9gante impression de fleurs de cerisier noires et son design transparent et durable, est le choix id\u00e9al pour les mariages, les f\u00eates, les c\u00e9l\u00e9brations et bien plus encore. Qu'il soit utilis\u00e9 pour servir des desserts, des boissons ou des en-cas d\u00e9licats, sa taille spacieuse et sa qualit\u00e9 sup\u00e9rieure ajoutent de la sophistication \u00e0 tout d\u00e9cor, en remplissant chaque moment d'une c\u00e9r\u00e9monie et d'une belle atmosph\u00e8re.<\/p>\n<h3><strong><b>Conception empilable <\/b><\/strong><\/h3>\n<p>Le plateau \u00e0 sushis WL-64 Manluen 14 pouces pr\u00e9sente une conception empilable astucieuse qui maximise l'utilisation de l'espace, am\u00e9liorant ainsi l'efficacit\u00e9 du stockage et du transport. Sa structure robuste garantit la s\u00e9curit\u00e9 et la fiabilit\u00e9 lorsqu'il est empil\u00e9, emp\u00eachant tout basculement tout en conservant une apparence \u00e9l\u00e9gante. Cette conception offre une combinaison parfaite de commodit\u00e9 et d'esth\u00e9tique pour la pr\u00e9paration et la pr\u00e9sentation de f\u00eates.<\/p>\n<h3><strong><b>Mat\u00e9riau alimentaire de qualit\u00e9 sup\u00e9rieure \u00a0<\/b><\/strong><\/h3>\n<p>Le WL-64 Manluen 14-inch Sushi Party Tray associe une conception \u00e9tanche \u00e0 la robustesse et \u00e0 la durabilit\u00e9, garantissant une utilisation sans souci. Fabriqu\u00e9e \u00e0 partir de mat\u00e9riaux de haute qualit\u00e9, r\u00e9sistants \u00e0 la pression et aux dommages, sa structure robuste emp\u00eache toute d\u00e9formation et bloque efficacement les fuites de liquide. Qu'il s'agisse de boissons ou de plats gastronomiques, il r\u00e9pond en toute confiance aux exigences de diverses occasions, offrant \u00e0 la fois praticit\u00e9 et beaut\u00e9.<\/p>","protected":false},"excerpt":{"rendered":"<p>The WL-64 Manluen 14-inch Round Party Tray features a unique \u2300355\u00d760 mm design, combining elegant round styling with practicality. The transparent material is strong and durable, complemented by a classic&hellip;<\/p>","protected":false},"featured_media":2075,"template":"","meta":{"_uag_custom_page_level_css":""},"product_brand":[],"product_cat":[22],"product_tag":[134,135,113],"class_list":{"0":"post-1834","1":"product","2":"type-product","3":"status-publish","4":"has-post-thumbnail","6":"product_cat-party-trays","7":"product_tag-party-tray","8":"product_tag-round","9":"product_tag-sakura","11":"first","12":"instock","13":"shipping-taxable","14":"purchasable","15":"product-type-simple"},"spectra_custom_meta":{"rank_math_internal_links_processed":["1","1","1","1","1","1","1","1","1","1","1","1","1","1","1","1","1","1","1","1","1","1","1","1","1","1","1","1","1","1","1","1","1","1","1","1","1","1","1","1","1","1","1","1","1","1","1","1","1","1","1","1","1","1","1","1"],"_sku":["WL-64"],"_regular_price":["1"],"total_sales":["0"],"_tax_status":["taxable"],"_tax_class":[""],"_manage_stock":["no"],"_backorders":["no"],"_sold_individually":["no"],"_virtual":["no"],"_downloadable":["no"],"_product_image_gallery":["2074,2071,2072,2073,2070"],"_download_limit":["0"],"_download_expiry":["0"],"_thumbnail_id":["2075"],"_stock":[null],"_stock_status":["instock"],"_wc_average_rating":["0"],"_wc_review_count":["0"],"_product_attributes":["a:2:{s:9:\"item-size\";a:6:{s:4:\"name\";s:9:\"Item Size\";s:5:\"value\";s:12:\"\u2300355\u00d760mm\";s:8:\"position\";i:0;s:10:\"is_visible\";i:1;s:12:\"is_variation\";i:0;s:11:\"is_taxonomy\";i:0;}s:7:\"qty-ctn\";a:6:{s:4:\"name\";s:7:\"QTY\/CTN\";s:5:\"value\";s:3:\"100\";s:8:\"position\";i:1;s:10:\"is_visible\";i:1;s:12:\"is_variation\";i:0;s:11:\"is_taxonomy\";i:0;}}"],"_product_version":["9.4.2"],"_price":["1"],"_wp_old_date":["2024-11-26"],"rank_math_analytic_object_id":["24"],"classic-editor-remember":["classic-editor"],"rank_math_seo_score":["69"],"rank_math_contentai_score":["a:5:{s:8:\"keywords\";s:5:\"74.51\";s:9:\"wordCount\";s:1:\"0\";s:9:\"linkCount\";s:1:\"0\";s:12:\"headingCount\";s:1:\"0\";s:10:\"mediaCount\";s:1:\"0\";}"],"_jet_woo_template":[""],"_template_type":["default"],"rank_math_primary_product_cat":["22"],"_ywraq_hide_quote_button_check":[""],"_ywraq_hide_quote_button":["0"],"_edit_lock":["1751931349:1"],"_edit_last":["1"],"_wp_old_slug":["14-inch-round-party-tray-wl-64"],"rank_math_focus_keyword":["Party Tray"],"_uag_css_file_name":["uag-css-1834.css"],"_uag_page_assets":["a:9:{s:3:\"css\";s:0:\"\";s:2:\"js\";s:0:\"\";s:18:\"current_block_list\";a:6:{i:0;s:10:\"core\/group\";i:1;s:12:\"core\/heading\";i:2;s:17:\"core\/latest-posts\";i:3;s:20:\"core\/latest-comments\";i:4;s:13:\"core\/archives\";i:5;s:15:\"core\/categories\";}s:8:\"uag_flag\";b:0;s:11:\"uag_version\";i:1777280504;s:6:\"gfonts\";a:0:{}s:10:\"gfonts_url\";s:0:\"\";s:12:\"gfonts_files\";a:0:{}s:14:\"uag_faq_layout\";b:0;}"]},"uagb_featured_image_src":{"full":["https:\/\/www.manluenpack.com\/wp-content\/uploads\/2025\/04\/64-6.jpg",1000,1000,false],"thumbnail":["https:\/\/www.manluenpack.com\/wp-content\/uploads\/2025\/04\/64-6.jpg",150,150,false],"medium":["https:\/\/www.manluenpack.com\/wp-content\/uploads\/2025\/04\/64-6.jpg",300,300,false],"medium_large":["https:\/\/www.manluenpack.com\/wp-content\/uploads\/2025\/04\/64-6.jpg",768,768,false],"large":["https:\/\/www.manluenpack.com\/wp-content\/uploads\/2025\/04\/64-6.jpg",1000,1000,false],"1536x1536":["https:\/\/www.manluenpack.com\/wp-content\/uploads\/2025\/04\/64-6.jpg",1000,1000,false],"2048x2048":["https:\/\/www.manluenpack.com\/wp-content\/uploads\/2025\/04\/64-6.jpg",1000,1000,false],"trp-custom-language-flag":["https:\/\/www.manluenpack.com\/wp-content\/uploads\/2025\/04\/64-6.jpg",12,12,false],"menu-24x24":["https:\/\/www.manluenpack.com\/wp-content\/uploads\/2025\/04\/64-6.jpg",24,24,false],"menu-36x36":["https:\/\/www.manluenpack.com\/wp-content\/uploads\/2025\/04\/64-6.jpg",36,36,false],"menu-48x48":["https:\/\/www.manluenpack.com\/wp-content\/uploads\/2025\/04\/64-6.jpg",48,48,false],"woocommerce_thumbnail":["https:\/\/www.manluenpack.com\/wp-content\/uploads\/2025\/04\/64-6.jpg",300,300,false],"woocommerce_single":["https:\/\/www.manluenpack.com\/wp-content\/uploads\/2025\/04\/64-6.jpg",600,600,false],"woocommerce_gallery_thumbnail":["https:\/\/www.manluenpack.com\/wp-content\/uploads\/2025\/04\/64-6.jpg",100,100,false]},"uagb_author_info":{"display_name":"ManLuenpack","author_link":"https:\/\/www.manluenpack.com\/fr\/author\/"},"uagb_comment_info":0,"uagb_excerpt":"The WL-64 Manluen 14-inch Round Party Tray features a unique \u2300355\u00d760 mm design, combining elegant round styling with practicality. The transparent material is strong and durable, complemented by a classic&hellip;","_links":{"self":[{"href":"https:\/\/www.manluenpack.com\/fr\/wp-json\/wp\/v2\/product\/1834","targetHints":{"allow":["GET"]}}],"collection":[{"href":"https:\/\/www.manluenpack.com\/fr\/wp-json\/wp\/v2\/product"}],"about":[{"href":"https:\/\/www.manluenpack.com\/fr\/wp-json\/wp\/v2\/types\/product"}],"wp:featuredmedia":[{"embeddable":true,"href":"https:\/\/www.manluenpack.com\/fr\/wp-json\/wp\/v2\/media\/2075"}],"wp:attachment":[{"href":"https:\/\/www.manluenpack.com\/fr\/wp-json\/wp\/v2\/media?parent=1834"}],"wp:term":[{"taxonomy":"product_brand","embeddable":true,"href":"https:\/\/www.manluenpack.com\/fr\/wp-json\/wp\/v2\/product_brand?post=1834"},{"taxonomy":"product_cat","embeddable":true,"href":"https:\/\/www.manluenpack.com\/fr\/wp-json\/wp\/v2\/product_cat?post=1834"},{"taxonomy":"product_tag","embeddable":true,"href":"https:\/\/www.manluenpack.com\/fr\/wp-json\/wp\/v2\/product_tag?post=1834"}],"curies":[{"name":"wp","href":"https:\/\/api.w.org\/{rel}","templated":true}]}}