{"id":1832,"date":"2025-04-12T22:51:27","date_gmt":"2025-04-12T14:51:27","guid":{"rendered":"https:\/\/www.manluenpack.com\/?post_type=product&#038;p=1832"},"modified":"2025-07-08T07:47:52","modified_gmt":"2025-07-07T23:47:52","slug":"wl-65-manluen-party-tray","status":"publish","type":"product","link":"https:\/\/www.manluenpack.com\/fr\/products\/wl-65-manluen-party-tray\/","title":{"rendered":"Plateau de f\u00eate Manluen WL-15"},"content":{"rendered":"<p>Le plateau de r\u00e9ception rond WL-65 Manluen de 15 pouces pr\u00e9sente un design rond unique \u2300385\u00d760 mm, alliant l'\u00e9l\u00e9gance \u00e0 la praticit\u00e9. Son mat\u00e9riau transparent et durable, associ\u00e9 \u00e0 des impressions classiques de fleurs de cerisier noires, offre une esth\u00e9tique haut de gamme, ce qui le rend id\u00e9al pour les mariages, les f\u00eates et au-del\u00e0 - l\u00e0 o\u00f9 la forme rencontre la fonction.<\/p>\n<ul>\n<li>Type d'emballage<br \/>\nBo\u00eete en carton<\/li>\n<li>Couleur<br \/>\nNoir<\/li>\n<li>Quantit\u00e9 par caisse<br \/>\n100 jeux<\/li>\n<li>Mat\u00e9riau<br \/>\nCouvercle-OPS\/PET, Base-PS\/PP<\/li>\n<li>Sp\u00e9cifications de l'emballage<br \/>\n0,086 m\u00e8tre cube<\/li>\n<\/ul>\n<h3><strong><b>Emballage et livraison<\/b><\/strong><\/h3>\n<p>Chaque WL-65 Manluen 15-Inch Party Tray Box est emball\u00e9 en toute s\u00e9curit\u00e9 dans un emballage \u00e9cologique de haute qualit\u00e9 pour un transport sans dommage. Emball\u00e9es individuellement dans un film protecteur et plac\u00e9es dans des bo\u00eetes imprim\u00e9es de fleurs de cerisier, elles arrivent avec rapidit\u00e9 et pr\u00e9cision - votre partenaire fiable pour l'organisation d'\u00e9v\u00e9nements sans faille.<\/p>\n<h3><strong><b>Sc\u00e9narios d'utilisation<\/b><\/strong><strong><b>\u00a0\u00a0<\/b><\/strong><\/h3>\n<p>Nos plateaux de f\u00eate Manluen 15 pouces Sams Club, avec leur \u00e9l\u00e9gant imprim\u00e9 noir de fleurs de cerisier et leur design transparent et durable, sont le choix id\u00e9al pour les mariages, les f\u00eates, les c\u00e9l\u00e9brations et d'autres occasions. Leur taille spacieuse permet de contenir sans effort des desserts, des boissons ou des en-cas d\u00e9licats, ajoutant une touche de sophistication et de c\u00e9r\u00e9monie \u00e0 l'ensemble, pour que chaque moment soit d'une saveur exceptionnelle.<\/p>\n<h3><strong><b>Conception empilable <\/b><\/strong><\/h3>\n<p>Con\u00e7ue pour l'efficacit\u00e9, la conception empilable intelligente maximise l'espace de stockage et de transport. La structure stable emp\u00eache le basculement tout en pr\u00e9servant l'\u00e9l\u00e9gance - l'organisation sans effort rencontre un style intemporel.<\/p>\n<h3><strong><b>S\u00e9curit\u00e9 alimentaire<\/b><\/strong><\/h3>\n<p>Priorit\u00e9 \u00e0 la sant\u00e9, nous utilisons des plastiques de qualit\u00e9 alimentaire certifi\u00e9s au niveau international - non toxiques, sans odeur et sans contact avec les aliments - pour que vous et vos invit\u00e9s puissiez savourer les saveurs sans compromis.<\/p>\n<h3><strong><b>\u00c9tanche et ultra-durable<\/b><\/strong><\/h3>\n<p>Construit pour durer, le plateau est dot\u00e9 d'une structure \u00e9tanche et d'un mat\u00e9riau robuste qui r\u00e9siste \u00e0 la pression, au gauchissement et aux \u00e9claboussures. Qu'il s'agisse de boissons ou de plats savoureux, il offre des performances irr\u00e9prochables et une esth\u00e9tique raffin\u00e9e.<\/p>","protected":false},"excerpt":{"rendered":"<p>The WL-65 Manluen 15-Inch Round Party Tray features a unique \u2300385\u00d760 mm round design, blending elegance with practicality. Its transparent, durable material paired with classic black cherry blossom prints delivers&hellip;<\/p>","protected":false},"featured_media":2288,"template":"","meta":{"_uag_custom_page_level_css":""},"product_brand":[],"product_cat":[22],"product_tag":[134,135,113],"class_list":{"0":"post-1832","1":"product","2":"type-product","3":"status-publish","4":"has-post-thumbnail","6":"product_cat-party-trays","7":"product_tag-party-tray","8":"product_tag-round","9":"product_tag-sakura","11":"first","12":"instock","13":"shipping-taxable","14":"purchasable","15":"product-type-simple"},"spectra_custom_meta":{"rank_math_internal_links_processed":["1","1","1","1","1","1","1","1","1","1","1","1","1","1","1","1","1","1","1","1","1","1","1","1","1","1","1","1","1","1","1","1","1","1","1","1","1","1","1","1","1","1","1","1","1","1","1","1","1","1","1","1","1","1","1"],"_sku":["WL-65"],"_regular_price":["1"],"total_sales":["0"],"_tax_status":["taxable"],"_tax_class":[""],"_manage_stock":["no"],"_backorders":["no"],"_sold_individually":["no"],"_virtual":["no"],"_downloadable":["no"],"_product_image_gallery":["2289,2290,2291,2292"],"_download_limit":["0"],"_download_expiry":["0"],"_thumbnail_id":["2288"],"_stock":[null],"_stock_status":["instock"],"_wc_average_rating":["0"],"_wc_review_count":["0"],"_product_attributes":["a:2:{s:9:\"item-size\";a:6:{s:4:\"name\";s:9:\"Item Size\";s:5:\"value\";s:12:\"\u2300385\u00d760mm\";s:8:\"position\";i:0;s:10:\"is_visible\";i:1;s:12:\"is_variation\";i:0;s:11:\"is_taxonomy\";i:0;}s:7:\"qty-ctn\";a:6:{s:4:\"name\";s:7:\"QTY\/CTN\";s:5:\"value\";s:3:\"100\";s:8:\"position\";i:1;s:10:\"is_visible\";i:1;s:12:\"is_variation\";i:0;s:11:\"is_taxonomy\";i:0;}}"],"_product_version":["9.4.2"],"_price":["1"],"_wp_old_date":["2024-11-26"],"rank_math_analytic_object_id":["24"],"classic-editor-remember":["classic-editor"],"rank_math_seo_score":["64"],"rank_math_contentai_score":["a:5:{s:8:\"keywords\";s:5:\"74.51\";s:9:\"wordCount\";s:1:\"0\";s:9:\"linkCount\";s:1:\"0\";s:12:\"headingCount\";s:1:\"0\";s:10:\"mediaCount\";s:1:\"0\";}"],"_jet_woo_template":[""],"_template_type":["default"],"rank_math_primary_product_cat":["22"],"_ywraq_hide_quote_button_check":[""],"_ywraq_hide_quote_button":["0"],"_edit_lock":["1751932020:1"],"_edit_last":["1"],"_wp_old_slug":["15-inch-round-party-tray-wl-65"],"rank_math_focus_keyword":["Party Tray"],"_uag_css_file_name":["uag-css-1832.css"],"_uag_page_assets":["a:9:{s:3:\"css\";s:0:\"\";s:2:\"js\";s:0:\"\";s:18:\"current_block_list\";a:6:{i:0;s:10:\"core\/group\";i:1;s:12:\"core\/heading\";i:2;s:17:\"core\/latest-posts\";i:3;s:20:\"core\/latest-comments\";i:4;s:13:\"core\/archives\";i:5;s:15:\"core\/categories\";}s:8:\"uag_flag\";b:0;s:11:\"uag_version\";i:1777297731;s:6:\"gfonts\";a:0:{}s:10:\"gfonts_url\";s:0:\"\";s:12:\"gfonts_files\";a:0:{}s:14:\"uag_faq_layout\";b:0;}"]},"uagb_featured_image_src":{"full":["https:\/\/www.manluenpack.com\/wp-content\/uploads\/2025\/04\/WL-65-manluen-black-party-snack-tray.webp",1000,1000,false],"thumbnail":["https:\/\/www.manluenpack.com\/wp-content\/uploads\/2025\/04\/WL-65-manluen-black-party-snack-tray.webp",150,150,false],"medium":["https:\/\/www.manluenpack.com\/wp-content\/uploads\/2025\/04\/WL-65-manluen-black-party-snack-tray.webp",300,300,false],"medium_large":["https:\/\/www.manluenpack.com\/wp-content\/uploads\/2025\/04\/WL-65-manluen-black-party-snack-tray.webp",768,768,false],"large":["https:\/\/www.manluenpack.com\/wp-content\/uploads\/2025\/04\/WL-65-manluen-black-party-snack-tray.webp",1000,1000,false],"1536x1536":["https:\/\/www.manluenpack.com\/wp-content\/uploads\/2025\/04\/WL-65-manluen-black-party-snack-tray.webp",1000,1000,false],"2048x2048":["https:\/\/www.manluenpack.com\/wp-content\/uploads\/2025\/04\/WL-65-manluen-black-party-snack-tray.webp",1000,1000,false],"trp-custom-language-flag":["https:\/\/www.manluenpack.com\/wp-content\/uploads\/2025\/04\/WL-65-manluen-black-party-snack-tray.webp",12,12,false],"menu-24x24":["https:\/\/www.manluenpack.com\/wp-content\/uploads\/2025\/04\/WL-65-manluen-black-party-snack-tray.webp",24,24,false],"menu-36x36":["https:\/\/www.manluenpack.com\/wp-content\/uploads\/2025\/04\/WL-65-manluen-black-party-snack-tray.webp",36,36,false],"menu-48x48":["https:\/\/www.manluenpack.com\/wp-content\/uploads\/2025\/04\/WL-65-manluen-black-party-snack-tray.webp",48,48,false],"woocommerce_thumbnail":["https:\/\/www.manluenpack.com\/wp-content\/uploads\/2025\/04\/WL-65-manluen-black-party-snack-tray.webp",300,300,false],"woocommerce_single":["https:\/\/www.manluenpack.com\/wp-content\/uploads\/2025\/04\/WL-65-manluen-black-party-snack-tray.webp",600,600,false],"woocommerce_gallery_thumbnail":["https:\/\/www.manluenpack.com\/wp-content\/uploads\/2025\/04\/WL-65-manluen-black-party-snack-tray.webp",100,100,false]},"uagb_author_info":{"display_name":"ManLuenpack","author_link":"https:\/\/www.manluenpack.com\/fr\/author\/"},"uagb_comment_info":0,"uagb_excerpt":"The WL-65 Manluen 15-Inch Round Party Tray features a unique \u2300385\u00d760 mm round design, blending elegance with practicality. Its transparent, durable material paired with classic black cherry blossom prints delivers&hellip;","_links":{"self":[{"href":"https:\/\/www.manluenpack.com\/fr\/wp-json\/wp\/v2\/product\/1832","targetHints":{"allow":["GET"]}}],"collection":[{"href":"https:\/\/www.manluenpack.com\/fr\/wp-json\/wp\/v2\/product"}],"about":[{"href":"https:\/\/www.manluenpack.com\/fr\/wp-json\/wp\/v2\/types\/product"}],"wp:featuredmedia":[{"embeddable":true,"href":"https:\/\/www.manluenpack.com\/fr\/wp-json\/wp\/v2\/media\/2288"}],"wp:attachment":[{"href":"https:\/\/www.manluenpack.com\/fr\/wp-json\/wp\/v2\/media?parent=1832"}],"wp:term":[{"taxonomy":"product_brand","embeddable":true,"href":"https:\/\/www.manluenpack.com\/fr\/wp-json\/wp\/v2\/product_brand?post=1832"},{"taxonomy":"product_cat","embeddable":true,"href":"https:\/\/www.manluenpack.com\/fr\/wp-json\/wp\/v2\/product_cat?post=1832"},{"taxonomy":"product_tag","embeddable":true,"href":"https:\/\/www.manluenpack.com\/fr\/wp-json\/wp\/v2\/product_tag?post=1832"}],"curies":[{"name":"wp","href":"https:\/\/api.w.org\/{rel}","templated":true}]}}