{"id":1830,"date":"2025-04-12T22:17:47","date_gmt":"2025-04-12T14:17:47","guid":{"rendered":"https:\/\/www.manluenpack.com\/?post_type=product&#038;p=1830"},"modified":"2025-07-08T07:56:33","modified_gmt":"2025-07-07T23:56:33","slug":"wl-c021-manluen-party-tray","status":"publish","type":"product","link":"https:\/\/www.manluenpack.com\/fr\/products\/wl-c021-manluen-party-tray\/","title":{"rendered":"WL-C021 Plateau de f\u00eate Manluen"},"content":{"rendered":"<p>Le plateau de r\u00e9ception carr\u00e9 dor\u00e9 WL-C021 de Manluen associe le noir classique \u00e0 d'\u00e9l\u00e9gants motifs de feuilles d'\u00e9rable pour une esth\u00e9tique sophistiqu\u00e9e. Fabriqu\u00e9 \u00e0 partir de mat\u00e9riaux OPS et PP de haute qualit\u00e9, il est l\u00e9ger, durable et respectueux de l'environnement. Son design carr\u00e9 de 352*352*50 mm offre une grande capacit\u00e9 tout en maximisant l'efficacit\u00e9 de l'espace, et la texture antid\u00e9rapante renforce l'aspect pratique. Id\u00e9ale pour les f\u00eates et les rassemblements, elle allie beaut\u00e9 et fonctionnalit\u00e9.<\/p>\n<ul>\n<li>Type d'emballage<br \/>\nBo\u00eete en carton<\/li>\n<li>Couleur<br \/>\nNoir<\/li>\n<li>Quantit\u00e9 par caisse<br \/>\n100 jeux<\/li>\n<li>Mat\u00e9riau<br \/>\nCouvercle-OPS, Base-PS<\/li>\n<li>Sp\u00e9cifications de l'emballage<br \/>\n0,059 m\u00e8tre cube<\/li>\n<\/ul>\n<h3><strong><b>Emballage et livraison<\/b><\/strong><strong><b>\u00a0<\/b><\/strong><\/h3>\n<p>Chaque produit est emball\u00e9 individuellement dans des bo\u00eetes r\u00e9sistantes \u00e0 l'\u00e9crasement et imprim\u00e9es en couleur pour garantir un transport sans chocs ni rayures. La personnalisation en vrac est possible pour r\u00e9duire les co\u00fbts logistiques. La livraison rapide apr\u00e8s la commande, avec une assurance qualit\u00e9 totale, vous permet de vous approvisionner sans effort et de r\u00e9pondre facilement \u00e0 tous les besoins de vos clients.<\/p>\n<h3><strong><b>Sc\u00e9narios d'utilisation<\/b><\/strong><strong><b>\u00a0\u00a0<\/b><\/strong><\/h3>\n<p>Le plateau \u00e0 l\u00e9gumes WL-C021 Manluen Parties, avec son design minimaliste mais \u00e9l\u00e9gant et ses performances pratiques, s'adapte parfaitement \u00e0 toutes les occasions, qu'il s'agisse d'une r\u00e9union de famille confortable, d'un mariage romantique ou d'un \u00e9v\u00e9nement d'entreprise haut de gamme. Il transporte gracieusement les boissons et les friandises, ajoutant commodit\u00e9 et sophistication \u00e0 chaque moment joyeux, ce qui en fait le compagnon indispensable de la f\u00eate parfaite.<\/p>\n<h3><strong><b>Mat\u00e9riau de premi\u00e8re qualit\u00e9 et impressions claires<\/b><\/strong><\/h3>\n<p>Nous accordons la priorit\u00e9 \u00e0 la s\u00e9curit\u00e9 alimentaire, en utilisant uniquement des mat\u00e9riaux plastiques de qualit\u00e9 alimentaire conformes aux normes nationales. Non toxiques, inodores et exempts de substances nocives telles que le BPA, ils prot\u00e8gent votre sant\u00e9 et celle de vos invit\u00e9s, vous permettant de profiter des festivit\u00e9s en toute s\u00e9r\u00e9nit\u00e9. Les impressions de feuilles d'\u00e9rable ajoutent une touche d\u00e9corative, am\u00e9liorant l'attrait visuel et l'ambiance festive tout en rehaussant la pr\u00e9sentation g\u00e9n\u00e9rale des aliments pour une exposition plus attrayante.<\/p>\n<h3><strong><b>Fuite<\/b><\/strong><strong><b>&#8211;<\/b><\/strong><strong><b>\u00e9tanche, r\u00e9sistant \u00e0 la temp\u00e9rature et durable<\/b><\/strong><\/h3>\n<p>Les plateaux de service personnalis\u00e9s WL-C021 Manluen pour les f\u00eates sont fabriqu\u00e9s \u00e0 partir de mat\u00e9riaux de haute qualit\u00e9, excellents en termes de r\u00e9sistance \u00e0 la temp\u00e9rature, convenant aussi bien aux aliments chauds que froids sans se d\u00e9former. Sa conception \u00e9tanche garantit une utilisation sans probl\u00e8me, tandis que sa structure robuste r\u00e9siste \u00e0 la pression et \u00e0 l'usure, conservant son \u00e9l\u00e9gance et sa stabilit\u00e9 m\u00eame apr\u00e8s une utilisation prolong\u00e9e. Un choix fiable pour vos f\u00eates.<\/p>","protected":false},"excerpt":{"rendered":"<p>The WL-C021 Manluen Golden Square Party Tray combines classic black with elegant maple leaf prints for a sophisticated aesthetic. Crafted from high-quality OPS and PP materials, it is lightweight, durable,&hellip;<\/p>","protected":false},"featured_media":2427,"template":"","meta":{"_uag_custom_page_level_css":""},"product_brand":[],"product_cat":[22],"product_tag":[106,134,105],"class_list":{"0":"post-1830","1":"product","2":"type-product","3":"status-publish","4":"has-post-thumbnail","6":"product_cat-party-trays","7":"product_tag-maple-leaf-print","8":"product_tag-party-tray","9":"product_tag-square","11":"first","12":"instock","13":"shipping-taxable","14":"purchasable","15":"product-type-simple"},"spectra_custom_meta":{"rank_math_internal_links_processed":["1","1","1","1","1","1","1","1","1","1","1","1","1","1","1","1","1","1","1","1","1","1","1","1","1","1","1","1","1","1","1","1","1","1","1","1","1","1","1","1","1","1","1","1","1","1","1","1","1","1","1","1","1","1"],"_sku":["WL-C021"],"_regular_price":["1"],"total_sales":["0"],"_tax_status":["taxable"],"_tax_class":[""],"_manage_stock":["no"],"_backorders":["no"],"_sold_individually":["no"],"_virtual":["no"],"_downloadable":["no"],"_product_image_gallery":["2428,2429,2430,2431"],"_download_limit":["0"],"_download_expiry":["0"],"_thumbnail_id":["2427"],"_stock":[null],"_stock_status":["instock"],"_wc_average_rating":["0"],"_wc_review_count":["0"],"_product_attributes":["a:2:{s:9:\"item-size\";a:6:{s:4:\"name\";s:9:\"Item Size\";s:5:\"value\";s:12:\"352*352*50mm\";s:8:\"position\";i:0;s:10:\"is_visible\";i:1;s:12:\"is_variation\";i:0;s:11:\"is_taxonomy\";i:0;}s:7:\"qty-ctn\";a:6:{s:4:\"name\";s:7:\"QTY\/CTN\";s:5:\"value\";s:3:\"100\";s:8:\"position\";i:1;s:10:\"is_visible\";i:1;s:12:\"is_variation\";i:0;s:11:\"is_taxonomy\";i:0;}}"],"_product_version":["9.4.2"],"_price":["1"],"_wp_old_date":["2024-11-26"],"rank_math_analytic_object_id":["24"],"classic-editor-remember":["classic-editor"],"rank_math_seo_score":["60"],"rank_math_contentai_score":["a:5:{s:8:\"keywords\";s:5:\"74.51\";s:9:\"wordCount\";s:1:\"0\";s:9:\"linkCount\";s:1:\"0\";s:12:\"headingCount\";s:1:\"0\";s:10:\"mediaCount\";s:1:\"0\";}"],"_jet_woo_template":[""],"_template_type":["default"],"rank_math_primary_product_cat":["22"],"_ywraq_hide_quote_button_check":[""],"_ywraq_hide_quote_button":["0"],"_edit_lock":["1751934390:1"],"_edit_last":["1"],"_wp_old_slug":["black-square-party-tray-wl-c021"],"rank_math_focus_keyword":["Party Tray"],"_uag_css_file_name":["uag-css-1830.css"],"_uag_page_assets":["a:9:{s:3:\"css\";s:0:\"\";s:2:\"js\";s:0:\"\";s:18:\"current_block_list\";a:6:{i:0;s:10:\"core\/group\";i:1;s:12:\"core\/heading\";i:2;s:17:\"core\/latest-posts\";i:3;s:20:\"core\/latest-comments\";i:4;s:13:\"core\/archives\";i:5;s:15:\"core\/categories\";}s:8:\"uag_flag\";b:0;s:11:\"uag_version\";i:1777280504;s:6:\"gfonts\";a:0:{}s:10:\"gfonts_url\";s:0:\"\";s:12:\"gfonts_files\";a:0:{}s:14:\"uag_faq_layout\";b:0;}"]},"uagb_featured_image_src":{"full":["https:\/\/www.manluenpack.com\/wp-content\/uploads\/2025\/04\/WL-C021-manluen-golden-party-trays.webp",1000,1000,false],"thumbnail":["https:\/\/www.manluenpack.com\/wp-content\/uploads\/2025\/04\/WL-C021-manluen-golden-party-trays.webp",150,150,false],"medium":["https:\/\/www.manluenpack.com\/wp-content\/uploads\/2025\/04\/WL-C021-manluen-golden-party-trays.webp",300,300,false],"medium_large":["https:\/\/www.manluenpack.com\/wp-content\/uploads\/2025\/04\/WL-C021-manluen-golden-party-trays.webp",768,768,false],"large":["https:\/\/www.manluenpack.com\/wp-content\/uploads\/2025\/04\/WL-C021-manluen-golden-party-trays.webp",1000,1000,false],"1536x1536":["https:\/\/www.manluenpack.com\/wp-content\/uploads\/2025\/04\/WL-C021-manluen-golden-party-trays.webp",1000,1000,false],"2048x2048":["https:\/\/www.manluenpack.com\/wp-content\/uploads\/2025\/04\/WL-C021-manluen-golden-party-trays.webp",1000,1000,false],"trp-custom-language-flag":["https:\/\/www.manluenpack.com\/wp-content\/uploads\/2025\/04\/WL-C021-manluen-golden-party-trays.webp",12,12,false],"menu-24x24":["https:\/\/www.manluenpack.com\/wp-content\/uploads\/2025\/04\/WL-C021-manluen-golden-party-trays.webp",24,24,false],"menu-36x36":["https:\/\/www.manluenpack.com\/wp-content\/uploads\/2025\/04\/WL-C021-manluen-golden-party-trays.webp",36,36,false],"menu-48x48":["https:\/\/www.manluenpack.com\/wp-content\/uploads\/2025\/04\/WL-C021-manluen-golden-party-trays.webp",48,48,false],"woocommerce_thumbnail":["https:\/\/www.manluenpack.com\/wp-content\/uploads\/2025\/04\/WL-C021-manluen-golden-party-trays.webp",300,300,false],"woocommerce_single":["https:\/\/www.manluenpack.com\/wp-content\/uploads\/2025\/04\/WL-C021-manluen-golden-party-trays.webp",600,600,false],"woocommerce_gallery_thumbnail":["https:\/\/www.manluenpack.com\/wp-content\/uploads\/2025\/04\/WL-C021-manluen-golden-party-trays.webp",100,100,false]},"uagb_author_info":{"display_name":"ManLuenpack","author_link":"https:\/\/www.manluenpack.com\/fr\/author\/"},"uagb_comment_info":0,"uagb_excerpt":"The WL-C021 Manluen Golden Square Party Tray combines classic black with elegant maple leaf prints for a sophisticated aesthetic. Crafted from high-quality OPS and PP materials, it is lightweight, durable,&hellip;","_links":{"self":[{"href":"https:\/\/www.manluenpack.com\/fr\/wp-json\/wp\/v2\/product\/1830","targetHints":{"allow":["GET"]}}],"collection":[{"href":"https:\/\/www.manluenpack.com\/fr\/wp-json\/wp\/v2\/product"}],"about":[{"href":"https:\/\/www.manluenpack.com\/fr\/wp-json\/wp\/v2\/types\/product"}],"wp:featuredmedia":[{"embeddable":true,"href":"https:\/\/www.manluenpack.com\/fr\/wp-json\/wp\/v2\/media\/2427"}],"wp:attachment":[{"href":"https:\/\/www.manluenpack.com\/fr\/wp-json\/wp\/v2\/media?parent=1830"}],"wp:term":[{"taxonomy":"product_brand","embeddable":true,"href":"https:\/\/www.manluenpack.com\/fr\/wp-json\/wp\/v2\/product_brand?post=1830"},{"taxonomy":"product_cat","embeddable":true,"href":"https:\/\/www.manluenpack.com\/fr\/wp-json\/wp\/v2\/product_cat?post=1830"},{"taxonomy":"product_tag","embeddable":true,"href":"https:\/\/www.manluenpack.com\/fr\/wp-json\/wp\/v2\/product_tag?post=1830"}],"curies":[{"name":"wp","href":"https:\/\/api.w.org\/{rel}","templated":true}]}}