{"id":1828,"date":"2025-04-12T22:14:10","date_gmt":"2025-04-12T14:14:10","guid":{"rendered":"https:\/\/www.manluenpack.com\/?post_type=product&#038;p=1828"},"modified":"2025-07-08T08:03:28","modified_gmt":"2025-07-08T00:03:28","slug":"wl-c025-manluen-party-tray","status":"publish","type":"product","link":"https:\/\/www.manluenpack.com\/fr\/products\/wl-c025-manluen-party-tray\/","title":{"rendered":"WL-C025 Plateau de f\u00eate Manluen"},"content":{"rendered":"<p>Le plateau de r\u00e9ception carr\u00e9 WL-C025 Manluen est con\u00e7u avec des dimensions optimales de 352*352*50 mm. Sa structure carr\u00e9e maximise l'efficacit\u00e9 de l'espace, tandis que le noir classique associ\u00e9 \u00e0 l'impression d'une feuille d'\u00e9rable ajoute une touche d'\u00e9l\u00e9gance. Fabriqu\u00e9 \u00e0 partir de mat\u00e9riaux OPS et PP de haute qualit\u00e9, le plateau est l\u00e9ger, durable et respectueux de l'environnement. Sa texture antid\u00e9rapante renforce son aspect pratique, ce qui en fait un choix id\u00e9al pour les f\u00eates et les rassemblements.<\/p>\n<ul>\n<li>Type d'emballage<br \/>\nBo\u00eete en carton<\/li>\n<li>Couleur<br \/>\nNoir<\/li>\n<li>Quantit\u00e9 par caisse<br \/>\n100 jeux<\/li>\n<li>Mat\u00e9riau<br \/>\nCouvercle-OPS, Base-PS<\/li>\n<li>Capacit\u00e9 d'une seule unit\u00e9<br \/>\n0,037 m\u00e8tre cube<\/li>\n<\/ul>\n<h3><strong><b>Emballage et livraison<\/b><\/strong><\/h3>\n<p>Le plateau de r\u00e9ception noir WL-C025 Manluen est livr\u00e9 dans un emballage \u00e9cologique et robuste pour garantir un transport en toute s\u00e9curit\u00e9. Chaque produit est soigneusement emball\u00e9 avec des mat\u00e9riaux r\u00e9sistants aux chocs et \u00e0 la pression, ainsi qu'avec un \u00e9tiquetage clair pour une identification et un stockage faciles. Nous nous engageons \u00e0 assurer une livraison efficace et \u00e0 fournir une assurance qualit\u00e9 fiable et opportune pour vos f\u00eates.<\/p>\n<h3><strong><b>Sc\u00e9narios d'utilisation<\/b><\/strong><strong><b>\u00a0\u00a0<\/b><\/strong><\/h3>\n<p>Le plateau de grande capacit\u00e9 WL-C025 Manluen, avec son design \u00e9l\u00e9gant et ses fonctionnalit\u00e9s pratiques, convient parfaitement \u00e0 diverses occasions : des r\u00e9unions de famille aux f\u00eates de fin d'ann\u00e9e, en passant par les banquets d'affaires et les f\u00eates de mariage. Il peut facilement contenir des boissons, des snacks ou des amuse-gueules, mettant en valeur l'\u00e9l\u00e9gance raffin\u00e9e et ajoutant commodit\u00e9 et beaut\u00e9 \u00e0 chaque moment joyeux.<\/p>\n<h3><strong><b>Mat\u00e9riau de haute qualit\u00e9 et impression claire \u00a0<\/b><\/strong><\/h3>\n<p>Ce produit est fabriqu\u00e9 \u00e0 partir de mat\u00e9riaux plastiques de qualit\u00e9 alimentaire certifi\u00e9s au niveau international, ce qui garantit que le plateau est non toxique, inodore et inoffensif, pr\u00e9servant ainsi la s\u00e9curit\u00e9 alimentaire des invit\u00e9s. La feuille d'\u00e9rable imprim\u00e9e sur le plateau ajoute un \u00e9l\u00e9ment d\u00e9coratif, cr\u00e9ant un attrait visuel et une atmosph\u00e8re festive. Il am\u00e9liore la pr\u00e9sentation g\u00e9n\u00e9rale des aliments et les rend plus attrayants pour les convives.<\/p>\n<h3><strong><b>Sceau transparent et durabilit\u00e9 <\/b><\/strong><\/h3>\n<p>Le plateau carr\u00e9 noir de grande capacit\u00e9 de Manluen est dot\u00e9 d'un bord \u00e9tanche qui emp\u00eache efficacement les liquides de se r\u00e9pandre, ce qui permet de garder les plateaux de table propres. Fabriqu\u00e9 \u00e0 partir de mat\u00e9riaux robustes, il est solide, r\u00e9sistant aux chocs et \u00e0 l'usure, ce qui lui permet de faire face \u00e0 divers sc\u00e9narios de f\u00eate avec facilit\u00e9. Son aspect carr\u00e9 noir mat est simple, \u00e9l\u00e9gant et polyvalent, tandis que sa conception spacieuse r\u00e9pond aux besoins de plusieurs utilisateurs, ce qui en fait un choix pratique pour la restauration de f\u00eates.<\/p>","protected":false},"excerpt":{"rendered":"<p>The WL-C025 Manluen Square Party Tray is designed with optimal dimensions of 352*352*50 mm. Its square structure maximizes space efficiency, while the classic black paired with a maple leaf print&hellip;<\/p>","protected":false},"featured_media":2432,"template":"","meta":{"_uag_custom_page_level_css":""},"product_brand":[],"product_cat":[22],"product_tag":[106,134,105],"class_list":{"0":"post-1828","1":"product","2":"type-product","3":"status-publish","4":"has-post-thumbnail","6":"product_cat-party-trays","7":"product_tag-maple-leaf-print","8":"product_tag-party-tray","9":"product_tag-square","11":"first","12":"instock","13":"shipping-taxable","14":"purchasable","15":"product-type-simple"},"spectra_custom_meta":{"rank_math_internal_links_processed":["1","1","1","1","1","1","1","1","1","1","1","1","1","1","1","1","1","1","1","1","1","1","1","1","1","1","1","1","1","1","1","1","1","1","1","1","1","1","1","1","1","1","1","1","1","1","1","1","1","1","1","1","1"],"_sku":["WL-C025"],"_regular_price":["1"],"total_sales":["0"],"_tax_status":["taxable"],"_tax_class":[""],"_manage_stock":["no"],"_backorders":["no"],"_sold_individually":["no"],"_virtual":["no"],"_downloadable":["no"],"_product_image_gallery":["2433,2434,2435,2436"],"_download_limit":["0"],"_download_expiry":["0"],"_thumbnail_id":["2432"],"_stock":[null],"_stock_status":["instock"],"_wc_average_rating":["0"],"_wc_review_count":["0"],"_product_attributes":["a:2:{s:9:\"item-size\";a:6:{s:4:\"name\";s:9:\"Item Size\";s:5:\"value\";s:12:\"352*352*50mm\";s:8:\"position\";i:0;s:10:\"is_visible\";i:1;s:12:\"is_variation\";i:0;s:11:\"is_taxonomy\";i:0;}s:7:\"qty-ctn\";a:6:{s:4:\"name\";s:7:\"QTY\/CTN\";s:5:\"value\";s:3:\"100\";s:8:\"position\";i:1;s:10:\"is_visible\";i:1;s:12:\"is_variation\";i:0;s:11:\"is_taxonomy\";i:0;}}"],"_product_version":["9.4.2"],"_price":["1"],"_wp_old_date":["2024-11-26"],"rank_math_analytic_object_id":["24"],"classic-editor-remember":["classic-editor"],"rank_math_seo_score":["69"],"rank_math_contentai_score":["a:5:{s:8:\"keywords\";s:5:\"74.51\";s:9:\"wordCount\";s:1:\"0\";s:9:\"linkCount\";s:1:\"0\";s:12:\"headingCount\";s:1:\"0\";s:10:\"mediaCount\";s:1:\"0\";}"],"_jet_woo_template":[""],"_template_type":["default"],"rank_math_primary_product_cat":["22"],"_ywraq_hide_quote_button_check":[""],"_ywraq_hide_quote_button":["0"],"_edit_lock":["1751934390:1"],"_edit_last":["1"],"_wp_old_slug":["large-capacity-black-square-party-tray-wl-c025"],"rank_math_focus_keyword":["Party Tray"],"_uag_css_file_name":["uag-css-1828.css"],"_uag_page_assets":["a:9:{s:3:\"css\";s:0:\"\";s:2:\"js\";s:0:\"\";s:18:\"current_block_list\";a:6:{i:0;s:10:\"core\/group\";i:1;s:12:\"core\/heading\";i:2;s:17:\"core\/latest-posts\";i:3;s:20:\"core\/latest-comments\";i:4;s:13:\"core\/archives\";i:5;s:15:\"core\/categories\";}s:8:\"uag_flag\";b:0;s:11:\"uag_version\";i:1777280504;s:6:\"gfonts\";a:0:{}s:10:\"gfonts_url\";s:0:\"\";s:12:\"gfonts_files\";a:0:{}s:14:\"uag_faq_layout\";b:0;}"]},"uagb_featured_image_src":{"full":["https:\/\/www.manluenpack.com\/wp-content\/uploads\/2025\/04\/WL-C025-manluen-plastic-party-tray.webp",1000,1000,false],"thumbnail":["https:\/\/www.manluenpack.com\/wp-content\/uploads\/2025\/04\/WL-C025-manluen-plastic-party-tray.webp",150,150,false],"medium":["https:\/\/www.manluenpack.com\/wp-content\/uploads\/2025\/04\/WL-C025-manluen-plastic-party-tray.webp",300,300,false],"medium_large":["https:\/\/www.manluenpack.com\/wp-content\/uploads\/2025\/04\/WL-C025-manluen-plastic-party-tray.webp",768,768,false],"large":["https:\/\/www.manluenpack.com\/wp-content\/uploads\/2025\/04\/WL-C025-manluen-plastic-party-tray.webp",1000,1000,false],"1536x1536":["https:\/\/www.manluenpack.com\/wp-content\/uploads\/2025\/04\/WL-C025-manluen-plastic-party-tray.webp",1000,1000,false],"2048x2048":["https:\/\/www.manluenpack.com\/wp-content\/uploads\/2025\/04\/WL-C025-manluen-plastic-party-tray.webp",1000,1000,false],"trp-custom-language-flag":["https:\/\/www.manluenpack.com\/wp-content\/uploads\/2025\/04\/WL-C025-manluen-plastic-party-tray.webp",12,12,false],"menu-24x24":["https:\/\/www.manluenpack.com\/wp-content\/uploads\/2025\/04\/WL-C025-manluen-plastic-party-tray.webp",24,24,false],"menu-36x36":["https:\/\/www.manluenpack.com\/wp-content\/uploads\/2025\/04\/WL-C025-manluen-plastic-party-tray.webp",36,36,false],"menu-48x48":["https:\/\/www.manluenpack.com\/wp-content\/uploads\/2025\/04\/WL-C025-manluen-plastic-party-tray.webp",48,48,false],"woocommerce_thumbnail":["https:\/\/www.manluenpack.com\/wp-content\/uploads\/2025\/04\/WL-C025-manluen-plastic-party-tray.webp",300,300,false],"woocommerce_single":["https:\/\/www.manluenpack.com\/wp-content\/uploads\/2025\/04\/WL-C025-manluen-plastic-party-tray.webp",600,600,false],"woocommerce_gallery_thumbnail":["https:\/\/www.manluenpack.com\/wp-content\/uploads\/2025\/04\/WL-C025-manluen-plastic-party-tray.webp",100,100,false]},"uagb_author_info":{"display_name":"ManLuenpack","author_link":"https:\/\/www.manluenpack.com\/fr\/author\/"},"uagb_comment_info":0,"uagb_excerpt":"The WL-C025 Manluen Square Party Tray is designed with optimal dimensions of 352*352*50 mm. Its square structure maximizes space efficiency, while the classic black paired with a maple leaf print&hellip;","_links":{"self":[{"href":"https:\/\/www.manluenpack.com\/fr\/wp-json\/wp\/v2\/product\/1828","targetHints":{"allow":["GET"]}}],"collection":[{"href":"https:\/\/www.manluenpack.com\/fr\/wp-json\/wp\/v2\/product"}],"about":[{"href":"https:\/\/www.manluenpack.com\/fr\/wp-json\/wp\/v2\/types\/product"}],"wp:featuredmedia":[{"embeddable":true,"href":"https:\/\/www.manluenpack.com\/fr\/wp-json\/wp\/v2\/media\/2432"}],"wp:attachment":[{"href":"https:\/\/www.manluenpack.com\/fr\/wp-json\/wp\/v2\/media?parent=1828"}],"wp:term":[{"taxonomy":"product_brand","embeddable":true,"href":"https:\/\/www.manluenpack.com\/fr\/wp-json\/wp\/v2\/product_brand?post=1828"},{"taxonomy":"product_cat","embeddable":true,"href":"https:\/\/www.manluenpack.com\/fr\/wp-json\/wp\/v2\/product_cat?post=1828"},{"taxonomy":"product_tag","embeddable":true,"href":"https:\/\/www.manluenpack.com\/fr\/wp-json\/wp\/v2\/product_tag?post=1828"}],"curies":[{"name":"wp","href":"https:\/\/api.w.org\/{rel}","templated":true}]}}