{"id":1824,"date":"2025-04-07T22:40:07","date_gmt":"2025-04-07T14:40:07","guid":{"rendered":"https:\/\/www.manluenpack.com\/?post_type=product&#038;p=1824"},"modified":"2025-07-09T17:38:04","modified_gmt":"2025-07-09T09:38:04","slug":"wl-p93-manluen-black-clamshell-take-out-containers","status":"publish","type":"product","link":"https:\/\/www.manluenpack.com\/fr\/products\/wl-p93-manluen-black-clamshell-take-out-containers\/","title":{"rendered":"WL-P93 Manluen 9X9\u2033 3-compartiments Contenants \u00e0 emporter \u00e0 coquille"},"content":{"rendered":"<p>Les conteneurs \u00e0 emporter compostables WL-BG93 Manluen 9X9\u2033 \u00e0 3 compartiments pr\u00e9sentent un design unique de 230*230*75 mm, offrant suffisamment d'espace pour accommoder sans effort des repas vari\u00e9s. La disposition en trois compartiments assure une s\u00e9paration scientifique des plats, emp\u00eachant le transfert de saveurs tout en r\u00e9pondant au besoin de combinaisons vari\u00e9es. Fabriqu\u00e9s \u00e0 partir de mat\u00e9riaux respectueux de l'environnement et de la sant\u00e9, ils combinent une durabilit\u00e9 \u00e0 l'\u00e9preuve des fuites et un emballage efficace, ce qui en fait le m\u00e9lange parfait de la fonctionnalit\u00e9 et de la qualit\u00e9 des repas.<\/p>\n<ul>\n<li>Type d'emballage<br \/>\nBo\u00eete en carton<\/li>\n<li>Couleur<br \/>\nNoir<\/li>\n<li>Quantit\u00e9 par caisse<br \/>\n150 ensembles<\/li>\n<li>Mat\u00e9riau<br \/>\nBase : PP<\/li>\n<\/ul>\n<table>\n<tbody>\n<tr>\n<td width=\"142\">\n<p style=\"text-align: center;\">Num\u00e9ro de mod\u00e8le<\/p>\n<\/td>\n<td style=\"text-align: center;\" width=\"142\">Taille (mm)<\/td>\n<td style=\"text-align: center;\" width=\"142\">PCS\/par bo\u00eete<\/td>\n<td width=\"142\">\n<p style=\"text-align: center;\">Taille du carton (mm)<\/p>\n<\/td>\n<\/tr>\n<tr>\n<td width=\"142\">\n<p style=\"text-align: center;\">WL-P61<\/p>\n<\/td>\n<td style=\"text-align: center;\" width=\"142\">150*150*70mm<\/td>\n<td style=\"text-align: center;\" width=\"142\">250<\/td>\n<td style=\"text-align: center;\" width=\"142\">470*310*320<\/td>\n<\/tr>\n<tr>\n<td style=\"text-align: center;\" width=\"142\">WL-P81<\/td>\n<td style=\"text-align: center;\" width=\"142\">200*200*75mm<\/td>\n<td style=\"text-align: center;\" width=\"142\">150<\/td>\n<td width=\"142\">\n<p style=\"text-align: center;\">430*285*430<\/p>\n<\/td>\n<\/tr>\n<tr>\n<td width=\"142\">\n<p style=\"text-align: center;\">WL-P83<\/p>\n<\/td>\n<td style=\"text-align: center;\" width=\"142\">200*200*75mm<\/td>\n<td style=\"text-align: center;\" width=\"142\">150<\/td>\n<td style=\"text-align: center;\" width=\"142\">430*285*430<\/td>\n<\/tr>\n<tr>\n<td style=\"text-align: center;\" width=\"142\">WL-P91<\/td>\n<td style=\"text-align: center;\" width=\"142\">230*230*75mm<\/td>\n<td style=\"text-align: center;\" width=\"142\">150<\/td>\n<td width=\"142\">\n<p style=\"text-align: center;\">460*285*470<\/p>\n<\/td>\n<\/tr>\n<tr>\n<td width=\"142\">\n<p style=\"text-align: center;\">WL-P93<\/p>\n<\/td>\n<td style=\"text-align: center;\" width=\"142\">230*230*75mm<\/td>\n<td style=\"text-align: center;\" width=\"142\">150<\/td>\n<td style=\"text-align: center;\" width=\"142\">460*285*470<\/td>\n<\/tr>\n<tr>\n<td style=\"text-align: center;\" width=\"142\">WL-P96<\/td>\n<td style=\"text-align: center;\" width=\"142\">220*150*75mm<\/td>\n<td style=\"text-align: center;\" width=\"142\">200<\/td>\n<td width=\"142\">\n<p style=\"text-align: center;\">380*310*470<\/p>\n<\/td>\n<\/tr>\n<\/tbody>\n<\/table>\n<p>&nbsp;<\/p>\n<h2><strong>Emballage et livraison<\/strong><\/h2>\n<p>Les r\u00e9cipients \u00e0 emporter WL-P93 Manluen Black Clamshell sont conditionn\u00e9s dans un emballage compact et \u00e9cologique pour garantir la propret\u00e9 et l'ordre pendant le transport. Chaque produit est empil\u00e9 avec pr\u00e9cision pour gagner de l'espace et simplifier le stockage, ce qui permet une livraison efficace et sans souci. De la production \u00e0 l'arriv\u00e9e, chaque d\u00e9tail est g\u00e9r\u00e9 m\u00e9ticuleusement pour garantir la qualit\u00e9, offrant une tranquillit\u00e9 d'esprit \u00e0 chaque utilisation - o\u00f9 la durabilit\u00e9 rencontre l'aspect pratique.<\/p>\n<p>&nbsp;<\/p>\n<h2><strong>Sc\u00e9narios d'utilisation\u00a0\u00a0\u00a0<\/strong><\/h2>\n<p>Id\u00e9ale pour divers types de repas, la bo\u00eete d'emballage en plastique \u00e0 coquille WL-P93 Manluen permet d'accueillir sans effort des repas combin\u00e9s chinois, des bo\u00eetes \u00e0 bento, des salades l\u00e9g\u00e8res et bien plus encore. Sa conception \u00e0 trois compartiments permet de varier les combinaisons de plats, tandis que sa capacit\u00e9 g\u00e9n\u00e9reuse convient aux repas copieux. \u00c9tanche et durable, elle est parfaite pour l'emballage de repas, la livraison de nourriture ou les repas en plein air. Elle rehausse chaque repas par sa fiabilit\u00e9 et sa qualit\u00e9.<\/p>\n<p>&nbsp;<\/p>\n<h2><strong>Conception empilable\u00a0<\/strong><\/h2>\n<p>Les conteneurs \u00e0 emporter en plastique noir WL-P93 Manluen sont empilables, ce qui permet d'optimiser l'espace de stockage et d'am\u00e9liorer l'efficacit\u00e9 du transport ou de la pr\u00e9sentation. Sa structure stable en couches garantit un empilage s\u00fbr sans risque de renversement, ce qui simplifie la gestion des stocks pour les entreprises. Ce design simple et fonctionnel ne se contente pas d'am\u00e9liorer le flux de travail, il incarne \u00e9galement l'harmonie entre la durabilit\u00e9 et l'ordre, ajoutant commodit\u00e9 et sophistication \u00e0 chaque utilisation.<\/p>\n<p>&nbsp;<\/p>\n<h2><strong>\u00c9tanche, scell\u00e9 et durable<\/strong><\/h2>\n<p>Dot\u00e9s d'un joint \u00e9tanche con\u00e7u avec pr\u00e9cision, les r\u00e9cipients \u00e0 emporter noirs \u00e0 coquille WL-P93 Manluen emp\u00eachent efficacement les fuites. Son mat\u00e9riau robuste et r\u00e9sistant \u00e0 la chaleur supporte la pression, s\u00e9curisant ainsi tous les types de repas, de l'emballage \u00e0 la livraison. Alliant respect de l'environnement et praticit\u00e9, ils garantissent que chaque plat arrive intact et que la qualit\u00e9 reste constante.<\/p>\n<p><a href=\"https:\/\/www.google.com\/search?q=manluenpack\" target=\"_blank\" rel=\"noopener\">PLUS D'INFORMATIONS...<\/a><\/p>","protected":false},"excerpt":{"rendered":"<p>The WL-P93 Manluen 3-Compartment Clamshell Take Out Containers feature a unique 230*230*75 mm design, providing ample space to effortlessly accommodate diverse meals. The three-compartment layout ensures scientific separation of dishes,&hellip;<\/p>","protected":false},"featured_media":3249,"template":"","meta":{"_uag_custom_page_level_css":""},"product_brand":[],"product_cat":[21],"product_tag":[130,132,133],"class_list":{"0":"post-1824","1":"product","2":"type-product","3":"status-publish","4":"has-post-thumbnail","6":"product_cat-clamshell-containers","7":"product_tag-clamshell-container","8":"product_tag-to-go-container","9":"product_tag-white","11":"first","12":"instock","13":"shipping-taxable","14":"purchasable","15":"product-type-simple"},"spectra_custom_meta":{"rank_math_internal_links_processed":["1","1","1","1","1","1","1","1","1","1","1","1","1","1","1","1","1","1","1","1","1","1","1","1","1","1","1","1","1","1","1","1","1","1","1","1","1","1","1","1","1","1","1","1","1","1","1","1","1","1","1"],"_sku":["WL-P93-BLACK"],"_regular_price":["1"],"total_sales":["0"],"_tax_status":["taxable"],"_tax_class":[""],"_manage_stock":["no"],"_backorders":["no"],"_sold_individually":["no"],"_virtual":["no"],"_downloadable":["no"],"_download_limit":["0"],"_download_expiry":["0"],"_stock":[null],"_stock_status":["instock"],"_wc_average_rating":["0"],"_wc_review_count":["0"],"_product_attributes":["a:2:{s:9:\"item-size\";a:6:{s:4:\"name\";s:9:\"Item Size\";s:5:\"value\";s:12:\"230*230*75mm\";s:8:\"position\";i:0;s:10:\"is_visible\";i:1;s:12:\"is_variation\";i:0;s:11:\"is_taxonomy\";i:0;}s:7:\"qty-ctn\";a:6:{s:4:\"name\";s:7:\"QTY\/CTN\";s:5:\"value\";s:3:\"150\";s:8:\"position\";i:1;s:10:\"is_visible\";i:1;s:12:\"is_variation\";i:0;s:11:\"is_taxonomy\";i:0;}}"],"_product_version":["9.4.2"],"_price":["1"],"_wp_old_date":["2024-11-26"],"rank_math_analytic_object_id":["24"],"classic-editor-remember":["classic-editor"],"rank_math_seo_score":["68"],"rank_math_contentai_score":["a:5:{s:8:\"keywords\";s:5:\"74.51\";s:9:\"wordCount\";s:1:\"0\";s:9:\"linkCount\";s:1:\"0\";s:12:\"headingCount\";s:1:\"0\";s:10:\"mediaCount\";s:1:\"0\";}"],"_jet_woo_template":[""],"_template_type":["default"],"rank_math_primary_product_cat":["21"],"_ywraq_hide_quote_button_check":[""],"_ywraq_hide_quote_button":["0"],"_edit_lock":["1752053945:1"],"_edit_last":["1"],"_wp_old_slug":["large-capacity-tri-compartment-food-grade-white-to-go-container-wl-93","wl-p91-manluen-black-clamshell-take-out-containers"],"rank_math_focus_keyword":["Take Out Containers"],"_product_image_gallery":["3246,3244,3243,3242"],"_thumbnail_id":["3249"],"_uag_css_file_name":["uag-css-1824.css"],"_uag_page_assets":["a:9:{s:3:\"css\";s:263:\".uag-blocks-common-selector{z-index:var(--z-index-desktop) !important}@media (max-width: 976px){.uag-blocks-common-selector{z-index:var(--z-index-tablet) !important}}@media (max-width: 767px){.uag-blocks-common-selector{z-index:var(--z-index-mobile) !important}}\n\";s:2:\"js\";s:0:\"\";s:18:\"current_block_list\";a:6:{i:0;s:10:\"core\/group\";i:1;s:12:\"core\/heading\";i:2;s:17:\"core\/latest-posts\";i:3;s:20:\"core\/latest-comments\";i:4;s:13:\"core\/archives\";i:5;s:15:\"core\/categories\";}s:8:\"uag_flag\";b:0;s:11:\"uag_version\";i:1777281647;s:6:\"gfonts\";a:0:{}s:10:\"gfonts_url\";s:0:\"\";s:12:\"gfonts_files\";a:0:{}s:14:\"uag_faq_layout\";b:0;}"]},"uagb_featured_image_src":{"full":["https:\/\/www.manluenpack.com\/wp-content\/uploads\/2025\/04\/WL-P93-manluen-takeout-clamshell-containers-scaled.webp",2560,1707,false],"thumbnail":["https:\/\/www.manluenpack.com\/wp-content\/uploads\/2025\/04\/WL-P93-manluen-takeout-clamshell-containers-scaled.webp",150,100,false],"medium":["https:\/\/www.manluenpack.com\/wp-content\/uploads\/2025\/04\/WL-P93-manluen-takeout-clamshell-containers-scaled.webp",300,200,false],"medium_large":["https:\/\/www.manluenpack.com\/wp-content\/uploads\/2025\/04\/WL-P93-manluen-takeout-clamshell-containers-scaled.webp",768,512,false],"large":["https:\/\/www.manluenpack.com\/wp-content\/uploads\/2025\/04\/WL-P93-manluen-takeout-clamshell-containers-scaled.webp",1024,683,false],"1536x1536":["https:\/\/www.manluenpack.com\/wp-content\/uploads\/2025\/04\/WL-P93-manluen-takeout-clamshell-containers-scaled.webp",1536,1024,false],"2048x2048":["https:\/\/www.manluenpack.com\/wp-content\/uploads\/2025\/04\/WL-P93-manluen-takeout-clamshell-containers-scaled.webp",2048,1366,false],"trp-custom-language-flag":["https:\/\/www.manluenpack.com\/wp-content\/uploads\/2025\/04\/WL-P93-manluen-takeout-clamshell-containers-scaled.webp",18,12,false],"menu-24x24":["https:\/\/www.manluenpack.com\/wp-content\/uploads\/2025\/04\/WL-P93-manluen-takeout-clamshell-containers-scaled.webp",24,16,false],"menu-36x36":["https:\/\/www.manluenpack.com\/wp-content\/uploads\/2025\/04\/WL-P93-manluen-takeout-clamshell-containers-scaled.webp",36,24,false],"menu-48x48":["https:\/\/www.manluenpack.com\/wp-content\/uploads\/2025\/04\/WL-P93-manluen-takeout-clamshell-containers-scaled.webp",48,32,false],"woocommerce_thumbnail":["https:\/\/www.manluenpack.com\/wp-content\/uploads\/2025\/04\/WL-P93-manluen-takeout-clamshell-containers-scaled-300x300.webp",300,300,true],"woocommerce_single":["https:\/\/www.manluenpack.com\/wp-content\/uploads\/2025\/04\/WL-P93-manluen-takeout-clamshell-containers-scaled.webp",600,400,false],"woocommerce_gallery_thumbnail":["https:\/\/www.manluenpack.com\/wp-content\/uploads\/2025\/04\/WL-P93-manluen-takeout-clamshell-containers-scaled-100x100.webp",100,100,true]},"uagb_author_info":{"display_name":"ManLuenpack","author_link":"https:\/\/www.manluenpack.com\/fr\/author\/"},"uagb_comment_info":0,"uagb_excerpt":"The WL-P93 Manluen 3-Compartment Clamshell Take Out Containers feature a unique 230*230*75 mm design, providing ample space to effortlessly accommodate diverse meals. The three-compartment layout ensures scientific separation of dishes,&hellip;","_links":{"self":[{"href":"https:\/\/www.manluenpack.com\/fr\/wp-json\/wp\/v2\/product\/1824","targetHints":{"allow":["GET"]}}],"collection":[{"href":"https:\/\/www.manluenpack.com\/fr\/wp-json\/wp\/v2\/product"}],"about":[{"href":"https:\/\/www.manluenpack.com\/fr\/wp-json\/wp\/v2\/types\/product"}],"wp:featuredmedia":[{"embeddable":true,"href":"https:\/\/www.manluenpack.com\/fr\/wp-json\/wp\/v2\/media\/3249"}],"wp:attachment":[{"href":"https:\/\/www.manluenpack.com\/fr\/wp-json\/wp\/v2\/media?parent=1824"}],"wp:term":[{"taxonomy":"product_brand","embeddable":true,"href":"https:\/\/www.manluenpack.com\/fr\/wp-json\/wp\/v2\/product_brand?post=1824"},{"taxonomy":"product_cat","embeddable":true,"href":"https:\/\/www.manluenpack.com\/fr\/wp-json\/wp\/v2\/product_cat?post=1824"},{"taxonomy":"product_tag","embeddable":true,"href":"https:\/\/www.manluenpack.com\/fr\/wp-json\/wp\/v2\/product_tag?post=1824"}],"curies":[{"name":"wp","href":"https:\/\/api.w.org\/{rel}","templated":true}]}}