{"id":1822,"date":"2025-04-07T22:34:23","date_gmt":"2025-04-07T14:34:23","guid":{"rendered":"https:\/\/www.manluenpack.com\/?post_type=product&#038;p=1822"},"modified":"2025-07-09T18:12:59","modified_gmt":"2025-07-09T10:12:59","slug":"wl-p91-manluen-9-inch-clamshell-take-out-containers","status":"publish","type":"product","link":"https:\/\/www.manluenpack.com\/fr\/products\/wl-p91-manluen-9-inch-clamshell-take-out-containers\/","title":{"rendered":"WL-P91 Manluen 9X9\u2033 Conteneurs \u00e0 1 compartiment pour plats \u00e0 emporter"},"content":{"rendered":"<p>WL-P91 Manluen 9 Inch Clamshell Take Out Containers pr\u00e9sente une taille unique de 230*230*75 mm, offrant une tr\u00e8s grande capacit\u00e9 pour accueillir facilement une vari\u00e9t\u00e9 de repas copieux. Fabriqu\u00e9 \u00e0 partir de mat\u00e9riaux respectueux de l'environnement, s\u00fbrs et sains, ce r\u00e9cipient est \u00e9tanche et durable. Il combine parfaitement un emballage efficace et une qualit\u00e9 de vie, ce qui permet \u00e0 chaque repas de se d\u00e9marquer.<\/p>\n<ul>\n<li>Type d'emballage<br \/>\nBo\u00eete en carton<\/li>\n<li>Couleur<br \/>\nNoir<\/li>\n<li>Quantit\u00e9 par caisse<br \/>\n150 ensembles<\/li>\n<li>Mat\u00e9riau<br \/>\nBase : PP<\/li>\n<\/ul>\n<table>\n<tbody>\n<tr>\n<td width=\"142\">\n<p style=\"text-align: center;\">Num\u00e9ro de mod\u00e8le<\/p>\n<\/td>\n<td style=\"text-align: center;\" width=\"142\">Taille (mm)<\/td>\n<td style=\"text-align: center;\" width=\"142\">PCS\/par bo\u00eete<\/td>\n<td width=\"142\">\n<p style=\"text-align: center;\">Taille du carton (mm)<\/p>\n<\/td>\n<\/tr>\n<tr>\n<td width=\"142\">\n<p style=\"text-align: center;\">WL-P61<\/p>\n<\/td>\n<td style=\"text-align: center;\" width=\"142\">150*150*70mm<\/td>\n<td style=\"text-align: center;\" width=\"142\">250<\/td>\n<td width=\"142\">\n<p style=\"text-align: center;\">470*310*320<\/p>\n<\/td>\n<\/tr>\n<tr>\n<td width=\"142\">\n<p style=\"text-align: center;\">WL-P81<\/p>\n<\/td>\n<td style=\"text-align: center;\" width=\"142\">200*200*75mm<\/td>\n<td style=\"text-align: center;\" width=\"142\">150<\/td>\n<td width=\"142\">\n<p style=\"text-align: center;\">430*285*430<\/p>\n<\/td>\n<\/tr>\n<tr>\n<td width=\"142\">\n<p style=\"text-align: center;\">WL-P83<\/p>\n<\/td>\n<td style=\"text-align: center;\" width=\"142\">200*200*75mm<\/td>\n<td style=\"text-align: center;\" width=\"142\">150<\/td>\n<td width=\"142\">\n<p style=\"text-align: center;\">430*285*430<\/p>\n<\/td>\n<\/tr>\n<tr>\n<td width=\"142\">\n<p style=\"text-align: center;\">WL-P91<\/p>\n<\/td>\n<td style=\"text-align: center;\" width=\"142\">230*230*75mm<\/td>\n<td style=\"text-align: center;\" width=\"142\">150<\/td>\n<td width=\"142\">\n<p style=\"text-align: center;\">460*285*470<\/p>\n<\/td>\n<\/tr>\n<tr>\n<td width=\"142\">\n<p style=\"text-align: center;\">WL-P93<\/p>\n<\/td>\n<td style=\"text-align: center;\" width=\"142\">230*230*75mm<\/td>\n<td style=\"text-align: center;\" width=\"142\">150<\/td>\n<td width=\"142\">\n<p style=\"text-align: center;\">460*285*470<\/p>\n<\/td>\n<\/tr>\n<tr>\n<td width=\"142\">\n<p style=\"text-align: center;\">WL-P96<\/p>\n<\/td>\n<td style=\"text-align: center;\" width=\"142\">220*150*75mm<\/td>\n<td style=\"text-align: center;\" width=\"142\">200<\/td>\n<td width=\"142\">\n<p style=\"text-align: center;\">380*310*470<\/p>\n<\/td>\n<\/tr>\n<\/tbody>\n<\/table>\n<p>&nbsp;<\/p>\n<h2><strong>Emballage et livraison<\/strong><\/h2>\n<p>WL-P91 Manluen 9X9\u2033 To-Go Plastic Clamshell Containers utilise un emballage compact et \u00e9cologique pour garantir la propret\u00e9 et l'ordre pendant le transport. Chaque produit est empil\u00e9 avec pr\u00e9cision, ce qui permet d'\u00e9conomiser de l'espace et de faciliter le stockage, assurant ainsi une livraison efficace et pratique. De l'usine \u00e0 la livraison, chaque \u00e9tape met l'accent sur la qualit\u00e9 et les d\u00e9tails, offrant une tranquillit\u00e9 d'esprit pour chaque utilisation, alliant la protection de l'environnement \u00e0 l'aspect pratique.<\/p>\n<p>&nbsp;<\/p>\n<h2><strong>Sc\u00e9narios d'utilisation\u00a0\u00a0<\/strong><\/h2>\n<p>Les r\u00e9cipients \u00e0 emporter Manluen 9 Inch Clamshell sont adapt\u00e9s \u00e0 divers sc\u00e9narios de repas ; qu'il s'agisse de repas chinois, de bo\u00eetes \u00e0 lunch simples ou de salades l\u00e9g\u00e8res, ils peuvent tous les contenir. Leur grande capacit\u00e9 permet de r\u00e9pondre \u00e0 divers besoins en mati\u00e8re d'association de plats, et leur r\u00e9sistance aux fuites les rend pratiques pour les repas sur place, \u00e0 emporter, livr\u00e9s ou en plein air, ajoutant s\u00e9curit\u00e9 et qualit\u00e9 \u00e0 chaque repas d\u00e9licieux.<\/p>\n<p>&nbsp;<\/p>\n<h2><strong>Conception empilable<\/strong><\/h2>\n<p>WL-P91 Manluen 9X9\u2033 Plastic To-Go Containers ont un design empilable qui permet d'\u00e9conomiser de l'espace de stockage et d'am\u00e9liorer l'efficacit\u00e9 du transport et de la mise en place. La structure d'empilage robuste garantit que les conteneurs s'embo\u00eetent \u00e9troitement sans se renverser, ce qui permet aux entreprises de g\u00e9rer efficacement leurs stocks. Le design simple et pratique permet non seulement d'optimiser les processus op\u00e9rationnels, mais aussi de mettre en valeur la beaut\u00e9 de la protection de l'environnement et de l'ordre, ce qui ajoute de la commodit\u00e9 et de l'\u00e9l\u00e9gance \u00e0 l'utilisation.<\/p>\n<p>&nbsp;<\/p>\n<h2><strong>\u00c9tanche, scell\u00e9 et durable \u00a0\u00a0\u00a0<\/strong><\/h2>\n<p>Les r\u00e9cipients \u00e0 emporter Manluen 9-inch Clamshell adoptent une conception de pr\u00e9cision \u00e9tanche, garantissant une fermeture herm\u00e9tique qui emp\u00eache les d\u00e9versements de liquides. Son mat\u00e9riau robuste et durable r\u00e9siste \u00e0 la pression et \u00e0 la chaleur, et permet de transporter en toute s\u00e9curit\u00e9 tous les types de repas tout en restant intact de l'emballage \u00e0 la livraison. Alliant respect de l'environnement et praticit\u00e9, ils garantissent que chaque d\u00e9licieux repas arrive en toute s\u00e9curit\u00e9, tout en conservant une qualit\u00e9 constante.<\/p>\n<p><a href=\"https:\/\/www.google.com\/search?q=manluenpack\" target=\"_blank\" rel=\"noopener\">PLUS D'INFORMATIONS...<\/a><\/p>","protected":false},"excerpt":{"rendered":"<p>WL-P91 Manluen 9 Inch Clamshell Take Out Containers feature a unique size of 230*230*75 mm, providing extra-large capacity to easily accommodate a variety of hearty meals. Made from eco-friendly materials&hellip;<\/p>","protected":false},"featured_media":3257,"template":"","meta":{"_uag_custom_page_level_css":""},"product_brand":[],"product_cat":[21],"product_tag":[130,132,133],"class_list":{"0":"post-1822","1":"product","2":"type-product","3":"status-publish","4":"has-post-thumbnail","6":"product_cat-clamshell-containers","7":"product_tag-clamshell-container","8":"product_tag-to-go-container","9":"product_tag-white","11":"first","12":"instock","13":"shipping-taxable","14":"purchasable","15":"product-type-simple"},"spectra_custom_meta":{"rank_math_internal_links_processed":["1","1","1","1","1","1","1","1","1","1","1","1","1","1","1","1","1","1","1","1","1","1","1","1","1","1","1","1","1","1","1","1","1","1","1","1","1","1","1","1","1","1","1","1","1","1","1","1","1","1"],"_sku":["WL-P91-BLACK"],"_regular_price":["1"],"total_sales":["0"],"_tax_status":["taxable"],"_tax_class":[""],"_manage_stock":["no"],"_backorders":["no"],"_sold_individually":["no"],"_virtual":["no"],"_downloadable":["no"],"_download_limit":["0"],"_download_expiry":["0"],"_stock":[null],"_stock_status":["instock"],"_wc_average_rating":["0"],"_wc_review_count":["0"],"_product_attributes":["a:2:{s:9:\"item-size\";a:6:{s:4:\"name\";s:9:\"Item Size\";s:5:\"value\";s:12:\"230*230*75mm\";s:8:\"position\";i:0;s:10:\"is_visible\";i:1;s:12:\"is_variation\";i:0;s:11:\"is_taxonomy\";i:0;}s:7:\"qty-ctn\";a:6:{s:4:\"name\";s:7:\"QTY\/CTN\";s:5:\"value\";s:3:\"150\";s:8:\"position\";i:1;s:10:\"is_visible\";i:1;s:12:\"is_variation\";i:0;s:11:\"is_taxonomy\";i:0;}}"],"_product_version":["9.4.2"],"_price":["1"],"_wp_old_date":["2024-11-26"],"rank_math_analytic_object_id":["24"],"classic-editor-remember":["classic-editor"],"rank_math_seo_score":["68"],"rank_math_contentai_score":["a:5:{s:8:\"keywords\";s:5:\"74.51\";s:9:\"wordCount\";s:1:\"0\";s:9:\"linkCount\";s:1:\"0\";s:12:\"headingCount\";s:1:\"0\";s:10:\"mediaCount\";s:1:\"0\";}"],"_jet_woo_template":[""],"_template_type":["default"],"rank_math_primary_product_cat":["21"],"_ywraq_hide_quote_button_check":[""],"_ywraq_hide_quote_button":["0"],"_edit_lock":["1752055923:1"],"_edit_last":["1"],"_wp_old_slug":["high-capacity-food-grade-white-to-go-container-wl-91"],"rank_math_focus_keyword":["Take Out Containers"],"_product_image_gallery":["3239,3240,3238,3237,3236"],"_thumbnail_id":["3257"],"_uag_css_file_name":["uag-css-1822.css"],"_uag_page_assets":["a:9:{s:3:\"css\";s:0:\"\";s:2:\"js\";s:0:\"\";s:18:\"current_block_list\";a:6:{i:0;s:10:\"core\/group\";i:1;s:12:\"core\/heading\";i:2;s:17:\"core\/latest-posts\";i:3;s:20:\"core\/latest-comments\";i:4;s:13:\"core\/archives\";i:5;s:15:\"core\/categories\";}s:8:\"uag_flag\";b:0;s:11:\"uag_version\";i:1777278560;s:6:\"gfonts\";a:0:{}s:10:\"gfonts_url\";s:0:\"\";s:12:\"gfonts_files\";a:0:{}s:14:\"uag_faq_layout\";b:0;}"]},"uagb_featured_image_src":{"full":["https:\/\/www.manluenpack.com\/wp-content\/uploads\/2025\/04\/WL-P91-manluen-clamshell-takeout-plastic-containers-scaled.webp",2560,1707,false],"thumbnail":["https:\/\/www.manluenpack.com\/wp-content\/uploads\/2025\/04\/WL-P91-manluen-clamshell-takeout-plastic-containers-scaled.webp",150,100,false],"medium":["https:\/\/www.manluenpack.com\/wp-content\/uploads\/2025\/04\/WL-P91-manluen-clamshell-takeout-plastic-containers-scaled.webp",300,200,false],"medium_large":["https:\/\/www.manluenpack.com\/wp-content\/uploads\/2025\/04\/WL-P91-manluen-clamshell-takeout-plastic-containers-scaled.webp",768,512,false],"large":["https:\/\/www.manluenpack.com\/wp-content\/uploads\/2025\/04\/WL-P91-manluen-clamshell-takeout-plastic-containers-scaled.webp",1024,683,false],"1536x1536":["https:\/\/www.manluenpack.com\/wp-content\/uploads\/2025\/04\/WL-P91-manluen-clamshell-takeout-plastic-containers-scaled.webp",1536,1024,false],"2048x2048":["https:\/\/www.manluenpack.com\/wp-content\/uploads\/2025\/04\/WL-P91-manluen-clamshell-takeout-plastic-containers-scaled.webp",2048,1366,false],"trp-custom-language-flag":["https:\/\/www.manluenpack.com\/wp-content\/uploads\/2025\/04\/WL-P91-manluen-clamshell-takeout-plastic-containers-scaled.webp",18,12,false],"menu-24x24":["https:\/\/www.manluenpack.com\/wp-content\/uploads\/2025\/04\/WL-P91-manluen-clamshell-takeout-plastic-containers-scaled.webp",24,16,false],"menu-36x36":["https:\/\/www.manluenpack.com\/wp-content\/uploads\/2025\/04\/WL-P91-manluen-clamshell-takeout-plastic-containers-scaled.webp",36,24,false],"menu-48x48":["https:\/\/www.manluenpack.com\/wp-content\/uploads\/2025\/04\/WL-P91-manluen-clamshell-takeout-plastic-containers-scaled.webp",48,32,false],"woocommerce_thumbnail":["https:\/\/www.manluenpack.com\/wp-content\/uploads\/2025\/04\/WL-P91-manluen-clamshell-takeout-plastic-containers-scaled-300x300.webp",300,300,true],"woocommerce_single":["https:\/\/www.manluenpack.com\/wp-content\/uploads\/2025\/04\/WL-P91-manluen-clamshell-takeout-plastic-containers-scaled.webp",600,400,false],"woocommerce_gallery_thumbnail":["https:\/\/www.manluenpack.com\/wp-content\/uploads\/2025\/04\/WL-P91-manluen-clamshell-takeout-plastic-containers-scaled-100x100.webp",100,100,true]},"uagb_author_info":{"display_name":"ManLuenpack","author_link":"https:\/\/www.manluenpack.com\/fr\/author\/"},"uagb_comment_info":0,"uagb_excerpt":"WL-P91 Manluen 9 Inch Clamshell Take Out Containers feature a unique size of 230*230*75 mm, providing extra-large capacity to easily accommodate a variety of hearty meals. Made from eco-friendly materials&hellip;","_links":{"self":[{"href":"https:\/\/www.manluenpack.com\/fr\/wp-json\/wp\/v2\/product\/1822","targetHints":{"allow":["GET"]}}],"collection":[{"href":"https:\/\/www.manluenpack.com\/fr\/wp-json\/wp\/v2\/product"}],"about":[{"href":"https:\/\/www.manluenpack.com\/fr\/wp-json\/wp\/v2\/types\/product"}],"wp:featuredmedia":[{"embeddable":true,"href":"https:\/\/www.manluenpack.com\/fr\/wp-json\/wp\/v2\/media\/3257"}],"wp:attachment":[{"href":"https:\/\/www.manluenpack.com\/fr\/wp-json\/wp\/v2\/media?parent=1822"}],"wp:term":[{"taxonomy":"product_brand","embeddable":true,"href":"https:\/\/www.manluenpack.com\/fr\/wp-json\/wp\/v2\/product_brand?post=1822"},{"taxonomy":"product_cat","embeddable":true,"href":"https:\/\/www.manluenpack.com\/fr\/wp-json\/wp\/v2\/product_cat?post=1822"},{"taxonomy":"product_tag","embeddable":true,"href":"https:\/\/www.manluenpack.com\/fr\/wp-json\/wp\/v2\/product_tag?post=1822"}],"curies":[{"name":"wp","href":"https:\/\/api.w.org\/{rel}","templated":true}]}}