{"id":1820,"date":"2025-04-07T00:30:05","date_gmt":"2025-04-06T16:30:05","guid":{"rendered":"https:\/\/www.manluenpack.com\/?post_type=product&#038;p=1820"},"modified":"2025-07-09T17:10:05","modified_gmt":"2025-07-09T09:10:05","slug":"wl-p83-manluen-black-clamshell-take-out-containers","status":"publish","type":"product","link":"https:\/\/www.manluenpack.com\/fr\/products\/wl-p83-manluen-black-clamshell-take-out-containers\/","title":{"rendered":"WL-P83 Manluen 8X8\u2033 3-Compartiments Conteneurs \u00e0 Emporter"},"content":{"rendered":"<p>Les conteneurs \u00e0 emporter WL-P83 Manluen Black Clamshell se caract\u00e9risent par un design pratique de 200*200*75 mm, divisant intelligemment trois espaces distincts pour contenir plusieurs plats sans saveurs crois\u00e9es. Son agencement spacieux r\u00e9pond \u00e0 des besoins culinaires vari\u00e9s, tandis que le mat\u00e9riau \u00e9cologique garantit la sant\u00e9 et la durabilit\u00e9 - une fusion parfaite entre un emballage efficace et un repas de qualit\u00e9.<\/p>\n<ul>\n<li>Type d'emballage<br \/>\nBo\u00eete en carton<\/li>\n<li>Couleur<br \/>\nNoir<\/li>\n<li>Quantit\u00e9 par caisse<br \/>\n150 ensembles<\/li>\n<li>Mat\u00e9riau<br \/>\nBase : PP<\/li>\n<\/ul>\n<table>\n<tbody>\n<tr>\n<td width=\"142\">\n<p style=\"text-align: center;\">Num\u00e9ro de mod\u00e8le<\/p>\n<\/td>\n<td style=\"text-align: center;\" width=\"142\">Taille (mm)<\/td>\n<td style=\"text-align: center;\" width=\"142\">PCS\/par bo\u00eete<\/td>\n<td width=\"142\">\n<p style=\"text-align: center;\">Taille du carton (mm)<\/p>\n<\/td>\n<\/tr>\n<tr>\n<td width=\"142\">\n<p style=\"text-align: center;\">WL-P61<\/p>\n<\/td>\n<td style=\"text-align: center;\" width=\"142\">150*150*70mm<\/td>\n<td style=\"text-align: center;\" width=\"142\">250<\/td>\n<td width=\"142\">\n<p style=\"text-align: center;\">470*310*320<\/p>\n<\/td>\n<\/tr>\n<tr>\n<td width=\"142\">\n<p style=\"text-align: center;\">WL-P81<\/p>\n<\/td>\n<td style=\"text-align: center;\" width=\"142\">200*200*75mm<\/td>\n<td style=\"text-align: center;\" width=\"142\">150<\/td>\n<td width=\"142\">\n<p style=\"text-align: center;\">430*285*430<\/p>\n<\/td>\n<\/tr>\n<tr>\n<td width=\"142\">\n<p style=\"text-align: center;\">WL-P83<\/p>\n<\/td>\n<td style=\"text-align: center;\" width=\"142\">200*200*75mm<\/td>\n<td style=\"text-align: center;\" width=\"142\">150<\/td>\n<td width=\"142\">\n<p style=\"text-align: center;\">430*285*430<\/p>\n<\/td>\n<\/tr>\n<tr>\n<td width=\"142\">\n<p style=\"text-align: center;\">WL-P91<\/p>\n<\/td>\n<td style=\"text-align: center;\" width=\"142\">230*230*75mm<\/td>\n<td style=\"text-align: center;\" width=\"142\">150<\/td>\n<td width=\"142\">\n<p style=\"text-align: center;\">460*285*470<\/p>\n<\/td>\n<\/tr>\n<tr>\n<td width=\"142\">\n<p style=\"text-align: center;\">WL-P93<\/p>\n<\/td>\n<td style=\"text-align: center;\" width=\"142\">230*230*75mm<\/td>\n<td style=\"text-align: center;\" width=\"142\">150<\/td>\n<td width=\"142\">\n<p style=\"text-align: center;\">460*285*470<\/p>\n<\/td>\n<\/tr>\n<tr>\n<td width=\"142\">\n<p style=\"text-align: center;\">WL-P96<\/p>\n<\/td>\n<td style=\"text-align: center;\" width=\"142\">220*150*75mm<\/td>\n<td style=\"text-align: center;\" width=\"142\">200<\/td>\n<td width=\"142\">\n<p style=\"text-align: center;\">380*310*470<\/p>\n<\/td>\n<\/tr>\n<\/tbody>\n<\/table>\n<p>&nbsp;<\/p>\n<h2><strong>Emballage et livraison<\/strong><\/h2>\n<p>Emball\u00e9s dans des mat\u00e9riaux compacts et respectueux de l'environnement, les r\u00e9cipients \u00e0 emporter en PP noir WL-P83 Manluen garantissent un transport propre et s\u00fbr. Empil\u00e9s avec pr\u00e9cision pour un stockage peu encombrant, ils permettent une livraison efficace. Chaque \u00e9tape, de la production \u00e0 la livraison, donne la priorit\u00e9 \u00e0 la qualit\u00e9 et aux d\u00e9tails, garantissant une utilisation sans souci et des performances fiables pour vos besoins en mati\u00e8re de restauration.<\/p>\n<p>&nbsp;<\/p>\n<h2><strong>Sc\u00e9narios d'utilisation\u00a0\u00a0<\/strong><\/h2>\n<p>Con\u00e7us pour \u00eatre polyvalents, les r\u00e9cipients \u00e0 emporter en plastique noir WL-P83 Manluen conviennent parfaitement \u00e0 divers contextes. Qu'il s'agisse de plats combin\u00e9s chinois, de bo\u00eetes \u00e0 bento ou de salades, sa conception \u00e0 trois sections emp\u00eache le transfert de saveurs. Id\u00e9ale pour les repas \u00e0 emporter, les livraisons ou les repas en plein air, sa conception \u00e9tanche et \u00e9cologique permet de conserver la fra\u00eecheur et l'int\u00e9grit\u00e9 des aliments.<\/p>\n<p>&nbsp;<\/p>\n<h2><strong>Conception empilable<\/strong><\/h2>\n<p>Optimis\u00e9e pour l'efficacit\u00e9 de l'espace, la bo\u00eete d'emballage plastique \u00e0 coquille WL-P83 Manluen est empilable, ce qui facilite le stockage et le transport. L'embo\u00eetement s\u00e9curis\u00e9 emp\u00eache le basculement, ce qui rationalise la gestion des stocks. Cette solution pratique et \u00e9l\u00e9gante allie durabilit\u00e9 et ordre, ce qui simplifie les op\u00e9rations.<\/p>\n<p>&nbsp;<\/p>\n<h2><strong>\u00c9tanche, scell\u00e9 et durable <\/strong><\/h2>\n<p>Con\u00e7us avec un joint \u00e9tanche, les r\u00e9cipients \u00e0 emporter WL-P83 Manluen Black Clamshell r\u00e9sistent aux \u00e9claboussures sans effort. Son mat\u00e9riau robuste et r\u00e9sistant \u00e0 la chaleur prot\u00e8ge les repas de l'emballage \u00e0 la livraison, garantissant que les plats arrivent impeccables - l\u00e0 o\u00f9 la fiabilit\u00e9 rencontre l'aspect pratique de tous les jours.<\/p>\n<p><a href=\"https:\/\/www.google.com\/search?q=manluenpack\" target=\"_blank\" rel=\"noopener\">PLUS D'INFORMATIONS...<\/a><\/p>","protected":false},"excerpt":{"rendered":"<p>The WL-P83 Manluen Black Clamshell Take Out Containers feature a practical 200*200*75 mm design, intelligently partitioning three separate spaces to hold multiple dishes without cross-flavoring. Its spacious layout meets varied&hellip;<\/p>","protected":false},"featured_media":3256,"template":"","meta":{"_uag_custom_page_level_css":""},"product_brand":[],"product_cat":[21],"product_tag":[130,132,133],"class_list":{"0":"post-1820","1":"product","2":"type-product","3":"status-publish","4":"has-post-thumbnail","6":"product_cat-clamshell-containers","7":"product_tag-clamshell-container","8":"product_tag-to-go-container","9":"product_tag-white","11":"first","12":"instock","13":"shipping-taxable","14":"purchasable","15":"product-type-simple"},"spectra_custom_meta":{"rank_math_internal_links_processed":["1","1","1","1","1","1","1","1","1","1","1","1","1","1","1","1","1","1","1","1","1","1","1","1","1","1","1","1","1","1","1","1","1","1","1","1","1","1","1","1","1","1","1","1","1","1","1","1","1"],"_sku":["WL-P83-BLACK"],"_regular_price":["1"],"total_sales":["0"],"_tax_status":["taxable"],"_tax_class":[""],"_manage_stock":["no"],"_backorders":["no"],"_sold_individually":["no"],"_virtual":["no"],"_downloadable":["no"],"_download_limit":["0"],"_download_expiry":["0"],"_stock":[null],"_stock_status":["instock"],"_wc_average_rating":["0"],"_wc_review_count":["0"],"_product_attributes":["a:2:{s:9:\"item-size\";a:6:{s:4:\"name\";s:9:\"Item Size\";s:5:\"value\";s:12:\"200*200*75mm\";s:8:\"position\";i:0;s:10:\"is_visible\";i:1;s:12:\"is_variation\";i:0;s:11:\"is_taxonomy\";i:0;}s:7:\"qty-ctn\";a:6:{s:4:\"name\";s:7:\"QTY\/CTN\";s:5:\"value\";s:3:\"150\";s:8:\"position\";i:1;s:10:\"is_visible\";i:1;s:12:\"is_variation\";i:0;s:11:\"is_taxonomy\";i:0;}}"],"_product_version":["9.4.2"],"_price":["1"],"_wp_old_date":["2024-11-26"],"rank_math_analytic_object_id":["24"],"classic-editor-remember":["classic-editor"],"rank_math_seo_score":["68"],"rank_math_contentai_score":["a:5:{s:8:\"keywords\";s:5:\"74.51\";s:9:\"wordCount\";s:1:\"0\";s:9:\"linkCount\";s:1:\"0\";s:12:\"headingCount\";s:1:\"0\";s:10:\"mediaCount\";s:1:\"0\";}"],"_jet_woo_template":[""],"_template_type":["default"],"rank_math_primary_product_cat":["21"],"_ywraq_hide_quote_button_check":[""],"_ywraq_hide_quote_button":["0"],"_edit_lock":["1752052427:1"],"_edit_last":["1"],"_wp_old_slug":["tri-compartment-food-grade-white-to-go-container-wl-83","wl-p81-manluen-black-clamshell-take-out-containers"],"rank_math_focus_keyword":["Take Out Containers"],"_product_image_gallery":["3234,3233,3232,3231,3230"],"_thumbnail_id":["3256"],"_uag_css_file_name":["uag-css-1820.css"],"_uag_page_assets":["a:9:{s:3:\"css\";s:0:\"\";s:2:\"js\";s:0:\"\";s:18:\"current_block_list\";a:6:{i:0;s:10:\"core\/group\";i:1;s:12:\"core\/heading\";i:2;s:17:\"core\/latest-posts\";i:3;s:20:\"core\/latest-comments\";i:4;s:13:\"core\/archives\";i:5;s:15:\"core\/categories\";}s:8:\"uag_flag\";b:0;s:11:\"uag_version\";i:1777280504;s:6:\"gfonts\";a:0:{}s:10:\"gfonts_url\";s:0:\"\";s:12:\"gfonts_files\";a:0:{}s:14:\"uag_faq_layout\";b:0;}"]},"uagb_featured_image_src":{"full":["https:\/\/www.manluenpack.com\/wp-content\/uploads\/2025\/04\/WL-P83-manluen-to-go-disposable-clamshell-containers-scaled.webp",2560,1707,false],"thumbnail":["https:\/\/www.manluenpack.com\/wp-content\/uploads\/2025\/04\/WL-P83-manluen-to-go-disposable-clamshell-containers-scaled.webp",150,100,false],"medium":["https:\/\/www.manluenpack.com\/wp-content\/uploads\/2025\/04\/WL-P83-manluen-to-go-disposable-clamshell-containers-scaled.webp",300,200,false],"medium_large":["https:\/\/www.manluenpack.com\/wp-content\/uploads\/2025\/04\/WL-P83-manluen-to-go-disposable-clamshell-containers-scaled.webp",768,512,false],"large":["https:\/\/www.manluenpack.com\/wp-content\/uploads\/2025\/04\/WL-P83-manluen-to-go-disposable-clamshell-containers-scaled.webp",1024,683,false],"1536x1536":["https:\/\/www.manluenpack.com\/wp-content\/uploads\/2025\/04\/WL-P83-manluen-to-go-disposable-clamshell-containers-scaled.webp",1536,1024,false],"2048x2048":["https:\/\/www.manluenpack.com\/wp-content\/uploads\/2025\/04\/WL-P83-manluen-to-go-disposable-clamshell-containers-scaled.webp",2048,1366,false],"trp-custom-language-flag":["https:\/\/www.manluenpack.com\/wp-content\/uploads\/2025\/04\/WL-P83-manluen-to-go-disposable-clamshell-containers-scaled.webp",18,12,false],"menu-24x24":["https:\/\/www.manluenpack.com\/wp-content\/uploads\/2025\/04\/WL-P83-manluen-to-go-disposable-clamshell-containers-scaled.webp",24,16,false],"menu-36x36":["https:\/\/www.manluenpack.com\/wp-content\/uploads\/2025\/04\/WL-P83-manluen-to-go-disposable-clamshell-containers-scaled.webp",36,24,false],"menu-48x48":["https:\/\/www.manluenpack.com\/wp-content\/uploads\/2025\/04\/WL-P83-manluen-to-go-disposable-clamshell-containers-scaled.webp",48,32,false],"woocommerce_thumbnail":["https:\/\/www.manluenpack.com\/wp-content\/uploads\/2025\/04\/WL-P83-manluen-to-go-disposable-clamshell-containers-scaled-300x300.webp",300,300,true],"woocommerce_single":["https:\/\/www.manluenpack.com\/wp-content\/uploads\/2025\/04\/WL-P83-manluen-to-go-disposable-clamshell-containers-scaled.webp",600,400,false],"woocommerce_gallery_thumbnail":["https:\/\/www.manluenpack.com\/wp-content\/uploads\/2025\/04\/WL-P83-manluen-to-go-disposable-clamshell-containers-scaled-100x100.webp",100,100,true]},"uagb_author_info":{"display_name":"ManLuenpack","author_link":"https:\/\/www.manluenpack.com\/fr\/author\/"},"uagb_comment_info":0,"uagb_excerpt":"The WL-P83 Manluen Black Clamshell Take Out Containers feature a practical 200*200*75 mm design, intelligently partitioning three separate spaces to hold multiple dishes without cross-flavoring. Its spacious layout meets varied&hellip;","_links":{"self":[{"href":"https:\/\/www.manluenpack.com\/fr\/wp-json\/wp\/v2\/product\/1820","targetHints":{"allow":["GET"]}}],"collection":[{"href":"https:\/\/www.manluenpack.com\/fr\/wp-json\/wp\/v2\/product"}],"about":[{"href":"https:\/\/www.manluenpack.com\/fr\/wp-json\/wp\/v2\/types\/product"}],"wp:featuredmedia":[{"embeddable":true,"href":"https:\/\/www.manluenpack.com\/fr\/wp-json\/wp\/v2\/media\/3256"}],"wp:attachment":[{"href":"https:\/\/www.manluenpack.com\/fr\/wp-json\/wp\/v2\/media?parent=1820"}],"wp:term":[{"taxonomy":"product_brand","embeddable":true,"href":"https:\/\/www.manluenpack.com\/fr\/wp-json\/wp\/v2\/product_brand?post=1820"},{"taxonomy":"product_cat","embeddable":true,"href":"https:\/\/www.manluenpack.com\/fr\/wp-json\/wp\/v2\/product_cat?post=1820"},{"taxonomy":"product_tag","embeddable":true,"href":"https:\/\/www.manluenpack.com\/fr\/wp-json\/wp\/v2\/product_tag?post=1820"}],"curies":[{"name":"wp","href":"https:\/\/api.w.org\/{rel}","templated":true}]}}