{"id":1816,"date":"2025-04-07T00:22:54","date_gmt":"2025-04-06T16:22:54","guid":{"rendered":"https:\/\/www.manluenpack.com\/?post_type=product&#038;p=1816"},"modified":"2025-07-09T16:55:22","modified_gmt":"2025-07-09T08:55:22","slug":"wl-p61-manluen-6-inch-clamshell-take-out-containers","status":"publish","type":"product","link":"https:\/\/www.manluenpack.com\/fr\/products\/wl-p61-manluen-6-inch-clamshell-take-out-containers\/","title":{"rendered":"WL-P61 Manluen 6X6\u2033 Conteneurs \u00e0 1 compartiment pour plats \u00e0 emporter"},"content":{"rendered":"<p>Les r\u00e9cipients \u00e0 emporter WL-P81 Manluen 8-Inch 1-Compartment Clamshell adoptent un design unique de 200*200*75 mm, offrant suffisamment d'espace pour accueillir facilement une vari\u00e9t\u00e9 de repas. L'agencement raisonnable garantit des repas scientifiques et emp\u00eache la contamination par les odeurs tout en r\u00e9pondant aux besoins de diverses combinaisons. Fabriqu\u00e9 \u00e0 partir de mat\u00e9riaux sains et respectueux de l'environnement, cet emballage est \u00e0 la fois \u00e9tanche, durable et efficace. C'est une combinaison parfaite de fonctionnalit\u00e9 et de qualit\u00e9 de restauration.<\/p>\n<ul>\n<li>Type d'emballage<br \/>\nBo\u00eete en carton<\/li>\n<li>Couleur<br \/>\nNoir<\/li>\n<li>Quantit\u00e9 par caisse<br \/>\n250 ensembles<\/li>\n<li>Mat\u00e9riau<br \/>\nBase : PP<\/li>\n<\/ul>\n<table>\n<tbody>\n<tr>\n<td width=\"142\">\n<p style=\"text-align: center;\">Num\u00e9ro de mod\u00e8le<\/p>\n<\/td>\n<td style=\"text-align: center;\" width=\"142\">Taille (mm)<\/td>\n<td style=\"text-align: center;\" width=\"142\">PCS\/par bo\u00eete<\/td>\n<td style=\"text-align: center;\" width=\"142\">Taille du carton (mm)<\/td>\n<\/tr>\n<tr>\n<td width=\"142\">\n<p style=\"text-align: center;\">WL-P61<\/p>\n<\/td>\n<td style=\"text-align: center;\" width=\"142\">150*150*70mm<\/td>\n<td style=\"text-align: center;\" width=\"142\">250<\/td>\n<td width=\"142\">\n<p style=\"text-align: center;\">470*310*320<\/p>\n<\/td>\n<\/tr>\n<tr>\n<td width=\"142\">\n<p style=\"text-align: center;\">WL-P81<\/p>\n<\/td>\n<td style=\"text-align: center;\" width=\"142\">200*200*75mm<\/td>\n<td style=\"text-align: center;\" width=\"142\">150<\/td>\n<td width=\"142\">\n<p style=\"text-align: center;\">430*285*430<\/p>\n<\/td>\n<\/tr>\n<tr>\n<td width=\"142\">\n<p style=\"text-align: center;\">WL-P83<\/p>\n<\/td>\n<td style=\"text-align: center;\" width=\"142\">200*200*75mm<\/td>\n<td style=\"text-align: center;\" width=\"142\">150<\/td>\n<td width=\"142\">\n<p style=\"text-align: center;\">430*285*430<\/p>\n<\/td>\n<\/tr>\n<tr>\n<td width=\"142\">\n<p style=\"text-align: center;\">WL-P91<\/p>\n<\/td>\n<td style=\"text-align: center;\" width=\"142\">230*230*75mm<\/td>\n<td style=\"text-align: center;\" width=\"142\">150<\/td>\n<td width=\"142\">\n<p style=\"text-align: center;\">460*285*470<\/p>\n<\/td>\n<\/tr>\n<tr>\n<td width=\"142\">\n<p style=\"text-align: center;\">WL-P93<\/p>\n<\/td>\n<td style=\"text-align: center;\" width=\"142\">230*230*75mm<\/td>\n<td style=\"text-align: center;\" width=\"142\">150<\/td>\n<td width=\"142\">\n<p style=\"text-align: center;\">460*285*470<\/p>\n<\/td>\n<\/tr>\n<tr>\n<td style=\"text-align: center;\" width=\"142\">WL-P96<\/td>\n<td style=\"text-align: center;\" width=\"142\">220*150*75mm<\/td>\n<td style=\"text-align: center;\" width=\"142\">200<\/td>\n<td width=\"142\">\n<p style=\"text-align: center;\">380*310*470<\/p>\n<\/td>\n<\/tr>\n<\/tbody>\n<\/table>\n<p>&nbsp;<\/p>\n<h2><strong>Emballage et livraison<\/strong><\/h2>\n<p>Les r\u00e9cipients \u00e0 emporter WL-P93 Manluen Black Clamshell sont conditionn\u00e9s dans un emballage compact et \u00e9cologique pour garantir la propret\u00e9 et l'ordre pendant le transport. Chaque produit est empil\u00e9 avec pr\u00e9cision pour gagner de l'espace et simplifier le stockage, ce qui permet une livraison efficace et sans souci. De la production \u00e0 l'arriv\u00e9e, chaque d\u00e9tail est g\u00e9r\u00e9 m\u00e9ticuleusement pour garantir la qualit\u00e9, offrant une tranquillit\u00e9 d'esprit \u00e0 chaque utilisation - o\u00f9 la durabilit\u00e9 rencontre l'aspect pratique.<\/p>\n<p>&nbsp;<\/p>\n<h2><strong>Sc\u00e9narios d'utilisation<\/strong><\/h2>\n<p>Id\u00e9ales pour divers types de repas, les bo\u00eetes \u00e0 emporter en plastique jetables WL-P61 Manluen 6X6\u2033 conviennent parfaitement aux repas combin\u00e9s chinois, aux bo\u00eetes \u00e0 bento, aux salades l\u00e9g\u00e8res et \u00e0 bien d'autres choses encore. Son design permet de varier les associations de plats, tandis que sa capacit\u00e9 g\u00e9n\u00e9reuse convient aux repas copieux. Etanches et durables, ils sont parfaits pour l'emballage des repas, la livraison de nourriture ou les repas en plein air, am\u00e9liorant chaque repas gr\u00e2ce \u00e0 leur fiabilit\u00e9 et leur qualit\u00e9.<\/p>\n<p>&nbsp;<\/p>\n<h2><strong>Conception empilable\u00a0<\/strong><\/h2>\n<p>Le WL-P81 pr\u00e9sente une conception empilable qui optimise intelligemment l'espace de stockage et am\u00e9liore l'efficacit\u00e9 du transport ou de la pr\u00e9sentation. Sa structure stable en couches garantit un empilage s\u00fbr sans risque de renversement, ce qui simplifie la gestion des stocks pour les entreprises. Cette conception simple et fonctionnelle am\u00e9liore non seulement le flux de travail, mais incarne \u00e9galement l'harmonie de la durabilit\u00e9 et de l'ordre, ajoutant commodit\u00e9 et sophistication \u00e0 chaque utilisation.<\/p>\n<p>&nbsp;<\/p>\n<h2><strong>\u00c9tanche, scell\u00e9 et durable <\/strong><\/h2>\n<p style=\"text-align: left;\">Dot\u00e9s d'un joint \u00e9tanche con\u00e7u avec pr\u00e9cision, les r\u00e9cipients \u00e0 emporter noirs \u00e0 coquille WL-P93 Manluen emp\u00eachent efficacement les fuites. Son mat\u00e9riau robuste et r\u00e9sistant \u00e0 la chaleur supporte la pression, s\u00e9curisant ainsi tous les types de repas, de l'emballage \u00e0 la livraison. Alliant respect de l'environnement et praticit\u00e9, ils garantissent que chaque plat arrive intact et que la qualit\u00e9 reste constante.<\/p>\n<p><a href=\"https:\/\/www.google.com\/search?q=manluenpack\" target=\"_blank\" rel=\"noopener\">PLUS D'INFORMATIONS...<\/a><\/p>","protected":false},"excerpt":{"rendered":"<p>The WL-P61 Manluen 6X6&#8243; 1-Compartment Clamshell Take Out Containers adopt a unique 150*150*70 mm design, providing ample space to easily accommodate a variety of meals. The reasonable layout ensures scientific&hellip;<\/p>","protected":false},"featured_media":3235,"template":"","meta":{"_uag_custom_page_level_css":""},"product_brand":[],"product_cat":[21],"product_tag":[130,133],"class_list":{"0":"post-1816","1":"product","2":"type-product","3":"status-publish","4":"has-post-thumbnail","6":"product_cat-clamshell-containers","7":"product_tag-clamshell-container","8":"product_tag-white","10":"first","11":"instock","12":"shipping-taxable","13":"purchasable","14":"product-type-simple"},"spectra_custom_meta":{"rank_math_internal_links_processed":["1","1","1","1","1","1","1","1","1","1","1","1","1","1","1","1","1","1","1","1","1","1","1","1","1","1","1","1","1","1","1","1","1","1","1","1","1","1","1","1","1","1","1","1","1","1","1"],"_sku":["WL-P61-BLACK"],"_regular_price":["1"],"total_sales":["0"],"_tax_status":["taxable"],"_tax_class":[""],"_manage_stock":["no"],"_backorders":["no"],"_sold_individually":["no"],"_virtual":["no"],"_downloadable":["no"],"_download_limit":["0"],"_download_expiry":["0"],"_stock":[null],"_stock_status":["instock"],"_wc_average_rating":["0"],"_wc_review_count":["0"],"_product_attributes":["a:2:{s:9:\"item-size\";a:6:{s:4:\"name\";s:9:\"Item Size\";s:5:\"value\";s:12:\"152*152*76mm\";s:8:\"position\";i:0;s:10:\"is_visible\";i:1;s:12:\"is_variation\";i:0;s:11:\"is_taxonomy\";i:0;}s:7:\"qty-ctn\";a:6:{s:4:\"name\";s:7:\"QTY\/CTN\";s:5:\"value\";s:3:\"250\";s:8:\"position\";i:1;s:10:\"is_visible\";i:1;s:12:\"is_variation\";i:0;s:11:\"is_taxonomy\";i:0;}}"],"_product_version":["9.4.2"],"_price":["1"],"_wp_old_date":["2024-11-26"],"rank_math_analytic_object_id":["24"],"classic-editor-remember":["classic-editor"],"rank_math_seo_score":["68"],"rank_math_contentai_score":["a:5:{s:8:\"keywords\";s:5:\"74.51\";s:9:\"wordCount\";s:1:\"0\";s:9:\"linkCount\";s:1:\"0\";s:12:\"headingCount\";s:1:\"0\";s:10:\"mediaCount\";s:1:\"0\";}"],"_jet_woo_template":[""],"_template_type":["default"],"rank_math_primary_product_cat":["21"],"_ywraq_hide_quote_button_check":[""],"_ywraq_hide_quote_button":["0"],"_edit_lock":["1752052531:1"],"_edit_last":["1"],"_wp_old_slug":["food-grade-white-to-go-container-wl-61"],"rank_math_focus_keyword":["Take Out Containers"],"_product_image_gallery":["3214,3215,3216,3217,3218"],"_thumbnail_id":["3235"],"_uag_css_file_name":["uag-css-1816.css"],"_uag_page_assets":["a:9:{s:3:\"css\";s:0:\"\";s:2:\"js\";s:0:\"\";s:18:\"current_block_list\";a:6:{i:0;s:10:\"core\/group\";i:1;s:12:\"core\/heading\";i:2;s:17:\"core\/latest-posts\";i:3;s:20:\"core\/latest-comments\";i:4;s:13:\"core\/archives\";i:5;s:15:\"core\/categories\";}s:8:\"uag_flag\";b:0;s:11:\"uag_version\";i:1777297731;s:6:\"gfonts\";a:0:{}s:10:\"gfonts_url\";s:0:\"\";s:12:\"gfonts_files\";a:0:{}s:14:\"uag_faq_layout\";b:0;}"]},"uagb_featured_image_src":{"full":["https:\/\/www.manluenpack.com\/wp-content\/uploads\/2025\/04\/WL-P61-manluen-black-to-go-clamshell-containers-scaled.webp",2560,1707,false],"thumbnail":["https:\/\/www.manluenpack.com\/wp-content\/uploads\/2025\/04\/WL-P61-manluen-black-to-go-clamshell-containers-scaled.webp",150,100,false],"medium":["https:\/\/www.manluenpack.com\/wp-content\/uploads\/2025\/04\/WL-P61-manluen-black-to-go-clamshell-containers-scaled.webp",300,200,false],"medium_large":["https:\/\/www.manluenpack.com\/wp-content\/uploads\/2025\/04\/WL-P61-manluen-black-to-go-clamshell-containers-scaled.webp",768,512,false],"large":["https:\/\/www.manluenpack.com\/wp-content\/uploads\/2025\/04\/WL-P61-manluen-black-to-go-clamshell-containers-scaled.webp",1024,683,false],"1536x1536":["https:\/\/www.manluenpack.com\/wp-content\/uploads\/2025\/04\/WL-P61-manluen-black-to-go-clamshell-containers-scaled.webp",1536,1024,false],"2048x2048":["https:\/\/www.manluenpack.com\/wp-content\/uploads\/2025\/04\/WL-P61-manluen-black-to-go-clamshell-containers-scaled.webp",2048,1366,false],"trp-custom-language-flag":["https:\/\/www.manluenpack.com\/wp-content\/uploads\/2025\/04\/WL-P61-manluen-black-to-go-clamshell-containers-scaled.webp",18,12,false],"menu-24x24":["https:\/\/www.manluenpack.com\/wp-content\/uploads\/2025\/04\/WL-P61-manluen-black-to-go-clamshell-containers-scaled.webp",24,16,false],"menu-36x36":["https:\/\/www.manluenpack.com\/wp-content\/uploads\/2025\/04\/WL-P61-manluen-black-to-go-clamshell-containers-scaled.webp",36,24,false],"menu-48x48":["https:\/\/www.manluenpack.com\/wp-content\/uploads\/2025\/04\/WL-P61-manluen-black-to-go-clamshell-containers-scaled.webp",48,32,false],"woocommerce_thumbnail":["https:\/\/www.manluenpack.com\/wp-content\/uploads\/2025\/04\/WL-P61-manluen-black-to-go-clamshell-containers-scaled-300x300.webp",300,300,true],"woocommerce_single":["https:\/\/www.manluenpack.com\/wp-content\/uploads\/2025\/04\/WL-P61-manluen-black-to-go-clamshell-containers-scaled.webp",600,400,false],"woocommerce_gallery_thumbnail":["https:\/\/www.manluenpack.com\/wp-content\/uploads\/2025\/04\/WL-P61-manluen-black-to-go-clamshell-containers-scaled-100x100.webp",100,100,true]},"uagb_author_info":{"display_name":"ManLuenpack","author_link":"https:\/\/www.manluenpack.com\/fr\/author\/"},"uagb_comment_info":0,"uagb_excerpt":"The WL-P61 Manluen 6X6&#8243; 1-Compartment Clamshell Take Out Containers adopt a unique 150*150*70 mm design, providing ample space to easily accommodate a variety of meals. The reasonable layout ensures scientific&hellip;","_links":{"self":[{"href":"https:\/\/www.manluenpack.com\/fr\/wp-json\/wp\/v2\/product\/1816","targetHints":{"allow":["GET"]}}],"collection":[{"href":"https:\/\/www.manluenpack.com\/fr\/wp-json\/wp\/v2\/product"}],"about":[{"href":"https:\/\/www.manluenpack.com\/fr\/wp-json\/wp\/v2\/types\/product"}],"wp:featuredmedia":[{"embeddable":true,"href":"https:\/\/www.manluenpack.com\/fr\/wp-json\/wp\/v2\/media\/3235"}],"wp:attachment":[{"href":"https:\/\/www.manluenpack.com\/fr\/wp-json\/wp\/v2\/media?parent=1816"}],"wp:term":[{"taxonomy":"product_brand","embeddable":true,"href":"https:\/\/www.manluenpack.com\/fr\/wp-json\/wp\/v2\/product_brand?post=1816"},{"taxonomy":"product_cat","embeddable":true,"href":"https:\/\/www.manluenpack.com\/fr\/wp-json\/wp\/v2\/product_cat?post=1816"},{"taxonomy":"product_tag","embeddable":true,"href":"https:\/\/www.manluenpack.com\/fr\/wp-json\/wp\/v2\/product_tag?post=1816"}],"curies":[{"name":"wp","href":"https:\/\/api.w.org\/{rel}","templated":true}]}}