{"id":1815,"date":"2025-04-07T00:16:31","date_gmt":"2025-04-06T16:16:31","guid":{"rendered":"https:\/\/www.manluenpack.com\/?post_type=product&#038;p=1815"},"modified":"2025-07-09T16:47:02","modified_gmt":"2025-07-09T08:47:02","slug":"wl-p96-manluen-rectanglur-clamshell-take-out-containers","status":"publish","type":"product","link":"https:\/\/www.manluenpack.com\/fr\/products\/wl-p96-manluen-rectanglur-clamshell-take-out-containers\/","title":{"rendered":"WL-P96 Manluen 9X6\u2033 1-Compartiment Contenants \u00e0 emporter"},"content":{"rendered":"<p>Les r\u00e9cipients rectangulaires \u00e0 emporter WL-P96 Manluen sont fabriqu\u00e9s en PP alimentaire, l\u00e9ger mais durable, s\u00fbr et respectueux de l'environnement. Ses dimensions optimis\u00e9es de 220*150*75 mm offrent une capacit\u00e9 polyvalente pour divers plats. Le couvercle rabattable associe r\u00e9sistance aux fuites et attrait esth\u00e9tique, ce qui en fait une solution id\u00e9ale pour les plats \u00e0 emporter.<\/p>\n<ul>\n<li>Type d'emballage<br \/>\nBo\u00eete en carton<\/li>\n<li>Couleur<br \/>\nNoir<\/li>\n<li>Quantit\u00e9 par caisse<br \/>\n200 ensembles<\/li>\n<li>Mat\u00e9riau<br \/>\nBase : PP<\/li>\n<\/ul>\n<table>\n<tbody>\n<tr>\n<td width=\"142\">\n<p style=\"text-align: center;\">Num\u00e9ro de mod\u00e8le<\/p>\n<\/td>\n<td style=\"text-align: center;\" width=\"142\">Taille (mm)<\/td>\n<td style=\"text-align: center;\" width=\"142\">PCS\/par bo\u00eete<\/td>\n<td style=\"text-align: center;\" width=\"142\">Taille du carton (mm)<\/td>\n<\/tr>\n<tr>\n<td style=\"text-align: center;\" width=\"142\">WL-P61<\/td>\n<td style=\"text-align: center;\" width=\"142\">150*150*70mm<\/td>\n<td style=\"text-align: center;\" width=\"142\">250<\/td>\n<td width=\"142\">\n<p style=\"text-align: center;\">470*310*320<\/p>\n<\/td>\n<\/tr>\n<tr>\n<td width=\"142\">\n<p style=\"text-align: center;\">WL-P81<\/p>\n<\/td>\n<td style=\"text-align: center;\" width=\"142\">200*200*75mm<\/td>\n<td style=\"text-align: center;\" width=\"142\">150<\/td>\n<td style=\"text-align: center;\" width=\"142\">430*285*430<\/td>\n<\/tr>\n<tr>\n<td width=\"142\">\n<p style=\"text-align: center;\">WL-P83<\/p>\n<\/td>\n<td style=\"text-align: center;\" width=\"142\">200*200*75mm<\/td>\n<td style=\"text-align: center;\" width=\"142\">150<\/td>\n<td width=\"142\">\n<p style=\"text-align: center;\">430*285*430<\/p>\n<\/td>\n<\/tr>\n<tr>\n<td style=\"text-align: center;\" width=\"142\">WL-P91<\/td>\n<td style=\"text-align: center;\" width=\"142\">230*230*75mm<\/td>\n<td style=\"text-align: center;\" width=\"142\">150<\/td>\n<td width=\"142\">\n<p style=\"text-align: center;\">460*285*470<\/p>\n<\/td>\n<\/tr>\n<tr>\n<td width=\"142\">\n<p style=\"text-align: center;\">WL-P93<\/p>\n<\/td>\n<td style=\"text-align: center;\" width=\"142\">230*230*75mm<\/td>\n<td style=\"text-align: center;\" width=\"142\">150<\/td>\n<td style=\"text-align: center;\" width=\"142\">460*285*470<\/td>\n<\/tr>\n<tr>\n<td style=\"text-align: center;\" width=\"142\">WL-P96<\/td>\n<td style=\"text-align: center;\" width=\"142\">220*150*75mm<\/td>\n<td style=\"text-align: center;\" width=\"142\">200<\/td>\n<td width=\"142\">\n<p style=\"text-align: center;\">380*310*470<\/p>\n<\/td>\n<\/tr>\n<\/tbody>\n<\/table>\n<p>&nbsp;<\/p>\n<h2><strong>Emballage et livraison<\/strong><\/h2>\n<p>Les r\u00e9cipients rectangulaires noirs \u00e0 emporter WL-P96 Manluen se caract\u00e9risent par un emballage compact et \u00e9cologique qui garantit un \u00e9tat impeccable pendant le transport. Chaque unit\u00e9 est scell\u00e9e par la poussi\u00e8re et empil\u00e9e proprement pour un stockage et une distribution sans effort. Notre syst\u00e8me de livraison efficace pr\u00e9serve cet engagement \u00e9cologique, apportant s\u00e9curit\u00e9 et durabilit\u00e9 \u00e0 chaque repas.<\/p>\n<p>&nbsp;<\/p>\n<h2><strong>Sc\u00e9narios d'utilisation\u00a0\u00a0<\/strong><\/h2>\n<p>Parfaits pour tous les besoins culinaires, qu'il s'agisse de cuire \u00e0 la vapeur des plats rapides chinois, des salades gastronomiques ou des desserts \u00e0 emporter, ces r\u00e9cipients biod\u00e9gradables et \u00e9tanches garantissent une livraison sans souci. Son \u00e9l\u00e9gance minimaliste convient aussi bien aux plats \u00e0 emporter qu'aux restaurants haut de gamme, rehaussant chaque plat d'une touche de qualit\u00e9 et de chaleur.<\/p>\n<p>&nbsp;<\/p>\n<h2><strong>Conception empilable<\/strong><\/h2>\n<p>Con\u00e7us pour optimiser l'espace, les r\u00e9cipients rectangulaires en plastique pour plats \u00e0 emporter WL-P96 Manluen sont empilables, ce qui facilite le stockage et le transport. Sa structure stable emp\u00eache le renversement, ce qui simplifie la gestion des stocks pour les entreprises tout en conservant un profil \u00e9co-chic de l'entrep\u00f4t \u00e0 la table.<\/p>\n<p>&nbsp;<\/p>\n<h2><strong>\u00c9tanche, scell\u00e9 et durable<\/strong><\/h2>\n<p>Le scellage de pr\u00e9cision des r\u00e9cipients rectangulaires noirs \u00e0 emporter WL-P96 Manluen emp\u00eache les d\u00e9versements et pr\u00e9serve l'int\u00e9grit\u00e9 des repas. Le mat\u00e9riau robuste r\u00e9siste aux variations de temp\u00e9rature et de poids sans se d\u00e9former ni s'ab\u00eemer, garantissant la fra\u00eecheur des aliments chauds ou froids - un m\u00e9lange parfait de fonctionnalit\u00e9 et d'assurance de qualit\u00e9.<\/p>\n<p><a href=\"https:\/\/www.google.com\/search?q=manluenpack\" target=\"_blank\" rel=\"noopener\">PLUS D'INFORMATIONS...<\/a><\/p>","protected":false},"excerpt":{"rendered":"<p>The WL-P96 Manluen Rectangular Clamshell Take Out Containers are made from food-safe PP material, lightweight yet durable, safe, and eco-friendly. Its optimized 220*150*75 mm dimensions provide versatile capacity for diverse&hellip;<\/p>","protected":false},"featured_media":3252,"template":"","meta":{"_uag_custom_page_level_css":""},"product_brand":[],"product_cat":[21],"product_tag":[130,133],"class_list":{"0":"post-1815","1":"product","2":"type-product","3":"status-publish","4":"has-post-thumbnail","6":"product_cat-clamshell-containers","7":"product_tag-clamshell-container","8":"product_tag-white","10":"first","11":"instock","12":"shipping-taxable","13":"purchasable","14":"product-type-simple"},"spectra_custom_meta":{"rank_math_internal_links_processed":["1","1","1","1","1","1","1","1","1","1","1","1","1","1","1","1","1","1","1","1","1","1","1","1","1","1","1","1","1","1","1","1","1","1","1","1","1","1","1","1","1","1","1","1","1","1"],"_sku":["WL-P96-BLACK"],"_regular_price":["1"],"total_sales":["0"],"_tax_status":["taxable"],"_tax_class":[""],"_manage_stock":["no"],"_backorders":["no"],"_sold_individually":["no"],"_virtual":["no"],"_downloadable":["no"],"_download_limit":["0"],"_download_expiry":["0"],"_stock":[null],"_stock_status":["instock"],"_wc_average_rating":["0"],"_wc_review_count":["0"],"_product_attributes":["a:2:{s:9:\"item-size\";a:6:{s:4:\"name\";s:9:\"Item Size\";s:5:\"value\";s:12:\"220*150*75mm\";s:8:\"position\";i:0;s:10:\"is_visible\";i:1;s:12:\"is_variation\";i:0;s:11:\"is_taxonomy\";i:0;}s:7:\"qty-ctn\";a:6:{s:4:\"name\";s:7:\"QTY\/CTN\";s:5:\"value\";s:3:\"200\";s:8:\"position\";i:1;s:10:\"is_visible\";i:1;s:12:\"is_variation\";i:0;s:11:\"is_taxonomy\";i:0;}}"],"_product_version":["9.4.2"],"_price":["1"],"_wp_old_date":["2024-11-26"],"rank_math_analytic_object_id":["24"],"classic-editor-remember":["classic-editor"],"rank_math_seo_score":["68"],"rank_math_contentai_score":["a:5:{s:8:\"keywords\";s:5:\"74.51\";s:9:\"wordCount\";s:1:\"0\";s:9:\"linkCount\";s:1:\"0\";s:12:\"headingCount\";s:1:\"0\";s:10:\"mediaCount\";s:1:\"0\";}"],"_jet_woo_template":[""],"_template_type":["default"],"rank_math_primary_product_cat":["21"],"_ywraq_hide_quote_button_check":[""],"_ywraq_hide_quote_button":["0"],"_edit_lock":["1752053872:1"],"_edit_last":["1"],"_wp_old_slug":["food-grade-white-to-go-container-wl-96"],"rank_math_focus_keyword":["Take Out Containers"],"_product_image_gallery":["3223,3222,3221,3220"],"_thumbnail_id":["3252"],"_uag_css_file_name":["uag-css-1815.css"],"_uag_page_assets":["a:9:{s:3:\"css\";s:0:\"\";s:2:\"js\";s:0:\"\";s:18:\"current_block_list\";a:6:{i:0;s:10:\"core\/group\";i:1;s:12:\"core\/heading\";i:2;s:17:\"core\/latest-posts\";i:3;s:20:\"core\/latest-comments\";i:4;s:13:\"core\/archives\";i:5;s:15:\"core\/categories\";}s:8:\"uag_flag\";b:0;s:11:\"uag_version\";i:1777297731;s:6:\"gfonts\";a:0:{}s:10:\"gfonts_url\";s:0:\"\";s:12:\"gfonts_files\";a:0:{}s:14:\"uag_faq_layout\";b:0;}"]},"uagb_featured_image_src":{"full":["https:\/\/www.manluenpack.com\/wp-content\/uploads\/2025\/04\/WL-P96-manluen-disposable-takeout-clamshell-containers-scaled.webp",2560,1707,false],"thumbnail":["https:\/\/www.manluenpack.com\/wp-content\/uploads\/2025\/04\/WL-P96-manluen-disposable-takeout-clamshell-containers-scaled.webp",150,100,false],"medium":["https:\/\/www.manluenpack.com\/wp-content\/uploads\/2025\/04\/WL-P96-manluen-disposable-takeout-clamshell-containers-scaled.webp",300,200,false],"medium_large":["https:\/\/www.manluenpack.com\/wp-content\/uploads\/2025\/04\/WL-P96-manluen-disposable-takeout-clamshell-containers-scaled.webp",768,512,false],"large":["https:\/\/www.manluenpack.com\/wp-content\/uploads\/2025\/04\/WL-P96-manluen-disposable-takeout-clamshell-containers-scaled.webp",1024,683,false],"1536x1536":["https:\/\/www.manluenpack.com\/wp-content\/uploads\/2025\/04\/WL-P96-manluen-disposable-takeout-clamshell-containers-scaled.webp",1536,1024,false],"2048x2048":["https:\/\/www.manluenpack.com\/wp-content\/uploads\/2025\/04\/WL-P96-manluen-disposable-takeout-clamshell-containers-scaled.webp",2048,1366,false],"trp-custom-language-flag":["https:\/\/www.manluenpack.com\/wp-content\/uploads\/2025\/04\/WL-P96-manluen-disposable-takeout-clamshell-containers-scaled.webp",18,12,false],"menu-24x24":["https:\/\/www.manluenpack.com\/wp-content\/uploads\/2025\/04\/WL-P96-manluen-disposable-takeout-clamshell-containers-scaled.webp",24,16,false],"menu-36x36":["https:\/\/www.manluenpack.com\/wp-content\/uploads\/2025\/04\/WL-P96-manluen-disposable-takeout-clamshell-containers-scaled.webp",36,24,false],"menu-48x48":["https:\/\/www.manluenpack.com\/wp-content\/uploads\/2025\/04\/WL-P96-manluen-disposable-takeout-clamshell-containers-scaled.webp",48,32,false],"woocommerce_thumbnail":["https:\/\/www.manluenpack.com\/wp-content\/uploads\/2025\/04\/WL-P96-manluen-disposable-takeout-clamshell-containers-scaled-300x300.webp",300,300,true],"woocommerce_single":["https:\/\/www.manluenpack.com\/wp-content\/uploads\/2025\/04\/WL-P96-manluen-disposable-takeout-clamshell-containers-scaled.webp",600,400,false],"woocommerce_gallery_thumbnail":["https:\/\/www.manluenpack.com\/wp-content\/uploads\/2025\/04\/WL-P96-manluen-disposable-takeout-clamshell-containers-scaled-100x100.webp",100,100,true]},"uagb_author_info":{"display_name":"ManLuenpack","author_link":"https:\/\/www.manluenpack.com\/fr\/author\/"},"uagb_comment_info":0,"uagb_excerpt":"The WL-P96 Manluen Rectangular Clamshell Take Out Containers are made from food-safe PP material, lightweight yet durable, safe, and eco-friendly. Its optimized 220*150*75 mm dimensions provide versatile capacity for diverse&hellip;","_links":{"self":[{"href":"https:\/\/www.manluenpack.com\/fr\/wp-json\/wp\/v2\/product\/1815","targetHints":{"allow":["GET"]}}],"collection":[{"href":"https:\/\/www.manluenpack.com\/fr\/wp-json\/wp\/v2\/product"}],"about":[{"href":"https:\/\/www.manluenpack.com\/fr\/wp-json\/wp\/v2\/types\/product"}],"wp:featuredmedia":[{"embeddable":true,"href":"https:\/\/www.manluenpack.com\/fr\/wp-json\/wp\/v2\/media\/3252"}],"wp:attachment":[{"href":"https:\/\/www.manluenpack.com\/fr\/wp-json\/wp\/v2\/media?parent=1815"}],"wp:term":[{"taxonomy":"product_brand","embeddable":true,"href":"https:\/\/www.manluenpack.com\/fr\/wp-json\/wp\/v2\/product_brand?post=1815"},{"taxonomy":"product_cat","embeddable":true,"href":"https:\/\/www.manluenpack.com\/fr\/wp-json\/wp\/v2\/product_cat?post=1815"},{"taxonomy":"product_tag","embeddable":true,"href":"https:\/\/www.manluenpack.com\/fr\/wp-json\/wp\/v2\/product_tag?post=1815"}],"curies":[{"name":"wp","href":"https:\/\/api.w.org\/{rel}","templated":true}]}}