{"id":1807,"date":"2025-04-01T21:19:37","date_gmt":"2025-04-01T13:19:37","guid":{"rendered":"https:\/\/www.manluenpack.com\/?post_type=product&#038;p=1807"},"modified":"2025-07-09T23:51:21","modified_gmt":"2025-07-09T15:51:21","slug":"wl-bg91-manluen-9x9-1-compartment-compostable-to-go-containers","status":"publish","type":"product","link":"https:\/\/www.manluenpack.com\/fr\/products\/wl-bg91-manluen-9x9-1-compartment-compostable-to-go-containers\/","title":{"rendered":"WL-BG91 Manluen 9X9\u2033 1-Compartiment Compostable To Go Containers"},"content":{"rendered":"<p>WL-P91 Manluen 9X9\u2033 1-Compartment Clamshell To Go Containers pr\u00e9sente une taille unique de 230*230*75 mm, offrant une tr\u00e8s grande capacit\u00e9 pour accueillir facilement une vari\u00e9t\u00e9 de repas copieux. Fabriqu\u00e9 \u00e0 partir de mat\u00e9riaux respectueux de l'environnement, s\u00fbrs et sains, le r\u00e9cipient est \u00e9tanche et durable, combinant parfaitement l'emballage efficace et la qualit\u00e9 de vie, permettant \u00e0 chaque repas de se d\u00e9marquer.<\/p>\n<ul>\n<li>Type d'emballage<br \/>\nBo\u00eete en carton<\/li>\n<li>Couleur<br \/>\nBlanc<\/li>\n<li>Quantit\u00e9 par caisse<br \/>\n150 ensembles<\/li>\n<li>Mat\u00e9riau<br \/>\nBase : Bagasse<\/li>\n<\/ul>\n<ul>\n<li style=\"list-style-type: none;\">\n<table style=\"height: 160px;\" width=\"500\"><!-- \u8868\u683c\u7684\u8fb9\u6846\u4e3a1\u4e2a\u50cf\u7d20 --><!-- \u5355\u5143\u683c\u7684\u5185\u8fb9\u8ddd\u4e3a1\u50cf\u7d20 --><!-- \u5355\u5143\u683c\u4e4b\u95f4\u7684\u95f4\u8ddd\u4e3a0\u50cf\u7d20 --><!-- \u8fb9\u6846\u89c4\u5219\u4e3a\u4e24\u4fa7\u8fb9\u6846 --><\/p>\n<tbody>\n<tr>\n<td align=\"center\" bgcolor=\"EFEFEF\"><\/td>\n<td align=\"center\" bgcolor=\"EFEFEF\">Taille du produit<\/td>\n<td align=\"center\" bgcolor=\"EFEFEF\">Quantit\u00e9<\/td>\n<td align=\"center\" bgcolor=\"EFEFEF\">Taille du carton<\/td>\n<\/tr>\n<tr>\n<td align=\"center\" bgcolor=\"EFEFEF\">WL-P61<\/td>\n<td align=\"center\">152*152*76mm<\/td>\n<td align=\"center\">500<\/td>\n<td align=\"center\">530*320*320<\/td>\n<\/tr>\n<tr>\n<td align=\"center\" bgcolor=\"EFEFEF\">WL-P81<\/td>\n<td align=\"center\">203,2*221*76,2mm<\/td>\n<td align=\"center\">200<\/td>\n<td align=\"center\">452*434*216<\/td>\n<\/tr>\n<tr>\n<td align=\"center\" bgcolor=\"EFEFEF\">WL-P83<\/td>\n<td align=\"center\">203,2*221*76,2mm<\/td>\n<td align=\"center\">200<\/td>\n<td align=\"center\">452*434*216<\/td>\n<\/tr>\n<tr>\n<td align=\"center\" bgcolor=\"EFEFEF\">WL-P91<\/td>\n<td align=\"center\">231*231*79mm<\/td>\n<td align=\"center\">200<\/td>\n<td align=\"center\">480*385*250<\/td>\n<\/tr>\n<tr>\n<td align=\"center\" bgcolor=\"EFEFEF\">WL-P93<\/td>\n<td align=\"center\">231*231*79mm<\/td>\n<td align=\"center\">200<\/td>\n<td align=\"center\">480*385*250<\/td>\n<\/tr>\n<tr>\n<td align=\"center\" bgcolor=\"EFEFEF\">WL-P96<\/td>\n<td align=\"center\">220*150*75mm<\/td>\n<td align=\"center\">200<\/td>\n<td align=\"center\">380*310*470<\/td>\n<\/tr>\n<\/tbody>\n<\/table>\n<\/li>\n<li><a href=\"https:\/\/www.manluenpack.com\/fr\/products\/\">PLUS DE STYLE, PLUS DE STYLES...<\/a><\/li>\n<\/ul>\n<h3><strong><b>Emballage et livraison<\/b><\/strong><\/h3>\n<p>WL-P91 Manluen 9X9\u2033 To-Go Plastic Clamshell Containers utilise un emballage compact et \u00e9cologique pour garantir la propret\u00e9 et l'ordre pendant le transport. Chaque produit est empil\u00e9 avec pr\u00e9cision, ce qui permet d'\u00e9conomiser de l'espace et de faciliter le stockage, assurant ainsi une livraison efficace et pratique. De l'usine \u00e0 la livraison, chaque \u00e9tape met l'accent sur la qualit\u00e9 et les d\u00e9tails, offrant une tranquillit\u00e9 d'esprit pour chaque utilisation, alliant la protection de l'environnement \u00e0 l'aspect pratique.<\/p>\n<h3><strong><b>Sc\u00e9narios d'utilisation<\/b><\/strong><strong><b>\u00a0\u00a0<\/b><\/strong><strong><b>\u00a0<\/b><\/strong><\/h3>\n<p>WL-P91 Manluen 9X9\u2033 To-Go Containers For Plastic sont adapt\u00e9s \u00e0 divers sc\u00e9narios de repas ; qu'il s'agisse de repas chinois, de d\u00e9jeuners simples ou de salades l\u00e9g\u00e8res, ils peuvent tous les contenir. Leur grande capacit\u00e9 permet de r\u00e9pondre \u00e0 divers besoins en mati\u00e8re d'association de plats, et leur r\u00e9sistance aux fuites les rend pratiques pour les repas \u00e0 domicile, \u00e0 emporter, les livraisons de nourriture ou les repas en plein air, ajoutant ainsi s\u00e9curit\u00e9 et qualit\u00e9 \u00e0 chaque repas d\u00e9licieux.<\/p>\n<h3><strong><b>Conception empilable<\/b><\/strong><\/h3>\n<p>WL-P91 Manluen 9X9\u2033 Plastic To-Go Containers ont un design empilable qui permet d'\u00e9conomiser de l'espace de stockage et d'am\u00e9liorer l'efficacit\u00e9 du transport et de la mise en place. La structure d'empilage robuste garantit que les conteneurs s'embo\u00eetent \u00e9troitement sans se renverser, ce qui permet aux entreprises de g\u00e9rer efficacement leurs stocks. Le design simple et pratique permet non seulement d'optimiser les processus op\u00e9rationnels, mais aussi de mettre en valeur la beaut\u00e9 de la protection de l'environnement et de l'ordre, ce qui ajoute de la commodit\u00e9 et de l'\u00e9l\u00e9gance \u00e0 l'utilisation.<\/p>\n<h3><strong><b>\u00c9tanche, scell\u00e9 et durable <\/b><\/strong><strong><b>\u00a0\u00a0\u00a0<\/b><\/strong><\/h3>\n<p>Les conteneurs \u00e0 emporter compostables WL-BG91 Manluen 9X9\u2033 \u00e0 1 compartiment sont con\u00e7us avec pr\u00e9cision pour \u00e9viter les fuites et garantir une fermeture herm\u00e9tique qui emp\u00eache les liquides de se r\u00e9pandre. Son mat\u00e9riau robuste et durable r\u00e9siste \u00e0 la pression et \u00e0 la chaleur, permettant de transporter en toute s\u00e9curit\u00e9 tous les types de repas tout en restant intact de l'emballage \u00e0 la livraison. Alliant respect de l'environnement et praticit\u00e9, ils garantissent que chaque repas d\u00e9licieux arrive en toute s\u00e9curit\u00e9, tout en conservant une qualit\u00e9 constante.<\/p>\n<p><a href=\"https:\/\/www.google.com\/search?q=manluenpack\" target=\"_blank\" rel=\"noopener\">PLUS D'INFORMATIONS...<\/a><\/p>","protected":false},"excerpt":{"rendered":"<p>The WL-BG91 Manluen 9X9&#8243; 1-Compartment Compostable To Go Containers feature a unique size of 230*230*75 mm, providing extra-large capacity to easily accommodate a variety of hearty meals. Made from eco-friendly&hellip;<\/p>","protected":false},"featured_media":3212,"template":"","meta":{"_uag_custom_page_level_css":""},"product_brand":[],"product_cat":[21],"product_tag":[112,249,250,133],"class_list":{"0":"post-1807","1":"product","2":"type-product","3":"status-publish","4":"has-post-thumbnail","6":"product_cat-clamshell-containers","7":"product_tag-bagasse","8":"product_tag-clamshell-containers","9":"product_tag-compostable","10":"product_tag-white","12":"first","13":"instock","14":"shipping-taxable","15":"purchasable","16":"product-type-simple"},"spectra_custom_meta":{"rank_math_internal_links_processed":["1","1","1","1","1","1","1","1","1","1","1","1","1","1","1","1","1","1","1","1","1","1","1","1","1","1","1","1","1","1","1","1","1","1","1","1","1","1","1","1","1","1","1","1"],"_sku":["WL-BG91"],"_regular_price":["1"],"total_sales":["0"],"_tax_status":["taxable"],"_tax_class":[""],"_manage_stock":["no"],"_backorders":["no"],"_sold_individually":["no"],"_virtual":["no"],"_downloadable":["no"],"_download_limit":["0"],"_download_expiry":["0"],"_stock":[null],"_stock_status":["instock"],"_wc_average_rating":["0"],"_wc_review_count":["0"],"_product_attributes":["a:2:{s:9:\"item-size\";a:6:{s:4:\"name\";s:9:\"Item Size\";s:5:\"value\";s:12:\"230*230*75mm\";s:8:\"position\";i:0;s:10:\"is_visible\";i:1;s:12:\"is_variation\";i:0;s:11:\"is_taxonomy\";i:0;}s:7:\"qty-ctn\";a:6:{s:4:\"name\";s:7:\"QTY\/CTN\";s:5:\"value\";s:3:\"150\";s:8:\"position\";i:1;s:10:\"is_visible\";i:1;s:12:\"is_variation\";i:0;s:11:\"is_taxonomy\";i:0;}}"],"_product_version":["9.4.2"],"_price":["1"],"_wp_old_date":["2024-11-26"],"rank_math_analytic_object_id":["24"],"classic-editor-remember":["classic-editor"],"rank_math_seo_score":["75"],"rank_math_contentai_score":["a:5:{s:8:\"keywords\";s:5:\"74.51\";s:9:\"wordCount\";s:1:\"0\";s:9:\"linkCount\";s:1:\"0\";s:12:\"headingCount\";s:1:\"0\";s:10:\"mediaCount\";s:1:\"0\";}"],"_jet_woo_template":[""],"_template_type":["default"],"rank_math_primary_product_cat":["21"],"_ywraq_hide_quote_button_check":[""],"_ywraq_hide_quote_button":["0"],"_edit_lock":["1752117588:1"],"_edit_last":["1"],"_wp_old_slug":["wl-bg91-9x9-1-compartment-compostable-to-go-containers"],"rank_math_focus_keyword":["Compostable To Go Containers"],"_thumbnail_id":["3212"],"_product_image_gallery":["3211,3210,3209,3208"],"_uag_css_file_name":["uag-css-1807.css"],"_uag_page_assets":["a:9:{s:3:\"css\";s:0:\"\";s:2:\"js\";s:0:\"\";s:18:\"current_block_list\";a:6:{i:0;s:10:\"core\/group\";i:1;s:12:\"core\/heading\";i:2;s:17:\"core\/latest-posts\";i:3;s:20:\"core\/latest-comments\";i:4;s:13:\"core\/archives\";i:5;s:15:\"core\/categories\";}s:8:\"uag_flag\";b:0;s:11:\"uag_version\";i:1777294043;s:6:\"gfonts\";a:0:{}s:10:\"gfonts_url\";s:0:\"\";s:12:\"gfonts_files\";a:0:{}s:14:\"uag_faq_layout\";b:0;}"]},"uagb_featured_image_src":{"full":["https:\/\/www.manluenpack.com\/wp-content\/uploads\/2025\/04\/WL-BG91-manluen-to-go-biodegradable-clamshell-containers.webp",1000,1000,false],"thumbnail":["https:\/\/www.manluenpack.com\/wp-content\/uploads\/2025\/04\/WL-BG91-manluen-to-go-biodegradable-clamshell-containers.webp",150,150,false],"medium":["https:\/\/www.manluenpack.com\/wp-content\/uploads\/2025\/04\/WL-BG91-manluen-to-go-biodegradable-clamshell-containers.webp",300,300,false],"medium_large":["https:\/\/www.manluenpack.com\/wp-content\/uploads\/2025\/04\/WL-BG91-manluen-to-go-biodegradable-clamshell-containers.webp",768,768,false],"large":["https:\/\/www.manluenpack.com\/wp-content\/uploads\/2025\/04\/WL-BG91-manluen-to-go-biodegradable-clamshell-containers.webp",1000,1000,false],"1536x1536":["https:\/\/www.manluenpack.com\/wp-content\/uploads\/2025\/04\/WL-BG91-manluen-to-go-biodegradable-clamshell-containers.webp",1000,1000,false],"2048x2048":["https:\/\/www.manluenpack.com\/wp-content\/uploads\/2025\/04\/WL-BG91-manluen-to-go-biodegradable-clamshell-containers.webp",1000,1000,false],"trp-custom-language-flag":["https:\/\/www.manluenpack.com\/wp-content\/uploads\/2025\/04\/WL-BG91-manluen-to-go-biodegradable-clamshell-containers.webp",12,12,false],"menu-24x24":["https:\/\/www.manluenpack.com\/wp-content\/uploads\/2025\/04\/WL-BG91-manluen-to-go-biodegradable-clamshell-containers.webp",24,24,false],"menu-36x36":["https:\/\/www.manluenpack.com\/wp-content\/uploads\/2025\/04\/WL-BG91-manluen-to-go-biodegradable-clamshell-containers.webp",36,36,false],"menu-48x48":["https:\/\/www.manluenpack.com\/wp-content\/uploads\/2025\/04\/WL-BG91-manluen-to-go-biodegradable-clamshell-containers.webp",48,48,false],"woocommerce_thumbnail":["https:\/\/www.manluenpack.com\/wp-content\/uploads\/2025\/04\/WL-BG91-manluen-to-go-biodegradable-clamshell-containers.webp",300,300,false],"woocommerce_single":["https:\/\/www.manluenpack.com\/wp-content\/uploads\/2025\/04\/WL-BG91-manluen-to-go-biodegradable-clamshell-containers.webp",600,600,false],"woocommerce_gallery_thumbnail":["https:\/\/www.manluenpack.com\/wp-content\/uploads\/2025\/04\/WL-BG91-manluen-to-go-biodegradable-clamshell-containers.webp",100,100,false]},"uagb_author_info":{"display_name":"ManLuenpack","author_link":"https:\/\/www.manluenpack.com\/fr\/author\/"},"uagb_comment_info":0,"uagb_excerpt":"The WL-BG91 Manluen 9X9&#8243; 1-Compartment Compostable To Go Containers feature a unique size of 230*230*75 mm, providing extra-large capacity to easily accommodate a variety of hearty meals. Made from eco-friendly&hellip;","_links":{"self":[{"href":"https:\/\/www.manluenpack.com\/fr\/wp-json\/wp\/v2\/product\/1807","targetHints":{"allow":["GET"]}}],"collection":[{"href":"https:\/\/www.manluenpack.com\/fr\/wp-json\/wp\/v2\/product"}],"about":[{"href":"https:\/\/www.manluenpack.com\/fr\/wp-json\/wp\/v2\/types\/product"}],"wp:featuredmedia":[{"embeddable":true,"href":"https:\/\/www.manluenpack.com\/fr\/wp-json\/wp\/v2\/media\/3212"}],"wp:attachment":[{"href":"https:\/\/www.manluenpack.com\/fr\/wp-json\/wp\/v2\/media?parent=1807"}],"wp:term":[{"taxonomy":"product_brand","embeddable":true,"href":"https:\/\/www.manluenpack.com\/fr\/wp-json\/wp\/v2\/product_brand?post=1807"},{"taxonomy":"product_cat","embeddable":true,"href":"https:\/\/www.manluenpack.com\/fr\/wp-json\/wp\/v2\/product_cat?post=1807"},{"taxonomy":"product_tag","embeddable":true,"href":"https:\/\/www.manluenpack.com\/fr\/wp-json\/wp\/v2\/product_tag?post=1807"}],"curies":[{"name":"wp","href":"https:\/\/api.w.org\/{rel}","templated":true}]}}