{"id":1804,"date":"2025-04-01T21:16:21","date_gmt":"2025-04-01T13:16:21","guid":{"rendered":"https:\/\/www.manluenpack.com\/?post_type=product&#038;p=1804"},"modified":"2025-07-10T00:08:26","modified_gmt":"2025-07-09T16:08:26","slug":"wl-bg61-manluen-6x6-1-compartment-compostable-to-go-containers","status":"publish","type":"product","link":"https:\/\/www.manluenpack.com\/fr\/products\/wl-bg61-manluen-6x6-1-compartment-compostable-to-go-containers\/","title":{"rendered":"WL-BG61 Manluen 6X6\u2033 1-Compartiment Compostable To Go Containers"},"content":{"rendered":"<p>Les bo\u00eetes \u00e0 emporter compostables WL-BG61 Manluen 6X6\u2033 \u00e0 1 compartiment sont fabriqu\u00e9es \u00e0 partir de pulpe de canne \u00e0 sucre respectueuse de l'environnement, naturellement d\u00e9gradable et non polluante. Son design carr\u00e9 unique de 152*152*76 mm maximise l'efficacit\u00e9 de l'espace, ce qui le rend id\u00e9al pour l'emballage d'une vari\u00e9t\u00e9 de plats. Le m\u00e9canisme de fermeture \u00e0 clapet garantit la durabilit\u00e9 et la r\u00e9sistance aux fuites, offrant une solution pratique, s\u00fbre et durable pour les plats \u00e0 emporter.<\/p>\n<ul>\n<li>Type d'emballage<br \/>\nBo\u00eete en carton<\/li>\n<li>Couleur<br \/>\nBlanc<\/li>\n<li>Quantit\u00e9 par caisse<br \/>\n250 ensembles<\/li>\n<li>Mat\u00e9riau<br \/>\nBase : Bagasse<\/li>\n<\/ul>\n<ul>\n<li style=\"list-style-type: none;\">\n<table style=\"height: 160px;\" width=\"500\"><!-- \u8868\u683c\u7684\u8fb9\u6846\u4e3a1\u4e2a\u50cf\u7d20 --><!-- \u5355\u5143\u683c\u7684\u5185\u8fb9\u8ddd\u4e3a1\u50cf\u7d20 --><!-- \u5355\u5143\u683c\u4e4b\u95f4\u7684\u95f4\u8ddd\u4e3a0\u50cf\u7d20 --><!-- \u8fb9\u6846\u89c4\u5219\u4e3a\u4e24\u4fa7\u8fb9\u6846 --><\/p>\n<tbody>\n<tr>\n<td align=\"center\" bgcolor=\"EFEFEF\"><\/td>\n<td align=\"center\" bgcolor=\"EFEFEF\">Taille du produit<\/td>\n<td align=\"center\" bgcolor=\"EFEFEF\">Quantit\u00e9<\/td>\n<td align=\"center\" bgcolor=\"EFEFEF\">Taille du carton<\/td>\n<\/tr>\n<tr>\n<td align=\"center\" bgcolor=\"EFEFEF\">WL-P61<\/td>\n<td align=\"center\">152*152*76mm<\/td>\n<td align=\"center\">500<\/td>\n<td align=\"center\">530*320*320<\/td>\n<\/tr>\n<tr>\n<td align=\"center\" bgcolor=\"EFEFEF\">WL-P81<\/td>\n<td align=\"center\">203,2*221*76,2mm<\/td>\n<td align=\"center\">200<\/td>\n<td align=\"center\">452*434*216<\/td>\n<\/tr>\n<tr>\n<td align=\"center\" bgcolor=\"EFEFEF\">WL-P83<\/td>\n<td align=\"center\">203,2*221*76,2mm<\/td>\n<td align=\"center\">200<\/td>\n<td align=\"center\">452*434*216<\/td>\n<\/tr>\n<tr>\n<td align=\"center\" bgcolor=\"EFEFEF\">WL-P91<\/td>\n<td align=\"center\">231*231*79mm<\/td>\n<td align=\"center\">200<\/td>\n<td align=\"center\">480*385*250<\/td>\n<\/tr>\n<tr>\n<td align=\"center\" bgcolor=\"EFEFEF\">WL-P93<\/td>\n<td align=\"center\">231*231*79mm<\/td>\n<td align=\"center\">200<\/td>\n<td align=\"center\">480*385*250<\/td>\n<\/tr>\n<tr>\n<td align=\"center\" bgcolor=\"EFEFEF\">WL-P96<\/td>\n<td align=\"center\">220*150*75mm<\/td>\n<td align=\"center\">200<\/td>\n<td align=\"center\">380*310*470<\/td>\n<\/tr>\n<\/tbody>\n<\/table>\n<\/li>\n<li><a href=\"https:\/\/www.manluenpack.com\/fr\/products\/\">PLUS DE STYLE, PLUS DE STYLES...<\/a><\/li>\n<\/ul>\n<h3><strong><b>Emballage et livraison<\/b><\/strong><\/h3>\n<p>Les WL-BG61 Manluen 6X6\u2033 Plastic Compostable To Go Containers sont emball\u00e9s dans des emballages compacts et \u00e9cologiques pour garantir la propret\u00e9 et la protection pendant le transport. Chaque produit est soigneusement empil\u00e9 selon des dimensions standard, ce qui permet d'optimiser l'espace et d'am\u00e9liorer l'efficacit\u00e9 logistique. La livraison rapide et fiable garantit une exp\u00e9rience sans tracas pour vos besoins en mati\u00e8re de plats \u00e0 emporter durables.<\/p>\n<h3><strong><b>Sc\u00e9narios d'utilisation<\/b><\/strong><strong><b>\u00a0\u00a0<\/b><\/strong><\/h3>\n<p>Les bo\u00eetes \u00e0 emporter compostables WL-BG61 Manluen 6X6\u2033 sont parfaites pour divers sc\u00e9narios de repas, qu'il s'agisse de cuisine chinoise cuite \u00e0 la vapeur, de salades rafra\u00eechissantes ou de desserts d\u00e9licats. Son mat\u00e9riau respectueux de l'environnement et sa conception \u00e9tanche en font un produit id\u00e9al pour les plats \u00e0 emporter au restaurant, les d\u00e9jeuners au bureau ou les rassemblements en plein air, ajoutant une touche de nature et de qualit\u00e9 \u00e0 chaque repas.<\/p>\n<h3><strong><b>Conception empilable<\/b><\/strong><\/h3>\n<p>Con\u00e7us pour un empilage efficace, les conteneurs jetables blancs WL-BG61 Manluen 6X6\u2033 maximisent l'espace de stockage et de transport. Sa structure carr\u00e9e stable permet un empilage net et s\u00fbr, \u00e9vitant le renversement et simplifiant la gestion des stocks pour les entreprises. Cette conception r\u00e9duit les co\u00fbts logistiques tout en offrant une solution d'emballage pratique et durable pour les plats \u00e0 emporter.<\/p>\n<h3><strong><b>\u00c9tanche, scell\u00e9 et durable <\/b><\/strong><\/h3>\n<p>Les contenants \u00e0 emporter Manluen 6X6\u2033 en plastique compostable rectangulaire sont dot\u00e9s d'un joint \u00e9tanche con\u00e7u avec pr\u00e9cision pour \u00e9viter les d\u00e9versements. Son mat\u00e9riau robuste assure une capacit\u00e9 de charge fiable, que ce soit pour des aliments chauds ou froids, offrant une tranquillit\u00e9 d'esprit et une protection fiable pour votre exp\u00e9rience de la vente \u00e0 emporter.<\/p>\n<p><a href=\"https:\/\/www.google.com\/search?q=manluenpack\" target=\"_blank\" rel=\"noopener\">PLUS D'INFORMATIONS...<\/a><\/p>","protected":false},"excerpt":{"rendered":"<p>The WL-BG61 Manluen 6X6&#8243; 1-Compartment Compostable To Go Containers are crafted from eco-friendly sugarcane pulp, naturally degradable, and free from pollution. Its unique 152*152*76 mm square design maximizes space efficiency,&hellip;<\/p>","protected":false},"featured_media":3187,"template":"","meta":{"_uag_custom_page_level_css":""},"product_brand":[],"product_cat":[21],"product_tag":[112,249,250,133],"class_list":{"0":"post-1804","1":"product","2":"type-product","3":"status-publish","4":"has-post-thumbnail","6":"product_cat-clamshell-containers","7":"product_tag-bagasse","8":"product_tag-clamshell-containers","9":"product_tag-compostable","10":"product_tag-white","12":"first","13":"instock","14":"shipping-taxable","15":"purchasable","16":"product-type-simple"},"spectra_custom_meta":{"rank_math_internal_links_processed":["1","1","1","1","1","1","1","1","1","1","1","1","1","1","1","1","1","1","1","1","1","1","1","1","1","1","1","1","1","1","1","1","1","1","1","1","1","1","1","1","1","1"],"_sku":["WL-BG61"],"_regular_price":["1"],"total_sales":["0"],"_tax_status":["taxable"],"_tax_class":[""],"_manage_stock":["no"],"_backorders":["no"],"_sold_individually":["no"],"_virtual":["no"],"_downloadable":["no"],"_download_limit":["0"],"_download_expiry":["0"],"_stock":[null],"_stock_status":["instock"],"_wc_average_rating":["0"],"_wc_review_count":["0"],"_product_attributes":["a:2:{s:9:\"item-size\";a:6:{s:4:\"name\";s:9:\"Item Size\";s:5:\"value\";s:12:\"152*152*76mm\";s:8:\"position\";i:0;s:10:\"is_visible\";i:1;s:12:\"is_variation\";i:0;s:11:\"is_taxonomy\";i:0;}s:7:\"qty-ctn\";a:6:{s:4:\"name\";s:7:\"QTY\/CTN\";s:5:\"value\";s:3:\"250\";s:8:\"position\";i:1;s:10:\"is_visible\";i:1;s:12:\"is_variation\";i:0;s:11:\"is_taxonomy\";i:0;}}"],"_product_version":["9.4.2"],"_price":["1"],"_wp_old_date":["2024-11-26"],"rank_math_analytic_object_id":["24"],"classic-editor-remember":["classic-editor"],"rank_math_seo_score":["77"],"rank_math_contentai_score":["a:5:{s:8:\"keywords\";s:5:\"74.51\";s:9:\"wordCount\";s:1:\"0\";s:9:\"linkCount\";s:1:\"0\";s:12:\"headingCount\";s:1:\"0\";s:10:\"mediaCount\";s:1:\"0\";}"],"_jet_woo_template":[""],"_template_type":["default"],"rank_math_primary_product_cat":["21"],"_ywraq_hide_quote_button_check":[""],"_ywraq_hide_quote_button":["0"],"_edit_lock":["1752117594:1"],"_edit_last":["1"],"_wp_old_slug":["white-bassage-to-go-container-wl-61","white-bagasse-to-go-container-wl-61","wl-bg61-6x6-1-compartment-compostable-to-go-containers"],"rank_math_focus_keyword":["Compostable To Go Containers"],"_thumbnail_id":["3187"],"_product_image_gallery":["3191,3190,3189,3188"],"_uag_css_file_name":["uag-css-1804.css"],"_uag_page_assets":["a:9:{s:3:\"css\";s:263:\".uag-blocks-common-selector{z-index:var(--z-index-desktop) !important}@media (max-width: 976px){.uag-blocks-common-selector{z-index:var(--z-index-tablet) !important}}@media (max-width: 767px){.uag-blocks-common-selector{z-index:var(--z-index-mobile) !important}}\n\";s:2:\"js\";s:0:\"\";s:18:\"current_block_list\";a:6:{i:0;s:10:\"core\/group\";i:1;s:12:\"core\/heading\";i:2;s:17:\"core\/latest-posts\";i:3;s:20:\"core\/latest-comments\";i:4;s:13:\"core\/archives\";i:5;s:15:\"core\/categories\";}s:8:\"uag_flag\";b:0;s:11:\"uag_version\";i:1777281775;s:6:\"gfonts\";a:0:{}s:10:\"gfonts_url\";s:0:\"\";s:12:\"gfonts_files\";a:0:{}s:14:\"uag_faq_layout\";b:0;}"]},"uagb_featured_image_src":{"full":["https:\/\/www.manluenpack.com\/wp-content\/uploads\/2025\/04\/WL-BG61-manluen-compostable-to-go-containers.webp",1000,1000,false],"thumbnail":["https:\/\/www.manluenpack.com\/wp-content\/uploads\/2025\/04\/WL-BG61-manluen-compostable-to-go-containers.webp",150,150,false],"medium":["https:\/\/www.manluenpack.com\/wp-content\/uploads\/2025\/04\/WL-BG61-manluen-compostable-to-go-containers.webp",300,300,false],"medium_large":["https:\/\/www.manluenpack.com\/wp-content\/uploads\/2025\/04\/WL-BG61-manluen-compostable-to-go-containers.webp",768,768,false],"large":["https:\/\/www.manluenpack.com\/wp-content\/uploads\/2025\/04\/WL-BG61-manluen-compostable-to-go-containers.webp",1000,1000,false],"1536x1536":["https:\/\/www.manluenpack.com\/wp-content\/uploads\/2025\/04\/WL-BG61-manluen-compostable-to-go-containers.webp",1000,1000,false],"2048x2048":["https:\/\/www.manluenpack.com\/wp-content\/uploads\/2025\/04\/WL-BG61-manluen-compostable-to-go-containers.webp",1000,1000,false],"trp-custom-language-flag":["https:\/\/www.manluenpack.com\/wp-content\/uploads\/2025\/04\/WL-BG61-manluen-compostable-to-go-containers.webp",12,12,false],"menu-24x24":["https:\/\/www.manluenpack.com\/wp-content\/uploads\/2025\/04\/WL-BG61-manluen-compostable-to-go-containers.webp",24,24,false],"menu-36x36":["https:\/\/www.manluenpack.com\/wp-content\/uploads\/2025\/04\/WL-BG61-manluen-compostable-to-go-containers.webp",36,36,false],"menu-48x48":["https:\/\/www.manluenpack.com\/wp-content\/uploads\/2025\/04\/WL-BG61-manluen-compostable-to-go-containers.webp",48,48,false],"woocommerce_thumbnail":["https:\/\/www.manluenpack.com\/wp-content\/uploads\/2025\/04\/WL-BG61-manluen-compostable-to-go-containers.webp",300,300,false],"woocommerce_single":["https:\/\/www.manluenpack.com\/wp-content\/uploads\/2025\/04\/WL-BG61-manluen-compostable-to-go-containers.webp",600,600,false],"woocommerce_gallery_thumbnail":["https:\/\/www.manluenpack.com\/wp-content\/uploads\/2025\/04\/WL-BG61-manluen-compostable-to-go-containers.webp",100,100,false]},"uagb_author_info":{"display_name":"ManLuenpack","author_link":"https:\/\/www.manluenpack.com\/fr\/author\/"},"uagb_comment_info":0,"uagb_excerpt":"The WL-BG61 Manluen 6X6&#8243; 1-Compartment Compostable To Go Containers are crafted from eco-friendly sugarcane pulp, naturally degradable, and free from pollution. Its unique 152*152*76 mm square design maximizes space efficiency,&hellip;","_links":{"self":[{"href":"https:\/\/www.manluenpack.com\/fr\/wp-json\/wp\/v2\/product\/1804","targetHints":{"allow":["GET"]}}],"collection":[{"href":"https:\/\/www.manluenpack.com\/fr\/wp-json\/wp\/v2\/product"}],"about":[{"href":"https:\/\/www.manluenpack.com\/fr\/wp-json\/wp\/v2\/types\/product"}],"wp:featuredmedia":[{"embeddable":true,"href":"https:\/\/www.manluenpack.com\/fr\/wp-json\/wp\/v2\/media\/3187"}],"wp:attachment":[{"href":"https:\/\/www.manluenpack.com\/fr\/wp-json\/wp\/v2\/media?parent=1804"}],"wp:term":[{"taxonomy":"product_brand","embeddable":true,"href":"https:\/\/www.manluenpack.com\/fr\/wp-json\/wp\/v2\/product_brand?post=1804"},{"taxonomy":"product_cat","embeddable":true,"href":"https:\/\/www.manluenpack.com\/fr\/wp-json\/wp\/v2\/product_cat?post=1804"},{"taxonomy":"product_tag","embeddable":true,"href":"https:\/\/www.manluenpack.com\/fr\/wp-json\/wp\/v2\/product_tag?post=1804"}],"curies":[{"name":"wp","href":"https:\/\/api.w.org\/{rel}","templated":true}]}}