{"id":1798,"date":"2025-04-01T21:02:50","date_gmt":"2025-04-01T13:02:50","guid":{"rendered":"https:\/\/www.manluenpack.com\/?post_type=product&#038;p=1798"},"modified":"2025-07-10T11:34:37","modified_gmt":"2025-07-10T03:34:37","slug":"wl-cm005-manluen-transparent-hinged-clamshell-container","status":"publish","type":"product","link":"https:\/\/www.manluenpack.com\/fr\/products\/wl-cm005-manluen-transparent-hinged-clamshell-container\/","title":{"rendered":"WL-CM005 Manluen Transparent Clamshell Container"},"content":{"rendered":"<p>Avec ses dimensions de 285*205*60 mm, le r\u00e9cipient transparent \u00e0 charni\u00e8re WL-CM005 Manluen offre une capacit\u00e9 et une efficacit\u00e9 d'espace id\u00e9ales. Sa taille g\u00e9n\u00e9reuse permet d'accueillir des aliments frais joliment pr\u00e9sent\u00e9s, tandis que son design ergonomique facilite le remplissage et la manipulation. Ce r\u00e9cipient polyvalent r\u00e9pond \u00e0 divers besoins, de l'organisation de la maison au stockage au bureau, ce qui en fait le choix id\u00e9al pour un mode de vie ordonn\u00e9 et efficace.<\/p>\n<ul>\n<li>Type d'emballage<br \/>\nBo\u00eete en carton<\/li>\n<li>Couleur<br \/>\nTransparent<\/li>\n<li>Quantit\u00e9 par caisse<br \/>\n250 ensembles<\/li>\n<li>Mat\u00e9riau<br \/>\nCouvercle : OPS\/PET<\/li>\n<\/ul>\n<h3><strong><b>Emballage et livraison<\/b><\/strong><\/h3>\n<p>Le conteneur transparent \u00e0 coquille WL-CM005 Manluen est un emballage \u00e9cologique et robuste qui garantit un transport s\u00fbr. Chaque unit\u00e9 est soigneusement emball\u00e9e en piles peu encombrantes pour optimiser l'efficacit\u00e9 logistique. Nous assurons une livraison rapide de cette solution de stockage \u00e0 la fois \u00e9l\u00e9gante et pratique, qui apporte commodit\u00e9 et \u00e9l\u00e9gance \u00e0 votre vie quotidienne.<\/p>\n<h3><strong><b>Sc\u00e9narios d'utilisation<\/b><\/strong><strong><b>\u00a0\u00a0<\/b><\/strong><\/h3>\n<p>D'une capacit\u00e9 d'environ 1120 ml, le r\u00e9cipient transparent WL-CM005 Manluen avec couvercle est id\u00e9al pour conserver et transporter divers aliments : salades, snacks, bonbons, fruits, desserts et petites entr\u00e9es. Parfait pour les r\u00e9unions de famille, les \u00e9v\u00e9nements sociaux ou les pique-niques en plein air, il permet non seulement de mettre en valeur les cr\u00e9ations culinaires, mais aussi de d\u00e9corer la table. En outre, il excelle dans l'organisation de la cuisine, en gardant les ingr\u00e9dients et les \u00e9pices bien rang\u00e9s pour une cuisson efficace.<\/p>\n<h3><strong><b>Conception empilable<\/b><\/strong><\/h3>\n<p>Con\u00e7u avec une capacit\u00e9 d'empilage intelligente, le r\u00e9cipient alimentaire \u00e0 coquille WL-CM005 Manluen maximise l'espace vertical pour un stockage efficace. La structure stable \u00e0 embo\u00eetement garantit un empilage multicouche s\u00fbr, tandis que le corps transparent permet une visibilit\u00e9 instantan\u00e9e du contenu - offrant \u00e0 la fois praticit\u00e9 et attrait visuel pour une utilisation \u00e0 la maison ou au bureau.<\/p>\n<h3><strong><b>Transparent, \u00e9tanche et durable<\/b><\/strong><\/h3>\n<p>Fabriqu\u00e9 gr\u00e2ce \u00e0 une technologie avanc\u00e9e de moulage par injection, ce r\u00e9cipient offre une transparence cristalline qui met en valeur les couleurs naturelles et la fra\u00eecheur des aliments. Le couvercle ajust\u00e9 avec pr\u00e9cision cr\u00e9e un joint herm\u00e9tique, bloquant efficacement l'air, la poussi\u00e8re et les bact\u00e9ries pour pr\u00e9server la qualit\u00e9 et la saveur des aliments, garantissant ainsi une exp\u00e9rience gastronomique exceptionnelle \u00e0 chaque fois.<\/p>","protected":false},"excerpt":{"rendered":"<p>With its thoughtfully designed 285*205*60 mm dimensions, the WL-CM005 Manluen Transparent Hinged Clamshell Container offers ideal capacity and space efficiency. The generous size perfectly accommodates beautifully presented fresh foods, while&hellip;<\/p>","protected":false},"featured_media":1407,"template":"","meta":{"_uag_custom_page_level_css":""},"product_brand":[],"product_cat":[21],"product_tag":[130,131],"class_list":{"0":"post-1798","1":"product","2":"type-product","3":"status-publish","4":"has-post-thumbnail","6":"product_cat-clamshell-containers","7":"product_tag-clamshell-container","8":"product_tag-transparent","10":"first","11":"instock","12":"shipping-taxable","13":"purchasable","14":"product-type-simple"},"spectra_custom_meta":{"rank_math_internal_links_processed":["1","1","1","1","1","1","1","1","1","1","1","1","1","1","1","1","1","1","1","1","1","1","1","1","1","1","1","1","1","1","1","1","1","1","1","1","1","1","1"],"_sku":["WL-CM005"],"_regular_price":["1"],"total_sales":["0"],"_tax_status":["taxable"],"_tax_class":[""],"_manage_stock":["no"],"_backorders":["no"],"_sold_individually":["no"],"_virtual":["no"],"_downloadable":["no"],"_product_image_gallery":["1703,1711,1710,1709,1708,1707,1706,1705"],"_download_limit":["0"],"_download_expiry":["0"],"_thumbnail_id":["1407"],"_stock":[null],"_stock_status":["instock"],"_wc_average_rating":["0"],"_wc_review_count":["0"],"_product_attributes":["a:2:{s:9:\"item-size\";a:6:{s:4:\"name\";s:9:\"Item Size\";s:5:\"value\";s:12:\"285*205*60mm\";s:8:\"position\";i:0;s:10:\"is_visible\";i:1;s:12:\"is_variation\";i:0;s:11:\"is_taxonomy\";i:0;}s:7:\"qty-ctn\";a:6:{s:4:\"name\";s:7:\"QTY\/CTN\";s:5:\"value\";s:3:\"250\";s:8:\"position\";i:1;s:10:\"is_visible\";i:1;s:12:\"is_variation\";i:0;s:11:\"is_taxonomy\";i:0;}}"],"_product_version":["9.4.2"],"_price":["1"],"_wp_old_date":["2024-11-26"],"rank_math_analytic_object_id":["24"],"classic-editor-remember":["classic-editor"],"rank_math_seo_score":["63"],"rank_math_contentai_score":["a:5:{s:8:\"keywords\";s:5:\"74.51\";s:9:\"wordCount\";s:1:\"0\";s:9:\"linkCount\";s:1:\"0\";s:12:\"headingCount\";s:1:\"0\";s:10:\"mediaCount\";s:1:\"0\";}"],"_jet_woo_template":[""],"_template_type":["default"],"rank_math_primary_product_cat":["21"],"_ywraq_hide_quote_button_check":[""],"_ywraq_hide_quote_button":["0"],"_edit_lock":["1752118512:1"],"_edit_last":["1"],"_wp_old_slug":["transparent-hinged-clamshell-container-wl-cm005"],"rank_math_focus_keyword":["Clamshell Container"],"_uag_css_file_name":["uag-css-1798.css"],"_uag_page_assets":["a:9:{s:3:\"css\";s:0:\"\";s:2:\"js\";s:0:\"\";s:18:\"current_block_list\";a:6:{i:0;s:10:\"core\/group\";i:1;s:12:\"core\/heading\";i:2;s:17:\"core\/latest-posts\";i:3;s:20:\"core\/latest-comments\";i:4;s:13:\"core\/archives\";i:5;s:15:\"core\/categories\";}s:8:\"uag_flag\";b:0;s:11:\"uag_version\";i:1777280504;s:6:\"gfonts\";a:0:{}s:10:\"gfonts_url\";s:0:\"\";s:12:\"gfonts_files\";a:0:{}s:14:\"uag_faq_layout\";b:0;}"]},"uagb_featured_image_src":{"full":["https:\/\/www.manluenpack.com\/wp-content\/uploads\/2024\/11\/20241225100613.jpg",1000,900,false],"thumbnail":["https:\/\/www.manluenpack.com\/wp-content\/uploads\/2024\/11\/20241225100613.jpg",150,135,false],"medium":["https:\/\/www.manluenpack.com\/wp-content\/uploads\/2024\/11\/20241225100613.jpg",300,270,false],"medium_large":["https:\/\/www.manluenpack.com\/wp-content\/uploads\/2024\/11\/20241225100613.jpg",768,691,false],"large":["https:\/\/www.manluenpack.com\/wp-content\/uploads\/2024\/11\/20241225100613.jpg",1000,900,false],"1536x1536":["https:\/\/www.manluenpack.com\/wp-content\/uploads\/2024\/11\/20241225100613.jpg",1000,900,false],"2048x2048":["https:\/\/www.manluenpack.com\/wp-content\/uploads\/2024\/11\/20241225100613.jpg",1000,900,false],"trp-custom-language-flag":["https:\/\/www.manluenpack.com\/wp-content\/uploads\/2024\/11\/20241225100613.jpg",13,12,false],"menu-24x24":["https:\/\/www.manluenpack.com\/wp-content\/uploads\/2024\/11\/20241225100613.jpg",24,22,false],"menu-36x36":["https:\/\/www.manluenpack.com\/wp-content\/uploads\/2024\/11\/20241225100613.jpg",36,32,false],"menu-48x48":["https:\/\/www.manluenpack.com\/wp-content\/uploads\/2024\/11\/20241225100613.jpg",48,43,false],"woocommerce_thumbnail":["https:\/\/www.manluenpack.com\/wp-content\/uploads\/2024\/11\/20241225100613-300x300.jpg",300,300,true],"woocommerce_single":["https:\/\/www.manluenpack.com\/wp-content\/uploads\/2024\/11\/20241225100613.jpg",600,540,false],"woocommerce_gallery_thumbnail":["https:\/\/www.manluenpack.com\/wp-content\/uploads\/2024\/11\/20241225100613-100x100.jpg",100,100,true]},"uagb_author_info":{"display_name":"ManLuenpack","author_link":"https:\/\/www.manluenpack.com\/fr\/author\/"},"uagb_comment_info":0,"uagb_excerpt":"With its thoughtfully designed 285*205*60 mm dimensions, the WL-CM005 Manluen Transparent Hinged Clamshell Container offers ideal capacity and space efficiency. The generous size perfectly accommodates beautifully presented fresh foods, while&hellip;","_links":{"self":[{"href":"https:\/\/www.manluenpack.com\/fr\/wp-json\/wp\/v2\/product\/1798","targetHints":{"allow":["GET"]}}],"collection":[{"href":"https:\/\/www.manluenpack.com\/fr\/wp-json\/wp\/v2\/product"}],"about":[{"href":"https:\/\/www.manluenpack.com\/fr\/wp-json\/wp\/v2\/types\/product"}],"wp:featuredmedia":[{"embeddable":true,"href":"https:\/\/www.manluenpack.com\/fr\/wp-json\/wp\/v2\/media\/1407"}],"wp:attachment":[{"href":"https:\/\/www.manluenpack.com\/fr\/wp-json\/wp\/v2\/media?parent=1798"}],"wp:term":[{"taxonomy":"product_brand","embeddable":true,"href":"https:\/\/www.manluenpack.com\/fr\/wp-json\/wp\/v2\/product_brand?post=1798"},{"taxonomy":"product_cat","embeddable":true,"href":"https:\/\/www.manluenpack.com\/fr\/wp-json\/wp\/v2\/product_cat?post=1798"},{"taxonomy":"product_tag","embeddable":true,"href":"https:\/\/www.manluenpack.com\/fr\/wp-json\/wp\/v2\/product_tag?post=1798"}],"curies":[{"name":"wp","href":"https:\/\/api.w.org\/{rel}","templated":true}]}}