{"id":1796,"date":"2025-04-01T21:00:50","date_gmt":"2025-04-01T13:00:50","guid":{"rendered":"https:\/\/www.manluenpack.com\/?post_type=product&#038;p=1796"},"modified":"2025-07-10T12:12:26","modified_gmt":"2025-07-10T04:12:26","slug":"wl-cm004-manluen-transparent-hinged-clamshell-container","status":"publish","type":"product","link":"https:\/\/www.manluenpack.com\/fr\/products\/wl-cm004-manluen-transparent-hinged-clamshell-container\/","title":{"rendered":"WL-CM004 Manluen Bo\u00eete transparente \u00e0 charni\u00e8re"},"content":{"rendered":"<p>Le conteneur transparent \u00e0 charni\u00e8re WL-CM004 Manluen pr\u00e9sente un format unique de 285*205*50 mm, \u00e9quilibrant la capacit\u00e9 et la flexibilit\u00e9 de l'espace. Le mat\u00e9riau hautement transparent permet de voir clairement le contenu, tandis que le couvercle \u00e0 charni\u00e8re assure une ouverture et une fermeture en douceur et durables. Son excellente \u00e9tanch\u00e9it\u00e9 assure une protection fiable contre la poussi\u00e8re et l'humidit\u00e9. Simple mais pratique, c'est le choix id\u00e9al pour un stockage efficace et une gestion organis\u00e9e.<\/p>\n<ul>\n<li>Type d'emballage<br \/>\nBo\u00eete en carton<\/li>\n<li>Couleur<br \/>\nTransparent<\/li>\n<li>Quantit\u00e9 par caisse<br \/>\n250 ensembles<\/li>\n<li>Mat\u00e9riau<br \/>\nCouvercle : OPS\/PET<\/li>\n<\/ul>\n<h3><strong><b>Emballage et livraison<\/b><\/strong><\/h3>\n<p>Le r\u00e9cipient transparent \u00e0 charni\u00e8re avec couvercle WL-CM004 Manluen utilise un emballage \u00e9cologique et robuste pour garantir que le produit reste intact pendant le transport. Chaque unit\u00e9 est m\u00e9ticuleusement scell\u00e9e et soigneusement empil\u00e9e, ce qui permet d'\u00e9conomiser de l'espace tout en am\u00e9liorant l'efficacit\u00e9 logistique. Nous garantissons une livraison rapide, vous permettant d'exp\u00e9rimenter cette solution de stockage esth\u00e9tique et pratique d\u00e8s que possible, apportant plus de commodit\u00e9 et d'\u00e9l\u00e9gance \u00e0 votre vie et \u00e0 votre travail.<\/p>\n<h3><strong><b>Sc\u00e9narios d'utilisation<\/b><\/strong><strong><b>\u00a0\u00a0<\/b><\/strong><\/h3>\n<p>Cette bo\u00eete \u00e0 fruits transparente WL-CM004 Manluen est sp\u00e9cialement con\u00e7ue pour transporter divers g\u00e2teaux, desserts et produits de boulangerie. Qu'il s'agisse de g\u00e2teaux chiffon moelleux, de g\u00e2teaux \u00e0 la cr\u00e8me sucr\u00e9s, de macarons d\u00e9licats ou de mini cupcakes, ils peuvent tous \u00eatre parfaitement expos\u00e9s et prot\u00e9g\u00e9s. En outre, ses propri\u00e9t\u00e9s de scellage garantissent la fra\u00eecheur et le go\u00fbt des aliments. Adapt\u00e9 \u00e0 diverses occasions telles que les r\u00e9unions de famille, les f\u00eates d'anniversaire, les c\u00e9l\u00e9brations de mariage, les pr\u00e9sentations en boulangerie et les ventes de desserts dans les caf\u00e9s, son design \u00e9l\u00e9gant et ses performances exceptionnelles ne manqueront pas d'ajouter de l'\u00e9clat \u00e0 vos \u00e9v\u00e9nements.<\/p>\n<h3><strong><b>Conception empilable<\/b><\/strong><\/h3>\n<p>Le r\u00e9cipient transparent \u00e0 emporter WL-CM004 Manluen est dot\u00e9 d'une conception empilable astucieuse qui optimise l'utilisation de l'espace vertical, ce qui rend le stockage plus efficace et plus ordonn\u00e9. La structure d'empilage robuste garantit la stabilit\u00e9 et la s\u00e9curit\u00e9 lors de l'empilage en plusieurs couches, ce qui permet une gestion facile et ordonn\u00e9e. Que ce soit \u00e0 la maison ou au bureau, ce design offre une exp\u00e9rience de stockage qui allie praticit\u00e9 et esth\u00e9tique.<\/p>\n<h3><strong><b>Transparent, \u00e9tanche et durable<\/b><\/strong><\/h3>\n<p>Notre conteneur transparent \u00e0 couvercle rabattable WL-CM004 Manluen se distingue par sa conception scell\u00e9e, transparente et durable. Le mat\u00e9riau hautement transparent permet de voir clairement le contenu, ce qui facilite l'acc\u00e8s. Son \u00e9tanch\u00e9it\u00e9 sup\u00e9rieure emp\u00eache efficacement la poussi\u00e8re et l'humidit\u00e9, prot\u00e9geant ainsi le contenu. La conception robuste de la charni\u00e8re garantit une ouverture et une fermeture en douceur et durables, alliant ainsi l'esth\u00e9tique \u00e0 l'utilit\u00e9. C'est le choix id\u00e9al pour un stockage efficace et une utilisation \u00e0 long terme.<\/p>","protected":false},"excerpt":{"rendered":"<p>The WL-CM004 Manluen Transparent Hinged Clamshell Container features a unique 285*205*50 mm size design, balancing capacity with spatial flexibility. The high-transparency material allows for clear visibility of contents, while the&hellip;<\/p>","protected":false},"featured_media":1407,"template":"","meta":{"_uag_custom_page_level_css":""},"product_brand":[],"product_cat":[21],"product_tag":[130,131],"class_list":{"0":"post-1796","1":"product","2":"type-product","3":"status-publish","4":"has-post-thumbnail","6":"product_cat-clamshell-containers","7":"product_tag-clamshell-container","8":"product_tag-transparent","10":"first","11":"instock","12":"shipping-taxable","13":"purchasable","14":"product-type-simple"},"spectra_custom_meta":{"rank_math_internal_links_processed":["1","1","1","1","1","1","1","1","1","1","1","1","1","1","1","1","1","1","1","1","1","1","1","1","1","1","1","1","1","1","1","1","1","1","1","1","1","1"],"_sku":["WL-CM004"],"_regular_price":["1"],"total_sales":["0"],"_tax_status":["taxable"],"_tax_class":[""],"_manage_stock":["no"],"_backorders":["no"],"_sold_individually":["no"],"_virtual":["no"],"_downloadable":["no"],"_product_image_gallery":["1703,1711,1710,1709,1708,1707,1706,1705"],"_download_limit":["0"],"_download_expiry":["0"],"_thumbnail_id":["1407"],"_stock":[null],"_stock_status":["instock"],"_wc_average_rating":["0"],"_wc_review_count":["0"],"_product_attributes":["a:2:{s:9:\"item-size\";a:6:{s:4:\"name\";s:9:\"Item Size\";s:5:\"value\";s:12:\"285*205*50mm\";s:8:\"position\";i:0;s:10:\"is_visible\";i:1;s:12:\"is_variation\";i:0;s:11:\"is_taxonomy\";i:0;}s:7:\"qty-ctn\";a:6:{s:4:\"name\";s:7:\"QTY\/CTN\";s:5:\"value\";s:3:\"250\";s:8:\"position\";i:1;s:10:\"is_visible\";i:1;s:12:\"is_variation\";i:0;s:11:\"is_taxonomy\";i:0;}}"],"_product_version":["9.4.2"],"_price":["1"],"_wp_old_date":["2024-11-26"],"rank_math_analytic_object_id":["24"],"classic-editor-remember":["classic-editor"],"rank_math_seo_score":["63"],"rank_math_contentai_score":["a:5:{s:8:\"keywords\";s:5:\"74.51\";s:9:\"wordCount\";s:1:\"0\";s:9:\"linkCount\";s:1:\"0\";s:12:\"headingCount\";s:1:\"0\";s:10:\"mediaCount\";s:1:\"0\";}"],"_jet_woo_template":[""],"_template_type":["default"],"rank_math_primary_product_cat":["21"],"_ywraq_hide_quote_button_check":[""],"_ywraq_hide_quote_button":["0"],"_edit_lock":["1752120789:1"],"_edit_last":["1"],"_wp_old_slug":["transparent-hinged-clamshell-container-wl-cm004"],"rank_math_focus_keyword":["Clamshell Container"],"_uag_css_file_name":["uag-css-1796.css"],"_uag_page_assets":["a:9:{s:3:\"css\";s:263:\".uag-blocks-common-selector{z-index:var(--z-index-desktop) !important}@media (max-width: 976px){.uag-blocks-common-selector{z-index:var(--z-index-tablet) !important}}@media (max-width: 767px){.uag-blocks-common-selector{z-index:var(--z-index-mobile) !important}}\n\";s:2:\"js\";s:0:\"\";s:18:\"current_block_list\";a:6:{i:0;s:10:\"core\/group\";i:1;s:12:\"core\/heading\";i:2;s:17:\"core\/latest-posts\";i:3;s:20:\"core\/latest-comments\";i:4;s:13:\"core\/archives\";i:5;s:15:\"core\/categories\";}s:8:\"uag_flag\";b:0;s:11:\"uag_version\";i:1777284247;s:6:\"gfonts\";a:0:{}s:10:\"gfonts_url\";s:0:\"\";s:12:\"gfonts_files\";a:0:{}s:14:\"uag_faq_layout\";b:0;}"]},"uagb_featured_image_src":{"full":["https:\/\/www.manluenpack.com\/wp-content\/uploads\/2024\/11\/20241225100613.jpg",1000,900,false],"thumbnail":["https:\/\/www.manluenpack.com\/wp-content\/uploads\/2024\/11\/20241225100613.jpg",150,135,false],"medium":["https:\/\/www.manluenpack.com\/wp-content\/uploads\/2024\/11\/20241225100613.jpg",300,270,false],"medium_large":["https:\/\/www.manluenpack.com\/wp-content\/uploads\/2024\/11\/20241225100613.jpg",768,691,false],"large":["https:\/\/www.manluenpack.com\/wp-content\/uploads\/2024\/11\/20241225100613.jpg",1000,900,false],"1536x1536":["https:\/\/www.manluenpack.com\/wp-content\/uploads\/2024\/11\/20241225100613.jpg",1000,900,false],"2048x2048":["https:\/\/www.manluenpack.com\/wp-content\/uploads\/2024\/11\/20241225100613.jpg",1000,900,false],"trp-custom-language-flag":["https:\/\/www.manluenpack.com\/wp-content\/uploads\/2024\/11\/20241225100613.jpg",13,12,false],"menu-24x24":["https:\/\/www.manluenpack.com\/wp-content\/uploads\/2024\/11\/20241225100613.jpg",24,22,false],"menu-36x36":["https:\/\/www.manluenpack.com\/wp-content\/uploads\/2024\/11\/20241225100613.jpg",36,32,false],"menu-48x48":["https:\/\/www.manluenpack.com\/wp-content\/uploads\/2024\/11\/20241225100613.jpg",48,43,false],"woocommerce_thumbnail":["https:\/\/www.manluenpack.com\/wp-content\/uploads\/2024\/11\/20241225100613-300x300.jpg",300,300,true],"woocommerce_single":["https:\/\/www.manluenpack.com\/wp-content\/uploads\/2024\/11\/20241225100613.jpg",600,540,false],"woocommerce_gallery_thumbnail":["https:\/\/www.manluenpack.com\/wp-content\/uploads\/2024\/11\/20241225100613-100x100.jpg",100,100,true]},"uagb_author_info":{"display_name":"ManLuenpack","author_link":"https:\/\/www.manluenpack.com\/fr\/author\/"},"uagb_comment_info":0,"uagb_excerpt":"The WL-CM004 Manluen Transparent Hinged Clamshell Container features a unique 285*205*50 mm size design, balancing capacity with spatial flexibility. The high-transparency material allows for clear visibility of contents, while the&hellip;","_links":{"self":[{"href":"https:\/\/www.manluenpack.com\/fr\/wp-json\/wp\/v2\/product\/1796","targetHints":{"allow":["GET"]}}],"collection":[{"href":"https:\/\/www.manluenpack.com\/fr\/wp-json\/wp\/v2\/product"}],"about":[{"href":"https:\/\/www.manluenpack.com\/fr\/wp-json\/wp\/v2\/types\/product"}],"wp:featuredmedia":[{"embeddable":true,"href":"https:\/\/www.manluenpack.com\/fr\/wp-json\/wp\/v2\/media\/1407"}],"wp:attachment":[{"href":"https:\/\/www.manluenpack.com\/fr\/wp-json\/wp\/v2\/media?parent=1796"}],"wp:term":[{"taxonomy":"product_brand","embeddable":true,"href":"https:\/\/www.manluenpack.com\/fr\/wp-json\/wp\/v2\/product_brand?post=1796"},{"taxonomy":"product_cat","embeddable":true,"href":"https:\/\/www.manluenpack.com\/fr\/wp-json\/wp\/v2\/product_cat?post=1796"},{"taxonomy":"product_tag","embeddable":true,"href":"https:\/\/www.manluenpack.com\/fr\/wp-json\/wp\/v2\/product_tag?post=1796"}],"curies":[{"name":"wp","href":"https:\/\/api.w.org\/{rel}","templated":true}]}}