{"id":1794,"date":"2025-04-01T20:58:34","date_gmt":"2025-04-01T12:58:34","guid":{"rendered":"https:\/\/www.manluenpack.com\/?post_type=product&#038;p=1794"},"modified":"2025-07-10T12:30:16","modified_gmt":"2025-07-10T04:30:16","slug":"wl-cm003h-manluen-transparent-hinged-flip-top-container","status":"publish","type":"product","link":"https:\/\/www.manluenpack.com\/fr\/products\/wl-cm003h-manluen-transparent-hinged-flip-top-container\/","title":{"rendered":"WL-CM003H R\u00e9cipient transparent \u00e0 couvercle rabattable Manluen"},"content":{"rendered":"<p>Con\u00e7u avec des dimensions uniques de 215*150*70 mm, le conteneur \u00e0 couvercle rabattable transparent WL-CM003H Manluen offre un \u00e9quilibre parfait entre la capacit\u00e9 et l'efficacit\u00e9 de l'espace. Son mat\u00e9riau transparent de haute qualit\u00e9 permet de voir le contenu d'un seul coup d'\u0153il, tandis que le couvercle \u00e0 charni\u00e8re durable s'ouvre et se ferme en douceur et sans effort. Dot\u00e9 d'excellentes propri\u00e9t\u00e9s d'\u00e9tanch\u00e9it\u00e9, il bloque efficacement l'air ext\u00e9rieur et les bact\u00e9ries, prolongeant ainsi la fra\u00eecheur des aliments et pr\u00e9servant leur valeur nutritionnelle.<\/p>\n<ul>\n<li>Type d'emballage<br \/>\nBo\u00eete en carton<\/li>\n<li>Couleur<br \/>\nTransparent<\/li>\n<li>Quantit\u00e9 par caisse<br \/>\n300 ensembles<\/li>\n<li>Mat\u00e9riau<br \/>\nCouvercle : OPS\/PET<\/li>\n<\/ul>\n<h3><strong><b>Emballage et livraison<\/b><\/strong><strong><b>\u00a0<\/b><\/strong><\/h3>\n<p>Fabriqu\u00e9 \u00e0 partir de mat\u00e9riaux OPS et PET respectueux de l'environnement, ce conteneur \u00e0 couvercle \u00e0 charni\u00e8re transparent WL-CM003H Manluen pr\u00e9sente un corps transparent avec un couvercle \u00e0 charni\u00e8re int\u00e9gr\u00e9 pour un fonctionnement en douceur et comprend des inserts absorbant les chocs pour un transit s\u00e9curis\u00e9. Les envois en vrac sont palettis\u00e9s et envelopp\u00e9s d'un film protecteur pour \u00e9viter la poussi\u00e8re et les dommages. Plusieurs options d'exp\u00e9dition sont disponibles, garantissant une livraison rapide et pr\u00e9cise pour votre confort.<\/p>\n<h3><strong><b>Sc\u00e9narios d'utilisation<\/b><\/strong><strong><b>\u00a0\u00a0<\/b><\/strong><\/h3>\n<p>Id\u00e9al pour les foyers, les restaurants, les h\u00f4tels et les services de vente \u00e0 emporter, ce r\u00e9cipient transparent \u00e0 couvercle rabattable WL-CM003H de Manluen est d'un format polyvalent qui permet d'accueillir une grande vari\u00e9t\u00e9 d'aliments - des sandwichs du petit-d\u00e9jeuner aux bentos du d\u00e9jeuner en passant par les salades du d\u00eener - tout en pr\u00e9servant la fra\u00eecheur et la saveur des aliments. Qu'il s'agisse de repas quotidiens \u00e0 la maison, de plats \u00e0 emporter au restaurant ou de livraison de nourriture, il constitue une solution d'emballage pratique, s\u00fbre et hygi\u00e9nique.<\/p>\n<h3><strong><b>Conception empilable<\/b><\/strong><\/h3>\n<p>La conception empilable intelligente de la bo\u00eete \u00e0 emporter transparente \u00e0 couvercle rabattable WL-CM003H de Manluen maximise l'espace vertical pour un stockage efficace. Sa structure d'empilage stable garantit un placement s\u00fbr de plusieurs couches, tandis que le mat\u00e9riau transparent permet d'identifier rapidement le contenu - combinant rangement et praticit\u00e9 pour l'organisation de la maison et du bureau.<\/p>\n<h3><strong><b>Transparent, \u00e9tanche et durable<\/b><\/strong><\/h3>\n<p>Le r\u00e9cipient \u00e0 couvercle rabattable transparent pour aliments WL-CM003H Manluen allie l'attrait visuel \u00e0 la fonctionnalit\u00e9 : le corps transparent permet de reconna\u00eetre facilement le contenu, le couvercle rabattable garantit un acc\u00e8s rapide et le mat\u00e9riau \u00e0 haute luminosit\u00e9 met les aliments en valeur de mani\u00e8re attrayante. Son \u00e9tanch\u00e9it\u00e9 sup\u00e9rieure emp\u00eache les fuites et la contamination crois\u00e9e, tandis que sa construction durable pr\u00e9serve son int\u00e9grit\u00e9. La conception \u00e9tanche \u00e0 l'air ne prot\u00e8ge pas seulement contre les d\u00e9versements, mais contribue \u00e9galement \u00e0 pr\u00e9server la fra\u00eecheur des aliments.<\/p>","protected":false},"excerpt":{"rendered":"<p>Designed with a unique 215*150*70 mm dimension, the WL-CM003H Manluen Transparent Hinged Flip-Top Container perfectly balances capacity and space efficiency. Its high-quality transparent material ensures contents are visible at a&hellip;<\/p>","protected":false},"featured_media":1407,"template":"","meta":{"_uag_custom_page_level_css":""},"product_brand":[],"product_cat":[21],"product_tag":[130,131],"class_list":{"0":"post-1794","1":"product","2":"type-product","3":"status-publish","4":"has-post-thumbnail","6":"product_cat-clamshell-containers","7":"product_tag-clamshell-container","8":"product_tag-transparent","10":"first","11":"instock","12":"shipping-taxable","13":"purchasable","14":"product-type-simple"},"spectra_custom_meta":{"rank_math_internal_links_processed":["1","1","1","1","1","1","1","1","1","1","1","1","1","1","1","1","1","1","1","1","1","1","1","1","1","1","1","1","1","1","1","1","1","1","1","1","1"],"_sku":["WL-CM003H"],"_regular_price":["1"],"total_sales":["0"],"_tax_status":["taxable"],"_tax_class":[""],"_manage_stock":["no"],"_backorders":["no"],"_sold_individually":["no"],"_virtual":["no"],"_downloadable":["no"],"_product_image_gallery":["1703,1711,1710,1709,1708,1707,1706,1705"],"_download_limit":["0"],"_download_expiry":["0"],"_thumbnail_id":["1407"],"_stock":[null],"_stock_status":["instock"],"_wc_average_rating":["0"],"_wc_review_count":["0"],"_product_attributes":["a:2:{s:9:\"item-size\";a:6:{s:4:\"name\";s:9:\"Item Size\";s:5:\"value\";s:12:\"215*150*70mm\";s:8:\"position\";i:0;s:10:\"is_visible\";i:1;s:12:\"is_variation\";i:0;s:11:\"is_taxonomy\";i:0;}s:7:\"qty-ctn\";a:6:{s:4:\"name\";s:7:\"QTY\/CTN\";s:5:\"value\";s:3:\"300\";s:8:\"position\";i:1;s:10:\"is_visible\";i:1;s:12:\"is_variation\";i:0;s:11:\"is_taxonomy\";i:0;}}"],"_product_version":["9.4.2"],"_price":["1"],"_wp_old_date":["2024-11-26"],"rank_math_analytic_object_id":["24"],"classic-editor-remember":["classic-editor"],"rank_math_seo_score":["63"],"rank_math_contentai_score":["a:5:{s:8:\"keywords\";s:5:\"74.51\";s:9:\"wordCount\";s:1:\"0\";s:9:\"linkCount\";s:1:\"0\";s:12:\"headingCount\";s:1:\"0\";s:10:\"mediaCount\";s:1:\"0\";}"],"_jet_woo_template":[""],"_template_type":["default"],"rank_math_primary_product_cat":["21"],"_ywraq_hide_quote_button_check":[""],"_ywraq_hide_quote_button":["0"],"_edit_lock":["1752122090:1"],"_edit_last":["1"],"_wp_old_slug":["transparent-hinged-flip-top-container-wl-cm003h"],"rank_math_focus_keyword":["Flip-Top Container"],"_uag_css_file_name":["uag-css-1794.css"],"_uag_page_assets":["a:9:{s:3:\"css\";s:0:\"\";s:2:\"js\";s:0:\"\";s:18:\"current_block_list\";a:6:{i:0;s:10:\"core\/group\";i:1;s:12:\"core\/heading\";i:2;s:17:\"core\/latest-posts\";i:3;s:20:\"core\/latest-comments\";i:4;s:13:\"core\/archives\";i:5;s:15:\"core\/categories\";}s:8:\"uag_flag\";b:0;s:11:\"uag_version\";i:1777278560;s:6:\"gfonts\";a:0:{}s:10:\"gfonts_url\";s:0:\"\";s:12:\"gfonts_files\";a:0:{}s:14:\"uag_faq_layout\";b:0;}"]},"uagb_featured_image_src":{"full":["https:\/\/www.manluenpack.com\/wp-content\/uploads\/2024\/11\/20241225100613.jpg",1000,900,false],"thumbnail":["https:\/\/www.manluenpack.com\/wp-content\/uploads\/2024\/11\/20241225100613.jpg",150,135,false],"medium":["https:\/\/www.manluenpack.com\/wp-content\/uploads\/2024\/11\/20241225100613.jpg",300,270,false],"medium_large":["https:\/\/www.manluenpack.com\/wp-content\/uploads\/2024\/11\/20241225100613.jpg",768,691,false],"large":["https:\/\/www.manluenpack.com\/wp-content\/uploads\/2024\/11\/20241225100613.jpg",1000,900,false],"1536x1536":["https:\/\/www.manluenpack.com\/wp-content\/uploads\/2024\/11\/20241225100613.jpg",1000,900,false],"2048x2048":["https:\/\/www.manluenpack.com\/wp-content\/uploads\/2024\/11\/20241225100613.jpg",1000,900,false],"trp-custom-language-flag":["https:\/\/www.manluenpack.com\/wp-content\/uploads\/2024\/11\/20241225100613.jpg",13,12,false],"menu-24x24":["https:\/\/www.manluenpack.com\/wp-content\/uploads\/2024\/11\/20241225100613.jpg",24,22,false],"menu-36x36":["https:\/\/www.manluenpack.com\/wp-content\/uploads\/2024\/11\/20241225100613.jpg",36,32,false],"menu-48x48":["https:\/\/www.manluenpack.com\/wp-content\/uploads\/2024\/11\/20241225100613.jpg",48,43,false],"woocommerce_thumbnail":["https:\/\/www.manluenpack.com\/wp-content\/uploads\/2024\/11\/20241225100613-300x300.jpg",300,300,true],"woocommerce_single":["https:\/\/www.manluenpack.com\/wp-content\/uploads\/2024\/11\/20241225100613.jpg",600,540,false],"woocommerce_gallery_thumbnail":["https:\/\/www.manluenpack.com\/wp-content\/uploads\/2024\/11\/20241225100613-100x100.jpg",100,100,true]},"uagb_author_info":{"display_name":"ManLuenpack","author_link":"https:\/\/www.manluenpack.com\/fr\/author\/"},"uagb_comment_info":0,"uagb_excerpt":"Designed with a unique 215*150*70 mm dimension, the WL-CM003H Manluen Transparent Hinged Flip-Top Container perfectly balances capacity and space efficiency. Its high-quality transparent material ensures contents are visible at a&hellip;","_links":{"self":[{"href":"https:\/\/www.manluenpack.com\/fr\/wp-json\/wp\/v2\/product\/1794","targetHints":{"allow":["GET"]}}],"collection":[{"href":"https:\/\/www.manluenpack.com\/fr\/wp-json\/wp\/v2\/product"}],"about":[{"href":"https:\/\/www.manluenpack.com\/fr\/wp-json\/wp\/v2\/types\/product"}],"wp:featuredmedia":[{"embeddable":true,"href":"https:\/\/www.manluenpack.com\/fr\/wp-json\/wp\/v2\/media\/1407"}],"wp:attachment":[{"href":"https:\/\/www.manluenpack.com\/fr\/wp-json\/wp\/v2\/media?parent=1794"}],"wp:term":[{"taxonomy":"product_brand","embeddable":true,"href":"https:\/\/www.manluenpack.com\/fr\/wp-json\/wp\/v2\/product_brand?post=1794"},{"taxonomy":"product_cat","embeddable":true,"href":"https:\/\/www.manluenpack.com\/fr\/wp-json\/wp\/v2\/product_cat?post=1794"},{"taxonomy":"product_tag","embeddable":true,"href":"https:\/\/www.manluenpack.com\/fr\/wp-json\/wp\/v2\/product_tag?post=1794"}],"curies":[{"name":"wp","href":"https:\/\/api.w.org\/{rel}","templated":true}]}}