{"id":1792,"date":"2025-04-01T20:53:30","date_gmt":"2025-04-01T12:53:30","guid":{"rendered":"https:\/\/www.manluenpack.com\/?post_type=product&#038;p=1792"},"modified":"2025-07-10T13:32:09","modified_gmt":"2025-07-10T05:32:09","slug":"transparent-clamshell-container-wl-cm003","status":"publish","type":"product","link":"https:\/\/www.manluenpack.com\/fr\/products\/transparent-clamshell-container-wl-cm003\/","title":{"rendered":"WL-CM003 R\u00e9cipient transparent \u00e0 coquille Manluen"},"content":{"rendered":"<p>Le conteneur transparent \u00e0 coquille WL-CM003 Manluen pr\u00e9sente un format unique de 215*155*55 mm, offrant une solution d\u00e9licate et compacte pour le stockage et la pr\u00e9sentation. Le mat\u00e9riau hautement transparent met clairement en \u00e9vidence le contenu, tandis que la structure robuste et durable garantit une utilisation \u00e0 long terme, ce qui en fait une solution de stockage id\u00e9ale qui allie praticit\u00e9 et esth\u00e9tique.<\/p>\n<ul>\n<li>Type d'emballage<br \/>\nBo\u00eete en carton<\/li>\n<li>Couleur<br \/>\nTransparent<\/li>\n<li>Quantit\u00e9 par caisse<br \/>\n400 jeux<\/li>\n<li>Mat\u00e9riau<br \/>\nCouvercle : OPS\/PET<\/li>\n<\/ul>\n<h3><strong><b>Emballage et livraison<\/b><\/strong><\/h3>\n<p>Le conteneur transparent \u00e0 couvercle rabattable WL-CM003 Manluen est soigneusement emball\u00e9 \u00e0 l'aide de mat\u00e9riaux \u00e9cologiques de haute qualit\u00e9 afin de garantir un transport s\u00fbr et sans dommage. Sa conception compacte optimise l'efficacit\u00e9 logistique, assurant une livraison rapide et ponctuelle, une protection fiable et un attrait esth\u00e9tique pour vos produits.<\/p>\n<h3><strong><b>Sc\u00e9narios d'utilisation<\/b><\/strong><strong><b>\u00a0\u00a0<\/b><\/strong><\/h3>\n<p>Gr\u00e2ce \u00e0 sa grande transparence et \u00e0 son design raffin\u00e9, le r\u00e9cipient alimentaire transparent \u00e0 couvercle rabattable WL-CM003 de Manluen convient \u00e0 de nombreux sc\u00e9narios. Qu'il s'agisse de la pr\u00e9sentation au d\u00e9tail, de l'emballage de produits ou du stockage et de l'organisation au quotidien, sa visibilit\u00e9 claire et sa praticit\u00e9 compacte concilent parfaitement les besoins de pr\u00e9sentation et de protection du contenu, cr\u00e9ant ainsi une exp\u00e9rience visuelle nette et ordonn\u00e9e.<\/p>\n<h3><strong><b>Conception empilable<\/b><\/strong><\/h3>\n<p>Ce r\u00e9cipient transparent \u00e0 emporter WL-CM003 Manluen est dot\u00e9 d'une conception empilable astucieuse qui optimise l'espace vertical et am\u00e9liore l'efficacit\u00e9 du stockage. Sa structure robuste garantit un empilage s\u00fbr et fiable, tout en pr\u00e9servant la propret\u00e9 et l'ordre. Il permet non seulement d'optimiser l'utilisation de l'espace, mais aussi de pr\u00e9server l'esth\u00e9tique de l'environnement et de le g\u00e9rer efficacement, en combinant parfaitement l'aspect pratique et la commodit\u00e9.<\/p>\n<h3><strong><b>Transparent, \u00e9tanche et durable<\/b><\/strong><strong><b>\u00a0<\/b><\/strong><\/h3>\n<p>Le r\u00e9cipient transparent WL-CM003 Manluen est fabriqu\u00e9 \u00e0 partir d'un mat\u00e9riau hautement transparent qui permet de voir clairement les aliments \u00e0 l'int\u00e9rieur, ce qui stimule l'app\u00e9tit. En m\u00eame temps, son \u00e9tanch\u00e9it\u00e9 sup\u00e9rieure emp\u00eache efficacement les fuites d'aliments et la contamination crois\u00e9e. Fabriqu\u00e9 dans un mat\u00e9riau robuste et durable, son syst\u00e8me de fermeture permet non seulement d'\u00e9viter les fuites et la contamination des aliments, mais aussi de pr\u00e9server la fra\u00eecheur des ingr\u00e9dients dans une certaine mesure.<\/p>","protected":false},"excerpt":{"rendered":"<p>The WL-CM003 Manluen Transparent Clamshell Container features a unique 215*155*55 mm size design, offering a delicate and compact solution for storage and display. The high-transparency material clearly showcases the contents,&hellip;<\/p>","protected":false},"featured_media":1407,"template":"","meta":{"_uag_custom_page_level_css":""},"product_brand":[],"product_cat":[21],"product_tag":[130,131],"class_list":{"0":"post-1792","1":"product","2":"type-product","3":"status-publish","4":"has-post-thumbnail","6":"product_cat-clamshell-containers","7":"product_tag-clamshell-container","8":"product_tag-transparent","10":"first","11":"instock","12":"shipping-taxable","13":"purchasable","14":"product-type-simple"},"spectra_custom_meta":{"rank_math_internal_links_processed":["1","1","1","1","1","1","1","1","1","1","1","1","1","1","1","1","1","1","1","1","1","1","1","1","1","1","1","1","1","1","1","1","1","1","1","1"],"_sku":["WL-CM003"],"_regular_price":["1"],"total_sales":["0"],"_tax_status":["taxable"],"_tax_class":[""],"_manage_stock":["no"],"_backorders":["no"],"_sold_individually":["no"],"_virtual":["no"],"_downloadable":["no"],"_product_image_gallery":["1703,1711,1710,1709,1708,1707,1706,1705"],"_download_limit":["0"],"_download_expiry":["0"],"_thumbnail_id":["1407"],"_stock":[null],"_stock_status":["instock"],"_wc_average_rating":["0"],"_wc_review_count":["0"],"_product_attributes":["a:2:{s:9:\"item-size\";a:6:{s:4:\"name\";s:9:\"Item Size\";s:5:\"value\";s:12:\"215*155*55mm\";s:8:\"position\";i:0;s:10:\"is_visible\";i:1;s:12:\"is_variation\";i:0;s:11:\"is_taxonomy\";i:0;}s:7:\"qty-ctn\";a:6:{s:4:\"name\";s:7:\"QTY\/CTN\";s:5:\"value\";s:3:\"400\";s:8:\"position\";i:1;s:10:\"is_visible\";i:1;s:12:\"is_variation\";i:0;s:11:\"is_taxonomy\";i:0;}}"],"_product_version":["9.4.2"],"_price":["1"],"_wp_old_date":["2024-11-26"],"rank_math_analytic_object_id":["24"],"classic-editor-remember":["classic-editor"],"rank_math_seo_score":["66"],"rank_math_contentai_score":["a:5:{s:8:\"keywords\";s:5:\"74.51\";s:9:\"wordCount\";s:1:\"0\";s:9:\"linkCount\";s:1:\"0\";s:12:\"headingCount\";s:1:\"0\";s:10:\"mediaCount\";s:1:\"0\";}"],"_jet_woo_template":[""],"_template_type":["default"],"rank_math_primary_product_cat":["21"],"_ywraq_hide_quote_button_check":[""],"_ywraq_hide_quote_button":["0"],"_edit_lock":["1752125523:1"],"_edit_last":["1"],"rank_math_focus_keyword":["Clamshell Container"],"_uag_css_file_name":["uag-css-1792.css"],"_uag_page_assets":["a:9:{s:3:\"css\";s:0:\"\";s:2:\"js\";s:0:\"\";s:18:\"current_block_list\";a:6:{i:0;s:10:\"core\/group\";i:1;s:12:\"core\/heading\";i:2;s:17:\"core\/latest-posts\";i:3;s:20:\"core\/latest-comments\";i:4;s:13:\"core\/archives\";i:5;s:15:\"core\/categories\";}s:8:\"uag_flag\";b:0;s:11:\"uag_version\";i:1777280504;s:6:\"gfonts\";a:0:{}s:10:\"gfonts_url\";s:0:\"\";s:12:\"gfonts_files\";a:0:{}s:14:\"uag_faq_layout\";b:0;}"]},"uagb_featured_image_src":{"full":["https:\/\/www.manluenpack.com\/wp-content\/uploads\/2024\/11\/20241225100613.jpg",1000,900,false],"thumbnail":["https:\/\/www.manluenpack.com\/wp-content\/uploads\/2024\/11\/20241225100613.jpg",150,135,false],"medium":["https:\/\/www.manluenpack.com\/wp-content\/uploads\/2024\/11\/20241225100613.jpg",300,270,false],"medium_large":["https:\/\/www.manluenpack.com\/wp-content\/uploads\/2024\/11\/20241225100613.jpg",768,691,false],"large":["https:\/\/www.manluenpack.com\/wp-content\/uploads\/2024\/11\/20241225100613.jpg",1000,900,false],"1536x1536":["https:\/\/www.manluenpack.com\/wp-content\/uploads\/2024\/11\/20241225100613.jpg",1000,900,false],"2048x2048":["https:\/\/www.manluenpack.com\/wp-content\/uploads\/2024\/11\/20241225100613.jpg",1000,900,false],"trp-custom-language-flag":["https:\/\/www.manluenpack.com\/wp-content\/uploads\/2024\/11\/20241225100613.jpg",13,12,false],"menu-24x24":["https:\/\/www.manluenpack.com\/wp-content\/uploads\/2024\/11\/20241225100613.jpg",24,22,false],"menu-36x36":["https:\/\/www.manluenpack.com\/wp-content\/uploads\/2024\/11\/20241225100613.jpg",36,32,false],"menu-48x48":["https:\/\/www.manluenpack.com\/wp-content\/uploads\/2024\/11\/20241225100613.jpg",48,43,false],"woocommerce_thumbnail":["https:\/\/www.manluenpack.com\/wp-content\/uploads\/2024\/11\/20241225100613-300x300.jpg",300,300,true],"woocommerce_single":["https:\/\/www.manluenpack.com\/wp-content\/uploads\/2024\/11\/20241225100613.jpg",600,540,false],"woocommerce_gallery_thumbnail":["https:\/\/www.manluenpack.com\/wp-content\/uploads\/2024\/11\/20241225100613-100x100.jpg",100,100,true]},"uagb_author_info":{"display_name":"ManLuenpack","author_link":"https:\/\/www.manluenpack.com\/fr\/author\/"},"uagb_comment_info":0,"uagb_excerpt":"The WL-CM003 Manluen Transparent Clamshell Container features a unique 215*155*55 mm size design, offering a delicate and compact solution for storage and display. The high-transparency material clearly showcases the contents,&hellip;","_links":{"self":[{"href":"https:\/\/www.manluenpack.com\/fr\/wp-json\/wp\/v2\/product\/1792","targetHints":{"allow":["GET"]}}],"collection":[{"href":"https:\/\/www.manluenpack.com\/fr\/wp-json\/wp\/v2\/product"}],"about":[{"href":"https:\/\/www.manluenpack.com\/fr\/wp-json\/wp\/v2\/types\/product"}],"wp:featuredmedia":[{"embeddable":true,"href":"https:\/\/www.manluenpack.com\/fr\/wp-json\/wp\/v2\/media\/1407"}],"wp:attachment":[{"href":"https:\/\/www.manluenpack.com\/fr\/wp-json\/wp\/v2\/media?parent=1792"}],"wp:term":[{"taxonomy":"product_brand","embeddable":true,"href":"https:\/\/www.manluenpack.com\/fr\/wp-json\/wp\/v2\/product_brand?post=1792"},{"taxonomy":"product_cat","embeddable":true,"href":"https:\/\/www.manluenpack.com\/fr\/wp-json\/wp\/v2\/product_cat?post=1792"},{"taxonomy":"product_tag","embeddable":true,"href":"https:\/\/www.manluenpack.com\/fr\/wp-json\/wp\/v2\/product_tag?post=1792"}],"curies":[{"name":"wp","href":"https:\/\/api.w.org\/{rel}","templated":true}]}}