{"id":1790,"date":"2025-04-01T20:49:19","date_gmt":"2025-04-01T12:49:19","guid":{"rendered":"https:\/\/www.manluenpack.com\/?post_type=product&#038;p=1790"},"modified":"2025-07-10T13:52:51","modified_gmt":"2025-07-10T05:52:51","slug":"wl-cm002-manluen-classic-hinged-clamshell-container","status":"publish","type":"product","link":"https:\/\/www.manluenpack.com\/fr\/products\/wl-cm002-manluen-classic-hinged-clamshell-container\/","title":{"rendered":"WL-CM002 Manluen Classic Clamshell Container 2"},"content":{"rendered":"<p>Con\u00e7u avec une empreinte compacte de 156*150*65 mm, le conteneur \u00e0 clapet classique WL-CM002 Manluen offre portabilit\u00e9 et rangement peu encombrant. Sa fen\u00eatre transparente met en valeur le contenu en un coup d'\u0153il, tandis que des mat\u00e9riaux robustes et des charni\u00e8res de pr\u00e9cision garantissent durabilit\u00e9 et ouverture facile\u2014id\u00e9al pour un rangement organis\u00e9 et une pr\u00e9sentation \u00e9l\u00e9gante.<\/p>\n<ul>\n<li>Type d'emballage<br \/>\nBo\u00eete en carton<\/li>\n<li>Couleur<br \/>\nTransparent<\/li>\n<li>Quantit\u00e9 par caisse<br \/>\n500 ensembles<\/li>\n<li>Mat\u00e9riau<br \/>\nCouvercle : OPS\/PET<\/li>\n<\/ul>\n<h3><strong><b>Emballage et livraison<\/b><\/strong><\/h3>\n<p>Conditionn\u00e9 dans des mat\u00e9riaux de haute qualit\u00e9 et respectueux de l'environnement, le conteneur transparent classique WL-CM002 Manluen arrive parfaitement prot\u00e9g\u00e9. Son design peu encombrant permet un empilement s\u00e9curis\u00e9, assurant une livraison rapide et efficace tout en laissant une premi\u00e8re impression soign\u00e9e.<\/p>\n<h3><strong><b>Sc\u00e9narios d'utilisation<\/b><\/strong><strong><b>\u00a0\u00a0<\/b><\/strong><\/h3>\n<p>Polyvalent par conception, le conteneur \u00e0 clapet classique WL-CM002 Manluen avec couvercle excelle dans les pr\u00e9sentations en magasin, l'emballage cadeau ou l'organisation quotidienne. La fen\u00eatre transparente et la taille compacte mettent en valeur le contenu de mani\u00e8re \u00e9l\u00e9gante, alliant esth\u00e9tique et protection fiable pour garder les articles propres et attrayants visuellement.<\/p>\n<h3><strong><b>Conception empilable<\/b><\/strong><\/h3>\n<p>Optimis\u00e9 pour l'espace, le design empilable du conteneur \u00e0 clapet transparent WL-CM002 maximise l'efficacit\u00e9 du stockage et du transport. Sa structure \u00e0 verrouillage s\u00e9curis\u00e9 emp\u00eache le renversement, maintenant la propret\u00e9 tout en optimisant chaque centim\u00e8tre d'espace.<\/p>\n<h3><strong><b>Transparent, \u00e9tanche et durable<\/b><\/strong><\/h3>\n<p>Fabriqu\u00e9 en mat\u00e9riau cristallin transparent, ce conteneur pr\u00e9sente les aliments de mani\u00e8re attrayante. Son \u00e9tanch\u00e9it\u00e9 sup\u00e9rieure anti-fuite maintient l'environnement propre, tandis que sa durabilit\u00e9 robuste r\u00e9siste \u00e0 l'usure quotidienne, garantissant une performance durable.<\/p>","protected":false},"excerpt":{"rendered":"<p>Designed with a compact 156*150*65 mm footprint, the WL-CM002 Manluen Classic Hinged Clamshell Container offers portability and space-saving storage. Its transparent window showcases contents at a glance, while sturdy materials&hellip;<\/p>","protected":false},"featured_media":1407,"template":"","meta":{"_uag_custom_page_level_css":""},"product_brand":[],"product_cat":[21],"product_tag":[130,131],"class_list":{"0":"post-1790","1":"product","2":"type-product","3":"status-publish","4":"has-post-thumbnail","6":"product_cat-clamshell-containers","7":"product_tag-clamshell-container","8":"product_tag-transparent","10":"first","11":"instock","12":"shipping-taxable","13":"purchasable","14":"product-type-simple"},"spectra_custom_meta":{"rank_math_internal_links_processed":["1","1","1","1","1","1","1","1","1","1","1","1","1","1","1","1","1","1","1","1","1","1","1","1","1","1","1","1","1","1","1","1","1","1","1"],"_sku":["WL-CM002"],"_regular_price":["1"],"total_sales":["0"],"_tax_status":["taxable"],"_tax_class":[""],"_manage_stock":["no"],"_backorders":["no"],"_sold_individually":["no"],"_virtual":["no"],"_downloadable":["no"],"_product_image_gallery":["1703,1711,1710,1709,1708,1707,1706,1705"],"_download_limit":["0"],"_download_expiry":["0"],"_thumbnail_id":["1407"],"_stock":[null],"_stock_status":["instock"],"_wc_average_rating":["0"],"_wc_review_count":["0"],"_product_attributes":["a:2:{s:9:\"item-size\";a:6:{s:4:\"name\";s:9:\"Item Size\";s:5:\"value\";s:12:\"156*150*65mm\";s:8:\"position\";i:0;s:10:\"is_visible\";i:1;s:12:\"is_variation\";i:0;s:11:\"is_taxonomy\";i:0;}s:7:\"qty-ctn\";a:6:{s:4:\"name\";s:7:\"QTY\/CTN\";s:5:\"value\";s:3:\"500\";s:8:\"position\";i:1;s:10:\"is_visible\";i:1;s:12:\"is_variation\";i:0;s:11:\"is_taxonomy\";i:0;}}"],"_product_version":["9.4.2"],"_price":["1"],"_wp_old_date":["2024-11-26"],"rank_math_analytic_object_id":["24"],"classic-editor-remember":["classic-editor"],"rank_math_seo_score":["66"],"rank_math_contentai_score":["a:5:{s:8:\"keywords\";s:5:\"74.51\";s:9:\"wordCount\";s:1:\"0\";s:9:\"linkCount\";s:1:\"0\";s:12:\"headingCount\";s:1:\"0\";s:10:\"mediaCount\";s:1:\"0\";}"],"_jet_woo_template":[""],"_template_type":["default"],"rank_math_primary_product_cat":["21"],"_ywraq_hide_quote_button_check":[""],"_ywraq_hide_quote_button":["0"],"_edit_lock":["1752126928:1"],"_edit_last":["1"],"_wp_old_slug":["classic-clamshell-hinged-container-wl-cm002","wl-cm002-manluen-classic-clamshell-hinged-container"],"rank_math_focus_keyword":["Clamshell Container"],"_uag_css_file_name":["uag-css-1790.css"],"_uag_page_assets":["a:9:{s:3:\"css\";s:0:\"\";s:2:\"js\";s:0:\"\";s:18:\"current_block_list\";a:6:{i:0;s:10:\"core\/group\";i:1;s:12:\"core\/heading\";i:2;s:17:\"core\/latest-posts\";i:3;s:20:\"core\/latest-comments\";i:4;s:13:\"core\/archives\";i:5;s:15:\"core\/categories\";}s:8:\"uag_flag\";b:0;s:11:\"uag_version\";i:1777278560;s:6:\"gfonts\";a:0:{}s:10:\"gfonts_url\";s:0:\"\";s:12:\"gfonts_files\";a:0:{}s:14:\"uag_faq_layout\";b:0;}"]},"uagb_featured_image_src":{"full":["https:\/\/www.manluenpack.com\/wp-content\/uploads\/2024\/11\/20241225100613.jpg",1000,900,false],"thumbnail":["https:\/\/www.manluenpack.com\/wp-content\/uploads\/2024\/11\/20241225100613.jpg",150,135,false],"medium":["https:\/\/www.manluenpack.com\/wp-content\/uploads\/2024\/11\/20241225100613.jpg",300,270,false],"medium_large":["https:\/\/www.manluenpack.com\/wp-content\/uploads\/2024\/11\/20241225100613.jpg",768,691,false],"large":["https:\/\/www.manluenpack.com\/wp-content\/uploads\/2024\/11\/20241225100613.jpg",1000,900,false],"1536x1536":["https:\/\/www.manluenpack.com\/wp-content\/uploads\/2024\/11\/20241225100613.jpg",1000,900,false],"2048x2048":["https:\/\/www.manluenpack.com\/wp-content\/uploads\/2024\/11\/20241225100613.jpg",1000,900,false],"trp-custom-language-flag":["https:\/\/www.manluenpack.com\/wp-content\/uploads\/2024\/11\/20241225100613.jpg",13,12,false],"menu-24x24":["https:\/\/www.manluenpack.com\/wp-content\/uploads\/2024\/11\/20241225100613.jpg",24,22,false],"menu-36x36":["https:\/\/www.manluenpack.com\/wp-content\/uploads\/2024\/11\/20241225100613.jpg",36,32,false],"menu-48x48":["https:\/\/www.manluenpack.com\/wp-content\/uploads\/2024\/11\/20241225100613.jpg",48,43,false],"woocommerce_thumbnail":["https:\/\/www.manluenpack.com\/wp-content\/uploads\/2024\/11\/20241225100613-300x300.jpg",300,300,true],"woocommerce_single":["https:\/\/www.manluenpack.com\/wp-content\/uploads\/2024\/11\/20241225100613.jpg",600,540,false],"woocommerce_gallery_thumbnail":["https:\/\/www.manluenpack.com\/wp-content\/uploads\/2024\/11\/20241225100613-100x100.jpg",100,100,true]},"uagb_author_info":{"display_name":"ManLuenpack","author_link":"https:\/\/www.manluenpack.com\/fr\/author\/"},"uagb_comment_info":0,"uagb_excerpt":"Designed with a compact 156*150*65 mm footprint, the WL-CM002 Manluen Classic Hinged Clamshell Container offers portability and space-saving storage. Its transparent window showcases contents at a glance, while sturdy materials&hellip;","_links":{"self":[{"href":"https:\/\/www.manluenpack.com\/fr\/wp-json\/wp\/v2\/product\/1790","targetHints":{"allow":["GET"]}}],"collection":[{"href":"https:\/\/www.manluenpack.com\/fr\/wp-json\/wp\/v2\/product"}],"about":[{"href":"https:\/\/www.manluenpack.com\/fr\/wp-json\/wp\/v2\/types\/product"}],"wp:featuredmedia":[{"embeddable":true,"href":"https:\/\/www.manluenpack.com\/fr\/wp-json\/wp\/v2\/media\/1407"}],"wp:attachment":[{"href":"https:\/\/www.manluenpack.com\/fr\/wp-json\/wp\/v2\/media?parent=1790"}],"wp:term":[{"taxonomy":"product_brand","embeddable":true,"href":"https:\/\/www.manluenpack.com\/fr\/wp-json\/wp\/v2\/product_brand?post=1790"},{"taxonomy":"product_cat","embeddable":true,"href":"https:\/\/www.manluenpack.com\/fr\/wp-json\/wp\/v2\/product_cat?post=1790"},{"taxonomy":"product_tag","embeddable":true,"href":"https:\/\/www.manluenpack.com\/fr\/wp-json\/wp\/v2\/product_tag?post=1790"}],"curies":[{"name":"wp","href":"https:\/\/api.w.org\/{rel}","templated":true}]}}