{"id":1789,"date":"2025-04-01T20:41:25","date_gmt":"2025-04-01T12:41:25","guid":{"rendered":"https:\/\/www.manluenpack.com\/?post_type=product&#038;p=1789"},"modified":"2025-07-10T13:55:30","modified_gmt":"2025-07-10T05:55:30","slug":"wl-cm001-manluen-classic-clamshell-container","status":"publish","type":"product","link":"https:\/\/www.manluenpack.com\/fr\/products\/wl-cm001-manluen-classic-clamshell-container\/","title":{"rendered":"Conteneur \u00e0 clapet classique Manluen WL-CM001"},"content":{"rendered":"<p>Le conteneur Manluen Classic Clamshell WL-CM001 pr\u00e9sente une taille unique de 152*85*70 mm, offrant une portabilit\u00e9 et une grande capacit\u00e9 tout en \u00e9quilibrant parfaitement l'aspect pratique et l'efficacit\u00e9 de l'espace. Son m\u00e9canisme d'ouverture et de fermeture \u00e0 clapet garantit un acc\u00e8s et un stockage faciles, tandis que le mat\u00e9riau durable assure une protection contre la poussi\u00e8re et l'humidit\u00e9, ce qui permet de l'utiliser dans diff\u00e9rents sc\u00e9narios. C'est l'alliance parfaite d'une organisation efficace et d'un design \u00e9l\u00e9gant.<\/p>\n<ul>\n<li>Type d'emballage<br \/>\nBo\u00eete en carton<\/li>\n<li>Couleur<br \/>\nTransparent<\/li>\n<li>Quantit\u00e9 par caisse<br \/>\n500 ensembles<\/li>\n<li>Mat\u00e9riau<br \/>\nCouvercle : OPS\/PET<\/li>\n<\/ul>\n<h3><strong><b>Emballage et livraison<\/b><\/strong><\/h3>\n<p>Le conteneur \u00e0 couvercle rabattable WL-CM001 Manluen est emball\u00e9 avec simplicit\u00e9 et \u00e9l\u00e9gance, en mettant l'accent sur la protection des d\u00e9tails afin de garantir que chaque produit arrive intact pendant le transport. Avec une livraison efficace et rapide, ses mat\u00e9riaux respectueux de l'environnement et sa conception r\u00e9fl\u00e9chie refl\u00e8tent un savoir-faire de haute qualit\u00e9, faisant de chaque d\u00e9ballage une exp\u00e9rience agr\u00e9able et donnant un sentiment de soin et de fiabilit\u00e9 \u00e0 l'usage.<\/p>\n<h3><strong><b>Sc\u00e9narios d'utilisation<\/b><\/strong><strong><b>\u00a0\u00a0<\/b><\/strong><\/h3>\n<p>Le conteneur transparent \u00e0 coquille WL-CM001 Manluen s'int\u00e8gre parfaitement dans divers sc\u00e9narios gr\u00e2ce \u00e0 son design raffin\u00e9 et \u00e0 ses performances pratiques. Qu'il s'agisse d'organiser de petits objets \u00e0 la maison, de ranger de la papeterie au bureau ou d'organiser des accessoires de voyage en d\u00e9placement, sa taille compacte et sa nature durable permettent de r\u00e9aliser toutes les t\u00e2ches sans effort. Sa conception \u00e9tanche \u00e0 la poussi\u00e8re et \u00e0 l'humidit\u00e9 en fait un choix id\u00e9al pour ranger des outils de pr\u00e9cision ou des accessoires de beaut\u00e9, alliant \u00e9l\u00e9gance et fonctionnalit\u00e9 pour am\u00e9liorer chaque d\u00e9tail de la vie.<\/p>\n<h3><strong><b>Conception empilable<\/b><\/strong><\/h3>\n<p>Ce conteneur classique Manluen WL-CM001 avec couvercle pr\u00e9sente un design empilable astucieux qui maximise l'utilisation de l'espace et am\u00e9liore l'efficacit\u00e9 du stockage. Sa structure robuste garantit un empilage s\u00fbr et fiable, pr\u00e9servant la propret\u00e9 et l'ordre. Que ce soit \u00e0 la maison, au bureau ou dans des environnements de stockage, il maximise l'utilisation de l'espace vertical, mettant en \u00e9vidence la fusion parfaite de l'esth\u00e9tique minimaliste et de la fonctionnalit\u00e9 pratique.<\/p>\n<h3><strong><b>Transparent, \u00e9tanche et durable<\/b><\/strong><\/h3>\n<p>Fabriqu\u00e9 dans un mat\u00e9riau hautement transparent, ce r\u00e9cipient \u00e0 charni\u00e8re WL-CM001 Manluen Classic permet de voir clairement le contenu \u00e0 l'int\u00e9rieur et de mettre en valeur la couleur et la forme des aliments. Il pr\u00e9sente \u00e9galement d'excellentes performances d'\u00e9tanch\u00e9it\u00e9, bloquant efficacement l'intrusion de l'air ext\u00e9rieur et des bact\u00e9ries. Qu'il soit transport\u00e9 ou stock\u00e9, il garantit la fra\u00eecheur et la s\u00e9curit\u00e9 du contenu \u00e0 tout moment.<\/p>","protected":false},"excerpt":{"rendered":"<p>The WL-CM001 Manluen Classic Clamshell Container features a unique 152*85*70 mm size design, offering portability and ample capacity while perfectly balancing practicality and space efficiency. Its smooth clamshell opening and&hellip;<\/p>","protected":false},"featured_media":1407,"template":"","meta":{"_uag_custom_page_level_css":""},"product_brand":[],"product_cat":[21],"product_tag":[130,131],"class_list":{"0":"post-1789","1":"product","2":"type-product","3":"status-publish","4":"has-post-thumbnail","6":"product_cat-clamshell-containers","7":"product_tag-clamshell-container","8":"product_tag-transparent","10":"first","11":"instock","12":"shipping-taxable","13":"purchasable","14":"product-type-simple"},"spectra_custom_meta":{"rank_math_internal_links_processed":["1","1","1","1","1","1","1","1","1","1","1","1","1","1","1","1","1","1","1","1","1","1","1","1","1","1","1","1","1","1","1","1","1","1"],"_sku":["WL-CM001"],"_regular_price":["1"],"total_sales":["0"],"_tax_status":["taxable"],"_tax_class":[""],"_manage_stock":["no"],"_backorders":["no"],"_sold_individually":["no"],"_virtual":["no"],"_downloadable":["no"],"_product_image_gallery":["1703,1711,1710,1709,1708,1707,1706,1705"],"_download_limit":["0"],"_download_expiry":["0"],"_thumbnail_id":["1407"],"_stock":[null],"_stock_status":["instock"],"_wc_average_rating":["0"],"_wc_review_count":["0"],"_product_attributes":["a:2:{s:9:\"item-size\";a:6:{s:4:\"name\";s:9:\"Item Size\";s:5:\"value\";s:11:\"152*85*70mm\";s:8:\"position\";i:0;s:10:\"is_visible\";i:1;s:12:\"is_variation\";i:0;s:11:\"is_taxonomy\";i:0;}s:7:\"qty-ctn\";a:6:{s:4:\"name\";s:7:\"QTY\/CTN\";s:5:\"value\";s:3:\"500\";s:8:\"position\";i:1;s:10:\"is_visible\";i:1;s:12:\"is_variation\";i:0;s:11:\"is_taxonomy\";i:0;}}"],"_product_version":["9.4.2"],"_price":["1"],"_wp_old_date":["2024-11-26"],"rank_math_analytic_object_id":["24"],"classic-editor-remember":["classic-editor"],"rank_math_seo_score":["66"],"rank_math_contentai_score":["a:5:{s:8:\"keywords\";s:5:\"74.51\";s:9:\"wordCount\";s:1:\"0\";s:9:\"linkCount\";s:1:\"0\";s:12:\"headingCount\";s:1:\"0\";s:10:\"mediaCount\";s:1:\"0\";}"],"_jet_woo_template":[""],"_template_type":["default"],"rank_math_primary_product_cat":["21"],"_ywraq_hide_quote_button_check":[""],"_ywraq_hide_quote_button":["0"],"_edit_lock":["1752126931:1"],"_edit_last":["1"],"_wp_old_slug":["classic-clamshell-container-wl-cm001"],"rank_math_focus_keyword":["Clamshell Container"],"_uag_css_file_name":["uag-css-1789.css"],"_uag_page_assets":["a:9:{s:3:\"css\";s:0:\"\";s:2:\"js\";s:0:\"\";s:18:\"current_block_list\";a:6:{i:0;s:10:\"core\/group\";i:1;s:12:\"core\/heading\";i:2;s:17:\"core\/latest-posts\";i:3;s:20:\"core\/latest-comments\";i:4;s:13:\"core\/archives\";i:5;s:15:\"core\/categories\";}s:8:\"uag_flag\";b:0;s:11:\"uag_version\";i:1777280504;s:6:\"gfonts\";a:0:{}s:10:\"gfonts_url\";s:0:\"\";s:12:\"gfonts_files\";a:0:{}s:14:\"uag_faq_layout\";b:0;}"]},"uagb_featured_image_src":{"full":["https:\/\/www.manluenpack.com\/wp-content\/uploads\/2024\/11\/20241225100613.jpg",1000,900,false],"thumbnail":["https:\/\/www.manluenpack.com\/wp-content\/uploads\/2024\/11\/20241225100613.jpg",150,135,false],"medium":["https:\/\/www.manluenpack.com\/wp-content\/uploads\/2024\/11\/20241225100613.jpg",300,270,false],"medium_large":["https:\/\/www.manluenpack.com\/wp-content\/uploads\/2024\/11\/20241225100613.jpg",768,691,false],"large":["https:\/\/www.manluenpack.com\/wp-content\/uploads\/2024\/11\/20241225100613.jpg",1000,900,false],"1536x1536":["https:\/\/www.manluenpack.com\/wp-content\/uploads\/2024\/11\/20241225100613.jpg",1000,900,false],"2048x2048":["https:\/\/www.manluenpack.com\/wp-content\/uploads\/2024\/11\/20241225100613.jpg",1000,900,false],"trp-custom-language-flag":["https:\/\/www.manluenpack.com\/wp-content\/uploads\/2024\/11\/20241225100613.jpg",13,12,false],"menu-24x24":["https:\/\/www.manluenpack.com\/wp-content\/uploads\/2024\/11\/20241225100613.jpg",24,22,false],"menu-36x36":["https:\/\/www.manluenpack.com\/wp-content\/uploads\/2024\/11\/20241225100613.jpg",36,32,false],"menu-48x48":["https:\/\/www.manluenpack.com\/wp-content\/uploads\/2024\/11\/20241225100613.jpg",48,43,false],"woocommerce_thumbnail":["https:\/\/www.manluenpack.com\/wp-content\/uploads\/2024\/11\/20241225100613-300x300.jpg",300,300,true],"woocommerce_single":["https:\/\/www.manluenpack.com\/wp-content\/uploads\/2024\/11\/20241225100613.jpg",600,540,false],"woocommerce_gallery_thumbnail":["https:\/\/www.manluenpack.com\/wp-content\/uploads\/2024\/11\/20241225100613-100x100.jpg",100,100,true]},"uagb_author_info":{"display_name":"ManLuenpack","author_link":"https:\/\/www.manluenpack.com\/fr\/author\/"},"uagb_comment_info":0,"uagb_excerpt":"The WL-CM001 Manluen Classic Clamshell Container features a unique 152*85*70 mm size design, offering portability and ample capacity while perfectly balancing practicality and space efficiency. Its smooth clamshell opening and&hellip;","_links":{"self":[{"href":"https:\/\/www.manluenpack.com\/fr\/wp-json\/wp\/v2\/product\/1789","targetHints":{"allow":["GET"]}}],"collection":[{"href":"https:\/\/www.manluenpack.com\/fr\/wp-json\/wp\/v2\/product"}],"about":[{"href":"https:\/\/www.manluenpack.com\/fr\/wp-json\/wp\/v2\/types\/product"}],"wp:featuredmedia":[{"embeddable":true,"href":"https:\/\/www.manluenpack.com\/fr\/wp-json\/wp\/v2\/media\/1407"}],"wp:attachment":[{"href":"https:\/\/www.manluenpack.com\/fr\/wp-json\/wp\/v2\/media?parent=1789"}],"wp:term":[{"taxonomy":"product_brand","embeddable":true,"href":"https:\/\/www.manluenpack.com\/fr\/wp-json\/wp\/v2\/product_brand?post=1789"},{"taxonomy":"product_cat","embeddable":true,"href":"https:\/\/www.manluenpack.com\/fr\/wp-json\/wp\/v2\/product_cat?post=1789"},{"taxonomy":"product_tag","embeddable":true,"href":"https:\/\/www.manluenpack.com\/fr\/wp-json\/wp\/v2\/product_tag?post=1789"}],"curies":[{"name":"wp","href":"https:\/\/api.w.org\/{rel}","templated":true}]}}