{"id":1780,"date":"2025-03-22T00:38:17","date_gmt":"2025-03-21T16:38:17","guid":{"rendered":"https:\/\/www.manluenpack.com\/?post_type=product&#038;p=1780"},"modified":"2025-07-08T00:05:04","modified_gmt":"2025-07-07T16:05:04","slug":"wl-556-manluen-bento-box","status":"publish","type":"product","link":"https:\/\/www.manluenpack.com\/fr\/products\/wl-556-manluen-bento-box\/","title":{"rendered":"WL-556 Bo\u00eete \u00e0 bento Manluen"},"content":{"rendered":"<p>La bo\u00eete \u00e0 bento \u00e0 cinq compartiments WL-556 pr\u00e9sente un design unique de 271x209x40 mm, divis\u00e9 scientifiquement en cinq sections distinctes pour emp\u00eacher le transfert de saveurs tout en conservant un profil mince et compact pour faciliter le transport. Fabriqu\u00e9e \u00e0 partir de mat\u00e9riaux de qualit\u00e9 alimentaire, s\u00fbrs et durables, elle est \u00e0 la fois saine et pratique. Son \u00e9tanch\u00e9it\u00e9 en fait un choix id\u00e9al pour les trajets quotidiens, les d\u00e9jeuners d'\u00e9tudiants ou les activit\u00e9s de plein air.<\/p>\n<ul>\n<li>Type d'emballage<br \/>\nBo\u00eete en carton<\/li>\n<li>Couleur<br \/>\nNoir<\/li>\n<li>Quantit\u00e9 par caisse<br \/>\n200 ensembles<\/li>\n<li>Mat\u00e9riau<br \/>\nCouvercle : PET\/OPS, Base : PS\/PP<\/li>\n<li>Sp\u00e9cifications de l'emballage<br \/>\n0,1 m\u00e8tre cube<\/li>\n<\/ul>\n<p>&nbsp;<\/p>\n<ul>\n<li style=\"list-style-type: none;\">\n<table style=\"height: 160px;\" width=\"500\"><!-- \u8868\u683c\u7684\u8fb9\u6846\u4e3a1\u4e2a\u50cf\u7d20 --><!-- \u5355\u5143\u683c\u7684\u5185\u8fb9\u8ddd\u4e3a1\u50cf\u7d20 --><!-- \u5355\u5143\u683c\u4e4b\u95f4\u7684\u95f4\u8ddd\u4e3a0\u50cf\u7d20 --><!-- \u8fb9\u6846\u89c4\u5219\u4e3a\u4e24\u4fa7\u8fb9\u6846 --><\/p>\n<tbody>\n<tr>\n<td align=\"center\" bgcolor=\"EFEFEF\"><\/td>\n<td align=\"center\" bgcolor=\"EFEFEF\">Taille du produit<\/td>\n<td align=\"center\" bgcolor=\"EFEFEF\">Quantit\u00e9<\/td>\n<td align=\"center\" bgcolor=\"EFEFEF\">Taille du carton<\/td>\n<\/tr>\n<tr>\n<td align=\"center\" bgcolor=\"EFEFEF\">WL-556<\/td>\n<td align=\"center\">271*209*40mm<\/td>\n<td align=\"center\">200<\/td>\n<td align=\"center\">560*350*435<\/td>\n<\/tr>\n<tr>\n<td align=\"center\" bgcolor=\"EFEFEF\">WL-8304<\/td>\n<td align=\"center\">239*190*44mm<\/td>\n<td align=\"center\">300<\/td>\n<td align=\"center\">600*380*500<\/td>\n<\/tr>\n<tr>\n<td align=\"center\" bgcolor=\"EFEFEF\">WL-8305<\/td>\n<td align=\"center\">239*190*54mm<\/td>\n<td align=\"center\">300<\/td>\n<td align=\"center\">585*345*486<\/td>\n<\/tr>\n<tr>\n<td align=\"center\" bgcolor=\"EFEFEF\">WL-8306<\/td>\n<td align=\"center\">268*208*54mm<\/td>\n<td align=\"center\">200<\/td>\n<td align=\"center\">550*345*430<\/td>\n<\/tr>\n<tr>\n<td align=\"center\" bgcolor=\"EFEFEF\">WL-8307<\/td>\n<td align=\"center\">270*269*54mm<\/td>\n<td align=\"center\">100<\/td>\n<td align=\"center\">560*400*285<\/td>\n<\/tr>\n<\/tbody>\n<\/table>\n<\/li>\n<li><a href=\"https:\/\/www.manluenpack.com\/fr\/products\/\">PLUS DE STYLE, PLUS DE STYLES...<\/a><\/li>\n<\/ul>\n<h3><strong><b>Emballage et livraison<\/b><\/strong><\/h3>\n<p>La bo\u00eete \u00e0 bento froide \u00e0 cinq compartiments WL-556 est pr\u00e9sent\u00e9e dans un emballage simple et \u00e9l\u00e9gant, qui allie parfaitement fonctionnalit\u00e9 et esth\u00e9tique. Envelopp\u00e9e dans des mat\u00e9riaux respectueux de l'environnement, elle reste intacte et en s\u00e9curit\u00e9 pendant le transport. Des instructions claires sont incluses pour plus de commodit\u00e9. La livraison rapide et efficace vous permet de profiter au plus vite des avantages de cette bo\u00eete \u00e0 bento pratique et de qualit\u00e9.<\/p>\n<h3><strong><b>Sc\u00e9narios d'utilisation<\/b><\/strong><strong><b>\u00a0\u00a0<\/b><\/strong><\/h3>\n<p>La bo\u00eete \u00e0 bento de gros WL-556 est polyvalente et convient aux d\u00e9jeuners sains des employ\u00e9s de bureau, aux repas nutritifs des \u00e9tudiants ou m\u00eame aux \u00e9l\u00e9gants pique-niques en plein air. Gr\u00e2ce \u00e0 son compartimentage scientifique, chaque plat reste \u00e0 sa place, pr\u00e9servant ainsi les saveurs d'origine. L\u00e9g\u00e8re et portable, elle vous permet de d\u00e9guster de d\u00e9licieux repas \u00e0 tout moment et en tout lieu, alliant commodit\u00e9 et style.<\/p>\n<h3><strong><b>Conception empilable<\/b><\/strong><\/h3>\n<p>La bo\u00eete \u00e0 bento WL-556 Customise pr\u00e9sente un design empilable astucieux qui optimise l'efficacit\u00e9 de l'espace. Qu'elle soit rang\u00e9e \u00e0 la maison ou emport\u00e9e en d\u00e9placement, sa structure empilable robuste permet d'\u00e9conomiser de l'espace tout en conservant son attrait esth\u00e9tique et son aspect pratique, ajoutant ordre et commodit\u00e9 \u00e0 votre vie quotidienne.<\/p>\n<h3><strong><b>Caract\u00e9ristiques et avantages de la forme<\/b><\/strong><\/h3>\n<p>Cette bo\u00eete \u00e0 bento \u00e0 cinq compartiments pr\u00e9sente un design carr\u00e9 aux lignes \u00e9pur\u00e9es et fluides, alliant beaut\u00e9 et fonctionnalit\u00e9. La forme carr\u00e9e facilite non seulement l'empilage, mais optimise \u00e9galement l'utilisation de l'espace. En outre, sa disposition unique en cinq sections permet de s\u00e9parer clairement les aliments, \u00e9vitant ainsi les m\u00e9langes de saveurs et les confusions entre les plats.<\/p>\n<p><a href=\"https:\/\/www.google.com\/search?q=manluenpack\" target=\"_blank\" rel=\"noopener\">PLUS D'INFORMATIONS...<\/a><\/p>","protected":false},"excerpt":{"rendered":"<p>The WL-556 Five-Compartment Bento Box features a unique 271x209x40 mm design, scientifically divided into five separate sections to prevent flavor transfer while maintaining a slim and compact profile for easy&hellip;<\/p>","protected":false},"featured_media":2912,"template":"","meta":{"_uag_custom_page_level_css":""},"product_brand":[],"product_cat":[19],"product_tag":[117,118,120],"class_list":{"0":"post-1780","1":"product","2":"type-product","3":"status-publish","4":"has-post-thumbnail","6":"product_cat-bento-boxes","7":"product_tag-bento-box","8":"product_tag-black","9":"product_tag-compartments","11":"first","12":"instock","13":"shipping-taxable","14":"purchasable","15":"product-type-simple"},"spectra_custom_meta":{"rank_math_internal_links_processed":["1","1","1","1","1","1","1","1","1","1","1","1","1","1","1","1","1","1","1","1","1","1","1","1","1","1","1","1","1","1","1","1"],"_sku":["WL-556"],"_regular_price":["1"],"total_sales":["0"],"_tax_status":["taxable"],"_tax_class":[""],"_manage_stock":["no"],"_backorders":["no"],"_sold_individually":["no"],"_virtual":["no"],"_downloadable":["no"],"_product_image_gallery":["2916,2915,2914,2913"],"_download_limit":["0"],"_download_expiry":["0"],"_thumbnail_id":["2912"],"_stock":[null],"_stock_status":["instock"],"_wc_average_rating":["0"],"_wc_review_count":["0"],"_product_attributes":["a:2:{s:9:\"item-size\";a:6:{s:4:\"name\";s:9:\"Item Size\";s:5:\"value\";s:12:\"271x209x40mm\";s:8:\"position\";i:0;s:10:\"is_visible\";i:1;s:12:\"is_variation\";i:0;s:11:\"is_taxonomy\";i:0;}s:7:\"qty-ctn\";a:6:{s:4:\"name\";s:7:\"QTY\/CTN\";s:5:\"value\";s:3:\"200\";s:8:\"position\";i:1;s:10:\"is_visible\";i:1;s:12:\"is_variation\";i:0;s:11:\"is_taxonomy\";i:0;}}"],"_product_version":["9.4.2"],"_price":["1"],"_wp_old_date":["2024-11-26"],"rank_math_analytic_object_id":["24"],"classic-editor-remember":["classic-editor"],"rank_math_seo_score":["81"],"rank_math_contentai_score":["a:5:{s:8:\"keywords\";s:5:\"74.51\";s:9:\"wordCount\";s:1:\"0\";s:9:\"linkCount\";s:1:\"0\";s:12:\"headingCount\";s:1:\"0\";s:10:\"mediaCount\";s:1:\"0\";}"],"_jet_woo_template":[""],"_template_type":["default"],"rank_math_primary_product_cat":["19"],"_ywraq_hide_quote_button_check":[""],"_ywraq_hide_quote_button":["0"],"_edit_lock":["1751904308:1"],"_edit_last":["1"],"_wp_old_slug":["five-compartment-bento-box-wl-556"],"rank_math_focus_keyword":["Bento Box"],"_uag_css_file_name":["uag-css-1780.css"],"_uag_page_assets":["a:9:{s:3:\"css\";s:263:\".uag-blocks-common-selector{z-index:var(--z-index-desktop) !important}@media (max-width: 976px){.uag-blocks-common-selector{z-index:var(--z-index-tablet) !important}}@media (max-width: 767px){.uag-blocks-common-selector{z-index:var(--z-index-mobile) !important}}\n\";s:2:\"js\";s:0:\"\";s:18:\"current_block_list\";a:6:{i:0;s:10:\"core\/group\";i:1;s:12:\"core\/heading\";i:2;s:17:\"core\/latest-posts\";i:3;s:20:\"core\/latest-comments\";i:4;s:13:\"core\/archives\";i:5;s:15:\"core\/categories\";}s:8:\"uag_flag\";b:0;s:11:\"uag_version\";i:1777202860;s:6:\"gfonts\";a:0:{}s:10:\"gfonts_url\";s:0:\"\";s:12:\"gfonts_files\";a:0:{}s:14:\"uag_faq_layout\";b:0;}"]},"uagb_featured_image_src":{"full":["https:\/\/www.manluenpack.com\/wp-content\/uploads\/2025\/03\/WL-556-manluen-bento-boxes.webp",1000,1000,false],"thumbnail":["https:\/\/www.manluenpack.com\/wp-content\/uploads\/2025\/03\/WL-556-manluen-bento-boxes.webp",150,150,false],"medium":["https:\/\/www.manluenpack.com\/wp-content\/uploads\/2025\/03\/WL-556-manluen-bento-boxes.webp",300,300,false],"medium_large":["https:\/\/www.manluenpack.com\/wp-content\/uploads\/2025\/03\/WL-556-manluen-bento-boxes.webp",768,768,false],"large":["https:\/\/www.manluenpack.com\/wp-content\/uploads\/2025\/03\/WL-556-manluen-bento-boxes.webp",1000,1000,false],"1536x1536":["https:\/\/www.manluenpack.com\/wp-content\/uploads\/2025\/03\/WL-556-manluen-bento-boxes.webp",1000,1000,false],"2048x2048":["https:\/\/www.manluenpack.com\/wp-content\/uploads\/2025\/03\/WL-556-manluen-bento-boxes.webp",1000,1000,false],"trp-custom-language-flag":["https:\/\/www.manluenpack.com\/wp-content\/uploads\/2025\/03\/WL-556-manluen-bento-boxes.webp",12,12,false],"menu-24x24":["https:\/\/www.manluenpack.com\/wp-content\/uploads\/2025\/03\/WL-556-manluen-bento-boxes.webp",24,24,false],"menu-36x36":["https:\/\/www.manluenpack.com\/wp-content\/uploads\/2025\/03\/WL-556-manluen-bento-boxes.webp",36,36,false],"menu-48x48":["https:\/\/www.manluenpack.com\/wp-content\/uploads\/2025\/03\/WL-556-manluen-bento-boxes.webp",48,48,false],"woocommerce_thumbnail":["https:\/\/www.manluenpack.com\/wp-content\/uploads\/2025\/03\/WL-556-manluen-bento-boxes.webp",300,300,false],"woocommerce_single":["https:\/\/www.manluenpack.com\/wp-content\/uploads\/2025\/03\/WL-556-manluen-bento-boxes.webp",600,600,false],"woocommerce_gallery_thumbnail":["https:\/\/www.manluenpack.com\/wp-content\/uploads\/2025\/03\/WL-556-manluen-bento-boxes.webp",100,100,false]},"uagb_author_info":{"display_name":"ManLuenpack","author_link":"https:\/\/www.manluenpack.com\/fr\/author\/"},"uagb_comment_info":0,"uagb_excerpt":"The WL-556 Five-Compartment Bento Box features a unique 271x209x40 mm design, scientifically divided into five separate sections to prevent flavor transfer while maintaining a slim and compact profile for easy&hellip;","_links":{"self":[{"href":"https:\/\/www.manluenpack.com\/fr\/wp-json\/wp\/v2\/product\/1780","targetHints":{"allow":["GET"]}}],"collection":[{"href":"https:\/\/www.manluenpack.com\/fr\/wp-json\/wp\/v2\/product"}],"about":[{"href":"https:\/\/www.manluenpack.com\/fr\/wp-json\/wp\/v2\/types\/product"}],"wp:featuredmedia":[{"embeddable":true,"href":"https:\/\/www.manluenpack.com\/fr\/wp-json\/wp\/v2\/media\/2912"}],"wp:attachment":[{"href":"https:\/\/www.manluenpack.com\/fr\/wp-json\/wp\/v2\/media?parent=1780"}],"wp:term":[{"taxonomy":"product_brand","embeddable":true,"href":"https:\/\/www.manluenpack.com\/fr\/wp-json\/wp\/v2\/product_brand?post=1780"},{"taxonomy":"product_cat","embeddable":true,"href":"https:\/\/www.manluenpack.com\/fr\/wp-json\/wp\/v2\/product_cat?post=1780"},{"taxonomy":"product_tag","embeddable":true,"href":"https:\/\/www.manluenpack.com\/fr\/wp-json\/wp\/v2\/product_tag?post=1780"}],"curies":[{"name":"wp","href":"https:\/\/api.w.org\/{rel}","templated":true}]}}