{"id":1779,"date":"2025-03-21T00:52:33","date_gmt":"2025-03-20T16:52:33","guid":{"rendered":"https:\/\/www.manluenpack.com\/?post_type=product&#038;p=1779"},"modified":"2025-07-08T00:13:26","modified_gmt":"2025-07-07T16:13:26","slug":"wl-8307-manluen-bento-box","status":"publish","type":"product","link":"https:\/\/www.manluenpack.com\/fr\/products\/wl-8307-manluen-bento-box\/","title":{"rendered":"WL-8307 Bo\u00eete \u00e0 bento Manluen"},"content":{"rendered":"<p>La bo\u00eete \u00e0 bento \u00e0 grand compartiment WL-8307 pr\u00e9sente un format unique de 270*269*54 mm, offrant une grande capacit\u00e9 avec des s\u00e9parations bien planifi\u00e9es pour r\u00e9pondre \u00e0 divers besoins alimentaires. Fabriqu\u00e9e \u00e0 partir de mat\u00e9riaux de premi\u00e8re qualit\u00e9, elle est s\u00fbre, durable et pr\u00e9sente d'excellentes performances en mati\u00e8re d'\u00e9tanch\u00e9it\u00e9, ce qui la rend parfaite pour une utilisation \u00e0 la maison, au bureau ou \u00e0 l'ext\u00e9rieur. C'est le compagnon id\u00e9al pour un mode de vie sain et pratique.<\/p>\n<ul>\n<li>Type d'emballage<br \/>\nBo\u00eete en carton<\/li>\n<li>Couleur<br \/>\nNoir<\/li>\n<li>Quantit\u00e9 par caisse<br \/>\n100 jeux<\/li>\n<li>Mat\u00e9riau<br \/>\nCouvercle : PET\/OPS, Base : PS\/PP<\/li>\n<li>Sp\u00e9cifications de l'emballage<br \/>\n0,065 m\u00e8tre cube<\/li>\n<\/ul>\n<p>&nbsp;<\/p>\n<ul>\n<li style=\"list-style-type: none;\">\n<table style=\"height: 160px;\" width=\"500\"><!-- \u8868\u683c\u7684\u8fb9\u6846\u4e3a1\u4e2a\u50cf\u7d20 --><!-- \u5355\u5143\u683c\u7684\u5185\u8fb9\u8ddd\u4e3a1\u50cf\u7d20 --><!-- \u5355\u5143\u683c\u4e4b\u95f4\u7684\u95f4\u8ddd\u4e3a0\u50cf\u7d20 --><!-- \u8fb9\u6846\u89c4\u5219\u4e3a\u4e24\u4fa7\u8fb9\u6846 --><\/p>\n<tbody>\n<tr>\n<td align=\"center\" bgcolor=\"EFEFEF\"><\/td>\n<td align=\"center\" bgcolor=\"EFEFEF\">Taille du produit<\/td>\n<td align=\"center\" bgcolor=\"EFEFEF\">Quantit\u00e9<\/td>\n<td align=\"center\" bgcolor=\"EFEFEF\">Taille du carton<\/td>\n<\/tr>\n<tr>\n<td align=\"center\" bgcolor=\"EFEFEF\">WL-556<\/td>\n<td align=\"center\">271*209*40mm<\/td>\n<td align=\"center\">200<\/td>\n<td align=\"center\">560*350*435<\/td>\n<\/tr>\n<tr>\n<td align=\"center\" bgcolor=\"EFEFEF\">WL-8304<\/td>\n<td align=\"center\">239*190*44mm<\/td>\n<td align=\"center\">300<\/td>\n<td align=\"center\">600*380*500<\/td>\n<\/tr>\n<tr>\n<td align=\"center\" bgcolor=\"EFEFEF\">WL-8305<\/td>\n<td align=\"center\">239*190*54mm<\/td>\n<td align=\"center\">300<\/td>\n<td align=\"center\">585*345*486<\/td>\n<\/tr>\n<tr>\n<td align=\"center\" bgcolor=\"EFEFEF\">WL-8306<\/td>\n<td align=\"center\">268*208*54mm<\/td>\n<td align=\"center\">200<\/td>\n<td align=\"center\">550*345*430<\/td>\n<\/tr>\n<tr>\n<td align=\"center\" bgcolor=\"EFEFEF\">WL-8307<\/td>\n<td align=\"center\">270*269*54mm<\/td>\n<td align=\"center\">100<\/td>\n<td align=\"center\">560*400*285<\/td>\n<\/tr>\n<\/tbody>\n<\/table>\n<\/li>\n<li><a href=\"https:\/\/www.manluenpack.com\/fr\/products\/\">PLUS DE STYLE, PLUS DE STYLES...<\/a><\/li>\n<\/ul>\n<h3><strong><b>Emballage et livraison<\/b><\/strong><\/h3>\n<p>La bo\u00eete \u00e0 bento WL-8307 Lunch Bento Box Manufacturer est pr\u00e9sent\u00e9e dans un emballage simple et respectueux de l'environnement, qui met en valeur la qualit\u00e9 et la pr\u00e9venance. L'emballage scientifiquement con\u00e7u garantit la stabilit\u00e9 et la s\u00e9curit\u00e9 pendant le transport, avec une livraison rapide pour votre confort. Qu'il s'agisse d'un usage personnel ou d'un cadeau, cette bo\u00eete allie parfaitement praticit\u00e9 et esth\u00e9tique, ajoutant une touche de raffinement et de tranquillit\u00e9 d'esprit \u00e0 votre vie.<\/p>\n<h3><strong><b>Sc\u00e9narios d'utilisation<\/b><\/strong><strong><b>\u00a0\u00a0<\/b><\/strong><\/h3>\n<p>La bo\u00eete \u00e0 bento \u00e0 grand compartiment WL-8307 est suffisamment polyvalente pour s'adapter \u00e0 diff\u00e9rents sc\u00e9narios, qu'il s'agisse de d\u00e9jeuners sur le lieu de travail, de repas \u00e0 l'\u00e9cole, de sorties le week-end ou de pique-niques. Sa conception cloisonn\u00e9e permet de transporter facilement une grande vari\u00e9t\u00e9 d'aliments, tandis que sa fonction anti-fuite garantit un voyage sans souci. Alliant praticit\u00e9 et beaut\u00e9, il apporte commodit\u00e9 et plaisir \u00e0 chaque repas.<\/p>\n<h3><strong><b>Conception empilable <\/b><\/strong><\/h3>\n<p>La bo\u00eete \u00e0 bento \u00e0 grand compartiment WL-8307 pr\u00e9sente un design empilable qui permet d'\u00e9conomiser de l'espace et d'am\u00e9liorer l'efficacit\u00e9 du rangement. Sa structure empilable robuste permet de garder les objets bien rang\u00e9s et organis\u00e9s, qu'ils soient stock\u00e9s \u00e0 la maison ou transport\u00e9s \u00e0 l'ext\u00e9rieur, ce qui simplifie la vie et la rend plus efficace. Cette conception allie parfaitement praticit\u00e9 et esth\u00e9tique.<\/p>\n<h3><strong><b>Caract\u00e9ristiques de la forme et de la conception<\/b><\/strong><\/h3>\n<p>La bo\u00eete \u00e0 bento de grande capacit\u00e9 WL-8307 adopte un design carr\u00e9 aux lignes \u00e9pur\u00e9es et douces, alliant esth\u00e9tique et fonctionnalit\u00e9. Ses cinq compartiments facilitent la disposition et l'acc\u00e8s aux aliments. En outre, ce mod\u00e8le est facile \u00e0 nettoyer et \u00e0 d\u00e9sinfecter, ce qui garantit l'hygi\u00e8ne de votre vaisselle. Le couvercle transparent offre une vue claire du contenu, ce qui permet aux utilisateurs de contr\u00f4ler la fra\u00eecheur de leurs aliments \u00e0 tout moment.<\/p>\n<h3><strong><b>\u00c9tanch\u00e9it\u00e9 et durabilit\u00e9 robuste<\/b><\/strong><\/h3>\n<p>La bo\u00eete \u00e0 bento de grande capacit\u00e9 WL-8307 est dot\u00e9e d'un syst\u00e8me de fermeture \u00e9tanche qui emp\u00eache les fuites d'aliments et pr\u00e9serve la propret\u00e9 des sacs et de l'environnement. Les mat\u00e9riaux de haute qualit\u00e9 et la conception structurelle garantissent une excellente durabilit\u00e9, r\u00e9sistant aux d\u00e9formations et aux dommages au fil du temps.<\/p>\n<p><a href=\"https:\/\/www.google.com\/search?q=manluenpack\" target=\"_blank\" rel=\"noopener\">PLUS D'INFORMATIONS...<\/a><\/p>","protected":false},"excerpt":{"rendered":"<p>The WL-8307 Large Compartment Bento Box features a unique size design of 270*269*54mm, offering ample capacity with well-planned partitions to meet diverse dietary requirements. Made from premium materials, it is&hellip;<\/p>","protected":false},"featured_media":2896,"template":"","meta":{"_uag_custom_page_level_css":""},"product_brand":[],"product_cat":[19],"product_tag":[117,118],"class_list":{"0":"post-1779","1":"product","2":"type-product","3":"status-publish","4":"has-post-thumbnail","6":"product_cat-bento-boxes","7":"product_tag-bento-box","8":"product_tag-black","10":"first","11":"instock","12":"shipping-taxable","13":"purchasable","14":"product-type-simple"},"spectra_custom_meta":{"rank_math_internal_links_processed":["1","1","1","1","1","1","1","1","1","1","1","1","1","1","1","1","1","1","1","1","1","1","1","1","1","1","1","1","1","1","1"],"_sku":["WL-8307"],"_regular_price":["1"],"total_sales":["0"],"_tax_status":["taxable"],"_tax_class":[""],"_manage_stock":["no"],"_backorders":["no"],"_sold_individually":["no"],"_virtual":["no"],"_downloadable":["no"],"_product_image_gallery":["2901,2900,2899,2898,2897"],"_download_limit":["0"],"_download_expiry":["0"],"_thumbnail_id":["2896"],"_stock":[null],"_stock_status":["instock"],"_wc_average_rating":["0"],"_wc_review_count":["0"],"_product_attributes":["a:2:{s:9:\"item-size\";a:6:{s:4:\"name\";s:9:\"Item Size\";s:5:\"value\";s:12:\"270*269*54mm\";s:8:\"position\";i:0;s:10:\"is_visible\";i:1;s:12:\"is_variation\";i:0;s:11:\"is_taxonomy\";i:0;}s:7:\"qty-ctn\";a:6:{s:4:\"name\";s:7:\"QTY\/CTN\";s:5:\"value\";s:3:\"100\";s:8:\"position\";i:1;s:10:\"is_visible\";i:1;s:12:\"is_variation\";i:0;s:11:\"is_taxonomy\";i:0;}}"],"_product_version":["9.4.2"],"_price":["1"],"_wp_old_date":["2024-11-26"],"rank_math_analytic_object_id":["24"],"classic-editor-remember":["classic-editor"],"rank_math_seo_score":["81"],"rank_math_contentai_score":["a:5:{s:8:\"keywords\";s:5:\"74.51\";s:9:\"wordCount\";s:1:\"0\";s:9:\"linkCount\";s:1:\"0\";s:12:\"headingCount\";s:1:\"0\";s:10:\"mediaCount\";s:1:\"0\";}"],"_jet_woo_template":[""],"_template_type":["default"],"rank_math_primary_product_cat":["19"],"_ywraq_hide_quote_button_check":[""],"_ywraq_hide_quote_button":["0"],"_edit_lock":["1751905173:1"],"_edit_last":["1"],"_wp_old_slug":["large-5-compartment-bento-box-wl-8307"],"rank_math_focus_keyword":["Bento Box"],"_uag_css_file_name":["uag-css-1779.css"],"_uag_page_assets":["a:9:{s:3:\"css\";s:263:\".uag-blocks-common-selector{z-index:var(--z-index-desktop) !important}@media (max-width: 976px){.uag-blocks-common-selector{z-index:var(--z-index-tablet) !important}}@media (max-width: 767px){.uag-blocks-common-selector{z-index:var(--z-index-mobile) !important}}\n\";s:2:\"js\";s:0:\"\";s:18:\"current_block_list\";a:6:{i:0;s:10:\"core\/group\";i:1;s:12:\"core\/heading\";i:2;s:17:\"core\/latest-posts\";i:3;s:20:\"core\/latest-comments\";i:4;s:13:\"core\/archives\";i:5;s:15:\"core\/categories\";}s:8:\"uag_flag\";b:0;s:11:\"uag_version\";i:1777192663;s:6:\"gfonts\";a:0:{}s:10:\"gfonts_url\";s:0:\"\";s:12:\"gfonts_files\";a:0:{}s:14:\"uag_faq_layout\";b:0;}"]},"uagb_featured_image_src":{"full":["https:\/\/www.manluenpack.com\/wp-content\/uploads\/2025\/03\/WL-8307-manluen-bento-box-1.webp",1000,1000,false],"thumbnail":["https:\/\/www.manluenpack.com\/wp-content\/uploads\/2025\/03\/WL-8307-manluen-bento-box-1.webp",150,150,false],"medium":["https:\/\/www.manluenpack.com\/wp-content\/uploads\/2025\/03\/WL-8307-manluen-bento-box-1.webp",300,300,false],"medium_large":["https:\/\/www.manluenpack.com\/wp-content\/uploads\/2025\/03\/WL-8307-manluen-bento-box-1.webp",768,768,false],"large":["https:\/\/www.manluenpack.com\/wp-content\/uploads\/2025\/03\/WL-8307-manluen-bento-box-1.webp",1000,1000,false],"1536x1536":["https:\/\/www.manluenpack.com\/wp-content\/uploads\/2025\/03\/WL-8307-manluen-bento-box-1.webp",1000,1000,false],"2048x2048":["https:\/\/www.manluenpack.com\/wp-content\/uploads\/2025\/03\/WL-8307-manluen-bento-box-1.webp",1000,1000,false],"trp-custom-language-flag":["https:\/\/www.manluenpack.com\/wp-content\/uploads\/2025\/03\/WL-8307-manluen-bento-box-1.webp",12,12,false],"menu-24x24":["https:\/\/www.manluenpack.com\/wp-content\/uploads\/2025\/03\/WL-8307-manluen-bento-box-1.webp",24,24,false],"menu-36x36":["https:\/\/www.manluenpack.com\/wp-content\/uploads\/2025\/03\/WL-8307-manluen-bento-box-1.webp",36,36,false],"menu-48x48":["https:\/\/www.manluenpack.com\/wp-content\/uploads\/2025\/03\/WL-8307-manluen-bento-box-1.webp",48,48,false],"woocommerce_thumbnail":["https:\/\/www.manluenpack.com\/wp-content\/uploads\/2025\/03\/WL-8307-manluen-bento-box-1.webp",300,300,false],"woocommerce_single":["https:\/\/www.manluenpack.com\/wp-content\/uploads\/2025\/03\/WL-8307-manluen-bento-box-1.webp",600,600,false],"woocommerce_gallery_thumbnail":["https:\/\/www.manluenpack.com\/wp-content\/uploads\/2025\/03\/WL-8307-manluen-bento-box-1.webp",100,100,false]},"uagb_author_info":{"display_name":"ManLuenpack","author_link":"https:\/\/www.manluenpack.com\/fr\/author\/"},"uagb_comment_info":0,"uagb_excerpt":"The WL-8307 Large Compartment Bento Box features a unique size design of 270*269*54mm, offering ample capacity with well-planned partitions to meet diverse dietary requirements. Made from premium materials, it is&hellip;","_links":{"self":[{"href":"https:\/\/www.manluenpack.com\/fr\/wp-json\/wp\/v2\/product\/1779","targetHints":{"allow":["GET"]}}],"collection":[{"href":"https:\/\/www.manluenpack.com\/fr\/wp-json\/wp\/v2\/product"}],"about":[{"href":"https:\/\/www.manluenpack.com\/fr\/wp-json\/wp\/v2\/types\/product"}],"wp:featuredmedia":[{"embeddable":true,"href":"https:\/\/www.manluenpack.com\/fr\/wp-json\/wp\/v2\/media\/2896"}],"wp:attachment":[{"href":"https:\/\/www.manluenpack.com\/fr\/wp-json\/wp\/v2\/media?parent=1779"}],"wp:term":[{"taxonomy":"product_brand","embeddable":true,"href":"https:\/\/www.manluenpack.com\/fr\/wp-json\/wp\/v2\/product_brand?post=1779"},{"taxonomy":"product_cat","embeddable":true,"href":"https:\/\/www.manluenpack.com\/fr\/wp-json\/wp\/v2\/product_cat?post=1779"},{"taxonomy":"product_tag","embeddable":true,"href":"https:\/\/www.manluenpack.com\/fr\/wp-json\/wp\/v2\/product_tag?post=1779"}],"curies":[{"name":"wp","href":"https:\/\/api.w.org\/{rel}","templated":true}]}}