{"id":1769,"date":"2025-03-21T00:22:09","date_gmt":"2025-03-20T16:22:09","guid":{"rendered":"https:\/\/www.manluenpack.com\/?post_type=product&#038;p=1769"},"modified":"2025-07-08T00:20:43","modified_gmt":"2025-07-07T16:20:43","slug":"5-compartment-bento-box-wl-8306","status":"publish","type":"product","link":"https:\/\/www.manluenpack.com\/fr\/products\/5-compartment-bento-box-wl-8306\/","title":{"rendered":"WL-8306 Bo\u00eete \u00e0 bento Manluen"},"content":{"rendered":"<p>La bo\u00eete \u00e0 bento \u00e0 cinq compartiments WL-8306 pr\u00e9sente des dimensions uniques et raffin\u00e9es de 268*208*54 mm, divis\u00e9es scientifiquement en cinq compartiments ind\u00e9pendants pour r\u00e9pondre aux diff\u00e9rents besoins en mati\u00e8re d'appariement des plats. L\u00e9g\u00e8re, portable, \u00e9tanche et fabriqu\u00e9e \u00e0 partir de mat\u00e9riaux s\u00fbrs et respectueux de l'environnement, elle est durable et facile \u00e0 nettoyer, ce qui en fait le choix id\u00e9al pour une alimentation saine et un mode de vie pratique.<\/p>\n<ul>\n<li>Type d'emballage<br \/>\nBo\u00eete en carton<\/li>\n<li>Couleur<br \/>\nNoir<\/li>\n<li>Quantit\u00e9 par caisse<br \/>\n100 jeux<\/li>\n<li>Mat\u00e9riau<br \/>\nCouvercle : PET\/OPS Base : PS\/PP<\/li>\n<li>Sp\u00e9cifications de l'emballage<br \/>\n0,082 m\u00e8tre cube<\/li>\n<\/ul>\n<ul>\n<li style=\"list-style-type: none;\">\n<table style=\"height: 160px;\" width=\"500\"><!-- \u8868\u683c\u7684\u8fb9\u6846\u4e3a1\u4e2a\u50cf\u7d20 --><!-- \u5355\u5143\u683c\u7684\u5185\u8fb9\u8ddd\u4e3a1\u50cf\u7d20 --><!-- \u5355\u5143\u683c\u4e4b\u95f4\u7684\u95f4\u8ddd\u4e3a0\u50cf\u7d20 --><!-- \u8fb9\u6846\u89c4\u5219\u4e3a\u4e24\u4fa7\u8fb9\u6846 --><\/p>\n<tbody>\n<tr>\n<td align=\"center\" bgcolor=\"EFEFEF\"><\/td>\n<td align=\"center\" bgcolor=\"EFEFEF\">Taille du produit<\/td>\n<td align=\"center\" bgcolor=\"EFEFEF\">Quantit\u00e9<\/td>\n<td align=\"center\" bgcolor=\"EFEFEF\">Taille du carton<\/td>\n<\/tr>\n<tr>\n<td align=\"center\" bgcolor=\"EFEFEF\">WL-556<\/td>\n<td align=\"center\">271*209*40mm<\/td>\n<td align=\"center\">200<\/td>\n<td align=\"center\">560*350*435<\/td>\n<\/tr>\n<tr>\n<td align=\"center\" bgcolor=\"EFEFEF\">WL-8304<\/td>\n<td align=\"center\">239*190*44mm<\/td>\n<td align=\"center\">300<\/td>\n<td align=\"center\">600*380*500<\/td>\n<\/tr>\n<tr>\n<td align=\"center\" bgcolor=\"EFEFEF\">WL-8305<\/td>\n<td align=\"center\">239*190*54mm<\/td>\n<td align=\"center\">300<\/td>\n<td align=\"center\">585*345*486<\/td>\n<\/tr>\n<tr>\n<td align=\"center\" bgcolor=\"EFEFEF\">WL-8306<\/td>\n<td align=\"center\">268*208*54mm<\/td>\n<td align=\"center\">200<\/td>\n<td align=\"center\">550*345*430<\/td>\n<\/tr>\n<tr>\n<td align=\"center\" bgcolor=\"EFEFEF\">WL-8307<\/td>\n<td align=\"center\">270*269*54mm<\/td>\n<td align=\"center\">100<\/td>\n<td align=\"center\">560*400*285<\/td>\n<\/tr>\n<\/tbody>\n<\/table>\n<\/li>\n<li><a href=\"https:\/\/www.manluenpack.com\/fr\/products\/\">PLUS DE STYLE, PLUS DE STYLES...<\/a><\/li>\n<\/ul>\n<h3><strong><b>Emballage et livraison<\/b><\/strong><\/h3>\n<p>Cette bo\u00eete \u00e0 bento \u00e0 cinq compartiments pr\u00e9sente un emballage simple mais \u00e9l\u00e9gant, qui refl\u00e8te la qualit\u00e9 et la pr\u00e9venance. Chaque produit est soigneusement emball\u00e9 dans un mat\u00e9riau respectueux de l'environnement, offrant une protection antichoc et r\u00e9sistante \u00e0 la pression pour garantir qu'il arrive intact. Chaque d\u00e9tail est rigoureusement contr\u00f4l\u00e9, ce qui garantit une livraison rapide et s\u00fbre et une exp\u00e9rience de d\u00e9ballage des plus agr\u00e9ables.<\/p>\n<h3><strong><b>Sc\u00e9narios d'utilisation<\/b><\/strong><strong><b>\u00a0\u00a0<\/b><\/strong><\/h3>\n<p>La bo\u00eete \u00e0 bento WL-8306 Hot \u00e0 cinq compartiments est suffisamment polyvalente pour les d\u00e9jeuners sur le lieu de travail, les bo\u00eetes \u00e0 repas des \u00e9tudiants, les sorties du week-end ou les r\u00e9gimes de remise en forme. Gr\u00e2ce \u00e0 son cloisonnement scientifique et \u00e0 sa conception portable, la sant\u00e9 et la saveur vont de pair, ajoutant raffinement et commodit\u00e9 \u00e0 chaque repas.<\/p>\n<h3><strong><b>\u00c9tanch\u00e9it\u00e9 et durabilit\u00e9 robuste<\/b><\/strong><\/h3>\n<p>La bo\u00eete \u00e0 bento WL-8306 offre une excellente \u00e9tanch\u00e9it\u00e9, chaque compartiment \u00e9tant dot\u00e9 d'un couvercle \u00e9tanche ou d'un syst\u00e8me de fermeture \u00e0 pression. En outre, ses mat\u00e9riaux robustes et sa fabrication m\u00e9ticuleuse garantissent une durabilit\u00e9 \u00e0 long terme, r\u00e9sistant aux dommages m\u00eame apr\u00e8s une utilisation prolong\u00e9e.<\/p>\n<h3><strong><b>Conception empilable \u00a0<\/b><\/strong><\/h3>\n<p>Notre bo\u00eete \u00e0 bento \u00e0 cinq compartiments pr\u00e9sente un design empilable astucieux qui permet d'\u00e9conomiser de l'espace et d'am\u00e9liorer l'efficacit\u00e9 du rangement. Qu'il s'agisse d'un rangement \u00e0 la maison ou d'un transport en d\u00e9placement, sa structure d'empilage robuste garantit un placement net et un acc\u00e8s facile, ajoutant un sentiment d'ordre et d'\u00e9l\u00e9gance \u00e0 la vie de tous les jours.<\/p>","protected":false},"excerpt":{"rendered":"<p>The WL-8306 Five-compartment Bento Box features a unique and refined size of 268*208*54 mm, scientifically divided into five independent compartments to meet diverse dish-pairing needs. Lightweight, portable, leak-proof, and made&hellip;<\/p>","protected":false},"featured_media":2482,"template":"","meta":{"_uag_custom_page_level_css":""},"product_brand":[],"product_cat":[19],"product_tag":[117,118,120],"class_list":{"0":"post-1769","1":"product","2":"type-product","3":"status-publish","4":"has-post-thumbnail","6":"product_cat-bento-boxes","7":"product_tag-bento-box","8":"product_tag-black","9":"product_tag-compartments","11":"first","12":"instock","13":"shipping-taxable","14":"purchasable","15":"product-type-simple"},"spectra_custom_meta":{"rank_math_internal_links_processed":["1","1","1","1","1","1","1","1","1","1","1","1","1","1","1","1","1","1","1","1","1","1","1","1","1"],"_sku":["WL-8306-BLACK"],"_regular_price":["1"],"total_sales":["0"],"_tax_status":["taxable"],"_tax_class":[""],"_manage_stock":["no"],"_backorders":["no"],"_sold_individually":["no"],"_virtual":["no"],"_downloadable":["no"],"_product_image_gallery":["2483,2484,2485,2486,2487"],"_download_limit":["0"],"_download_expiry":["0"],"_thumbnail_id":["2482"],"_stock":[null],"_stock_status":["instock"],"_wc_average_rating":["0"],"_wc_review_count":["0"],"_product_attributes":["a:2:{s:9:\"item-size\";a:6:{s:4:\"name\";s:9:\"Item Size\";s:5:\"value\";s:12:\"268*208*54mm\";s:8:\"position\";i:0;s:10:\"is_visible\";i:1;s:12:\"is_variation\";i:0;s:11:\"is_taxonomy\";i:0;}s:7:\"qty-ctn\";a:6:{s:4:\"name\";s:7:\"QTY\/CTN\";s:5:\"value\";s:3:\"200\";s:8:\"position\";i:1;s:10:\"is_visible\";i:1;s:12:\"is_variation\";i:0;s:11:\"is_taxonomy\";i:0;}}"],"_product_version":["9.4.2"],"_price":["1"],"_wp_old_date":["2024-11-26"],"rank_math_analytic_object_id":["24"],"classic-editor-remember":["classic-editor"],"rank_math_seo_score":["73"],"rank_math_contentai_score":["a:5:{s:8:\"keywords\";s:5:\"74.51\";s:9:\"wordCount\";s:1:\"0\";s:9:\"linkCount\";s:1:\"0\";s:12:\"headingCount\";s:1:\"0\";s:10:\"mediaCount\";s:1:\"0\";}"],"_jet_woo_template":[""],"_template_type":["default"],"rank_math_primary_product_cat":["19"],"_ywraq_hide_quote_button_check":[""],"_ywraq_hide_quote_button":["0"],"_edit_lock":["1751905183:1"],"_edit_last":["1"],"rank_math_focus_keyword":["bento box"],"_uag_css_file_name":["uag-css-1769.css"],"_uag_page_assets":["a:9:{s:3:\"css\";s:0:\"\";s:2:\"js\";s:0:\"\";s:18:\"current_block_list\";a:6:{i:0;s:10:\"core\/group\";i:1;s:12:\"core\/heading\";i:2;s:17:\"core\/latest-posts\";i:3;s:20:\"core\/latest-comments\";i:4;s:13:\"core\/archives\";i:5;s:15:\"core\/categories\";}s:8:\"uag_flag\";b:0;s:11:\"uag_version\";i:1777202860;s:6:\"gfonts\";a:0:{}s:10:\"gfonts_url\";s:0:\"\";s:12:\"gfonts_files\";a:0:{}s:14:\"uag_faq_layout\";b:0;}"]},"uagb_featured_image_src":{"full":["https:\/\/www.manluenpack.com\/wp-content\/uploads\/2025\/03\/WL-8306-manluen-custom-bento-box.webp",1000,1000,false],"thumbnail":["https:\/\/www.manluenpack.com\/wp-content\/uploads\/2025\/03\/WL-8306-manluen-custom-bento-box.webp",150,150,false],"medium":["https:\/\/www.manluenpack.com\/wp-content\/uploads\/2025\/03\/WL-8306-manluen-custom-bento-box.webp",300,300,false],"medium_large":["https:\/\/www.manluenpack.com\/wp-content\/uploads\/2025\/03\/WL-8306-manluen-custom-bento-box.webp",768,768,false],"large":["https:\/\/www.manluenpack.com\/wp-content\/uploads\/2025\/03\/WL-8306-manluen-custom-bento-box.webp",1000,1000,false],"1536x1536":["https:\/\/www.manluenpack.com\/wp-content\/uploads\/2025\/03\/WL-8306-manluen-custom-bento-box.webp",1000,1000,false],"2048x2048":["https:\/\/www.manluenpack.com\/wp-content\/uploads\/2025\/03\/WL-8306-manluen-custom-bento-box.webp",1000,1000,false],"trp-custom-language-flag":["https:\/\/www.manluenpack.com\/wp-content\/uploads\/2025\/03\/WL-8306-manluen-custom-bento-box.webp",12,12,false],"menu-24x24":["https:\/\/www.manluenpack.com\/wp-content\/uploads\/2025\/03\/WL-8306-manluen-custom-bento-box.webp",24,24,false],"menu-36x36":["https:\/\/www.manluenpack.com\/wp-content\/uploads\/2025\/03\/WL-8306-manluen-custom-bento-box.webp",36,36,false],"menu-48x48":["https:\/\/www.manluenpack.com\/wp-content\/uploads\/2025\/03\/WL-8306-manluen-custom-bento-box.webp",48,48,false],"woocommerce_thumbnail":["https:\/\/www.manluenpack.com\/wp-content\/uploads\/2025\/03\/WL-8306-manluen-custom-bento-box.webp",300,300,false],"woocommerce_single":["https:\/\/www.manluenpack.com\/wp-content\/uploads\/2025\/03\/WL-8306-manluen-custom-bento-box.webp",600,600,false],"woocommerce_gallery_thumbnail":["https:\/\/www.manluenpack.com\/wp-content\/uploads\/2025\/03\/WL-8306-manluen-custom-bento-box.webp",100,100,false]},"uagb_author_info":{"display_name":"ManLuenpack","author_link":"https:\/\/www.manluenpack.com\/fr\/author\/"},"uagb_comment_info":0,"uagb_excerpt":"The WL-8306 Five-compartment Bento Box features a unique and refined size of 268*208*54 mm, scientifically divided into five independent compartments to meet diverse dish-pairing needs. Lightweight, portable, leak-proof, and made&hellip;","_links":{"self":[{"href":"https:\/\/www.manluenpack.com\/fr\/wp-json\/wp\/v2\/product\/1769","targetHints":{"allow":["GET"]}}],"collection":[{"href":"https:\/\/www.manluenpack.com\/fr\/wp-json\/wp\/v2\/product"}],"about":[{"href":"https:\/\/www.manluenpack.com\/fr\/wp-json\/wp\/v2\/types\/product"}],"wp:featuredmedia":[{"embeddable":true,"href":"https:\/\/www.manluenpack.com\/fr\/wp-json\/wp\/v2\/media\/2482"}],"wp:attachment":[{"href":"https:\/\/www.manluenpack.com\/fr\/wp-json\/wp\/v2\/media?parent=1769"}],"wp:term":[{"taxonomy":"product_brand","embeddable":true,"href":"https:\/\/www.manluenpack.com\/fr\/wp-json\/wp\/v2\/product_brand?post=1769"},{"taxonomy":"product_cat","embeddable":true,"href":"https:\/\/www.manluenpack.com\/fr\/wp-json\/wp\/v2\/product_cat?post=1769"},{"taxonomy":"product_tag","embeddable":true,"href":"https:\/\/www.manluenpack.com\/fr\/wp-json\/wp\/v2\/product_tag?post=1769"}],"curies":[{"name":"wp","href":"https:\/\/api.w.org\/{rel}","templated":true}]}}